{"id":12556,"date":"2022-10-19T13:17:23","date_gmt":"2022-10-19T11:17:23","guid":{"rendered":"http:\/\/egn.com\/de\/?page_id=12556"},"modified":"2023-10-13T09:35:34","modified_gmt":"2023-10-13T07:35:34","slug":"einblicke","status":"publish","type":"page","link":"https:\/\/egn.com\/de\/einblicke\/","title":{"rendered":"Einblicke"},"content":{"rendered":"\t\t<div data-elementor-type=\"wp-page\" data-elementor-id=\"12556\" class=\"elementor elementor-12556\">\n\t\t\t\t\t\t<section class=\"elementor-section elementor-top-section elementor-element elementor-element-50f1677d elementor-section-height-min-height elementor-section-boxed elementor-section-height-default elementor-section-items-middle\" data-id=\"50f1677d\" data-element_type=\"section\" data-settings=\"{&quot;background_background&quot;:&quot;classic&quot;}\">\n\t\t\t\t\t\t<div class=\"elementor-container elementor-column-gap-default\">\n\t\t\t\t\t<div class=\"elementor-column elementor-col-100 elementor-top-column elementor-element elementor-element-6dd8c676\" data-id=\"6dd8c676\" data-element_type=\"column\">\n\t\t\t<div class=\"elementor-widget-wrap elementor-element-populated\">\n\t\t\t\t\t\t<div class=\"elementor-element elementor-element-3fbab979 elementor-widget elementor-widget-heading\" data-id=\"3fbab979\" data-element_type=\"widget\" data-widget_type=\"heading.default\">\n\t\t\t\t<div class=\"elementor-widget-container\">\n\t\t\t\t\t<h1 class=\"elementor-heading-title elementor-size-default\">Einblicke<\/h1>\t\t\t\t<\/div>\n\t\t\t\t<\/div>\n\t\t\t\t\t<\/div>\n\t\t<\/div>\n\t\t\t\t\t<\/div>\n\t\t<\/section>\n\t\t\t\t<section class=\"elementor-section elementor-top-section elementor-element elementor-element-16b86ae9 elementor-section-height-min-height elementor-section-boxed elementor-section-height-default elementor-section-items-middle\" data-id=\"16b86ae9\" data-element_type=\"section\" data-settings=\"{&quot;background_background&quot;:&quot;gradient&quot;}\">\n\t\t\t\t\t\t<div class=\"elementor-container elementor-column-gap-default\">\n\t\t\t\t\t<div class=\"elementor-column elementor-col-100 elementor-top-column elementor-element elementor-element-30477677\" data-id=\"30477677\" data-element_type=\"column\">\n\t\t\t<div class=\"elementor-widget-wrap\">\n\t\t\t\t\t\t\t<\/div>\n\t\t<\/div>\n\t\t\t\t\t<\/div>\n\t\t<\/section>\n\t\t\t\t<section class=\"elementor-section elementor-top-section elementor-element elementor-element-39152c1b elementor-section-boxed elementor-section-height-default elementor-section-height-default\" data-id=\"39152c1b\" data-element_type=\"section\" data-settings=\"{&quot;background_background&quot;:&quot;classic&quot;}\">\n\t\t\t\t\t\t<div class=\"elementor-container elementor-column-gap-default\">\n\t\t\t\t\t<div class=\"elementor-column elementor-col-100 elementor-top-column elementor-element elementor-element-47362d5b\" data-id=\"47362d5b\" data-element_type=\"column\">\n\t\t\t<div class=\"elementor-widget-wrap elementor-element-populated\">\n\t\t\t\t\t\t<div class=\"elementor-element elementor-element-77fe8b97 elementor-widget elementor-widget-heading\" data-id=\"77fe8b97\" data-element_type=\"widget\" data-widget_type=\"heading.default\">\n\t\t\t\t<div class=\"elementor-widget-container\">\n\t\t\t\t\t<h2 class=\"elementor-heading-title elementor-size-default\">Aktuelles von EGN<\/h2>\t\t\t\t<\/div>\n\t\t\t\t<\/div>\n\t\t\t\t<div class=\"elementor-element elementor-element-68974e93 elementor-widget elementor-widget-text-editor\" data-id=\"68974e93\" data-element_type=\"widget\" data-widget_type=\"text-editor.default\">\n\t\t\t\t<div class=\"elementor-widget-container\">\n\t\t\t\t\t\t\t\t\t<p>Hier finden Sie eine gro\u00dfe Vielfalt von k\u00fcrzlich ver\u00f6ffentlichten EGN-Artikeln zu Themen, die von F\u00fchrung, Kultur, Personalentwicklung bis zu globalen Business Trends reichen.<\/p>\t\t\t\t\t\t\t\t<\/div>\n\t\t\t\t<\/div>\n\t\t\t\t<div class=\"elementor-element elementor-element-2155a42b elementor-widget-divider--view-line elementor-widget elementor-widget-divider\" data-id=\"2155a42b\" data-element_type=\"widget\" data-widget_type=\"divider.default\">\n\t\t\t\t<div class=\"elementor-widget-container\">\n\t\t\t\t\t\t\t<div class=\"elementor-divider\">\n\t\t\t<span class=\"elementor-divider-separator\">\n\t\t\t\t\t\t<\/span>\n\t\t<\/div>\n\t\t\t\t\t\t<\/div>\n\t\t\t\t<\/div>\n\t\t\t\t<div class=\"elementor-element elementor-element-762bebe elementor-grid-3 elementor-grid-tablet-2 elementor-grid-mobile-1 elementor-posts--thumbnail-top elementor-widget elementor-widget-posts\" data-id=\"762bebe\" data-element_type=\"widget\" data-settings=\"{&quot;classic_columns&quot;:&quot;3&quot;,&quot;classic_columns_tablet&quot;:&quot;2&quot;,&quot;classic_columns_mobile&quot;:&quot;1&quot;,&quot;classic_row_gap&quot;:{&quot;unit&quot;:&quot;px&quot;,&quot;size&quot;:35,&quot;sizes&quot;:[]},&quot;classic_row_gap_tablet&quot;:{&quot;unit&quot;:&quot;px&quot;,&quot;size&quot;:&quot;&quot;,&quot;sizes&quot;:[]},&quot;classic_row_gap_mobile&quot;:{&quot;unit&quot;:&quot;px&quot;,&quot;size&quot;:&quot;&quot;,&quot;sizes&quot;:[]}}\" data-widget_type=\"posts.classic\">\n\t\t\t\t<div class=\"elementor-widget-container\">\n\t\t\t\t\t\t\t<div class=\"elementor-posts-container elementor-posts elementor-posts--skin-classic elementor-grid\">\n\t\t\t\t<article class=\"elementor-post elementor-grid-item post-14801 post type-post status-publish format-standard has-post-thumbnail hentry category-articles category-memberstories tag-inspiration tag-peer-group\">\n\t\t\t\t<a class=\"elementor-post__thumbnail__link\" href=\"https:\/\/egn.com\/de\/articles\/johannes-backmans-peer-group-beats-the-hell-out-of-academic-education\/\" >\n\t\t\t<div class=\"elementor-post__thumbnail\"><img fetchpriority=\"high\" decoding=\"async\" width=\"350\" height=\"175\" src=\"https:\/\/egn.com\/de\/wp-content\/uploads\/sites\/15\/2024\/12\/Artikel_NYT-2-7.png\" class=\"attachment-sydney-service-thumb size-sydney-service-thumb wp-image-14802\" alt=\"Johannes B\u00e4ckman really enjoys being part of his peer group\" srcset=\"https:\/\/egn.com\/de\/wp-content\/uploads\/sites\/15\/2024\/12\/Artikel_NYT-2-7.png 1090w, https:\/\/egn.com\/de\/wp-content\/uploads\/sites\/15\/2024\/12\/Artikel_NYT-2-7-1024x512.png 1024w, https:\/\/egn.com\/de\/wp-content\/uploads\/sites\/15\/2024\/12\/Artikel_NYT-2-7-768x384.png 768w, https:\/\/egn.com\/de\/wp-content\/uploads\/sites\/15\/2024\/12\/Artikel_NYT-2-7-24x12.png 24w, https:\/\/egn.com\/de\/wp-content\/uploads\/sites\/15\/2024\/12\/Artikel_NYT-2-7-36x18.png 36w, https:\/\/egn.com\/de\/wp-content\/uploads\/sites\/15\/2024\/12\/Artikel_NYT-2-7-48x24.png 48w\" sizes=\"(max-width: 350px) 100vw, 350px\" \/><\/div>\n\t\t<\/a>\n\t\t\t\t<div class=\"elementor-post__text\">\n\t\t\t\t<h3 class=\"elementor-post__title\">\n\t\t\t<a href=\"https:\/\/egn.com\/de\/articles\/johannes-backmans-peer-group-beats-the-hell-out-of-academic-education\/\" >\n\t\t\t\tJohannes Backman\u2019s peer group beats the hell out of academic education\t\t\t<\/a>\n\t\t<\/h3>\n\t\t\t\t<div class=\"elementor-post__meta-data\">\n\t\t\t\t\t<span class=\"elementor-post-date\">\n\t\t\tJuni 13, 2024\t\t<\/span>\n\t\t\t\t<\/div>\n\t\t\t\t<div class=\"elementor-post__excerpt\">\n\t\t\t<p>Vice president of Husqvarna Group Johannes B\u00e4ckman, is staying on top of his field with the help of his professional peer group. When he first heard about EGN more than 25 years ago, he was working in China. But when he returned to Sweden, he quickly became a part of a peer group. \u201dIt was<\/p>\n\t\t<\/div>\n\t\t\t\t\t<div class=\"elementor-post__read-more-wrapper\">\n\t\t\n\t\t<a class=\"elementor-post__read-more\" href=\"https:\/\/egn.com\/de\/articles\/johannes-backmans-peer-group-beats-the-hell-out-of-academic-education\/\" aria-label=\"Mehr \u00fcber Johannes Backman\u2019s peer group beats the hell out of academic education\" >\n\t\t\tRead More \u00bb\t\t<\/a>\n\n\t\t\t\t\t<\/div>\n\t\t\t\t<\/div>\n\t\t\t\t<\/article>\n\t\t\t\t<article class=\"elementor-post elementor-grid-item post-14805 post type-post status-publish format-standard has-post-thumbnail hentry category-articles category-memberstories\">\n\t\t\t\t<a class=\"elementor-post__thumbnail__link\" href=\"https:\/\/egn.com\/de\/articles\/andreas-normen-needed-fresh-ideas\/\" >\n\t\t\t<div class=\"elementor-post__thumbnail\"><img decoding=\"async\" width=\"350\" height=\"175\" src=\"https:\/\/egn.com\/de\/wp-content\/uploads\/sites\/15\/2024\/12\/Artikel-format-1-2.png\" class=\"attachment-sydney-service-thumb size-sydney-service-thumb wp-image-14806\" alt=\"Andreas Norm\u00e9n is a member of an EGN peer group\" srcset=\"https:\/\/egn.com\/de\/wp-content\/uploads\/sites\/15\/2024\/12\/Artikel-format-1-2.png 1090w, https:\/\/egn.com\/de\/wp-content\/uploads\/sites\/15\/2024\/12\/Artikel-format-1-2-1024x512.png 1024w, https:\/\/egn.com\/de\/wp-content\/uploads\/sites\/15\/2024\/12\/Artikel-format-1-2-768x384.png 768w, https:\/\/egn.com\/de\/wp-content\/uploads\/sites\/15\/2024\/12\/Artikel-format-1-2-24x12.png 24w, https:\/\/egn.com\/de\/wp-content\/uploads\/sites\/15\/2024\/12\/Artikel-format-1-2-36x18.png 36w, https:\/\/egn.com\/de\/wp-content\/uploads\/sites\/15\/2024\/12\/Artikel-format-1-2-48x24.png 48w\" sizes=\"(max-width: 350px) 100vw, 350px\" \/><\/div>\n\t\t<\/a>\n\t\t\t\t<div class=\"elementor-post__text\">\n\t\t\t\t<h3 class=\"elementor-post__title\">\n\t\t\t<a href=\"https:\/\/egn.com\/de\/articles\/andreas-normen-needed-fresh-ideas\/\" >\n\t\t\t\tAndreas Norm\u00e9n needed fresh ideas\t\t\t<\/a>\n\t\t<\/h3>\n\t\t\t\t<div class=\"elementor-post__meta-data\">\n\t\t\t\t\t<span class=\"elementor-post-date\">\n\t\t\tMai 30, 2024\t\t<\/span>\n\t\t\t\t<\/div>\n\t\t\t\t<div class=\"elementor-post__excerpt\">\n\t\t\t<p>After three years of working as a Business Development Manager for Essity, Andreas Norm\u00e9n felt like he needed a different perspective. Then he joined a peer group at EGN. A year ago, Andreas Norm\u00e9n received a recommendation from his manager, who was a member of a peer group at EGN and thought Andreas could find<\/p>\n\t\t<\/div>\n\t\t\t\t\t<div class=\"elementor-post__read-more-wrapper\">\n\t\t\n\t\t<a class=\"elementor-post__read-more\" href=\"https:\/\/egn.com\/de\/articles\/andreas-normen-needed-fresh-ideas\/\" aria-label=\"Mehr \u00fcber Andreas Norm\u00e9n needed fresh ideas\" >\n\t\t\tRead More \u00bb\t\t<\/a>\n\n\t\t\t\t\t<\/div>\n\t\t\t\t<\/div>\n\t\t\t\t<\/article>\n\t\t\t\t<article class=\"elementor-post elementor-grid-item post-14683 post type-post status-publish format-standard has-post-thumbnail hentry category-articles tag-herr\">\n\t\t\t\t<a class=\"elementor-post__thumbnail__link\" href=\"https:\/\/egn.com\/de\/articles\/das-netzwerk-schafft-fuer-charlotte-sowohl-persoenliches-als-auch-geschaeftliches-wachstum\/\" >\n\t\t\t<div class=\"elementor-post__thumbnail\"><img decoding=\"async\" width=\"350\" height=\"175\" src=\"https:\/\/egn.com\/de\/wp-content\/uploads\/sites\/15\/2024\/03\/Artikel_NYT-2-3-1-350x175.png\" class=\"attachment-sydney-service-thumb size-sydney-service-thumb wp-image-14684\" alt=\"Charlotte Stahlschmidt ist Mitglied einer Netzwerkgruppe f\u00fcr HR-Verantwortliche.\" srcset=\"https:\/\/egn.com\/de\/wp-content\/uploads\/sites\/15\/2024\/03\/Artikel_NYT-2-3-1-350x175.png 350w, https:\/\/egn.com\/de\/wp-content\/uploads\/sites\/15\/2024\/03\/Artikel_NYT-2-3-1-1024x512.png 1024w, https:\/\/egn.com\/de\/wp-content\/uploads\/sites\/15\/2024\/03\/Artikel_NYT-2-3-1-768x384.png 768w, https:\/\/egn.com\/de\/wp-content\/uploads\/sites\/15\/2024\/03\/Artikel_NYT-2-3-1-830x415.png 830w, https:\/\/egn.com\/de\/wp-content\/uploads\/sites\/15\/2024\/03\/Artikel_NYT-2-3-1-230x115.png 230w, https:\/\/egn.com\/de\/wp-content\/uploads\/sites\/15\/2024\/03\/Artikel_NYT-2-3-1-480x240.png 480w, https:\/\/egn.com\/de\/wp-content\/uploads\/sites\/15\/2024\/03\/Artikel_NYT-2-3-1-24x12.png 24w, https:\/\/egn.com\/de\/wp-content\/uploads\/sites\/15\/2024\/03\/Artikel_NYT-2-3-1-36x18.png 36w, https:\/\/egn.com\/de\/wp-content\/uploads\/sites\/15\/2024\/03\/Artikel_NYT-2-3-1-48x24.png 48w, https:\/\/egn.com\/de\/wp-content\/uploads\/sites\/15\/2024\/03\/Artikel_NYT-2-3-1.png 1090w\" sizes=\"(max-width: 350px) 100vw, 350px\" \/><\/div>\n\t\t<\/a>\n\t\t\t\t<div class=\"elementor-post__text\">\n\t\t\t\t<h3 class=\"elementor-post__title\">\n\t\t\t<a href=\"https:\/\/egn.com\/de\/articles\/das-netzwerk-schafft-fuer-charlotte-sowohl-persoenliches-als-auch-geschaeftliches-wachstum\/\" >\n\t\t\t\tDas Netzwerk schafft f\u00fcr Charlotte sowohl pers\u00f6nliches als auch gesch\u00e4ftliches Wachstum\t\t\t<\/a>\n\t\t<\/h3>\n\t\t\t\t<div class=\"elementor-post__meta-data\">\n\t\t\t\t\t<span class=\"elementor-post-date\">\n\t\t\tM\u00e4rz 8, 2024\t\t<\/span>\n\t\t\t\t<\/div>\n\t\t\t\t<div class=\"elementor-post__excerpt\">\n\t\t\t<p>Als Charlotte Stahlschmidt f\u00fcr ihr Unternehmen eine schwierige Entscheidung treffen musste, suchte sie Hilfe und Unterst\u00fctzung beim Netzwerk. Charlotte Stahlschmidt ist Personalleiterin bei BHJ. Mit dieser Position gehen sowohl gro\u00dfe Verantwortung als auch gro\u00dfe Entscheidungen einher. Als sie eines Tages entscheiden musste, wo im Unternehmen bestimmte \u201eNachhaltigkeits\u201c-Themen behandelt werden sollten, musste sie ihr Netzwerk um<\/p>\n\t\t<\/div>\n\t\t\t\t\t<div class=\"elementor-post__read-more-wrapper\">\n\t\t\n\t\t<a class=\"elementor-post__read-more\" href=\"https:\/\/egn.com\/de\/articles\/das-netzwerk-schafft-fuer-charlotte-sowohl-persoenliches-als-auch-geschaeftliches-wachstum\/\" aria-label=\"Mehr \u00fcber Das Netzwerk schafft f\u00fcr Charlotte sowohl pers\u00f6nliches als auch gesch\u00e4ftliches Wachstum\" >\n\t\t\tRead More \u00bb\t\t<\/a>\n\n\t\t\t\t\t<\/div>\n\t\t\t\t<\/div>\n\t\t\t\t<\/article>\n\t\t\t\t<article class=\"elementor-post elementor-grid-item post-14670 post type-post status-publish format-standard has-post-thumbnail hentry category-articles tag-markenwahrnehmung-marketing\">\n\t\t\t\t<a class=\"elementor-post__thumbnail__link\" href=\"https:\/\/egn.com\/de\/articles\/warum-die-geschichte-im-branding-zur-legende-wird\/\" >\n\t\t\t<div class=\"elementor-post__thumbnail\"><img loading=\"lazy\" decoding=\"async\" width=\"350\" height=\"175\" src=\"https:\/\/egn.com\/de\/wp-content\/uploads\/sites\/15\/2024\/03\/Artikel_NYT-2-1-350x175.png\" class=\"attachment-sydney-service-thumb size-sydney-service-thumb wp-image-14672\" alt=\"Gair Maxwell ist ein Experte f\u00fcr Markenbildung\" srcset=\"https:\/\/egn.com\/de\/wp-content\/uploads\/sites\/15\/2024\/03\/Artikel_NYT-2-1-350x175.png 350w, https:\/\/egn.com\/de\/wp-content\/uploads\/sites\/15\/2024\/03\/Artikel_NYT-2-1-1024x512.png 1024w, https:\/\/egn.com\/de\/wp-content\/uploads\/sites\/15\/2024\/03\/Artikel_NYT-2-1-768x384.png 768w, https:\/\/egn.com\/de\/wp-content\/uploads\/sites\/15\/2024\/03\/Artikel_NYT-2-1-830x415.png 830w, https:\/\/egn.com\/de\/wp-content\/uploads\/sites\/15\/2024\/03\/Artikel_NYT-2-1-230x115.png 230w, https:\/\/egn.com\/de\/wp-content\/uploads\/sites\/15\/2024\/03\/Artikel_NYT-2-1-480x240.png 480w, https:\/\/egn.com\/de\/wp-content\/uploads\/sites\/15\/2024\/03\/Artikel_NYT-2-1-24x12.png 24w, https:\/\/egn.com\/de\/wp-content\/uploads\/sites\/15\/2024\/03\/Artikel_NYT-2-1-36x18.png 36w, https:\/\/egn.com\/de\/wp-content\/uploads\/sites\/15\/2024\/03\/Artikel_NYT-2-1-48x24.png 48w, https:\/\/egn.com\/de\/wp-content\/uploads\/sites\/15\/2024\/03\/Artikel_NYT-2-1.png 1090w\" sizes=\"(max-width: 350px) 100vw, 350px\" \/><\/div>\n\t\t<\/a>\n\t\t\t\t<div class=\"elementor-post__text\">\n\t\t\t\t<h3 class=\"elementor-post__title\">\n\t\t\t<a href=\"https:\/\/egn.com\/de\/articles\/warum-die-geschichte-im-branding-zur-legende-wird\/\" >\n\t\t\t\tWarum die Geschichte im Branding zur Legende wird\t\t\t<\/a>\n\t\t<\/h3>\n\t\t\t\t<div class=\"elementor-post__meta-data\">\n\t\t\t\t\t<span class=\"elementor-post-date\">\n\t\t\tM\u00e4rz 8, 2024\t\t<\/span>\n\t\t\t\t<\/div>\n\t\t\t\t<div class=\"elementor-post__excerpt\">\n\t\t\t<p>Gair Maxwell, Markenexperte, hat den Code geknackt, der jede Marke legend\u00e4r macht. Es geht darum, eine Geschichte zu erschaffen. \u201eAls die Mona Lisa vor etwa 114 Jahren im Jahr 1910 im Louvre hing, wurde ihr nicht viel Aufmerksamkeit geschenkt. Aber das \u00e4nderte sich nur ein Jahr sp\u00e4ter, als etwas Au\u00dfergew\u00f6hnliches geschah\u201c, sagt Gair Maxwell. Doch<\/p>\n\t\t<\/div>\n\t\t\t\t\t<div class=\"elementor-post__read-more-wrapper\">\n\t\t\n\t\t<a class=\"elementor-post__read-more\" href=\"https:\/\/egn.com\/de\/articles\/warum-die-geschichte-im-branding-zur-legende-wird\/\" aria-label=\"Mehr \u00fcber Warum die Geschichte im Branding zur Legende wird\" >\n\t\t\tRead More \u00bb\t\t<\/a>\n\n\t\t\t\t\t<\/div>\n\t\t\t\t<\/div>\n\t\t\t\t<\/article>\n\t\t\t\t<\/div>\n\t\t\n\t\t\t\t\t\t<\/div>\n\t\t\t\t<\/div>\n\t\t\t\t\t<\/div>\n\t\t<\/div>\n\t\t\t\t\t<\/div>\n\t\t<\/section>\n\t\t\t\t<\/div>\n\t\t","protected":false},"excerpt":{"rendered":"<p>Aktuelles von EGN Hier finden Sie eine gro\u00dfe Vielfalt von k\u00fcrzlich ver\u00f6ffentlichten EGN-Artikeln zu Themen, die von F\u00fchrung, Kultur, Personalentwicklung bis zu globalen Business Trends reichen.<\/p>\n","protected":false},"author":41,"featured_media":0,"parent":0,"menu_order":0,"comment_status":"closed","ping_status":"closed","template":"elementor_header_footer","meta":{"_acf_changed":false,"footnotes":""},"class_list":["post-12556","page","type-page","status-publish","hentry"],"acf":[],"yoast_head":"<title>Einblicke - EGN Deutschland<\/title>\n<meta name=\"description\" content=\"Unsere Einblicke-Seite bietet eine Vielzahl von Artikeln, die von unseren eigenen Fachjournalisten verfasst wurden und die Gesch\u00e4ftswelt inspirieren.\" \/>\n<meta name=\"robots\" content=\"index, follow, max-snippet:-1, max-image-preview:large, max-video-preview:-1\" \/>\n<link rel=\"canonical\" href=\"https:\/\/egn.com\/de\/einblicke\/\" \/>\n<meta property=\"og:locale\" content=\"de_DE\" \/>\n<meta property=\"og:type\" content=\"article\" \/>\n<meta property=\"og:title\" content=\"Einblicke\" \/>\n<meta property=\"og:description\" content=\"Aktuelles von EGN Hier finden Sie eine gro\u00dfe Vielfalt von k\u00fcrzlich ver\u00f6ffentlichten EGN-Artikeln zu Themen, die von F\u00fchrung, Kultur, Personalentwicklung\" \/>\n<meta property=\"og:url\" content=\"https:\/\/egn.com\/de\/einblicke\/\" \/>\n<meta property=\"og:site_name\" content=\"EGN Deutschland\" \/>\n<meta property=\"article:modified_time\" content=\"2023-10-13T07:35:34+00:00\" \/>\n<meta name=\"twitter:card\" content=\"summary_large_image\" \/>\n<meta name=\"twitter:label1\" content=\"Gesch\u00e4tzte Lesezeit\" \/>\n\t<meta name=\"twitter:data1\" content=\"1\u00a0Minute\" \/>\n<script type=\"application\/ld+json\" class=\"yoast-schema-graph\">{\"@context\":\"https:\\\/\\\/schema.org\",\"@graph\":[{\"@type\":\"WebPage\",\"@id\":\"https:\\\/\\\/egn.com\\\/de\\\/einblicke\\\/\",\"url\":\"https:\\\/\\\/egn.com\\\/de\\\/einblicke\\\/\",\"name\":\"Einblicke - EGN Deutschland\",\"isPartOf\":{\"@id\":\"https:\\\/\\\/egn.com\\\/de\\\/#website\"},\"datePublished\":\"2022-10-19T11:17:23+00:00\",\"dateModified\":\"2023-10-13T07:35:34+00:00\",\"description\":\"Unsere Einblicke-Seite bietet eine Vielzahl von Artikeln, die von unseren eigenen Fachjournalisten verfasst wurden und die Gesch\u00e4ftswelt inspirieren.\",\"breadcrumb\":{\"@id\":\"https:\\\/\\\/egn.com\\\/de\\\/einblicke\\\/#breadcrumb\"},\"inLanguage\":\"de\",\"potentialAction\":[{\"@type\":\"ReadAction\",\"target\":[\"https:\\\/\\\/egn.com\\\/de\\\/einblicke\\\/\"]}]},{\"@type\":\"BreadcrumbList\",\"@id\":\"https:\\\/\\\/egn.com\\\/de\\\/einblicke\\\/#breadcrumb\",\"itemListElement\":[{\"@type\":\"ListItem\",\"position\":1,\"name\":\"Home\",\"item\":\"https:\\\/\\\/egn.com\\\/de\\\/\"},{\"@type\":\"ListItem\",\"position\":2,\"name\":\"Einblicke\"}]},{\"@type\":\"WebSite\",\"@id\":\"https:\\\/\\\/egn.com\\\/de\\\/#website\",\"url\":\"https:\\\/\\\/egn.com\\\/de\\\/\",\"name\":\"EGN Deutschland\",\"description\":\"\",\"publisher\":{\"@id\":\"https:\\\/\\\/egn.com\\\/de\\\/#organization\"},\"potentialAction\":[{\"@type\":\"SearchAction\",\"target\":{\"@type\":\"EntryPoint\",\"urlTemplate\":\"https:\\\/\\\/egn.com\\\/de\\\/?s={search_term_string}\"},\"query-input\":{\"@type\":\"PropertyValueSpecification\",\"valueRequired\":true,\"valueName\":\"search_term_string\"}}],\"inLanguage\":\"de\"},{\"@type\":\"Organization\",\"@id\":\"https:\\\/\\\/egn.com\\\/de\\\/#organization\",\"name\":\"Executives' Global Network | Deutschland\",\"alternateName\":\"EGN Deutschland\",\"url\":\"https:\\\/\\\/egn.com\\\/de\\\/\",\"logo\":{\"@type\":\"ImageObject\",\"inLanguage\":\"de\",\"@id\":\"https:\\\/\\\/egn.com\\\/de\\\/#\\\/schema\\\/logo\\\/image\\\/\",\"url\":\"https:\\\/\\\/egn.com\\\/de\\\/wp-content\\\/uploads\\\/sites\\\/15\\\/2022\\\/10\\\/EGN_SINCE_1992_248.png\",\"contentUrl\":\"https:\\\/\\\/egn.com\\\/de\\\/wp-content\\\/uploads\\\/sites\\\/15\\\/2022\\\/10\\\/EGN_SINCE_1992_248.png\",\"width\":248,\"height\":96,\"caption\":\"Executives' Global Network | Deutschland\"},\"image\":{\"@id\":\"https:\\\/\\\/egn.com\\\/de\\\/#\\\/schema\\\/logo\\\/image\\\/\"},\"sameAs\":[\"https:\\\/\\\/www.linkedin.com\\\/company\\\/executives'\u200b-global-network-deutschland\\\/\"]}]}<\/script>","yoast_head_json":{"title":"Einblicke - EGN Deutschland","description":"Unsere Einblicke-Seite bietet eine Vielzahl von Artikeln, die von unseren eigenen Fachjournalisten verfasst wurden und die Gesch\u00e4ftswelt inspirieren.","robots":{"index":"index","follow":"follow","max-snippet":"max-snippet:-1","max-image-preview":"max-image-preview:large","max-video-preview":"max-video-preview:-1"},"canonical":"https:\/\/egn.com\/de\/einblicke\/","og_locale":"de_DE","og_type":"article","og_title":"Einblicke","og_description":"Aktuelles von EGN Hier finden Sie eine gro\u00dfe Vielfalt von k\u00fcrzlich ver\u00f6ffentlichten EGN-Artikeln zu Themen, die von F\u00fchrung, Kultur, Personalentwicklung","og_url":"https:\/\/egn.com\/de\/einblicke\/","og_site_name":"EGN Deutschland","article_modified_time":"2023-10-13T07:35:34+00:00","twitter_card":"summary_large_image","twitter_misc":{"Gesch\u00e4tzte Lesezeit":"1\u00a0Minute"},"schema":{"@context":"https:\/\/schema.org","@graph":[{"@type":"WebPage","@id":"https:\/\/egn.com\/de\/einblicke\/","url":"https:\/\/egn.com\/de\/einblicke\/","name":"Einblicke - EGN Deutschland","isPartOf":{"@id":"https:\/\/egn.com\/de\/#website"},"datePublished":"2022-10-19T11:17:23+00:00","dateModified":"2023-10-13T07:35:34+00:00","description":"Unsere Einblicke-Seite bietet eine Vielzahl von Artikeln, die von unseren eigenen Fachjournalisten verfasst wurden und die Gesch\u00e4ftswelt inspirieren.","breadcrumb":{"@id":"https:\/\/egn.com\/de\/einblicke\/#breadcrumb"},"inLanguage":"de","potentialAction":[{"@type":"ReadAction","target":["https:\/\/egn.com\/de\/einblicke\/"]}]},{"@type":"BreadcrumbList","@id":"https:\/\/egn.com\/de\/einblicke\/#breadcrumb","itemListElement":[{"@type":"ListItem","position":1,"name":"Home","item":"https:\/\/egn.com\/de\/"},{"@type":"ListItem","position":2,"name":"Einblicke"}]},{"@type":"WebSite","@id":"https:\/\/egn.com\/de\/#website","url":"https:\/\/egn.com\/de\/","name":"EGN Deutschland","description":"","publisher":{"@id":"https:\/\/egn.com\/de\/#organization"},"potentialAction":[{"@type":"SearchAction","target":{"@type":"EntryPoint","urlTemplate":"https:\/\/egn.com\/de\/?s={search_term_string}"},"query-input":{"@type":"PropertyValueSpecification","valueRequired":true,"valueName":"search_term_string"}}],"inLanguage":"de"},{"@type":"Organization","@id":"https:\/\/egn.com\/de\/#organization","name":"Executives' Global Network | Deutschland","alternateName":"EGN Deutschland","url":"https:\/\/egn.com\/de\/","logo":{"@type":"ImageObject","inLanguage":"de","@id":"https:\/\/egn.com\/de\/#\/schema\/logo\/image\/","url":"https:\/\/egn.com\/de\/wp-content\/uploads\/sites\/15\/2022\/10\/EGN_SINCE_1992_248.png","contentUrl":"https:\/\/egn.com\/de\/wp-content\/uploads\/sites\/15\/2022\/10\/EGN_SINCE_1992_248.png","width":248,"height":96,"caption":"Executives' Global Network | Deutschland"},"image":{"@id":"https:\/\/egn.com\/de\/#\/schema\/logo\/image\/"},"sameAs":["https:\/\/www.linkedin.com\/company\/executives'\u200b-global-network-deutschland\/"]}]}},"_links":{"self":[{"href":"https:\/\/egn.com\/de\/wp-json\/wp\/v2\/pages\/12556","targetHints":{"allow":["GET"]}}],"collection":[{"href":"https:\/\/egn.com\/de\/wp-json\/wp\/v2\/pages"}],"about":[{"href":"https:\/\/egn.com\/de\/wp-json\/wp\/v2\/types\/page"}],"author":[{"embeddable":true,"href":"https:\/\/egn.com\/de\/wp-json\/wp\/v2\/users\/41"}],"replies":[{"embeddable":true,"href":"https:\/\/egn.com\/de\/wp-json\/wp\/v2\/comments?post=12556"}],"version-history":[{"count":15,"href":"https:\/\/egn.com\/de\/wp-json\/wp\/v2\/pages\/12556\/revisions"}],"predecessor-version":[{"id":14522,"href":"https:\/\/egn.com\/de\/wp-json\/wp\/v2\/pages\/12556\/revisions\/14522"}],"wp:attachment":[{"href":"https:\/\/egn.com\/de\/wp-json\/wp\/v2\/media?parent=12556"}],"curies":[{"name":"wp","href":"https:\/\/api.w.org\/{rel}","templated":true}]}}