{"id":14330,"date":"2023-07-10T12:45:34","date_gmt":"2023-07-10T10:45:34","guid":{"rendered":"https:\/\/egn.com\/de\/?page_id=14330"},"modified":"2026-01-21T14:23:19","modified_gmt":"2026-01-21T13:23:19","slug":"impressum","status":"publish","type":"page","link":"https:\/\/egn.com\/de\/impressum\/","title":{"rendered":"Impressum"},"content":{"rendered":"\t\t<div data-elementor-type=\"wp-page\" data-elementor-id=\"14330\" class=\"elementor elementor-14330\">\n\t\t\t\t\t\t<section class=\"elementor-section elementor-top-section elementor-element elementor-element-2e14d429 elementor-section-boxed elementor-section-height-default elementor-section-height-default\" data-id=\"2e14d429\" data-element_type=\"section\">\n\t\t\t\t\t\t<div class=\"elementor-container elementor-column-gap-default\">\n\t\t\t\t\t<div class=\"elementor-column elementor-col-100 elementor-top-column elementor-element elementor-element-509c6106\" data-id=\"509c6106\" data-element_type=\"column\">\n\t\t\t<div class=\"elementor-widget-wrap elementor-element-populated\">\n\t\t\t\t\t\t<div class=\"elementor-element elementor-element-6fbe8618 elementor-widget elementor-widget-text-editor\" data-id=\"6fbe8618\" data-element_type=\"widget\" data-widget_type=\"text-editor.default\">\n\t\t\t\t<div class=\"elementor-widget-container\">\n\t\t\t\t\t\t\t\t\t<p><strong>Executives&#8216; Global Network \u2013 Deutschland GmbH<\/strong><br>Rothenbaumschaussee 83<br>20148 Hamburg<\/p>\n<p><strong>Handelsregister:<\/strong>&nbsp;HRB&nbsp;128372, Amtsgericht Hamburg<br><strong>USt-ID:<\/strong>&nbsp;DE260072417<br><strong>Telefon:<\/strong>&nbsp;+49 (0) 40 429 176 110<br><b>Gesch\u00e4ftsf\u00fchrung und V.i.S.D.P.:<br><\/b>Stefan V\u00f6lcker (verantwortlich f\u00fcr den Inhalt i.S.d. \u00a7 55 Abs. 2 RStV)<\/p><p><strong>Web:<\/strong> <a href=\"https:\/\/egn.com\/de\/\">egn.com\/de\/<\/a><\/p>\n<p><strong>E-Mail:<\/strong>&nbsp;<a href=\"mailto:info@egn.com\">info@egn.com<\/a><\/p>\t\t\t\t\t\t\t\t<\/div>\n\t\t\t\t<\/div>\n\t\t\t\t\t<\/div>\n\t\t<\/div>\n\t\t\t\t\t<\/div>\n\t\t<\/section>\n\t\t\t\t<\/div>\n\t\t","protected":false},"excerpt":{"rendered":"<p>Executives&#8216; Global Network \u2013 Deutschland GmbHRothenbaumschaussee 8320148 Hamburg Handelsregister:&nbsp;HRB&nbsp;128372, Amtsgericht HamburgUSt-ID:&nbsp;DE260072417Telefon:&nbsp;+49 (0) 40 429 176 110Gesch\u00e4ftsf\u00fchrung und V.i.S.D.P.:Stefan V\u00f6lcker (verantwortlich f\u00fcr den Inhalt i.S.d. \u00a7 55 Abs. 2 RStV) Web: egn.com\/de\/ E-Mail:&nbsp;info@egn.com<\/p>\n","protected":false},"author":41,"featured_media":14332,"parent":0,"menu_order":0,"comment_status":"closed","ping_status":"closed","template":"insight-single.php","meta":{"_acf_changed":false,"footnotes":""},"class_list":["post-14330","page","type-page","status-publish","has-post-thumbnail","hentry"],"acf":[],"yoast_head":"<title>Impressum - EGN Deutschland<\/title>\n<meta name=\"robots\" content=\"index, follow, max-snippet:-1, max-image-preview:large, max-video-preview:-1\" \/>\n<link rel=\"canonical\" href=\"https:\/\/egn.com\/de\/impressum\/\" \/>\n<meta property=\"og:locale\" content=\"de_DE\" \/>\n<meta property=\"og:type\" content=\"article\" \/>\n<meta property=\"og:title\" content=\"Impressum\" \/>\n<meta property=\"og:description\" content=\"Executives&#039; Global Network \u2013 Deutschland GmbHRothenbaumschaussee 8320148 Hamburg Handelsregister:&nbsp;HRB&nbsp;128372, Amtsgericht\" \/>\n<meta property=\"og:url\" content=\"https:\/\/egn.com\/de\/impressum\/\" \/>\n<meta property=\"og:site_name\" content=\"EGN Deutschland\" \/>\n<meta property=\"article:modified_time\" content=\"2026-01-21T13:23:19+00:00\" \/>\n<meta property=\"og:image\" content=\"https:\/\/egn.com\/de\/wp-content\/uploads\/sites\/15\/2023\/07\/impressum-de.jpg\" \/>\n\t<meta property=\"og:image:width\" content=\"1140\" \/>\n\t<meta property=\"og:image:height\" content=\"480\" \/>\n\t<meta property=\"og:image:type\" content=\"image\/jpeg\" \/>\n<meta name=\"twitter:card\" content=\"summary_large_image\" \/>\n<meta name=\"twitter:label1\" content=\"Gesch\u00e4tzte Lesezeit\" \/>\n\t<meta name=\"twitter:data1\" content=\"1\u00a0Minute\" \/>\n<script type=\"application\/ld+json\" class=\"yoast-schema-graph\">{\"@context\":\"https:\\\/\\\/schema.org\",\"@graph\":[{\"@type\":\"WebPage\",\"@id\":\"https:\\\/\\\/egn.com\\\/de\\\/impressum\\\/\",\"url\":\"https:\\\/\\\/egn.com\\\/de\\\/impressum\\\/\",\"name\":\"Impressum - EGN Deutschland\",\"isPartOf\":{\"@id\":\"https:\\\/\\\/egn.com\\\/de\\\/#website\"},\"primaryImageOfPage\":{\"@id\":\"https:\\\/\\\/egn.com\\\/de\\\/impressum\\\/#primaryimage\"},\"image\":{\"@id\":\"https:\\\/\\\/egn.com\\\/de\\\/impressum\\\/#primaryimage\"},\"thumbnailUrl\":\"https:\\\/\\\/egn.com\\\/de\\\/wp-content\\\/uploads\\\/sites\\\/15\\\/2023\\\/07\\\/impressum-de.jpg\",\"datePublished\":\"2023-07-10T10:45:34+00:00\",\"dateModified\":\"2026-01-21T13:23:19+00:00\",\"breadcrumb\":{\"@id\":\"https:\\\/\\\/egn.com\\\/de\\\/impressum\\\/#breadcrumb\"},\"inLanguage\":\"de\",\"potentialAction\":[{\"@type\":\"ReadAction\",\"target\":[\"https:\\\/\\\/egn.com\\\/de\\\/impressum\\\/\"]}]},{\"@type\":\"ImageObject\",\"inLanguage\":\"de\",\"@id\":\"https:\\\/\\\/egn.com\\\/de\\\/impressum\\\/#primaryimage\",\"url\":\"https:\\\/\\\/egn.com\\\/de\\\/wp-content\\\/uploads\\\/sites\\\/15\\\/2023\\\/07\\\/impressum-de.jpg\",\"contentUrl\":\"https:\\\/\\\/egn.com\\\/de\\\/wp-content\\\/uploads\\\/sites\\\/15\\\/2023\\\/07\\\/impressum-de.jpg\",\"width\":1140,\"height\":480},{\"@type\":\"BreadcrumbList\",\"@id\":\"https:\\\/\\\/egn.com\\\/de\\\/impressum\\\/#breadcrumb\",\"itemListElement\":[{\"@type\":\"ListItem\",\"position\":1,\"name\":\"Home\",\"item\":\"https:\\\/\\\/egn.com\\\/de\\\/\"},{\"@type\":\"ListItem\",\"position\":2,\"name\":\"Impressum\"}]},{\"@type\":\"WebSite\",\"@id\":\"https:\\\/\\\/egn.com\\\/de\\\/#website\",\"url\":\"https:\\\/\\\/egn.com\\\/de\\\/\",\"name\":\"EGN Deutschland\",\"description\":\"\",\"publisher\":{\"@id\":\"https:\\\/\\\/egn.com\\\/de\\\/#organization\"},\"potentialAction\":[{\"@type\":\"SearchAction\",\"target\":{\"@type\":\"EntryPoint\",\"urlTemplate\":\"https:\\\/\\\/egn.com\\\/de\\\/?s={search_term_string}\"},\"query-input\":{\"@type\":\"PropertyValueSpecification\",\"valueRequired\":true,\"valueName\":\"search_term_string\"}}],\"inLanguage\":\"de\"},{\"@type\":\"Organization\",\"@id\":\"https:\\\/\\\/egn.com\\\/de\\\/#organization\",\"name\":\"Executives' Global Network | Deutschland\",\"alternateName\":\"EGN Deutschland\",\"url\":\"https:\\\/\\\/egn.com\\\/de\\\/\",\"logo\":{\"@type\":\"ImageObject\",\"inLanguage\":\"de\",\"@id\":\"https:\\\/\\\/egn.com\\\/de\\\/#\\\/schema\\\/logo\\\/image\\\/\",\"url\":\"https:\\\/\\\/egn.com\\\/de\\\/wp-content\\\/uploads\\\/sites\\\/15\\\/2022\\\/10\\\/EGN_SINCE_1992_248.png\",\"contentUrl\":\"https:\\\/\\\/egn.com\\\/de\\\/wp-content\\\/uploads\\\/sites\\\/15\\\/2022\\\/10\\\/EGN_SINCE_1992_248.png\",\"width\":248,\"height\":96,\"caption\":\"Executives' Global Network | Deutschland\"},\"image\":{\"@id\":\"https:\\\/\\\/egn.com\\\/de\\\/#\\\/schema\\\/logo\\\/image\\\/\"},\"sameAs\":[\"https:\\\/\\\/www.linkedin.com\\\/company\\\/executives'\u200b-global-network-deutschland\\\/\"]}]}<\/script>","yoast_head_json":{"title":"Impressum - EGN Deutschland","robots":{"index":"index","follow":"follow","max-snippet":"max-snippet:-1","max-image-preview":"max-image-preview:large","max-video-preview":"max-video-preview:-1"},"canonical":"https:\/\/egn.com\/de\/impressum\/","og_locale":"de_DE","og_type":"article","og_title":"Impressum","og_description":"Executives' Global Network \u2013 Deutschland GmbHRothenbaumschaussee 8320148 Hamburg Handelsregister:&nbsp;HRB&nbsp;128372, Amtsgericht","og_url":"https:\/\/egn.com\/de\/impressum\/","og_site_name":"EGN Deutschland","article_modified_time":"2026-01-21T13:23:19+00:00","og_image":[{"width":1140,"height":480,"url":"https:\/\/egn.com\/de\/wp-content\/uploads\/sites\/15\/2023\/07\/impressum-de.jpg","type":"image\/jpeg"}],"twitter_card":"summary_large_image","twitter_misc":{"Gesch\u00e4tzte Lesezeit":"1\u00a0Minute"},"schema":{"@context":"https:\/\/schema.org","@graph":[{"@type":"WebPage","@id":"https:\/\/egn.com\/de\/impressum\/","url":"https:\/\/egn.com\/de\/impressum\/","name":"Impressum - EGN Deutschland","isPartOf":{"@id":"https:\/\/egn.com\/de\/#website"},"primaryImageOfPage":{"@id":"https:\/\/egn.com\/de\/impressum\/#primaryimage"},"image":{"@id":"https:\/\/egn.com\/de\/impressum\/#primaryimage"},"thumbnailUrl":"https:\/\/egn.com\/de\/wp-content\/uploads\/sites\/15\/2023\/07\/impressum-de.jpg","datePublished":"2023-07-10T10:45:34+00:00","dateModified":"2026-01-21T13:23:19+00:00","breadcrumb":{"@id":"https:\/\/egn.com\/de\/impressum\/#breadcrumb"},"inLanguage":"de","potentialAction":[{"@type":"ReadAction","target":["https:\/\/egn.com\/de\/impressum\/"]}]},{"@type":"ImageObject","inLanguage":"de","@id":"https:\/\/egn.com\/de\/impressum\/#primaryimage","url":"https:\/\/egn.com\/de\/wp-content\/uploads\/sites\/15\/2023\/07\/impressum-de.jpg","contentUrl":"https:\/\/egn.com\/de\/wp-content\/uploads\/sites\/15\/2023\/07\/impressum-de.jpg","width":1140,"height":480},{"@type":"BreadcrumbList","@id":"https:\/\/egn.com\/de\/impressum\/#breadcrumb","itemListElement":[{"@type":"ListItem","position":1,"name":"Home","item":"https:\/\/egn.com\/de\/"},{"@type":"ListItem","position":2,"name":"Impressum"}]},{"@type":"WebSite","@id":"https:\/\/egn.com\/de\/#website","url":"https:\/\/egn.com\/de\/","name":"EGN Deutschland","description":"","publisher":{"@id":"https:\/\/egn.com\/de\/#organization"},"potentialAction":[{"@type":"SearchAction","target":{"@type":"EntryPoint","urlTemplate":"https:\/\/egn.com\/de\/?s={search_term_string}"},"query-input":{"@type":"PropertyValueSpecification","valueRequired":true,"valueName":"search_term_string"}}],"inLanguage":"de"},{"@type":"Organization","@id":"https:\/\/egn.com\/de\/#organization","name":"Executives' Global Network | Deutschland","alternateName":"EGN Deutschland","url":"https:\/\/egn.com\/de\/","logo":{"@type":"ImageObject","inLanguage":"de","@id":"https:\/\/egn.com\/de\/#\/schema\/logo\/image\/","url":"https:\/\/egn.com\/de\/wp-content\/uploads\/sites\/15\/2022\/10\/EGN_SINCE_1992_248.png","contentUrl":"https:\/\/egn.com\/de\/wp-content\/uploads\/sites\/15\/2022\/10\/EGN_SINCE_1992_248.png","width":248,"height":96,"caption":"Executives' Global Network | Deutschland"},"image":{"@id":"https:\/\/egn.com\/de\/#\/schema\/logo\/image\/"},"sameAs":["https:\/\/www.linkedin.com\/company\/executives'\u200b-global-network-deutschland\/"]}]}},"_links":{"self":[{"href":"https:\/\/egn.com\/de\/wp-json\/wp\/v2\/pages\/14330","targetHints":{"allow":["GET"]}}],"collection":[{"href":"https:\/\/egn.com\/de\/wp-json\/wp\/v2\/pages"}],"about":[{"href":"https:\/\/egn.com\/de\/wp-json\/wp\/v2\/types\/page"}],"author":[{"embeddable":true,"href":"https:\/\/egn.com\/de\/wp-json\/wp\/v2\/users\/41"}],"replies":[{"embeddable":true,"href":"https:\/\/egn.com\/de\/wp-json\/wp\/v2\/comments?post=14330"}],"version-history":[{"count":13,"href":"https:\/\/egn.com\/de\/wp-json\/wp\/v2\/pages\/14330\/revisions"}],"predecessor-version":[{"id":14846,"href":"https:\/\/egn.com\/de\/wp-json\/wp\/v2\/pages\/14330\/revisions\/14846"}],"wp:featuredmedia":[{"embeddable":true,"href":"https:\/\/egn.com\/de\/wp-json\/wp\/v2\/media\/14332"}],"wp:attachment":[{"href":"https:\/\/egn.com\/de\/wp-json\/wp\/v2\/media?parent=14330"}],"curies":[{"name":"wp","href":"https:\/\/api.w.org\/{rel}","templated":true}]}}