{"id":14443,"date":"2023-09-07T09:21:42","date_gmt":"2023-09-07T07:21:42","guid":{"rendered":"https:\/\/egn.com\/de\/?page_id=14443"},"modified":"2024-07-01T09:52:21","modified_gmt":"2024-07-01T07:52:21","slug":"datenschutz","status":"publish","type":"page","link":"https:\/\/egn.com\/de\/datenschutz\/","title":{"rendered":"Datenschutz"},"content":{"rendered":"<p>Hamburg, den 16. April\u00a02021<\/p>\n<p>Nachfolgend informieren wir Sie nach Ma\u00dfgabe der geltenden datenschutzrechtlichen Vorgaben, insbesondere der Europ\u00e4ischen Datenschutzgrundverordnung (\u201e<strong>DSGVO<\/strong>\u201c) und des Bundesdatenschutzgesetzes (\u201e<strong>BDSG<\/strong>\u201c), \u00fcber die Verarbeitung Ihrer personenbezogenen Daten sowie Ihre Rechte. Die in dieser Datenschutzerkl\u00e4rung verwendeten Begriffe entsprechen den Definitionen nach Art. 4 DSGVO.<\/p>\n<p>Verantwortlicher im Sinne von Art. 4 Nr. 7 DSGVO ist:<\/p>\n<p>Executives&#8216; Global Network \u2013 Deutschland GmbH, Rothenbaumschaussee 83, 20148 Hamburg, Telefon: 0800 66 469 77 (\u201e<strong>wir<\/strong>\u201c, \u201e<strong>EGN Deutschland<\/strong>\u201c)<\/p>\n<p>Den Datenschutzbeauftragten Herrn Marko Diepold\u00a0erreichen Sie unter:<\/p>\n<p>Adverit Compliance GmbH &amp; Co. KG<br \/>\nKajen 10<br \/>\n20459 Hamburg<br \/>\nTelefon: +49 40 271 44 940<br \/>\nE-Mail:\u00a0<a href=\"mailto:datenschutz@adverit.de\">datenschutz@adverit.de<\/a><\/p>\n<p>Mit unserer Datenschutzerkl\u00e4rung informieren wir \u00fcber die Verarbeitung personenbezogener Daten<\/p>\n<ul>\n<li>beim Besuch unserer Webseite\u00a0<a href=\"#data1\"><strong>Verarbeitung personenbezogener Daten \u00fcber unsere Webseite<\/strong><\/a>\u00a0und<\/li>\n<li>im Rahmen einer Mitgliedschaft bei EGN Deutschland\u00a0<a href=\"#data2\"><strong>Verarbeitung personenbezogener Daten zur Aufnahme und w\u00e4hrend der Mitgliedschaft<\/strong><\/a>;<\/li>\n<li>Ferner informieren wir \u00fcber\u00a0<a href=\"#rechte\"><strong>Ihre Rechte<\/strong><\/a>\u00a0als betroffene Person.<\/li>\n<\/ul>\n<p><strong id=\"data1\">1. Verarbeitung personenbezogener Daten \u00fcber unsere Webseite<\/strong><\/p>\n<p>In diesem Teil der Datenschutzerkl\u00e4rung informieren wir Sie dar\u00fcber, wie wir personenbezogene Daten von Ihnen als Besucher der Webseite verarbeiten.<\/p>\n<p>1.1 Besuch unserer Webseite<\/p>\n<p>Wir verarbeiten die von Ihrem Browser an uns \u00fcbermittelten Daten, um Ihnen unsere Webseite anzuzeigen. Die folgenden Daten werden hierbei automatisch verarbeitet: IP-Adresse, Datum\/Uhrzeit des Zugriffs, Referrer-URL, Name und URL der abgerufenen Datei, verwendeter Browser, Betriebssystem Ihres Rechners, Name Ihres Access-Providers. Diese Daten verarbeiten wir, um Ihnen die Nutzung unserer Webseite zu erm\u00f6glichen sowie deren Sicherheit und Stabilit\u00e4t zu gew\u00e4hrleisten. Die Datenverarbeitung beruht auf Art. 6 (1) 1 lit. f DSGVO. Unsere berechtigten Interessen folgen aus den vorgenannten Zwecken.<\/p>\n<p>Zudem setzen wir bei dem Besuch unserer Webseite auch Cookies ein (siehe hierzu unter\u00a0<a href=\"#cookies\"><strong>Cookies<\/strong><\/a>), um Ihnen die Anzeige der Webseite zu erm\u00f6glichen und weitere Funktionen zur Verf\u00fcgung zu stellen.<\/p>\n<p>1.2 Kontaktformular f\u00fcr allgemeine Anfragen<\/p>\n<p>F\u00fcr allgemeine Anfragen k\u00f6nnen Sie sich \u00fcber unser Kontaktformular mit uns in Verbindung setzen. Hierbei verarbeiten wir die folgenden personenbezogenen Daten von Ihnen: Titel, Vor- und Nachname, Position, Unternehmen, E-Mail-Adresse, Telefonnummer sowie Ihren Nachrichteninhalt. Die Datenverarbeitung beruht auf unserem berechtigten Interesse, Ihnen auf Ihre Anfrage zu antworten (Art. 6 (1) 1 lit. f DSGVO).<\/p>\n<p>1.3 Presseanfragen per E-Mail<\/p>\n<p>Sie k\u00f6nnen Ihre Presseanfragen per E-Mail an uns richten. Ihre in diesem Zusammenhang verarbeiteten personenbezogenen Daten E-Mail-Adresse, Zieladresse, IP-Adresse, E-Mail-Programm, Datum\/Uhrzeit der E-Mail, Inhalt der E-Mail sind erforderlich, um Ihre Anfrage zu beantworten. Hieran haben wir ein berechtigtes Interesse (Art. 6 (1) 1 lit. f DSGVO).<\/p>\n<p><span id=\"kontaktformular\">1.4 Kontaktformular bei Interesse f\u00fcr das EGN Netzwerk<\/span><\/p>\n<p>Wenn Sie ein EGN Netzwerk in Ihrer Region suchen, k\u00f6nnen Sie hierf\u00fcr gerne unser gesondertes Kontaktformular verwenden. Hierf\u00fcr verarbeiten wir die Bezeichnung der Peer-Group, f\u00fcr die Sie sich interessieren, Ihren Titel, Ihren Vornamen und Namen, Ihre E-Mailadresse, Ihre Telefonnummer, Ihre Position im Unternehmen, Ihr Unternehmen, Ihre Adresse und wie Sie von uns erfahren haben, um Sie wegen einer Mitgliedschaft bei EGN Deutschland zu informieren. Die Daten verarbeiten wir zur Vorbereitung einer Mitgliedschaft (Art. 6 (1) 1 lit.\u00a0b DSGVO).<\/p>\n<p><span id=\"cookies\">1.5 Cookies<\/span><\/p>\n<p>Wir verwenden auf unserer Webseite Cookies. Dies sind Textdateien, die auf Ihrem Computer oder sonstigen Endger\u00e4ten gespeichert werden, mit dem Sie unsere Webseite aufrufen, wie beispielsweise Ihrem Smartphone oder Tablet. Der Einsatz von Cookies hilft uns, das Design unserer Webseite bedarfsgerecht zu gestalten und st\u00e4ndig zu optimieren sowie die Nutzung unserer Webseite zur Verbesserung unseres Internetauftritts f\u00fcr Sie auszuwerten.<\/p>\n<p>Um die auf unserer Website verwendeten Cookies anzuzeigen, nutzen Sie bitte diesen Link:\u00a0<strong><a href=\"\/de\/cookies\">Cookies<\/a><\/strong><\/p>\n<p>1.6 Social Media Plugins<\/p>\n<p>Um unser Netzwerk noch bekannter zu machen, verwenden wir auf unserer Webseite Social Plugins (\u201ePlugins\u201c) von LinkedIn und Xing. Der dahinterstehende werbliche Zweck stellt ein berechtigtes Interesse von uns im Sinne von Art. 6 (1) 1 lit. f DSGVO dar. Der jeweilige Anbieter gew\u00e4hrleistet den Betrieb dieser Plug-Ins nach den geltenden datenschutzrechtlichen Bestimmungen.<\/p>\n<ul>\n<li>(a) LinkedIn Wir nutzen auf unserer Webseite Plugins von LinkedIn, die von der LinkedIn Ireland Unlimited Company (Wilton Plaza, Wilton Place, Dublin 2, Irland) betrieben werden (\u201eLinkedIn\u201c).<\/li>\n<\/ul>\n<p>Wenn Sie eine Seite unseres Internetauftritts mit einem Plugin aufrufen, stellt Ihr Server eine direkte Verbindung zu dem Server von LinkedIn her. Der Inhalt des Plugins wird von LinkedIn an Ihren Browser \u00fcbermittelt und in die Seite eingebunden. Hierdurch erh\u00e4lt LinkedIn neben Ihrer IP-Adresse die Information, dass Ihr Browser unsere Webseite aufgerufen hat, auch wenn Sie kein LinkedIn-Profil besitzen oder nicht eingeloggt sind. Wenn Sie auf den LinkedIn-Button auf unserer Webseite klicken, werden die Informationen ebenfalls direkt an den Server von LinkedIn gesendet und dort gespeichert.<\/p>\n<p>Wenn Sie bei LinkedIn eingeloggt sind, kann LinkedIn Ihren Besuch unserer Webseite Ihrem Account unmittelbar zuordnen. Dies k\u00f6nnen Sie verhindern, indem Sie sich vor dem Besuch unserer Webseite bei LinkedIn ausloggen.<\/p>\n<p>Weitere Informationen hierzu k\u00f6nnen Sie der Datenschutzerkl\u00e4rung von Linkedin entnehmen (www.linkedin.com\/m\/login\/).<\/p>\n<ul>\n<li>(b) Xing<\/li>\n<li>Wir nutzen auf unserer Webseite Plugins von Xing, die von Xing SE (Dammtorstra\u00dfe 30, 20354 Hamburg, Deutschland) betrieben werden (\u201eXing\u201c).<\/li>\n<\/ul>\n<p>Wenn Sie eine Seite unseres Internetauftritts mit einem Plugin aufrufen, stellt Ihr Server eine direkte Verbindung zu dem Server von Xing her. Der Inhalt des Plugins wird von Xing an Ihren Browser \u00fcbermittelt und in die Seite eingebunden. Hierdurch erh\u00e4lt Xing neben Ihrer IP-Adresse die Information, dass Ihr Browser unsere Webseite aufgerufen hat, auch wenn Sie kein Xing-Profil besitzen oder nicht eingeloggt sind. Wenn Sie auf den Xing-Button auf unserer Webseite klicken, werden die Informationen ebenfalls direkt an den Server von Xing gesendet und dort gespeichert.<\/p>\n<p>Wenn Sie bei Xing eingeloggt sind, kann Xing Ihren Besuch unserer Webseite Ihrem Account unmittelbar zuordnen. Dies k\u00f6nnen Sie verhindern, indem Sie sich vor dem Besuch unserer Webseite bei Xing ausloggen.<\/p>\n<p>Weitere Informationen hierzu k\u00f6nnen Sie der Datenschutzerkl\u00e4rung von Xing entnehmen (https:\/\/privacy.xing.com\/de\/datenschutzerklaerung\/).<\/p>\n<p>1.7 Speicherung der Daten<\/p>\n<p>&nbsp;<\/p>\n<p>Wir speichern Ihre personenbezogenen Daten nur solange wie sie f\u00fcr den Zweck, f\u00fcr den sie erhoben wurden, erforderlich sind.<\/p>\n<p><span id=\"dritte\">1.8 \u00dcbermittlung an Dritte<\/span><\/p>\n<p>&nbsp;<\/p>\n<p>Wir \u00fcbermitteln personenbezogene Daten an folgende Unternehmen: EGN Group A\/S, die unsere Mitgliederverwaltung in unserem Auftrag f\u00fchrt.<\/p>\n<p><strong id=\"data2\">2. Verarbeitung personenbezogener Daten zur Aufnahme und w\u00e4hrend der Mitgliedschaft<\/strong><\/p>\n<p>In diesem Teil der Datenschutzerkl\u00e4rung informieren wir \u00fcber die Datenverarbeitung im Rahmen der Mitgliedschaft des jeweiligen Unternehmens als Mitglied des Netzwerks der EGN Deutschland (\u201e<strong>Mitglied<\/strong>\u201c). Jedes Mitglied ernennt eine nat\u00fcrliche Person als Repr\u00e4sentanten, wobei der Repr\u00e4sentant die Leistungen aus der Mitgliedschaft f\u00fcr das Mitglied in Anspruch nehmen kann. Wenn Sie Repr\u00e4sentant eines Mitglieds sind (\u201e<strong>Repr\u00e4sentant<\/strong>\u201c), haben Sie als Repr\u00e4sentant Zugang sowohl zum deutschen Netzwerk als auch zum globalen Netzwerk von EGN. Die personenbezogenen Daten des Repr\u00e4sentanten verarbeiten wir in diesem Zusammenhang wie nachfolgend beschrieben.<\/p>\n<p>2.1 Interessenten<\/p>\n<p>Wenn Sie oder eine andere Person Ihres Unternehmens Interesse an einer Mitgliedschaft bei EGN Deutschland haben, k\u00f6nnen Sie uns \u00fcber das Kontaktformular auf unserer Webseite erreichen und anfragen\u00a0<a href=\"#kontaktformular\"><strong>Kontaktformular bei Interesse f\u00fcr das EGN Netzwerk<\/strong><\/a>. Wir verarbeiten die personenbezogenen Daten in diesem Zusammenhang wie dort beschrieben.<\/p>\n<p>Sofern wir Ihre Kontaktdaten von Dritten erhalten haben, informieren wir Sie bei der ersten Kontaktaufnahme dar\u00fcber, woher wir Ihre Daten haben. Wir verarbeiten Ihre personenbezogenen Daten bei der Kontaktaufnahme ausschlie\u00dflich, wenn wir davon ausgehen, dass Sie Informationen zu EGN Deutschland bzw. dem EGN Netzwerk erhalten m\u00f6chten (Art. 6 (1) 1 lit. b DSGVO).<\/p>\n<p>2.2 Begr\u00fc\u00dfungsmail<\/p>\n<p>Wenn Sie als Repr\u00e4sentant f\u00fcr unser Netzwerk ausgew\u00e4hlt wurden, erhalten Sie von uns eine offizielle Begr\u00fc\u00dfungsmail an Ihre E-Mail-Adresse inkl. eines Registrierungslinks. Mit Aktivierung dieses Links senden wir Ihnen ein Passwort an Ihre E-Mail-Adresse, mit dem Sie sich anmelden k\u00f6nnen. Die Verarbeitung Ihrer personenbezogenen Daten erfolgt zur Begr\u00fcndung der Mitgliedschaft bei EGN Deutschland (Art. 6 (1) 1 lit. b DSGVO).<\/p>\n<p>2.3 Nutzung des EGN Members\u2018 Universe<\/p>\n<p>Mit den Zugangsdaten k\u00f6nnen Sie sich zum geschlossenen Mitgliederbereich online auf der Webseite bzw. in der mobilen Anwendung von EGN Group A\/S (\u201e<strong>Members\u2018 Universe<\/strong>\u201c) anmelden und weltweit Kontakt mit anderen Mitgliedern bzw. deren Repr\u00e4sentanten aufnehmen (siehe hierzu unter\u00a0<a href=\"#dritte\"><strong>\u00dcbermittlung an Dritte<\/strong><\/a>). Wir verarbeiten Ihre personenbezogenen Daten (Name, E-Mail-Adresse, Telefonnummern, Unternehmen, Funktion, IP Adresse, Standortdaten, Bilder und Video) um Ihnen als Repr\u00e4sentant bzw. dem Mitglied den Zugang und die Nutzung unseres globalen Netzwerkes im Rahmen der Mitgliedschaft zu erm\u00f6glichen (Art. 6 (1) 1 lit. b DSGVO). Genauere Hinweise finden Sie in der Datenschutzerkl\u00e4rung von Members\u2018 Universe.<\/p>\n<p>2.4 Zuordnung zu einer Peer Group<\/p>\n<p>Wir verarbeiten Ihre personenbezogenen Daten (Name, Unternehmen, Funktion) um Sie einer der verschiedenen, thematisch strukturierten Peer Groups zuzuordnen. Vor dem Beitritt zu der Peer-Group holen wir die Zustimmung aller anderen Gruppenmitglieder ein (siehe hierzu unter\u00a0<strong><a href=\"#dritte\">\u00dcbermittlung an Dritte<\/a><\/strong>). Wir verarbeiten Ihre Daten, um Ihnen und dem Mitglied s\u00e4mtliche Funktionalit\u00e4ten unseres Netzwerkes zu erm\u00f6glichen (Art. 6 (1) 1 lit. b DSGVO).<\/p>\n<p>2.5 Einladung zu Events, Peer Group Meetings und Weiterbildungsangeboten<\/p>\n<p>Wir verarbeiten Ihre personenbezogenen Daten (Name, E-Mail-Adresse, Telefonnummern, Unternehmen, Funktion), um Ihnen Einladungen zu Events, zu Peer Group Treffen sowie zu Weiterbildungsangeboten zu senden. Die Datenverarbeitung erfolgt zur Durchf\u00fchrung unseres Vertrages mit dem Mitglied, dessen Repr\u00e4sentant Sie sind (Art. 6 (1) 1 lit.\u00a0b DSGVO).<\/p>\n<p>2.6 Mitgliedsbeitrag<\/p>\n<p>Die Mitgliedsbeitr\u00e4ge werden per SEPA-Lastschriftmandat oder SEPA-\u00dcberweisung von den Mitgliedern gezahlt. Hierbei verarbeiten wir ggf. personenbezogene Daten (Name, IBAN, BLZ), um unseren Vertrag mit dem jeweiligen Mitglied zu erf\u00fcllen (Art. 6 (1) 1 lit. b DSGVO).<\/p>\n<p>&nbsp;<\/p>\n<p>&nbsp;<\/p>\n<p>2.7 Speicherung der Daten<\/p>\n<p>Wir speichern Ihre personenbezogenen Daten, so lange diese f\u00fcr Ihre Teilnahme als Repr\u00e4sentant an unserem Netzwerk erforderlich sind.<\/p>\n<p>Bei K\u00fcndigung der Mitgliedschaft oder bei Wechsel des Repr\u00e4sentanten l\u00f6schen wir Ihre Daten nach 2 Jahren. Eine Ausnahme hiervon gilt f\u00fcr Daten, zu deren Aufhebung wir gesetzlich verpflichtet sind.<\/p>\n<p>2.8 \u00dcbermittlung an Dritte<\/p>\n<p>Ihre Profildaten (Name, E-Mail-Adresse, Telefonnummern, Unternehmen, Funktion) k\u00f6nnen andere Mitglieder des Netzwerks einsehen und so \u00fcber das Members\u2018 Universe mit Ihnen Kontakt aufnehmen.<\/p>\n<p>Bevor Sie der von uns vorgeschlagenen Peer Group beitreten k\u00f6nnen, m\u00fcssen s\u00e4mtliche Mitglieder\u00a0ihre Zustimmung zu Ihrer Aufnahme erteilen. Hierzu senden wir Ihre personenbezogenen Daten (Name, Unternehmen, Funktion, Xing oder LinkedIn Profil) an die Mitglieder der Gruppe. Dadurch wird ausgeschlossen, dass Kunden, Lieferanten oder Wettbewerber der gleichen Peer Group angeh\u00f6ren.<\/p>\n<p>&nbsp;<\/p>\n<p>Im \u00dcbrigen \u00fcbermitteln wir personenbezogene Daten an folgende Dritte: EGN Group A\/S, die unsere Mitgliederverwaltung in unserem Auftrag f\u00fchrt.<\/p>\n<p><strong id=\"rechte\">3. Ihre Rechte<\/strong><\/p>\n<p>Ihnen stehen nach den gesetzlichen Bestimmungen die folgenden Rechte zu:<\/p>\n<ul>\n<li>Recht auf Auskunft (Art. 15 DSGVO)<\/li>\n<li>Recht auf Berichtigung (Art. 16 DSGVO)<\/li>\n<li>Recht auf L\u00f6schung (Art. 17 DSGVO) oder auf Einschr\u00e4nkung der Verarbeitung (Art. 18 DSGVO)<\/li>\n<li>Recht auf Daten\u00fcbertragbarkeit (Art. 20 DSGVO)<\/li>\n<\/ul>\n<p>Sie habe zudem das Recht, sich mit einer Beschwerde an die zust\u00e4ndige Aufsichtsbeh\u00f6rde zu wenden.<\/p>\n<p><strong>Wenn wir Ihre personenbezogenen Daten auf Grundlage unserer berechtigten Interessen verarbeiten (Art. 6 (1) 1 lit. f DSGVO), haben Sie das Recht Widerspruch nach Ma\u00dfgabe von Art. 21 (1) bzw. Art. 21 (2) DSGVO einzulegen.<\/strong><\/p>\n<p><strong>Wenn die Verarbeitung Ihrer personenbezogenen Daten auf Ihrer Einwilligung beruht (Art. 6 (1) 1 lit. a DSGVO), haben Sie das Recht, diese jederzeit f\u00fcr die Zukunft zu widerrufen.<\/strong><\/p>\n<p>Bitte wenden Sie sich zur Aus\u00fcbung Ihrer Rechte an\u00a0unter\u00a0<strong><a href=\"mailto:gdpr@egn.com\">gdpr@egn.com<\/a>.<\/strong><br \/>\n<strong>Datenschutzerkl\u00e4rung auf Englisch<\/strong><\/p>\n<p>Hier finden Sie die Datenschuterkl\u00e4rung der EGN Group auf Englisch:<br \/>\n<a tabindex=\"-1\" href=\"https:\/\/egn.com\/privacy-policy\/\" target=\"_blank\" rel=\"noopener\">Data Protection and Privacy Policy<\/a><\/p>\n","protected":false},"excerpt":{"rendered":"<p>Hamburg, den 16. April\u00a02021 Nachfolgend informieren wir Sie nach Ma\u00dfgabe der geltenden datenschutzrechtlichen Vorgaben, insbesondere der Europ\u00e4ischen Datenschutzgrundverordnung (\u201eDSGVO\u201c) und des Bundesdatenschutzgesetzes (\u201eBDSG\u201c), \u00fcber die Verarbeitung Ihrer personenbezogenen Daten sowie Ihre Rechte. Die in dieser Datenschutzerkl\u00e4rung verwendeten Begriffe entsprechen den Definitionen nach Art. 4 DSGVO. Verantwortlicher im Sinne von Art. 4 Nr. 7 DSGVO ist:&hellip;<\/p>\n","protected":false},"author":41,"featured_media":14444,"parent":0,"menu_order":0,"comment_status":"closed","ping_status":"closed","template":"insight-single.php","meta":{"_acf_changed":false,"footnotes":""},"class_list":["post-14443","page","type-page","status-publish","has-post-thumbnail","hentry"],"acf":[],"yoast_head":"<title>Datenschutz - EGN Deutschland<\/title>\n<meta name=\"robots\" content=\"index, follow, max-snippet:-1, max-image-preview:large, max-video-preview:-1\" \/>\n<link rel=\"canonical\" href=\"https:\/\/egn.com\/de\/datenschutz\/\" \/>\n<meta property=\"og:locale\" content=\"de_DE\" \/>\n<meta property=\"og:type\" content=\"article\" \/>\n<meta property=\"og:title\" content=\"Datenschutz\" \/>\n<meta property=\"og:description\" content=\"Hamburg, den 16. April\u00a02021 Nachfolgend informieren wir Sie nach Ma\u00dfgabe der geltenden datenschutzrechtlichen Vorgaben, insbesondere der Europ\u00e4ischen\" \/>\n<meta property=\"og:url\" content=\"https:\/\/egn.com\/de\/datenschutz\/\" \/>\n<meta property=\"og:site_name\" content=\"EGN Deutschland\" \/>\n<meta property=\"article:modified_time\" content=\"2024-07-01T07:52:21+00:00\" \/>\n<meta property=\"og:image\" content=\"https:\/\/egn.com\/de\/wp-content\/uploads\/sites\/15\/2023\/09\/Data.jpg\" \/>\n\t<meta property=\"og:image:width\" content=\"1090\" \/>\n\t<meta property=\"og:image:height\" content=\"450\" \/>\n\t<meta property=\"og:image:type\" content=\"image\/jpeg\" \/>\n<meta name=\"twitter:card\" content=\"summary_large_image\" \/>\n<meta name=\"twitter:label1\" content=\"Gesch\u00e4tzte Lesezeit\" \/>\n\t<meta name=\"twitter:data1\" content=\"11\u00a0Minuten\" \/>\n<script type=\"application\/ld+json\" class=\"yoast-schema-graph\">{\"@context\":\"https:\\\/\\\/schema.org\",\"@graph\":[{\"@type\":\"WebPage\",\"@id\":\"https:\\\/\\\/egn.com\\\/de\\\/datenschutz\\\/\",\"url\":\"https:\\\/\\\/egn.com\\\/de\\\/datenschutz\\\/\",\"name\":\"Datenschutz - EGN Deutschland\",\"isPartOf\":{\"@id\":\"https:\\\/\\\/egn.com\\\/de\\\/#website\"},\"primaryImageOfPage\":{\"@id\":\"https:\\\/\\\/egn.com\\\/de\\\/datenschutz\\\/#primaryimage\"},\"image\":{\"@id\":\"https:\\\/\\\/egn.com\\\/de\\\/datenschutz\\\/#primaryimage\"},\"thumbnailUrl\":\"https:\\\/\\\/egn.com\\\/de\\\/wp-content\\\/uploads\\\/sites\\\/15\\\/2023\\\/09\\\/Data.jpg\",\"datePublished\":\"2023-09-07T07:21:42+00:00\",\"dateModified\":\"2024-07-01T07:52:21+00:00\",\"breadcrumb\":{\"@id\":\"https:\\\/\\\/egn.com\\\/de\\\/datenschutz\\\/#breadcrumb\"},\"inLanguage\":\"de\",\"potentialAction\":[{\"@type\":\"ReadAction\",\"target\":[\"https:\\\/\\\/egn.com\\\/de\\\/datenschutz\\\/\"]}]},{\"@type\":\"ImageObject\",\"inLanguage\":\"de\",\"@id\":\"https:\\\/\\\/egn.com\\\/de\\\/datenschutz\\\/#primaryimage\",\"url\":\"https:\\\/\\\/egn.com\\\/de\\\/wp-content\\\/uploads\\\/sites\\\/15\\\/2023\\\/09\\\/Data.jpg\",\"contentUrl\":\"https:\\\/\\\/egn.com\\\/de\\\/wp-content\\\/uploads\\\/sites\\\/15\\\/2023\\\/09\\\/Data.jpg\",\"width\":1090,\"height\":450},{\"@type\":\"BreadcrumbList\",\"@id\":\"https:\\\/\\\/egn.com\\\/de\\\/datenschutz\\\/#breadcrumb\",\"itemListElement\":[{\"@type\":\"ListItem\",\"position\":1,\"name\":\"Home\",\"item\":\"https:\\\/\\\/egn.com\\\/de\\\/\"},{\"@type\":\"ListItem\",\"position\":2,\"name\":\"Datenschutz\"}]},{\"@type\":\"WebSite\",\"@id\":\"https:\\\/\\\/egn.com\\\/de\\\/#website\",\"url\":\"https:\\\/\\\/egn.com\\\/de\\\/\",\"name\":\"EGN Deutschland\",\"description\":\"\",\"publisher\":{\"@id\":\"https:\\\/\\\/egn.com\\\/de\\\/#organization\"},\"potentialAction\":[{\"@type\":\"SearchAction\",\"target\":{\"@type\":\"EntryPoint\",\"urlTemplate\":\"https:\\\/\\\/egn.com\\\/de\\\/?s={search_term_string}\"},\"query-input\":{\"@type\":\"PropertyValueSpecification\",\"valueRequired\":true,\"valueName\":\"search_term_string\"}}],\"inLanguage\":\"de\"},{\"@type\":\"Organization\",\"@id\":\"https:\\\/\\\/egn.com\\\/de\\\/#organization\",\"name\":\"Executives' Global Network | Deutschland\",\"alternateName\":\"EGN Deutschland\",\"url\":\"https:\\\/\\\/egn.com\\\/de\\\/\",\"logo\":{\"@type\":\"ImageObject\",\"inLanguage\":\"de\",\"@id\":\"https:\\\/\\\/egn.com\\\/de\\\/#\\\/schema\\\/logo\\\/image\\\/\",\"url\":\"https:\\\/\\\/egn.com\\\/de\\\/wp-content\\\/uploads\\\/sites\\\/15\\\/2022\\\/10\\\/EGN_SINCE_1992_248.png\",\"contentUrl\":\"https:\\\/\\\/egn.com\\\/de\\\/wp-content\\\/uploads\\\/sites\\\/15\\\/2022\\\/10\\\/EGN_SINCE_1992_248.png\",\"width\":248,\"height\":96,\"caption\":\"Executives' Global Network | Deutschland\"},\"image\":{\"@id\":\"https:\\\/\\\/egn.com\\\/de\\\/#\\\/schema\\\/logo\\\/image\\\/\"},\"sameAs\":[\"https:\\\/\\\/www.linkedin.com\\\/company\\\/executives'\u200b-global-network-deutschland\\\/\"]}]}<\/script>","yoast_head_json":{"title":"Datenschutz - EGN Deutschland","robots":{"index":"index","follow":"follow","max-snippet":"max-snippet:-1","max-image-preview":"max-image-preview:large","max-video-preview":"max-video-preview:-1"},"canonical":"https:\/\/egn.com\/de\/datenschutz\/","og_locale":"de_DE","og_type":"article","og_title":"Datenschutz","og_description":"Hamburg, den 16. April\u00a02021 Nachfolgend informieren wir Sie nach Ma\u00dfgabe der geltenden datenschutzrechtlichen Vorgaben, insbesondere der Europ\u00e4ischen","og_url":"https:\/\/egn.com\/de\/datenschutz\/","og_site_name":"EGN Deutschland","article_modified_time":"2024-07-01T07:52:21+00:00","og_image":[{"width":1090,"height":450,"url":"https:\/\/egn.com\/de\/wp-content\/uploads\/sites\/15\/2023\/09\/Data.jpg","type":"image\/jpeg"}],"twitter_card":"summary_large_image","twitter_misc":{"Gesch\u00e4tzte Lesezeit":"11\u00a0Minuten"},"schema":{"@context":"https:\/\/schema.org","@graph":[{"@type":"WebPage","@id":"https:\/\/egn.com\/de\/datenschutz\/","url":"https:\/\/egn.com\/de\/datenschutz\/","name":"Datenschutz - EGN Deutschland","isPartOf":{"@id":"https:\/\/egn.com\/de\/#website"},"primaryImageOfPage":{"@id":"https:\/\/egn.com\/de\/datenschutz\/#primaryimage"},"image":{"@id":"https:\/\/egn.com\/de\/datenschutz\/#primaryimage"},"thumbnailUrl":"https:\/\/egn.com\/de\/wp-content\/uploads\/sites\/15\/2023\/09\/Data.jpg","datePublished":"2023-09-07T07:21:42+00:00","dateModified":"2024-07-01T07:52:21+00:00","breadcrumb":{"@id":"https:\/\/egn.com\/de\/datenschutz\/#breadcrumb"},"inLanguage":"de","potentialAction":[{"@type":"ReadAction","target":["https:\/\/egn.com\/de\/datenschutz\/"]}]},{"@type":"ImageObject","inLanguage":"de","@id":"https:\/\/egn.com\/de\/datenschutz\/#primaryimage","url":"https:\/\/egn.com\/de\/wp-content\/uploads\/sites\/15\/2023\/09\/Data.jpg","contentUrl":"https:\/\/egn.com\/de\/wp-content\/uploads\/sites\/15\/2023\/09\/Data.jpg","width":1090,"height":450},{"@type":"BreadcrumbList","@id":"https:\/\/egn.com\/de\/datenschutz\/#breadcrumb","itemListElement":[{"@type":"ListItem","position":1,"name":"Home","item":"https:\/\/egn.com\/de\/"},{"@type":"ListItem","position":2,"name":"Datenschutz"}]},{"@type":"WebSite","@id":"https:\/\/egn.com\/de\/#website","url":"https:\/\/egn.com\/de\/","name":"EGN Deutschland","description":"","publisher":{"@id":"https:\/\/egn.com\/de\/#organization"},"potentialAction":[{"@type":"SearchAction","target":{"@type":"EntryPoint","urlTemplate":"https:\/\/egn.com\/de\/?s={search_term_string}"},"query-input":{"@type":"PropertyValueSpecification","valueRequired":true,"valueName":"search_term_string"}}],"inLanguage":"de"},{"@type":"Organization","@id":"https:\/\/egn.com\/de\/#organization","name":"Executives' Global Network | Deutschland","alternateName":"EGN Deutschland","url":"https:\/\/egn.com\/de\/","logo":{"@type":"ImageObject","inLanguage":"de","@id":"https:\/\/egn.com\/de\/#\/schema\/logo\/image\/","url":"https:\/\/egn.com\/de\/wp-content\/uploads\/sites\/15\/2022\/10\/EGN_SINCE_1992_248.png","contentUrl":"https:\/\/egn.com\/de\/wp-content\/uploads\/sites\/15\/2022\/10\/EGN_SINCE_1992_248.png","width":248,"height":96,"caption":"Executives' Global Network | Deutschland"},"image":{"@id":"https:\/\/egn.com\/de\/#\/schema\/logo\/image\/"},"sameAs":["https:\/\/www.linkedin.com\/company\/executives'\u200b-global-network-deutschland\/"]}]}},"_links":{"self":[{"href":"https:\/\/egn.com\/de\/wp-json\/wp\/v2\/pages\/14443","targetHints":{"allow":["GET"]}}],"collection":[{"href":"https:\/\/egn.com\/de\/wp-json\/wp\/v2\/pages"}],"about":[{"href":"https:\/\/egn.com\/de\/wp-json\/wp\/v2\/types\/page"}],"author":[{"embeddable":true,"href":"https:\/\/egn.com\/de\/wp-json\/wp\/v2\/users\/41"}],"replies":[{"embeddable":true,"href":"https:\/\/egn.com\/de\/wp-json\/wp\/v2\/comments?post=14443"}],"version-history":[{"count":7,"href":"https:\/\/egn.com\/de\/wp-json\/wp\/v2\/pages\/14443\/revisions"}],"predecessor-version":[{"id":14765,"href":"https:\/\/egn.com\/de\/wp-json\/wp\/v2\/pages\/14443\/revisions\/14765"}],"wp:featuredmedia":[{"embeddable":true,"href":"https:\/\/egn.com\/de\/wp-json\/wp\/v2\/media\/14444"}],"wp:attachment":[{"href":"https:\/\/egn.com\/de\/wp-json\/wp\/v2\/media?parent=14443"}],"curies":[{"name":"wp","href":"https:\/\/api.w.org\/{rel}","templated":true}]}}