{"id":14687,"date":"2024-04-01T07:42:14","date_gmt":"2024-04-01T05:42:14","guid":{"rendered":"https:\/\/egn.com\/de\/?page_id=14687"},"modified":"2024-04-10T09:39:08","modified_gmt":"2024-04-10T07:39:08","slug":"agb","status":"publish","type":"page","link":"https:\/\/egn.com\/de\/agb\/","title":{"rendered":"Allgemeine Gesch\u00e4ftsbedingungen"},"content":{"rendered":"<p><strong>Executives\u2018 Global Network Deutschland GmbH<\/strong><\/p>\n<p><strong>Allgemeine Gesch\u00e4ftsbedingungen f\u00fcr die Mitgliedschaft<\/strong><\/p>\n<ol>\n<li><strong>Wirkung der Vereinbarung: <\/strong>Diese Vereinbarung unter Einbeziehung der Allgemeinen Gesch\u00e4ftsbedingungen f\u00fcr die Mitgliedschaft (&#8222;Vereinbarung&#8220;) wird mit der Einzelperson UND dem zahlenden Unternehmen (falls vorhanden) im Folgenden gemeinsam als &#8222;Sie&#8220; bezeichnet und Executives\u2018 Global Network Deutschland GmbH (&#8222;EGN&#8220;) geschlossen. Sowohl die Einzelperson als auch das zahlende Unternehmen sind f\u00fcr die Zahlung der Beitr\u00e4ge verantwortlich und EGN ist berechtigt, den gesamten geschuldeten Betrag entweder von der Einzelperson oder dem zahlenden Unternehmen einzuziehen. Die Inanspruchnahme von EGN-Diensten und\/oder den Zugang zu EGN-Mitgliederressourcen h\u00e4ngt davon ab, dass Sie (i) einen Vertrag mit EGN abgeschlossen haben; (ii) erkl\u00e4rt haben, dass Sie in Ihrem Wohnsitzland vollj\u00e4hrig sind; (iii) befugt sind, das zahlende Unternehmen rechtsgesch\u00e4ftlich zur Zahlung der Beitr\u00e4ge zu verpflichten; und (iv) sich mit den nachstehenden Bedingungen einverstanden erkl\u00e4ren.<\/li>\n<li><strong>Annahme: <\/strong>Die EGN-Mitgliedschaft ist abh\u00e4ngig von der Annahme und Qualifikation durch EGN. Sie werden nach Einreichung Ihres Antrags \u00fcber dessen Status informiert.<\/li>\n<li><strong>Verpflichtungen als Mitglied: <\/strong>F\u00fcr die Mitgliedschaft gelten die nachfolgenden Bedingungen:\n<ol>\n<li>Der Beginn der Mitgliedschaft ist der in dem in der Vereinbarung angegebenen Monat;<\/li>\n<li>Sie werden sich nach Kr\u00e4ften bem\u00fchen, an den geplanten Sitzungen der EGN-Gruppe teilzunehmen;<\/li>\n<li>Sie tauschen Erfahrungen, Herausforderungen, F\u00e4higkeiten und Wissen mit anderen Mitgliedern aus;<\/li>\n<li>Alle Diskussionen der EGN-Gruppe sind streng vertraulich zu behandeln;<\/li>\n<li>Sie legen m\u00f6gliche Interessenkonflikte unverz\u00fcglich gegen\u00fcber Ihrer EGN-Gruppe offen;<\/li>\n<li>Sie veranstalten eine EGN-Gruppensitzung nach Bedarf, in der Regel jedes zweite Jahr der Mitgliedschaft; und<\/li>\n<li>Sie erstellen ein pers\u00f6nliches Profil auf Members Universe und halten Ihre Kontoinformationen stets auf einem aktuellen Stand.<\/li>\n<\/ol>\n<\/li>\n<li><strong>EGN Chairs: <\/strong>EGN Chairs k\u00f6nnen Dienstleistungen au\u00dferhalb ihrer Leistungen, die sie \u00fcber EGN erbringen, anbieten. Mit dem Abschluss dieser Vereinbarung erkl\u00e4ren Sie sich damit einverstanden, dass EGN nicht f\u00fcr Sch\u00e4den verantwortlich ist, die aus nicht von oder nicht im Auftrag von EGN erbrachten Dienstleistungen entstehen und f\u00fcr die Zahlungen nicht direkt an EGN erfolgen.<\/li>\n<li><strong>Materialien von EGN: <\/strong>Als Mitglied erhalten Sie Zugang zu den EGN-Methoden und -Materialien sowie zu anderen vertraulichen Informationen und geistigem Eigentum (&#8222;Materialien&#8220;) und k\u00f6nnen diese nutzen. Sie akzeptieren, dass EGN alle Rechte, einschlie\u00dflich aller Rechte an geistigem Eigentum, f\u00fcr diese Materialien besitzt und Sie nicht berechtigt sind, diese Materialien offenzulegen oder zu nutzen, es sei denn, EGN hat dies ausdr\u00fccklich genehmigt.<\/li>\n<li><strong>Laufzeit: <\/strong>Die Laufzeit Ihrer Mitgliedschaft betr\u00e4gt 12 Monate und beginnt mit dem vereinbarten Datum. Die Mitgliedschaft verl\u00e4ngert sich danach automatisch alle 12 Monate um weitere 12 Monate, soweit diese nicht nach Ziffer 8 gek\u00fcndigt wird.<\/li>\n<li><strong>Zahlungen: <\/strong>Nach der Aufnahme als Mitglied wird Ihnen der Mitgliedsbeitrag f\u00fcr das erste Jahr und eine eventuell anfallende Anmeldegeb\u00fchr in Rechnung gestellt. Danach sind Sie f\u00fcr die Zahlung des Mitgliedsbeitrags vor der Verl\u00e4ngerung der Laufzeit verantwortlich, wie auf der Rechnung f\u00fcr den Mitgliedsbeitrag angegeben, bis Ihre Mitgliedschaft gem\u00e4\u00df den Bedingungen der Vereinbarung beendet wird. Sollte sich die H\u00f6he des Mitgliedsbeitrags \u00e4ndern, werden Sie, wie gesetzlich vorgeschrieben, im Voraus benachrichtigt und die Mitgliedsbeitr\u00e4ge wie von uns angegeben angepasst.<\/li>\n<li><strong>K\u00fcndigung<\/strong>: Wenn Sie Ihre Mitgliedschaft vor der n\u00e4chsten Verl\u00e4ngerung k\u00fcndigen m\u00f6chten, m\u00fcssen Sie EGN 30 Tage vor der n\u00e4chsten Verl\u00e4ngerung schriftlich davon in Kenntnis setzen. K\u00fcndigungsmitteilungen m\u00fcssen an <a href=\"mailto:cancel.de@egn.com\">cancel.de@egn.com<\/a> oder \u00fcber die Schaltfl\u00e4che &#8222;EGN kontaktieren&#8220; im Member\u2019s Universe gesendet werden. Die Parteien k\u00f6nnen die Vereinbarung jederzeit au\u00dferordentlich k\u00fcndigen, insbesondere im Falle eines Versto\u00dfes gegen diese Bedingungen.<\/li>\n<li><strong>Wirkung der Beendigung<\/strong>: Die Beendigung Ihrer EGN-Mitgliedschaft entbindet Sie nicht von den verbleibenden Verpflichtungen, die in dieser Vereinbarung festgelegt sind, einschlie\u00dflich, aber nicht beschr\u00e4nkt auf die Zahlung, die EGN-Materialien und die zus\u00e4tzlichen Bedingungen, soweit anwendbar.<\/li>\n<li><strong>Zus\u00e4tzliche Bedingungen<\/strong>: Sie erkl\u00e4ren sich mit den EGN Community Richtlinien, abrufbar unter <a href=\"https:\/\/membersuniverse.egn.com\/community-guidelines\">egn.com\/community-guidelines<\/a>, einverstanden, die von Zeit zu Zeit aktualisiert werden. Informationen \u00fcber die Verarbeitung personenbezogener Daten finden Sie in der Datenschutzerkl\u00e4rung, die Sie unter <a href=\"https:\/\/egn.com\/privacy-policy\/\">egn.com\/privacy-policy<\/a> abrufen k\u00f6nnen.<\/li>\n<li><strong>Umfang der Leistungen: <\/strong>Die Ratschl\u00e4ge, Dienstleistungen und Meinungen, die von EGN angeboten werden, sollen das Denken erweitern und zu weiteren Entdeckungen anregen, sind jedoch nicht als Ersatz f\u00fcr professionelle finanzielle, rechtliche, psychologische, medizinische oder andere professionelle Beratung anzusehen. Selbst wenn Mitglieder oder Vorsitzende der EGN Gruppe als professionelle Berater zugelassen sind, ist eine individuelle Beziehung zu diesen Beratern nicht entstanden und sollte nicht als professionelle Beratung angesehen werden. Die Leistungen von EGN werden in wesentlicher \u00dcbereinstimmung mit dem vereinbarten Umfang zur Verf\u00fcgung gestellt. Es besteht keine Verpflichtung f\u00fcr Mitglieder, Gesch\u00e4fte mit EGN Mitgliedern, Chairs oder anderen mit EGN verbundenen Dritten zu t\u00e4tigen. Sollten Sie sich daf\u00fcr entscheiden, solche direkten Gesch\u00e4fte ohne Einbeziehung von EGN abzuschlie\u00dfen, erkl\u00e4ren Sie sich damit einverstanden, dass EGN keine Verantwortung oder Haftung f\u00fcr daraus entstehende Verluste \u00fcbernimmt.<\/li>\n<li><strong>Haftungsbegrenzung: <\/strong>Die Parteien haften f\u00fcr Vorsatz und grobe Fahrl\u00e4ssigkeit. Ferner haften die Parteien f\u00fcr die fahrl\u00e4ssige Verletzung von Pflichten, deren Erf\u00fcllung die ordnungsgem\u00e4\u00dfe Durchf\u00fchrung der Vereinbarung \u00fcberhaupt erst erm\u00f6glicht, deren Verletzung die Erreichung des Vertragszwecks gef\u00e4hrdet und auf deren Einhaltung die jeweils andere Partei regelm\u00e4\u00dfig vertrauen darf. Im letztgenannten Fall haften die Parteien nur f\u00fcr den vorhersehbaren, vertragstypischen Schaden und h\u00f6chstens in H\u00f6he des Betrages, den Sie f\u00fcr den Zeitraum von 12 Monaten vor dem haftungsbegr\u00fcndenden Ereignis an EGN gezahlt haben; ist der Vertrag zu diesem Zeitpunkt noch nicht 12 Monate gelaufen, wird der gezahlte Betrag auf 12 Monate hochgerechnet.<\/li>\n<li><strong>Verbindliches Schiedsverfahren: <\/strong>Alle Streitigkeiten, die sich aus oder im Zusammenhang mit dieser Vereinbarung oder ihrer G\u00fcltigkeit ergeben, werden nach der Schiedsgerichtsordnung der Deutschen Institution f\u00fcr Schiedsgerichtsbarkeit e.V. (DIS) unter Ausschluss des ordentlichen Rechtsweges endg\u00fcltig entschieden. Das Schiedsgericht ist mit einem Einzelschiedsrichter zu besetzen. Der Sitz des Schiedsgerichts ist Hamburg, Deutschland. Die Sprache des Schiedsverfahrens ist . Zur Klarstellung vereinbaren Sie und EGN, dass EGN sein Recht gegen die Einzelperson und das zahlende Unternehmen in einem einzigen Verfahren geltend machen kann und umgekehrt, dass die Einzelperson und das zahlende Unternehmen berechtigt sind, ihre Rechte gemeinsam in einem einzigen Verfahren gegen EGN geltend zu machen.<\/li>\n<li><strong>Allgemeines<\/strong>: Diese Vereinbarung darf nicht ge\u00e4ndert werden, es sei denn, der COO der EGN Gruppe, der CCO oder ein h\u00f6herer Vertreter der EGN Gruppe haben diesem ausdr\u00fccklich schriftlich zugestimmt; dies gilt auch f\u00fcr einen Verzicht auf dieses Schriftformerfordernis. Sollte eine Bestimmung dieser Vereinbarung als nicht durchsetzbar erachtet werden, so wird die Rechtm\u00e4\u00dfigkeit und Durchsetzbarkeit der \u00fcbrigen Bestimmungen davon nicht ber\u00fchrt oder beeintr\u00e4chtigt. Die Parteien werden einvernehmlich beschlie\u00dfen, die unwirksame Bestimmung durch eine rechtswirksame Bestimmung zu ersetzen, die dem wirtschaftlichen Zweck der unwirksamen Bestimmung am n\u00e4chsten kommt. Im Falle von L\u00fccken gilt die vorgenannte Regelung entsprechend. Diese Vereinbarung unterliegt dem Recht der Bundesrepublik Deutschland unter Ausschluss des Kollisionsrechts.<\/li>\n<\/ol>\n<p>&nbsp;<\/p>\n<p>&nbsp;<\/p>\n<p>&nbsp;<\/p>\n","protected":false},"excerpt":{"rendered":"<p>Executives\u2018 Global Network Deutschland GmbH Allgemeine Gesch\u00e4ftsbedingungen f\u00fcr die Mitgliedschaft Wirkung der Vereinbarung: Diese Vereinbarung unter Einbeziehung der Allgemeinen Gesch\u00e4ftsbedingungen f\u00fcr die Mitgliedschaft (&#8222;Vereinbarung&#8220;) wird mit der Einzelperson UND dem zahlenden Unternehmen (falls vorhanden) im Folgenden gemeinsam als &#8222;Sie&#8220; bezeichnet und Executives\u2018 Global Network Deutschland GmbH (&#8222;EGN&#8220;) geschlossen. Sowohl die Einzelperson als auch das zahlende&hellip;<\/p>\n","protected":false},"author":41,"featured_media":14442,"parent":0,"menu_order":0,"comment_status":"closed","ping_status":"closed","template":"insight-single.php","meta":{"_acf_changed":false,"footnotes":""},"class_list":["post-14687","page","type-page","status-publish","has-post-thumbnail","hentry"],"acf":[],"yoast_head":"<title>Allgemeine Gesch\u00e4ftsbedingungen - EGN Deutschland<\/title>\n<meta name=\"description\" content=\"Machen Sie sich mit den AGB von EGN Germany vertraut: Von den Betriebsabl\u00e4ufen und Vorteilen des Netzwerks bis hin zu Mitgliedspflichten, Dauer und Bedingungen bez\u00fcglich nutzergenerierter Inhalte.\" \/>\n<meta name=\"robots\" content=\"index, follow, max-snippet:-1, max-image-preview:large, max-video-preview:-1\" \/>\n<link rel=\"canonical\" href=\"https:\/\/egn.com\/de\/agb\/\" \/>\n<meta property=\"og:locale\" content=\"de_DE\" \/>\n<meta property=\"og:type\" content=\"article\" \/>\n<meta property=\"og:title\" content=\"Allgemeine Gesch\u00e4ftsbedingungen\" \/>\n<meta property=\"og:description\" content=\"Executives\u2018 Global Network Deutschland GmbH Allgemeine Gesch\u00e4ftsbedingungen f\u00fcr die Mitgliedschaft Wirkung der Vereinbarung: Diese Vereinbarung unter\" \/>\n<meta property=\"og:url\" content=\"https:\/\/egn.com\/de\/agb\/\" \/>\n<meta property=\"og:site_name\" content=\"EGN Deutschland\" \/>\n<meta property=\"article:modified_time\" content=\"2024-04-10T07:39:08+00:00\" \/>\n<meta property=\"og:image\" content=\"https:\/\/egn.com\/de\/wp-content\/uploads\/sites\/15\/2023\/09\/abg_header.jpg\" \/>\n\t<meta property=\"og:image:width\" content=\"1140\" \/>\n\t<meta property=\"og:image:height\" content=\"480\" \/>\n\t<meta property=\"og:image:type\" content=\"image\/jpeg\" \/>\n<meta name=\"twitter:card\" content=\"summary_large_image\" \/>\n<meta name=\"twitter:label1\" content=\"Gesch\u00e4tzte Lesezeit\" \/>\n\t<meta name=\"twitter:data1\" content=\"7\u00a0Minuten\" \/>\n<script type=\"application\/ld+json\" class=\"yoast-schema-graph\">{\"@context\":\"https:\\\/\\\/schema.org\",\"@graph\":[{\"@type\":\"WebPage\",\"@id\":\"https:\\\/\\\/egn.com\\\/de\\\/agb\\\/\",\"url\":\"https:\\\/\\\/egn.com\\\/de\\\/agb\\\/\",\"name\":\"Allgemeine Gesch\u00e4ftsbedingungen - EGN Deutschland\",\"isPartOf\":{\"@id\":\"https:\\\/\\\/egn.com\\\/de\\\/#website\"},\"primaryImageOfPage\":{\"@id\":\"https:\\\/\\\/egn.com\\\/de\\\/agb\\\/#primaryimage\"},\"image\":{\"@id\":\"https:\\\/\\\/egn.com\\\/de\\\/agb\\\/#primaryimage\"},\"thumbnailUrl\":\"https:\\\/\\\/egn.com\\\/de\\\/wp-content\\\/uploads\\\/sites\\\/15\\\/2023\\\/09\\\/abg_header.jpg\",\"datePublished\":\"2024-04-01T05:42:14+00:00\",\"dateModified\":\"2024-04-10T07:39:08+00:00\",\"description\":\"Machen Sie sich mit den AGB von EGN Germany vertraut: Von den Betriebsabl\u00e4ufen und Vorteilen des Netzwerks bis hin zu Mitgliedspflichten, Dauer und Bedingungen bez\u00fcglich nutzergenerierter Inhalte.\",\"breadcrumb\":{\"@id\":\"https:\\\/\\\/egn.com\\\/de\\\/agb\\\/#breadcrumb\"},\"inLanguage\":\"de\",\"potentialAction\":[{\"@type\":\"ReadAction\",\"target\":[\"https:\\\/\\\/egn.com\\\/de\\\/agb\\\/\"]}]},{\"@type\":\"ImageObject\",\"inLanguage\":\"de\",\"@id\":\"https:\\\/\\\/egn.com\\\/de\\\/agb\\\/#primaryimage\",\"url\":\"https:\\\/\\\/egn.com\\\/de\\\/wp-content\\\/uploads\\\/sites\\\/15\\\/2023\\\/09\\\/abg_header.jpg\",\"contentUrl\":\"https:\\\/\\\/egn.com\\\/de\\\/wp-content\\\/uploads\\\/sites\\\/15\\\/2023\\\/09\\\/abg_header.jpg\",\"width\":1140,\"height\":480},{\"@type\":\"BreadcrumbList\",\"@id\":\"https:\\\/\\\/egn.com\\\/de\\\/agb\\\/#breadcrumb\",\"itemListElement\":[{\"@type\":\"ListItem\",\"position\":1,\"name\":\"Home\",\"item\":\"https:\\\/\\\/egn.com\\\/de\\\/\"},{\"@type\":\"ListItem\",\"position\":2,\"name\":\"Allgemeine Gesch\u00e4ftsbedingungen\"}]},{\"@type\":\"WebSite\",\"@id\":\"https:\\\/\\\/egn.com\\\/de\\\/#website\",\"url\":\"https:\\\/\\\/egn.com\\\/de\\\/\",\"name\":\"EGN Deutschland\",\"description\":\"\",\"publisher\":{\"@id\":\"https:\\\/\\\/egn.com\\\/de\\\/#organization\"},\"potentialAction\":[{\"@type\":\"SearchAction\",\"target\":{\"@type\":\"EntryPoint\",\"urlTemplate\":\"https:\\\/\\\/egn.com\\\/de\\\/?s={search_term_string}\"},\"query-input\":{\"@type\":\"PropertyValueSpecification\",\"valueRequired\":true,\"valueName\":\"search_term_string\"}}],\"inLanguage\":\"de\"},{\"@type\":\"Organization\",\"@id\":\"https:\\\/\\\/egn.com\\\/de\\\/#organization\",\"name\":\"Executives' Global Network | Deutschland\",\"alternateName\":\"EGN Deutschland\",\"url\":\"https:\\\/\\\/egn.com\\\/de\\\/\",\"logo\":{\"@type\":\"ImageObject\",\"inLanguage\":\"de\",\"@id\":\"https:\\\/\\\/egn.com\\\/de\\\/#\\\/schema\\\/logo\\\/image\\\/\",\"url\":\"https:\\\/\\\/egn.com\\\/de\\\/wp-content\\\/uploads\\\/sites\\\/15\\\/2022\\\/10\\\/EGN_SINCE_1992_248.png\",\"contentUrl\":\"https:\\\/\\\/egn.com\\\/de\\\/wp-content\\\/uploads\\\/sites\\\/15\\\/2022\\\/10\\\/EGN_SINCE_1992_248.png\",\"width\":248,\"height\":96,\"caption\":\"Executives' Global Network | Deutschland\"},\"image\":{\"@id\":\"https:\\\/\\\/egn.com\\\/de\\\/#\\\/schema\\\/logo\\\/image\\\/\"},\"sameAs\":[\"https:\\\/\\\/www.linkedin.com\\\/company\\\/executives'\u200b-global-network-deutschland\\\/\"]}]}<\/script>","yoast_head_json":{"title":"Allgemeine Gesch\u00e4ftsbedingungen - EGN Deutschland","description":"Machen Sie sich mit den AGB von EGN Germany vertraut: Von den Betriebsabl\u00e4ufen und Vorteilen des Netzwerks bis hin zu Mitgliedspflichten, Dauer und Bedingungen bez\u00fcglich nutzergenerierter Inhalte.","robots":{"index":"index","follow":"follow","max-snippet":"max-snippet:-1","max-image-preview":"max-image-preview:large","max-video-preview":"max-video-preview:-1"},"canonical":"https:\/\/egn.com\/de\/agb\/","og_locale":"de_DE","og_type":"article","og_title":"Allgemeine Gesch\u00e4ftsbedingungen","og_description":"Executives\u2018 Global Network Deutschland GmbH Allgemeine Gesch\u00e4ftsbedingungen f\u00fcr die Mitgliedschaft Wirkung der Vereinbarung: Diese Vereinbarung unter","og_url":"https:\/\/egn.com\/de\/agb\/","og_site_name":"EGN Deutschland","article_modified_time":"2024-04-10T07:39:08+00:00","og_image":[{"width":1140,"height":480,"url":"https:\/\/egn.com\/de\/wp-content\/uploads\/sites\/15\/2023\/09\/abg_header.jpg","type":"image\/jpeg"}],"twitter_card":"summary_large_image","twitter_misc":{"Gesch\u00e4tzte Lesezeit":"7\u00a0Minuten"},"schema":{"@context":"https:\/\/schema.org","@graph":[{"@type":"WebPage","@id":"https:\/\/egn.com\/de\/agb\/","url":"https:\/\/egn.com\/de\/agb\/","name":"Allgemeine Gesch\u00e4ftsbedingungen - EGN Deutschland","isPartOf":{"@id":"https:\/\/egn.com\/de\/#website"},"primaryImageOfPage":{"@id":"https:\/\/egn.com\/de\/agb\/#primaryimage"},"image":{"@id":"https:\/\/egn.com\/de\/agb\/#primaryimage"},"thumbnailUrl":"https:\/\/egn.com\/de\/wp-content\/uploads\/sites\/15\/2023\/09\/abg_header.jpg","datePublished":"2024-04-01T05:42:14+00:00","dateModified":"2024-04-10T07:39:08+00:00","description":"Machen Sie sich mit den AGB von EGN Germany vertraut: Von den Betriebsabl\u00e4ufen und Vorteilen des Netzwerks bis hin zu Mitgliedspflichten, Dauer und Bedingungen bez\u00fcglich nutzergenerierter Inhalte.","breadcrumb":{"@id":"https:\/\/egn.com\/de\/agb\/#breadcrumb"},"inLanguage":"de","potentialAction":[{"@type":"ReadAction","target":["https:\/\/egn.com\/de\/agb\/"]}]},{"@type":"ImageObject","inLanguage":"de","@id":"https:\/\/egn.com\/de\/agb\/#primaryimage","url":"https:\/\/egn.com\/de\/wp-content\/uploads\/sites\/15\/2023\/09\/abg_header.jpg","contentUrl":"https:\/\/egn.com\/de\/wp-content\/uploads\/sites\/15\/2023\/09\/abg_header.jpg","width":1140,"height":480},{"@type":"BreadcrumbList","@id":"https:\/\/egn.com\/de\/agb\/#breadcrumb","itemListElement":[{"@type":"ListItem","position":1,"name":"Home","item":"https:\/\/egn.com\/de\/"},{"@type":"ListItem","position":2,"name":"Allgemeine Gesch\u00e4ftsbedingungen"}]},{"@type":"WebSite","@id":"https:\/\/egn.com\/de\/#website","url":"https:\/\/egn.com\/de\/","name":"EGN Deutschland","description":"","publisher":{"@id":"https:\/\/egn.com\/de\/#organization"},"potentialAction":[{"@type":"SearchAction","target":{"@type":"EntryPoint","urlTemplate":"https:\/\/egn.com\/de\/?s={search_term_string}"},"query-input":{"@type":"PropertyValueSpecification","valueRequired":true,"valueName":"search_term_string"}}],"inLanguage":"de"},{"@type":"Organization","@id":"https:\/\/egn.com\/de\/#organization","name":"Executives' Global Network | Deutschland","alternateName":"EGN Deutschland","url":"https:\/\/egn.com\/de\/","logo":{"@type":"ImageObject","inLanguage":"de","@id":"https:\/\/egn.com\/de\/#\/schema\/logo\/image\/","url":"https:\/\/egn.com\/de\/wp-content\/uploads\/sites\/15\/2022\/10\/EGN_SINCE_1992_248.png","contentUrl":"https:\/\/egn.com\/de\/wp-content\/uploads\/sites\/15\/2022\/10\/EGN_SINCE_1992_248.png","width":248,"height":96,"caption":"Executives' Global Network | Deutschland"},"image":{"@id":"https:\/\/egn.com\/de\/#\/schema\/logo\/image\/"},"sameAs":["https:\/\/www.linkedin.com\/company\/executives'\u200b-global-network-deutschland\/"]}]}},"_links":{"self":[{"href":"https:\/\/egn.com\/de\/wp-json\/wp\/v2\/pages\/14687","targetHints":{"allow":["GET"]}}],"collection":[{"href":"https:\/\/egn.com\/de\/wp-json\/wp\/v2\/pages"}],"about":[{"href":"https:\/\/egn.com\/de\/wp-json\/wp\/v2\/types\/page"}],"author":[{"embeddable":true,"href":"https:\/\/egn.com\/de\/wp-json\/wp\/v2\/users\/41"}],"replies":[{"embeddable":true,"href":"https:\/\/egn.com\/de\/wp-json\/wp\/v2\/comments?post=14687"}],"version-history":[{"count":4,"href":"https:\/\/egn.com\/de\/wp-json\/wp\/v2\/pages\/14687\/revisions"}],"predecessor-version":[{"id":14691,"href":"https:\/\/egn.com\/de\/wp-json\/wp\/v2\/pages\/14687\/revisions\/14691"}],"wp:featuredmedia":[{"embeddable":true,"href":"https:\/\/egn.com\/de\/wp-json\/wp\/v2\/media\/14442"}],"wp:attachment":[{"href":"https:\/\/egn.com\/de\/wp-json\/wp\/v2\/media?parent=14687"}],"curies":[{"name":"wp","href":"https:\/\/api.w.org\/{rel}","templated":true}]}}