{"id":29801,"date":"2024-04-01T07:37:47","date_gmt":"2024-04-01T05:37:47","guid":{"rendered":"https:\/\/egn.com\/dk\/?page_id=29801"},"modified":"2025-05-28T14:28:06","modified_gmt":"2025-05-28T12:28:06","slug":"medlemsbetingelser","status":"publish","type":"page","link":"https:\/\/egn.com\/dk\/medlemsbetingelser\/","title":{"rendered":"Medlemsbetingelser"},"content":{"rendered":"\n<div class=\"wp-block-group is-layout-constrained wp-block-group-is-layout-constrained\">\n<h2 class=\"wp-block-heading\" id=\"h-egn-group-a-s\"><strong>EGN Group A\/S<\/strong><\/h2>\n\n\n\n<h3 class=\"wp-block-heading\" id=\"h-aftale-om-medlemsvilk-a-r-og-betingelser\"><strong>Aftale om medlemsvilk<\/strong><strong>\u00e5<\/strong><strong>r og -betingelser<\/strong><\/h3>\n\n\n\n<ol class=\"wp-block-list\">\n<li><strong>Aftalens virkning:\u00a0<\/strong>Denne aftale om medlemsvilk\u00e5r og -betingelser (\u201cAftalen\u201d) indg\u00e5s p\u00e5 vegne af den enkelte person OG den betalende virksomhed (hvis der er en s\u00e5dan) (samlet ben\u00e6vnt \u201cdu\u201d) og EGN Group A\/S (\u201cEGN\u201d). B\u00e5de personen og den betalende Virksomhed er ansvarlige for betaling af kontingent, og EGN har ret til at opkr\u00e6ve det fulde skyldige bel\u00f8b enten hos personen eller hos den betalende. N\u00e5r du g\u00f8r brug af EGN\u2019s ydelser og\/eller tilg\u00e5r EGN\u2019s medlemsressourcer, anses du for (i) at have indg\u00e5et en aftale med EGN, (ii) at have erkl\u00e6ret, at du er myndig i dit bop\u00e6lsland, (iii) at v\u00e6re bemyndiget til at indg\u00e5 denne \u00f8konomiske forpligtelse for den anf\u00f8rte betalende virksomhed og (iv) at v\u00e6re indforst\u00e5et med at v\u00e6re bundet af vilk\u00e5rene nedenfor.<\/li>\n\n\n\n<li><strong>Accept:\u00a0<\/strong>EGN-medlemskab er betinget af, at det accepteres af EGN, og at EGN finder dig kvalificeret hertil. Du vil f\u00e5 besked om din ans\u00f8gningsstatus efter indsendelsen.<\/li>\n\n\n\n<li><strong>Forpligtelser som medlem:\u00a0<\/strong>N\u00e5r du accepteres som medlem, accepterer du:\n<ol class=\"wp-block-list\">\n<li>at medlemskabet begynder den m\u00e5ned, der er angivet i aftalen,<\/li>\n\n\n\n<li>at bestr\u00e6be dig efter bedste evne p\u00e5 at deltage i planlagte EGN-netv\u00e6rksm\u00f8der,<\/li>\n\n\n\n<li>at dele erfaringer, udfordringer, kompetencer og viden med andre medlemmer,<\/li>\n\n\n\n<li>at opretholde streng fortrolighed om alle dr\u00f8ftelser i EGN-netv\u00e6rksgruppen,<\/li>\n\n\n\n<li>straks at oplyse dit EGN-netv\u00e6rk om alle potentielle interessekonflikter,<\/li>\n\n\n\n<li>at v\u00e6re v\u00e6rt for EGN-netv\u00e6rksm\u00f8der i rimeligt omfang, typisk et m\u00f8de hvert andet \u00e5r mens du er medlem, og<\/li>\n\n\n\n<li>at udfylde en personlig profil i Medlemsuniverset og s\u00f8rge for, at kontooplysningerne er opdaterede.<\/li>\n<\/ol>\n<\/li>\n\n\n\n<li><strong>EGN\u2019s netv\u00e6rksledere:\u00a0<\/strong>EGN\u2019s netv\u00e6rksledere kan tilbyde ydelser, der falder uden for det arbejde, de udf\u00f8rer gennem EGN. N\u00e5r du indg\u00e5r denne aftale, er du indforst\u00e5et med og accepterer, at EGN ikke er ansvarlig for (direkte eller indirekte) tab eller skader, der opst\u00e5r som f\u00f8lge af ydelser, hvor betaling ikke foretages direkte til EGN.<\/li>\n\n\n\n<li><strong>EGN-materialer:\u00a0<\/strong>Som medlem vil du f\u00e5 mulighed for og adgang i \u00f8vrigt til at bruge EGN\u2019s metoder og materialer samt \u00f8vrige fortrolige oplysninger og immaterielle rettigheder (\u201cmaterialer\u201d). Du er indforst\u00e5et med og accepterer, at EGN er indehaver af alle rettigheder og ejendomsrettigheder, herunder alle immaterielle rettigheder, til samt interesser i disse materialer, og du er ikke er berettiget til at videregive eller bruge disse materialer, medmindre EGN udtrykkeligt har givet tilladelse hertil.<\/li>\n\n\n\n<li><strong>Medlemsperiode:\u00a0<\/strong>Dit medlemskab varer 12 m\u00e5neder, der regnes fra den 1. i den m\u00e5ned, hvori din aftalte ikrafttr\u00e6delsesdato falder, og medlemskabet fornyes herefter automatisk hver 12. m\u00e5ned.<\/li>\n\n\n\n<li><strong>Betaling:\u00a0<\/strong>N\u00e5r du er blevet accepteret som medlem, vil du blive faktureret for medlemskontingentet for dit f\u00f8rste \u00e5r samt et eventuelt optagelsesgebyr. Du er herefter ansvarlig for betaling af medlemskontingentet forud for fornyelsen af medlemskabet som angivet p\u00e5 din faktura for medlemskontingentet, indtil dit medlemskab opsiges i overensstemmelse med vilk\u00e5rene i aftalen. Hvis kontingentbel\u00f8bet \u00e6ndres, vil du blive underrettet p\u00e5 forh\u00e5nd i rimelig tid efter g\u00e6ldende regler, og fremtidige betalinger for medlemskabet vil ske til det nye kontingentbel\u00f8b.<\/li>\n\n\n\n<li><strong>Opsigelse<\/strong>: Hvis du \u00f8nsker at opsige dit medlemskab inden den n\u00e6ste fornyelse, skal du give EGN skriftlig meddelelse inden startdatoen for den n\u00e6ste periode. Medlemskabsperioden fremg\u00e5r af fakturaen. Meddelelser om opsigelse skal sendes til <u><a href=\"mailto:membership.dk@egn.com\">membership.dk@egn.com<\/a><\/u>\u00a0eller via knappen \u201cKontakt EGN\u201d i Medlemsuniverset. EGN kan til enhver tid opsige aftalen ved misligholdelse af en eller flere bestemmelser i de vedlagte vilk\u00e5r.<\/li>\n\n\n\n<li><strong>Konsekvenser af opsigelse<\/strong>: Opsigelse af dit EGN-medlemskab bevirker ikke, at eventuelle tilbagev\u00e6rende forpligtelser, der er anf\u00f8rt i denne aftale, bliver ugyldige, herunder, men ikke begr\u00e6nset til, bestemmelserne under henholdsvis betaling, EGN-materialer og yderligere vilk\u00e5r.<\/li>\n\n\n\n<li><strong>Yderligere vilk\u00e5r<\/strong>: Du accepterer EGN Community Guidelines, der findes p\u00e5\u00a0<a href=\"https:\/\/membersuniverse.egn.com\/community-guidelines\">egn.com\/community-guidelines<\/a>, og privatlivspolitikken, der findes p\u00e5\u00a0<a href=\"https:\/\/egn.com\/privacy-policy\/\">egn.com\/privacy-policy<\/a>, med eventuelle senere opdateringer.<\/li>\n\n\n\n<li><strong>Ydelsernes omfang:\u00a0<\/strong>Hensigten med de r\u00e5d, ydelser og udtalelser, der leveres som led i EGN-oplevelsen, er, at de skal udvide tankegangen og inspirere til videre udforskning, men de m\u00e5 ikke betragtes som en erstatning for professionel \u00f8konomisk, juridisk, psykologisk, l\u00e6gelig eller anden faglig r\u00e5dgivning. Selvom medlemmer eller netv\u00e6rksledere i EGN-netv\u00e6rksgruppen kan v\u00e6re godkendt som professionelle r\u00e5dgivere, er der ikke etableret et s\u00e6rskilt forhold til disse r\u00e5dgivere, og deres tilkendegivelser b\u00f8r ikke betragtes som professionel r\u00e5dgivning. EGN-oplevelsen leveres, \u201csom den er og forefindes\u201d, uden nogen form for garanti. Medlemmerne er ikke forpligtet til at g\u00f8re forretninger med EGN-netv\u00e6rksmedlemmer, netv\u00e6rksledere eller andre med tilknytning til EGN. Hvis du v\u00e6lger at g\u00f8re s\u00e5danne forretninger, er du indforst\u00e5et med, at EGN ikke er ansvarlig eller h\u00e6fter for eventuelle tab, der m\u00e5tte opst\u00e5 som f\u00f8lge heraf.<\/li>\n\n\n\n<li><strong>Ansvarsbegr\u00e6nsning:\u00a0<\/strong>I det efter loven videst mulige omfang kan en parts maksimale ansvar ikke overstige det bel\u00f8b, du har betalt til EGN for den 12-m\u00e5neders periode, der g\u00e5r forud for den begivenhed, der giver anledning til ansvaret. Ingen af parterne er under nogen omst\u00e6ndigheder ansvarlige for f\u00f8lgeskader, h\u00e6ndelige eller indirekte skader el.lign. eller tab af fortjeneste, data, forretning eller goodwill, uanset om grundlaget for ansvaret er misligholdelse af kontrakt, erstatningsansvar uden for kontrakt, objektivt ansvar, brud p\u00e5 garantier eller andet.<\/li>\n\n\n\n<li><strong>Voldgift:\u00a0<\/strong>I det efter loven videst mulige omfang skal tvister eller krav i anledning af denne aftale eller misligholdelse heraf afg\u00f8res ved voldgift ved voldgiftsinstituttet efter de af voldgiftsinstituttets bestyrelse vedtagne regler herom, der er g\u00e6ldende ved voldgiftssagens indledning, og voldgiftsretten skal best\u00e5 af \u00e9n voldgiftsdommer. Du og EGN er enige om alene at indbringe tvister for voldgiftsretten enkeltvis og ikke som gruppe- eller kollektive s\u00f8gsm\u00e5l p\u00e5 vegne af andre. Voldgiftsdommerens\/voldgiftsdommernes kendelse kan indbringes for enhver domstol, der har kompetence hertil.<\/li>\n\n\n\n<li><strong>Generelt<\/strong>: Denne aftale m\u00e5 ikke \u00e6ndres, medmindre \u00e6ndringerne specifikt er godkendt skriftligt af EGN\u2019s Group COO, CCO eller p\u00e5 h\u00f8jere niveau. Hvis et vilk\u00e5r i denne aftale anses for ikke at kunne h\u00e5ndh\u00e6ves, skal det ikke p\u00e5virke eller forringe lovligheden og retskraften af de \u00f8vrige bestemmelser. Denne aftale er underlagt dansk ret uden hensyntagen til de internationale privatretlige regler.<\/li>\n<\/ol>\n<\/div>\n","protected":false},"excerpt":{"rendered":"<p>EGN Group A\/S Aftale om medlemsvilk\u00e5r og -betingelser<\/p>\n","protected":false},"author":41,"featured_media":0,"parent":0,"menu_order":0,"comment_status":"closed","ping_status":"closed","template":"","meta":{"_acf_changed":false,"footnotes":""},"class_list":["post-29801","page","type-page","status-publish","hentry"],"acf":[],"yoast_head":"<title>Medlemsbetingelser - EGN Danmark<\/title>\n<meta name=\"robots\" content=\"index, follow, max-snippet:-1, max-image-preview:large, max-video-preview:-1\" \/>\n<link rel=\"canonical\" href=\"https:\/\/egn.com\/dk\/medlemsbetingelser\/\" \/>\n<meta property=\"og:locale\" content=\"da_DK\" \/>\n<meta property=\"og:type\" content=\"article\" \/>\n<meta property=\"og:title\" content=\"Medlemsbetingelser\" \/>\n<meta property=\"og:description\" content=\"EGN Group A\/S Aftale om medlemsvilk\u00e5r og -betingelser Aftalens virkning:\u00a0Denne aftale om medlemsvilk\u00e5r og -betingelser (\u201cAftalen\u201d) indg\u00e5s p\u00e5 vegne af den\" \/>\n<meta property=\"og:url\" content=\"https:\/\/egn.com\/dk\/medlemsbetingelser\/\" \/>\n<meta property=\"og:site_name\" content=\"EGN Danmark\" \/>\n<meta property=\"article:publisher\" content=\"https:\/\/www.facebook.com\/EGNdanmark\" \/>\n<meta property=\"article:modified_time\" content=\"2025-05-28T12:28:06+00:00\" \/>\n<meta name=\"twitter:card\" content=\"summary_large_image\" \/>\n<meta name=\"twitter:site\" content=\"@EGNdanmark\" \/>\n<meta name=\"twitter:label1\" content=\"Estimeret l\u00e6setid\" \/>\n\t<meta name=\"twitter:data1\" content=\"6 minutter\" \/>\n<script type=\"application\/ld+json\" class=\"yoast-schema-graph\">{\"@context\":\"https:\\\/\\\/schema.org\",\"@graph\":[{\"@type\":\"WebPage\",\"@id\":\"https:\\\/\\\/egn.com\\\/dk\\\/medlemsbetingelser\\\/\",\"url\":\"https:\\\/\\\/egn.com\\\/dk\\\/medlemsbetingelser\\\/\",\"name\":\"Medlemsbetingelser - EGN Danmark\",\"isPartOf\":{\"@id\":\"https:\\\/\\\/egn.com\\\/dk\\\/#website\"},\"datePublished\":\"2024-04-01T05:37:47+00:00\",\"dateModified\":\"2025-05-28T12:28:06+00:00\",\"breadcrumb\":{\"@id\":\"https:\\\/\\\/egn.com\\\/dk\\\/medlemsbetingelser\\\/#breadcrumb\"},\"inLanguage\":\"da-DK\",\"potentialAction\":[{\"@type\":\"ReadAction\",\"target\":[\"https:\\\/\\\/egn.com\\\/dk\\\/medlemsbetingelser\\\/\"]}]},{\"@type\":\"BreadcrumbList\",\"@id\":\"https:\\\/\\\/egn.com\\\/dk\\\/medlemsbetingelser\\\/#breadcrumb\",\"itemListElement\":[{\"@type\":\"ListItem\",\"position\":1,\"name\":\"Forside\",\"item\":\"https:\\\/\\\/egn.com\\\/dk\\\/\"},{\"@type\":\"ListItem\",\"position\":2,\"name\":\"Medlemsbetingelser\"}]},{\"@type\":\"WebSite\",\"@id\":\"https:\\\/\\\/egn.com\\\/dk\\\/#website\",\"url\":\"https:\\\/\\\/egn.com\\\/dk\\\/\",\"name\":\"EGN Danmark\",\"description\":\"\",\"publisher\":{\"@id\":\"https:\\\/\\\/egn.com\\\/dk\\\/#organization\"},\"potentialAction\":[{\"@type\":\"SearchAction\",\"target\":{\"@type\":\"EntryPoint\",\"urlTemplate\":\"https:\\\/\\\/egn.com\\\/dk\\\/?s={search_term_string}\"},\"query-input\":{\"@type\":\"PropertyValueSpecification\",\"valueRequired\":true,\"valueName\":\"search_term_string\"}}],\"inLanguage\":\"da-DK\"},{\"@type\":\"Organization\",\"@id\":\"https:\\\/\\\/egn.com\\\/dk\\\/#organization\",\"name\":\"EGN Denmark\",\"url\":\"https:\\\/\\\/egn.com\\\/dk\\\/\",\"logo\":{\"@type\":\"ImageObject\",\"inLanguage\":\"da-DK\",\"@id\":\"https:\\\/\\\/egn.com\\\/dk\\\/#\\\/schema\\\/logo\\\/image\\\/\",\"url\":\"https:\\\/\\\/egn.com\\\/dk\\\/wp-content\\\/uploads\\\/sites\\\/3\\\/2026\\\/02\\\/EGN.png\",\"contentUrl\":\"https:\\\/\\\/egn.com\\\/dk\\\/wp-content\\\/uploads\\\/sites\\\/3\\\/2026\\\/02\\\/EGN.png\",\"width\":2185,\"height\":699,\"caption\":\"EGN Denmark\"},\"image\":{\"@id\":\"https:\\\/\\\/egn.com\\\/dk\\\/#\\\/schema\\\/logo\\\/image\\\/\"},\"sameAs\":[\"https:\\\/\\\/www.facebook.com\\\/EGNdanmark\",\"https:\\\/\\\/x.com\\\/EGNdanmark\",\"https:\\\/\\\/www.linkedin.com\\\/company\\\/209484\",\"https:\\\/\\\/da.wikipedia.org\\\/wiki\\\/EGN_Danmark\"],\"description\":\"Vi skaber personlig, faglig og forretningsm\u00e6ssig v\u00e6rdi gennem fortrolige netv\u00e6rk. Siden 1992 har EGN (Executives'\u200b Global Network) tilbudt skr\u00e6ddersyede netv\u00e6rksgrupper for ledere og specialister.\",\"email\":\"info.dk@egn.com\",\"telephone\":\"+45 63 21 40 00\",\"vatID\":\"24208370\"}]}<\/script>","yoast_head_json":{"title":"Medlemsbetingelser - EGN Danmark","robots":{"index":"index","follow":"follow","max-snippet":"max-snippet:-1","max-image-preview":"max-image-preview:large","max-video-preview":"max-video-preview:-1"},"canonical":"https:\/\/egn.com\/dk\/medlemsbetingelser\/","og_locale":"da_DK","og_type":"article","og_title":"Medlemsbetingelser","og_description":"EGN Group A\/S Aftale om medlemsvilk\u00e5r og -betingelser Aftalens virkning:\u00a0Denne aftale om medlemsvilk\u00e5r og -betingelser (\u201cAftalen\u201d) indg\u00e5s p\u00e5 vegne af den","og_url":"https:\/\/egn.com\/dk\/medlemsbetingelser\/","og_site_name":"EGN Danmark","article_publisher":"https:\/\/www.facebook.com\/EGNdanmark","article_modified_time":"2025-05-28T12:28:06+00:00","twitter_card":"summary_large_image","twitter_site":"@EGNdanmark","twitter_misc":{"Estimeret l\u00e6setid":"6 minutter"},"schema":{"@context":"https:\/\/schema.org","@graph":[{"@type":"WebPage","@id":"https:\/\/egn.com\/dk\/medlemsbetingelser\/","url":"https:\/\/egn.com\/dk\/medlemsbetingelser\/","name":"Medlemsbetingelser - EGN Danmark","isPartOf":{"@id":"https:\/\/egn.com\/dk\/#website"},"datePublished":"2024-04-01T05:37:47+00:00","dateModified":"2025-05-28T12:28:06+00:00","breadcrumb":{"@id":"https:\/\/egn.com\/dk\/medlemsbetingelser\/#breadcrumb"},"inLanguage":"da-DK","potentialAction":[{"@type":"ReadAction","target":["https:\/\/egn.com\/dk\/medlemsbetingelser\/"]}]},{"@type":"BreadcrumbList","@id":"https:\/\/egn.com\/dk\/medlemsbetingelser\/#breadcrumb","itemListElement":[{"@type":"ListItem","position":1,"name":"Forside","item":"https:\/\/egn.com\/dk\/"},{"@type":"ListItem","position":2,"name":"Medlemsbetingelser"}]},{"@type":"WebSite","@id":"https:\/\/egn.com\/dk\/#website","url":"https:\/\/egn.com\/dk\/","name":"EGN Danmark","description":"","publisher":{"@id":"https:\/\/egn.com\/dk\/#organization"},"potentialAction":[{"@type":"SearchAction","target":{"@type":"EntryPoint","urlTemplate":"https:\/\/egn.com\/dk\/?s={search_term_string}"},"query-input":{"@type":"PropertyValueSpecification","valueRequired":true,"valueName":"search_term_string"}}],"inLanguage":"da-DK"},{"@type":"Organization","@id":"https:\/\/egn.com\/dk\/#organization","name":"EGN Denmark","url":"https:\/\/egn.com\/dk\/","logo":{"@type":"ImageObject","inLanguage":"da-DK","@id":"https:\/\/egn.com\/dk\/#\/schema\/logo\/image\/","url":"https:\/\/egn.com\/dk\/wp-content\/uploads\/sites\/3\/2026\/02\/EGN.png","contentUrl":"https:\/\/egn.com\/dk\/wp-content\/uploads\/sites\/3\/2026\/02\/EGN.png","width":2185,"height":699,"caption":"EGN Denmark"},"image":{"@id":"https:\/\/egn.com\/dk\/#\/schema\/logo\/image\/"},"sameAs":["https:\/\/www.facebook.com\/EGNdanmark","https:\/\/x.com\/EGNdanmark","https:\/\/www.linkedin.com\/company\/209484","https:\/\/da.wikipedia.org\/wiki\/EGN_Danmark"],"description":"Vi skaber personlig, faglig og forretningsm\u00e6ssig v\u00e6rdi gennem fortrolige netv\u00e6rk. Siden 1992 har EGN (Executives'\u200b Global Network) tilbudt skr\u00e6ddersyede netv\u00e6rksgrupper for ledere og specialister.","email":"info.dk@egn.com","telephone":"+45 63 21 40 00","vatID":"24208370"}]}},"_links":{"self":[{"href":"https:\/\/egn.com\/dk\/wp-json\/wp\/v2\/pages\/29801","targetHints":{"allow":["GET"]}}],"collection":[{"href":"https:\/\/egn.com\/dk\/wp-json\/wp\/v2\/pages"}],"about":[{"href":"https:\/\/egn.com\/dk\/wp-json\/wp\/v2\/types\/page"}],"author":[{"embeddable":true,"href":"https:\/\/egn.com\/dk\/wp-json\/wp\/v2\/users\/41"}],"replies":[{"embeddable":true,"href":"https:\/\/egn.com\/dk\/wp-json\/wp\/v2\/comments?post=29801"}],"version-history":[{"count":9,"href":"https:\/\/egn.com\/dk\/wp-json\/wp\/v2\/pages\/29801\/revisions"}],"predecessor-version":[{"id":34004,"href":"https:\/\/egn.com\/dk\/wp-json\/wp\/v2\/pages\/29801\/revisions\/34004"}],"wp:attachment":[{"href":"https:\/\/egn.com\/dk\/wp-json\/wp\/v2\/media?parent=29801"}],"curies":[{"name":"wp","href":"https:\/\/api.w.org\/{rel}","templated":true}]}}