{"id":29880,"date":"2024-04-09T11:49:34","date_gmt":"2024-04-09T09:49:34","guid":{"rendered":"https:\/\/egn.com\/dk\/?page_id=29880"},"modified":"2024-08-23T11:04:22","modified_gmt":"2024-08-23T09:04:22","slug":"tak-for-din-tilmelding","status":"publish","type":"page","link":"https:\/\/egn.com\/dk\/tak-for-din-tilmelding\/","title":{"rendered":"Tak for din tilmelding"},"content":{"rendered":"\t\t<div data-elementor-type=\"wp-page\" data-elementor-id=\"29880\" class=\"elementor elementor-29880\">\n\t\t\t\t\t\t<section class=\"elementor-section elementor-top-section elementor-element elementor-element-1acb4173 elementor-section-boxed elementor-section-height-default elementor-section-height-default\" data-id=\"1acb4173\" data-element_type=\"section\">\n\t\t\t\t\t\t<div class=\"elementor-container elementor-column-gap-default\">\n\t\t\t\t\t<div class=\"elementor-column elementor-col-100 elementor-top-column elementor-element elementor-element-35ddf149\" data-id=\"35ddf149\" data-element_type=\"column\">\n\t\t\t<div class=\"elementor-widget-wrap elementor-element-populated\">\n\t\t\t\t\t\t<div class=\"elementor-element elementor-element-1e6c3fb8 elementor-widget elementor-widget-text-editor\" data-id=\"1e6c3fb8\" data-element_type=\"widget\" data-widget_type=\"text-editor.default\">\n\t\t\t\t<div class=\"elementor-widget-container\">\n\t\t\t\t\t\t\t\t\tVi er glade for din interesse i vores webinar og over at have dig med.\r\nHold \u00f8je med din indbakke for yderligere detaljer og et link til webinaret.\r\nVi ser frem til at dele v\u00e6rdifulde indsigter og oplevelser med dig.\r\nHvis du har sp\u00f8rgsm\u00e5l inden da, er du velkommen til at kontakte os.\t\t\t\t\t\t\t\t<\/div>\n\t\t\t\t<\/div>\n\t\t\t\t\t<\/div>\n\t\t<\/div>\n\t\t\t\t\t<\/div>\n\t\t<\/section>\n\t\t\t\t<section class=\"elementor-section elementor-top-section elementor-element elementor-element-7451f2a elementor-section-boxed elementor-section-height-default elementor-section-height-default\" data-id=\"7451f2a\" data-element_type=\"section\">\n\t\t\t\t\t\t<div class=\"elementor-container elementor-column-gap-default\">\n\t\t\t\t\t<div class=\"elementor-column elementor-col-100 elementor-top-column elementor-element elementor-element-8c1d7ee\" data-id=\"8c1d7ee\" data-element_type=\"column\">\n\t\t\t<div class=\"elementor-widget-wrap elementor-element-populated\">\n\t\t\t\t\t\t<div class=\"elementor-element elementor-element-dd48c3a elementor-grid-2 elementor-posts--thumbnail-top elementor-grid-tablet-2 elementor-grid-mobile-1 elementor-widget elementor-widget-posts\" data-id=\"dd48c3a\" data-element_type=\"widget\" data-settings=\"{&quot;custom_columns&quot;:&quot;2&quot;,&quot;custom_row_gap&quot;:{&quot;unit&quot;:&quot;px&quot;,&quot;size&quot;:24,&quot;sizes&quot;:[]},&quot;custom_columns_tablet&quot;:&quot;2&quot;,&quot;custom_columns_mobile&quot;:&quot;1&quot;,&quot;custom_row_gap_tablet&quot;:{&quot;unit&quot;:&quot;px&quot;,&quot;size&quot;:&quot;&quot;,&quot;sizes&quot;:[]},&quot;custom_row_gap_mobile&quot;:{&quot;unit&quot;:&quot;px&quot;,&quot;size&quot;:&quot;&quot;,&quot;sizes&quot;:[]}}\" data-widget_type=\"posts.custom\">\n\t\t\t\t<div class=\"elementor-widget-container\">\n\t\t\t\t\t      <div class=\"ecs-posts elementor-posts-container elementor-posts   elementor-grid elementor-posts--skin-custom\" data-settings=\"{&quot;current_page&quot;:1,&quot;max_num_pages&quot;:0,&quot;load_method&quot;:&quot;&quot;,&quot;widget_id&quot;:&quot;dd48c3a&quot;,&quot;post_id&quot;:29880,&quot;theme_id&quot;:29880,&quot;change_url&quot;:false,&quot;reinit_js&quot;:false}\">\n      <div class=\"elementor-posts-nothing-found\"><\/div>\t\t<\/div>\n\t\t\t\t\t\t<\/div>\n\t\t\t\t<\/div>\n\t\t\t\t\t<\/div>\n\t\t<\/div>\n\t\t\t\t\t<\/div>\n\t\t<\/section>\n\t\t\t\t<\/div>\n\t\t","protected":false},"excerpt":{"rendered":"<p>Vi er glade for din interesse i vores webinar og over at have dig med. Hold \u00f8je med din indbakke for yderligere detaljer og et link til webinaret. Vi ser frem til at dele v\u00e6rdifulde indsigter og oplevelser med dig. Hvis du har sp\u00f8rgsm\u00e5l inden da, er du velkommen til at kontakte os.<\/p>\n","protected":false},"author":41,"featured_media":26035,"parent":0,"menu_order":0,"comment_status":"closed","ping_status":"closed","template":"insight-single.php","meta":{"_acf_changed":false,"footnotes":""},"class_list":["post-29880","page","type-page","status-publish","has-post-thumbnail","hentry"],"acf":[],"yoast_head":"<title>Tak for din tilmelding - EGN Danmark<\/title>\n<meta name=\"robots\" content=\"index, follow, max-snippet:-1, max-image-preview:large, max-video-preview:-1\" \/>\n<link rel=\"canonical\" href=\"https:\/\/egn.com\/dk\/tak-for-din-tilmelding\/\" \/>\n<meta property=\"og:locale\" content=\"da_DK\" \/>\n<meta property=\"og:type\" content=\"article\" \/>\n<meta property=\"og:title\" content=\"Tak for din tilmelding\" \/>\n<meta property=\"og:description\" content=\"Vi er glade for din interesse i vores webinar og over at have dig med. Hold \u00f8je med din indbakke for yderligere detaljer og et link til webinaret. Vi ser\" \/>\n<meta property=\"og:url\" content=\"https:\/\/egn.com\/dk\/tak-for-din-tilmelding\/\" \/>\n<meta property=\"og:site_name\" content=\"EGN Danmark\" \/>\n<meta property=\"article:publisher\" content=\"https:\/\/www.facebook.com\/EGNdanmark\" \/>\n<meta property=\"article:modified_time\" content=\"2024-08-23T09:04:22+00:00\" \/>\n<meta property=\"og:image\" content=\"https:\/\/egn.com\/dk\/wp-content\/uploads\/sites\/3\/2023\/02\/Hero_leadership-report-1024x512-1.jpg\" \/>\n\t<meta property=\"og:image:width\" content=\"1024\" \/>\n\t<meta property=\"og:image:height\" content=\"512\" \/>\n\t<meta property=\"og:image:type\" content=\"image\/jpeg\" \/>\n<meta name=\"twitter:card\" content=\"summary_large_image\" \/>\n<meta name=\"twitter:site\" content=\"@EGNdanmark\" \/>\n<meta name=\"twitter:label1\" content=\"Estimeret l\u00e6setid\" \/>\n\t<meta name=\"twitter:data1\" content=\"4 minutter\" \/>\n<script type=\"application\/ld+json\" class=\"yoast-schema-graph\">{\"@context\":\"https:\/\/schema.org\",\"@graph\":[{\"@type\":\"WebPage\",\"@id\":\"https:\/\/egn.com\/dk\/tak-for-din-tilmelding\/\",\"url\":\"https:\/\/egn.com\/dk\/tak-for-din-tilmelding\/\",\"name\":\"Tak for din tilmelding - EGN Danmark\",\"isPartOf\":{\"@id\":\"https:\/\/egn.com\/dk\/#website\"},\"primaryImageOfPage\":{\"@id\":\"https:\/\/egn.com\/dk\/tak-for-din-tilmelding\/#primaryimage\"},\"image\":{\"@id\":\"https:\/\/egn.com\/dk\/tak-for-din-tilmelding\/#primaryimage\"},\"thumbnailUrl\":\"https:\/\/egn.com\/dk\/wp-content\/uploads\/sites\/3\/2023\/02\/Hero_leadership-report-1024x512-1.jpg\",\"datePublished\":\"2024-04-09T09:49:34+00:00\",\"dateModified\":\"2024-08-23T09:04:22+00:00\",\"breadcrumb\":{\"@id\":\"https:\/\/egn.com\/dk\/tak-for-din-tilmelding\/#breadcrumb\"},\"inLanguage\":\"da-DK\",\"potentialAction\":[{\"@type\":\"ReadAction\",\"target\":[\"https:\/\/egn.com\/dk\/tak-for-din-tilmelding\/\"]}]},{\"@type\":\"ImageObject\",\"inLanguage\":\"da-DK\",\"@id\":\"https:\/\/egn.com\/dk\/tak-for-din-tilmelding\/#primaryimage\",\"url\":\"https:\/\/egn.com\/dk\/wp-content\/uploads\/sites\/3\/2023\/02\/Hero_leadership-report-1024x512-1.jpg\",\"contentUrl\":\"https:\/\/egn.com\/dk\/wp-content\/uploads\/sites\/3\/2023\/02\/Hero_leadership-report-1024x512-1.jpg\",\"width\":1024,\"height\":512,\"caption\":\"B\u00e6redygtig ledelse er p\u00e5 vej frem, viser tal fra ny rapport\"},{\"@type\":\"BreadcrumbList\",\"@id\":\"https:\/\/egn.com\/dk\/tak-for-din-tilmelding\/#breadcrumb\",\"itemListElement\":[{\"@type\":\"ListItem\",\"position\":1,\"name\":\"Forside\",\"item\":\"https:\/\/egn.com\/dk\/\"},{\"@type\":\"ListItem\",\"position\":2,\"name\":\"Tak for din tilmelding\"}]},{\"@type\":\"WebSite\",\"@id\":\"https:\/\/egn.com\/dk\/#website\",\"url\":\"https:\/\/egn.com\/dk\/\",\"name\":\"EGN Danmark\",\"description\":\"\",\"publisher\":{\"@id\":\"https:\/\/egn.com\/dk\/#organization\"},\"potentialAction\":[{\"@type\":\"SearchAction\",\"target\":{\"@type\":\"EntryPoint\",\"urlTemplate\":\"https:\/\/egn.com\/dk\/?s={search_term_string}\"},\"query-input\":{\"@type\":\"PropertyValueSpecification\",\"valueRequired\":true,\"valueName\":\"search_term_string\"}}],\"inLanguage\":\"da-DK\"},{\"@type\":\"Organization\",\"@id\":\"https:\/\/egn.com\/dk\/#organization\",\"name\":\"EGN Denmark\",\"url\":\"https:\/\/egn.com\/dk\/\",\"logo\":{\"@type\":\"ImageObject\",\"inLanguage\":\"da-DK\",\"@id\":\"https:\/\/egn.com\/dk\/#\/schema\/logo\/image\/\",\"url\":\"https:\/\/egn.com\/dk\/wp-content\/uploads\/sites\/3\/2026\/02\/EGN.png\",\"contentUrl\":\"https:\/\/egn.com\/dk\/wp-content\/uploads\/sites\/3\/2026\/02\/EGN.png\",\"width\":2185,\"height\":699,\"caption\":\"EGN Denmark\"},\"image\":{\"@id\":\"https:\/\/egn.com\/dk\/#\/schema\/logo\/image\/\"},\"sameAs\":[\"https:\/\/www.facebook.com\/EGNdanmark\",\"https:\/\/x.com\/EGNdanmark\",\"https:\/\/www.linkedin.com\/company\/209484\",\"https:\/\/da.wikipedia.org\/wiki\/EGN_Danmark\"],\"description\":\"Vi skaber personlig, faglig og forretningsm\u00e6ssig v\u00e6rdi gennem fortrolige netv\u00e6rk. Siden 1992 har EGN (Executives'\u200b Global Network) tilbudt skr\u00e6ddersyede netv\u00e6rksgrupper for ledere og specialister.\",\"email\":\"info.dk@egn.com\",\"telephone\":\"+45 63 21 40 00\",\"vatID\":\"24208370\"}]}<\/script>","yoast_head_json":{"title":"Tak for din tilmelding - EGN Danmark","robots":{"index":"index","follow":"follow","max-snippet":"max-snippet:-1","max-image-preview":"max-image-preview:large","max-video-preview":"max-video-preview:-1"},"canonical":"https:\/\/egn.com\/dk\/tak-for-din-tilmelding\/","og_locale":"da_DK","og_type":"article","og_title":"Tak for din tilmelding","og_description":"Vi er glade for din interesse i vores webinar og over at have dig med. Hold \u00f8je med din indbakke for yderligere detaljer og et link til webinaret. Vi ser","og_url":"https:\/\/egn.com\/dk\/tak-for-din-tilmelding\/","og_site_name":"EGN Danmark","article_publisher":"https:\/\/www.facebook.com\/EGNdanmark","article_modified_time":"2024-08-23T09:04:22+00:00","og_image":[{"width":1024,"height":512,"url":"https:\/\/egn.com\/dk\/wp-content\/uploads\/sites\/3\/2023\/02\/Hero_leadership-report-1024x512-1.jpg","type":"image\/jpeg"}],"twitter_card":"summary_large_image","twitter_site":"@EGNdanmark","twitter_misc":{"Estimeret l\u00e6setid":"4 minutter"},"schema":{"@context":"https:\/\/schema.org","@graph":[{"@type":"WebPage","@id":"https:\/\/egn.com\/dk\/tak-for-din-tilmelding\/","url":"https:\/\/egn.com\/dk\/tak-for-din-tilmelding\/","name":"Tak for din tilmelding - EGN Danmark","isPartOf":{"@id":"https:\/\/egn.com\/dk\/#website"},"primaryImageOfPage":{"@id":"https:\/\/egn.com\/dk\/tak-for-din-tilmelding\/#primaryimage"},"image":{"@id":"https:\/\/egn.com\/dk\/tak-for-din-tilmelding\/#primaryimage"},"thumbnailUrl":"https:\/\/egn.com\/dk\/wp-content\/uploads\/sites\/3\/2023\/02\/Hero_leadership-report-1024x512-1.jpg","datePublished":"2024-04-09T09:49:34+00:00","dateModified":"2024-08-23T09:04:22+00:00","breadcrumb":{"@id":"https:\/\/egn.com\/dk\/tak-for-din-tilmelding\/#breadcrumb"},"inLanguage":"da-DK","potentialAction":[{"@type":"ReadAction","target":["https:\/\/egn.com\/dk\/tak-for-din-tilmelding\/"]}]},{"@type":"ImageObject","inLanguage":"da-DK","@id":"https:\/\/egn.com\/dk\/tak-for-din-tilmelding\/#primaryimage","url":"https:\/\/egn.com\/dk\/wp-content\/uploads\/sites\/3\/2023\/02\/Hero_leadership-report-1024x512-1.jpg","contentUrl":"https:\/\/egn.com\/dk\/wp-content\/uploads\/sites\/3\/2023\/02\/Hero_leadership-report-1024x512-1.jpg","width":1024,"height":512,"caption":"B\u00e6redygtig ledelse er p\u00e5 vej frem, viser tal fra ny rapport"},{"@type":"BreadcrumbList","@id":"https:\/\/egn.com\/dk\/tak-for-din-tilmelding\/#breadcrumb","itemListElement":[{"@type":"ListItem","position":1,"name":"Forside","item":"https:\/\/egn.com\/dk\/"},{"@type":"ListItem","position":2,"name":"Tak for din tilmelding"}]},{"@type":"WebSite","@id":"https:\/\/egn.com\/dk\/#website","url":"https:\/\/egn.com\/dk\/","name":"EGN Danmark","description":"","publisher":{"@id":"https:\/\/egn.com\/dk\/#organization"},"potentialAction":[{"@type":"SearchAction","target":{"@type":"EntryPoint","urlTemplate":"https:\/\/egn.com\/dk\/?s={search_term_string}"},"query-input":{"@type":"PropertyValueSpecification","valueRequired":true,"valueName":"search_term_string"}}],"inLanguage":"da-DK"},{"@type":"Organization","@id":"https:\/\/egn.com\/dk\/#organization","name":"EGN Denmark","url":"https:\/\/egn.com\/dk\/","logo":{"@type":"ImageObject","inLanguage":"da-DK","@id":"https:\/\/egn.com\/dk\/#\/schema\/logo\/image\/","url":"https:\/\/egn.com\/dk\/wp-content\/uploads\/sites\/3\/2026\/02\/EGN.png","contentUrl":"https:\/\/egn.com\/dk\/wp-content\/uploads\/sites\/3\/2026\/02\/EGN.png","width":2185,"height":699,"caption":"EGN Denmark"},"image":{"@id":"https:\/\/egn.com\/dk\/#\/schema\/logo\/image\/"},"sameAs":["https:\/\/www.facebook.com\/EGNdanmark","https:\/\/x.com\/EGNdanmark","https:\/\/www.linkedin.com\/company\/209484","https:\/\/da.wikipedia.org\/wiki\/EGN_Danmark"],"description":"Vi skaber personlig, faglig og forretningsm\u00e6ssig v\u00e6rdi gennem fortrolige netv\u00e6rk. Siden 1992 har EGN (Executives'\u200b Global Network) tilbudt skr\u00e6ddersyede netv\u00e6rksgrupper for ledere og specialister.","email":"info.dk@egn.com","telephone":"+45 63 21 40 00","vatID":"24208370"}]}},"_links":{"self":[{"href":"https:\/\/egn.com\/dk\/wp-json\/wp\/v2\/pages\/29880","targetHints":{"allow":["GET"]}}],"collection":[{"href":"https:\/\/egn.com\/dk\/wp-json\/wp\/v2\/pages"}],"about":[{"href":"https:\/\/egn.com\/dk\/wp-json\/wp\/v2\/types\/page"}],"author":[{"embeddable":true,"href":"https:\/\/egn.com\/dk\/wp-json\/wp\/v2\/users\/41"}],"replies":[{"embeddable":true,"href":"https:\/\/egn.com\/dk\/wp-json\/wp\/v2\/comments?post=29880"}],"version-history":[{"count":5,"href":"https:\/\/egn.com\/dk\/wp-json\/wp\/v2\/pages\/29880\/revisions"}],"predecessor-version":[{"id":32267,"href":"https:\/\/egn.com\/dk\/wp-json\/wp\/v2\/pages\/29880\/revisions\/32267"}],"wp:featuredmedia":[{"embeddable":true,"href":"https:\/\/egn.com\/dk\/wp-json\/wp\/v2\/media\/26035"}],"wp:attachment":[{"href":"https:\/\/egn.com\/dk\/wp-json\/wp\/v2\/media?parent=29880"}],"curies":[{"name":"wp","href":"https:\/\/api.w.org\/{rel}","templated":true}]}}