{"id":33099,"date":"2024-11-14T14:26:43","date_gmt":"2024-11-14T13:26:43","guid":{"rendered":"https:\/\/egn.com\/dk\/?page_id=33099"},"modified":"2026-03-04T14:32:57","modified_gmt":"2026-03-04T13:32:57","slug":"vi-skaber-relationer-og-deler-erfaringer","status":"publish","type":"page","link":"https:\/\/egn.com\/dk\/","title":{"rendered":"Vi skaber relationer og deler erfaringer\u00a0"},"content":{"rendered":"","protected":false},"excerpt":{"rendered":"","protected":false},"author":41,"featured_media":20335,"parent":0,"menu_order":0,"comment_status":"closed","ping_status":"closed","template":"page-frontpage.php","meta":{"_acf_changed":false,"footnotes":""},"class_list":["post-33099","page","type-page","status-publish","has-post-thumbnail","hentry"],"acf":[],"yoast_head":"<title>Vi skaber relationer og deler erfaringer\u00a0 - EGN Danmark<\/title>\n<meta name=\"description\" content=\"Opn\u00e5 bedre resultater med EGN Danmark - en ekspertfaciliteret netv\u00e6rksgruppe for CEOs, ledere og specialister.\" \/>\n<meta name=\"robots\" content=\"index, follow, max-snippet:-1, max-image-preview:large, max-video-preview:-1\" \/>\n<link rel=\"canonical\" href=\"https:\/\/egn.com\/dk\/\" \/>\n<meta property=\"og:locale\" content=\"da_DK\" \/>\n<meta property=\"og:type\" content=\"article\" \/>\n<meta property=\"og:title\" content=\"Vi skaber relationer og deler erfaringer\u00a0\" \/>\n<meta property=\"og:url\" content=\"https:\/\/egn.com\/dk\/\" \/>\n<meta property=\"og:site_name\" content=\"EGN Danmark\" \/>\n<meta property=\"article:publisher\" content=\"https:\/\/www.facebook.com\/EGNdanmark\" \/>\n<meta property=\"article:modified_time\" content=\"2026-03-04T13:32:57+00:00\" \/>\n<meta property=\"og:image\" content=\"https:\/\/egn.com\/dk\/wp-content\/uploads\/sites\/3\/2022\/04\/hero-4.jpg\" \/>\n\t<meta property=\"og:image:width\" content=\"1920\" \/>\n\t<meta property=\"og:image:height\" content=\"1080\" \/>\n\t<meta property=\"og:image:type\" content=\"image\/jpeg\" \/>\n<meta name=\"twitter:card\" content=\"summary_large_image\" \/>\n<meta name=\"twitter:site\" content=\"@EGNdanmark\" \/>\n<meta name=\"twitter:label1\" content=\"Estimeret l\u00e6setid\" \/>\n\t<meta name=\"twitter:data1\" content=\"9 minutter\" \/>\n<script type=\"application\/ld+json\" class=\"yoast-schema-graph\">{\"@context\":\"https:\\\/\\\/schema.org\",\"@graph\":[{\"@type\":\"WebPage\",\"@id\":\"https:\\\/\\\/egn.com\\\/dk\\\/\",\"url\":\"https:\\\/\\\/egn.com\\\/dk\\\/\",\"name\":\"Vi skaber relationer og deler erfaringer\u00a0 - EGN Danmark\",\"isPartOf\":{\"@id\":\"https:\\\/\\\/egn.com\\\/dk\\\/#website\"},\"primaryImageOfPage\":{\"@id\":\"https:\\\/\\\/egn.com\\\/dk\\\/#primaryimage\"},\"image\":{\"@id\":\"https:\\\/\\\/egn.com\\\/dk\\\/#primaryimage\"},\"thumbnailUrl\":\"https:\\\/\\\/egn.com\\\/dk\\\/wp-content\\\/uploads\\\/sites\\\/3\\\/2022\\\/04\\\/hero-4.jpg\",\"datePublished\":\"2024-11-14T13:26:43+00:00\",\"dateModified\":\"2026-03-04T13:32:57+00:00\",\"description\":\"Opn\u00e5 bedre resultater med EGN Danmark - en ekspertfaciliteret netv\u00e6rksgruppe for CEOs, ledere og specialister.\",\"breadcrumb\":{\"@id\":\"https:\\\/\\\/egn.com\\\/dk\\\/#breadcrumb\"},\"inLanguage\":\"da-DK\",\"potentialAction\":[{\"@type\":\"ReadAction\",\"target\":[\"https:\\\/\\\/egn.com\\\/dk\\\/\"]}]},{\"@type\":\"ImageObject\",\"inLanguage\":\"da-DK\",\"@id\":\"https:\\\/\\\/egn.com\\\/dk\\\/#primaryimage\",\"url\":\"https:\\\/\\\/egn.com\\\/dk\\\/wp-content\\\/uploads\\\/sites\\\/3\\\/2022\\\/04\\\/hero-4.jpg\",\"contentUrl\":\"https:\\\/\\\/egn.com\\\/dk\\\/wp-content\\\/uploads\\\/sites\\\/3\\\/2022\\\/04\\\/hero-4.jpg\",\"width\":1920,\"height\":1080,\"caption\":\"En gruppe mennesker holder m\u00f8de og to kvinder giver hinanden en high-five\"},{\"@type\":\"BreadcrumbList\",\"@id\":\"https:\\\/\\\/egn.com\\\/dk\\\/#breadcrumb\",\"itemListElement\":[{\"@type\":\"ListItem\",\"position\":1,\"name\":\"Forside\",\"item\":\"https:\\\/\\\/egn.com\\\/dk\\\/\"},{\"@type\":\"ListItem\",\"position\":2,\"name\":\"Vi skaber relationer og deler erfaringer&hellip;\"}]},{\"@type\":\"WebSite\",\"@id\":\"https:\\\/\\\/egn.com\\\/dk\\\/#website\",\"url\":\"https:\\\/\\\/egn.com\\\/dk\\\/\",\"name\":\"EGN Danmark\",\"description\":\"\",\"publisher\":{\"@id\":\"https:\\\/\\\/egn.com\\\/dk\\\/#organization\"},\"potentialAction\":[{\"@type\":\"SearchAction\",\"target\":{\"@type\":\"EntryPoint\",\"urlTemplate\":\"https:\\\/\\\/egn.com\\\/dk\\\/?s={search_term_string}\"},\"query-input\":{\"@type\":\"PropertyValueSpecification\",\"valueRequired\":true,\"valueName\":\"search_term_string\"}}],\"inLanguage\":\"da-DK\"},{\"@type\":\"Organization\",\"@id\":\"https:\\\/\\\/egn.com\\\/dk\\\/#organization\",\"name\":\"EGN Denmark\",\"url\":\"https:\\\/\\\/egn.com\\\/dk\\\/\",\"logo\":{\"@type\":\"ImageObject\",\"inLanguage\":\"da-DK\",\"@id\":\"https:\\\/\\\/egn.com\\\/dk\\\/#\\\/schema\\\/logo\\\/image\\\/\",\"url\":\"https:\\\/\\\/egn.com\\\/dk\\\/wp-content\\\/uploads\\\/sites\\\/3\\\/2026\\\/02\\\/EGN.png\",\"contentUrl\":\"https:\\\/\\\/egn.com\\\/dk\\\/wp-content\\\/uploads\\\/sites\\\/3\\\/2026\\\/02\\\/EGN.png\",\"width\":2185,\"height\":699,\"caption\":\"EGN Denmark\"},\"image\":{\"@id\":\"https:\\\/\\\/egn.com\\\/dk\\\/#\\\/schema\\\/logo\\\/image\\\/\"},\"sameAs\":[\"https:\\\/\\\/www.facebook.com\\\/EGNdanmark\",\"https:\\\/\\\/x.com\\\/EGNdanmark\",\"https:\\\/\\\/www.linkedin.com\\\/company\\\/209484\",\"https:\\\/\\\/da.wikipedia.org\\\/wiki\\\/EGN_Danmark\"],\"description\":\"Vi skaber personlig, faglig og forretningsm\u00e6ssig v\u00e6rdi gennem fortrolige netv\u00e6rk. Siden 1992 har EGN (Executives'\u200b Global Network) tilbudt skr\u00e6ddersyede netv\u00e6rksgrupper for ledere og specialister.\",\"email\":\"info.dk@egn.com\",\"telephone\":\"+45 63 21 40 00\",\"vatID\":\"24208370\"}]}<\/script>","yoast_head_json":{"title":"Vi skaber relationer og deler erfaringer\u00a0 - EGN Danmark","description":"Opn\u00e5 bedre resultater med EGN Danmark - en ekspertfaciliteret netv\u00e6rksgruppe for CEOs, ledere og specialister.","robots":{"index":"index","follow":"follow","max-snippet":"max-snippet:-1","max-image-preview":"max-image-preview:large","max-video-preview":"max-video-preview:-1"},"canonical":"https:\/\/egn.com\/dk\/","og_locale":"da_DK","og_type":"article","og_title":"Vi skaber relationer og deler erfaringer\u00a0","og_url":"https:\/\/egn.com\/dk\/","og_site_name":"EGN Danmark","article_publisher":"https:\/\/www.facebook.com\/EGNdanmark","article_modified_time":"2026-03-04T13:32:57+00:00","og_image":[{"width":1920,"height":1080,"url":"https:\/\/egn.com\/dk\/wp-content\/uploads\/sites\/3\/2022\/04\/hero-4.jpg","type":"image\/jpeg"}],"twitter_card":"summary_large_image","twitter_site":"@EGNdanmark","twitter_misc":{"Estimeret l\u00e6setid":"9 minutter"},"schema":{"@context":"https:\/\/schema.org","@graph":[{"@type":"WebPage","@id":"https:\/\/egn.com\/dk\/","url":"https:\/\/egn.com\/dk\/","name":"Vi skaber relationer og deler erfaringer\u00a0 - EGN Danmark","isPartOf":{"@id":"https:\/\/egn.com\/dk\/#website"},"primaryImageOfPage":{"@id":"https:\/\/egn.com\/dk\/#primaryimage"},"image":{"@id":"https:\/\/egn.com\/dk\/#primaryimage"},"thumbnailUrl":"https:\/\/egn.com\/dk\/wp-content\/uploads\/sites\/3\/2022\/04\/hero-4.jpg","datePublished":"2024-11-14T13:26:43+00:00","dateModified":"2026-03-04T13:32:57+00:00","description":"Opn\u00e5 bedre resultater med EGN Danmark - en ekspertfaciliteret netv\u00e6rksgruppe for CEOs, ledere og specialister.","breadcrumb":{"@id":"https:\/\/egn.com\/dk\/#breadcrumb"},"inLanguage":"da-DK","potentialAction":[{"@type":"ReadAction","target":["https:\/\/egn.com\/dk\/"]}]},{"@type":"ImageObject","inLanguage":"da-DK","@id":"https:\/\/egn.com\/dk\/#primaryimage","url":"https:\/\/egn.com\/dk\/wp-content\/uploads\/sites\/3\/2022\/04\/hero-4.jpg","contentUrl":"https:\/\/egn.com\/dk\/wp-content\/uploads\/sites\/3\/2022\/04\/hero-4.jpg","width":1920,"height":1080,"caption":"En gruppe mennesker holder m\u00f8de og to kvinder giver hinanden en high-five"},{"@type":"BreadcrumbList","@id":"https:\/\/egn.com\/dk\/#breadcrumb","itemListElement":[{"@type":"ListItem","position":1,"name":"Forside","item":"https:\/\/egn.com\/dk\/"},{"@type":"ListItem","position":2,"name":"Vi skaber relationer og deler erfaringer&hellip;"}]},{"@type":"WebSite","@id":"https:\/\/egn.com\/dk\/#website","url":"https:\/\/egn.com\/dk\/","name":"EGN Danmark","description":"","publisher":{"@id":"https:\/\/egn.com\/dk\/#organization"},"potentialAction":[{"@type":"SearchAction","target":{"@type":"EntryPoint","urlTemplate":"https:\/\/egn.com\/dk\/?s={search_term_string}"},"query-input":{"@type":"PropertyValueSpecification","valueRequired":true,"valueName":"search_term_string"}}],"inLanguage":"da-DK"},{"@type":"Organization","@id":"https:\/\/egn.com\/dk\/#organization","name":"EGN Denmark","url":"https:\/\/egn.com\/dk\/","logo":{"@type":"ImageObject","inLanguage":"da-DK","@id":"https:\/\/egn.com\/dk\/#\/schema\/logo\/image\/","url":"https:\/\/egn.com\/dk\/wp-content\/uploads\/sites\/3\/2026\/02\/EGN.png","contentUrl":"https:\/\/egn.com\/dk\/wp-content\/uploads\/sites\/3\/2026\/02\/EGN.png","width":2185,"height":699,"caption":"EGN Denmark"},"image":{"@id":"https:\/\/egn.com\/dk\/#\/schema\/logo\/image\/"},"sameAs":["https:\/\/www.facebook.com\/EGNdanmark","https:\/\/x.com\/EGNdanmark","https:\/\/www.linkedin.com\/company\/209484","https:\/\/da.wikipedia.org\/wiki\/EGN_Danmark"],"description":"Vi skaber personlig, faglig og forretningsm\u00e6ssig v\u00e6rdi gennem fortrolige netv\u00e6rk. Siden 1992 har EGN (Executives'\u200b Global Network) tilbudt skr\u00e6ddersyede netv\u00e6rksgrupper for ledere og specialister.","email":"info.dk@egn.com","telephone":"+45 63 21 40 00","vatID":"24208370"}]}},"_links":{"self":[{"href":"https:\/\/egn.com\/dk\/wp-json\/wp\/v2\/pages\/33099","targetHints":{"allow":["GET"]}}],"collection":[{"href":"https:\/\/egn.com\/dk\/wp-json\/wp\/v2\/pages"}],"about":[{"href":"https:\/\/egn.com\/dk\/wp-json\/wp\/v2\/types\/page"}],"author":[{"embeddable":true,"href":"https:\/\/egn.com\/dk\/wp-json\/wp\/v2\/users\/41"}],"replies":[{"embeddable":true,"href":"https:\/\/egn.com\/dk\/wp-json\/wp\/v2\/comments?post=33099"}],"version-history":[{"count":14,"href":"https:\/\/egn.com\/dk\/wp-json\/wp\/v2\/pages\/33099\/revisions"}],"predecessor-version":[{"id":35177,"href":"https:\/\/egn.com\/dk\/wp-json\/wp\/v2\/pages\/33099\/revisions\/35177"}],"wp:featuredmedia":[{"embeddable":true,"href":"https:\/\/egn.com\/dk\/wp-json\/wp\/v2\/media\/20335"}],"wp:attachment":[{"href":"https:\/\/egn.com\/dk\/wp-json\/wp\/v2\/media?parent=33099"}],"curies":[{"name":"wp","href":"https:\/\/api.w.org\/{rel}","templated":true}]}}