{"id":33189,"date":"2024-11-14T14:26:13","date_gmt":"2024-11-14T13:26:13","guid":{"rendered":"https:\/\/egn.com\/dk\/?page_id=33189"},"modified":"2026-02-25T08:57:33","modified_gmt":"2026-02-25T07:57:33","slug":"netvaerk","status":"publish","type":"page","link":"https:\/\/egn.com\/dk\/netvaerk\/","title":{"rendered":"Succes handler ofte om at m\u00f8de de rigtige mennesker"},"content":{"rendered":"<section id=\"block_69d0ad11f11a3\" class=\"\">\r\n        <div class=\"container items-start lg:items-center flex-wrap lg:flex-nowrap gap-8 lg:gap-12 flex  py-12  flex-col-reverse lg:flex-row\">\r\n\r\n        <div class=\"content w-full lg:basis-1\/2\">\r\n            \r\n            <h3 class=\"text-4xl mt-2 tracking-tight leading-none font-medium \" class=\"text-4xl mt-2 tracking-tight leading-none font-medium \" id=\"skraeddersyede-netvaerksgrupper\">Skr\u00e6ddersyede netv\u00e6rksgrupper<\/h3><div class=\"prose prose-neutral text-slate-500 prose-a:text-sky-500 prose-ol prose-ul max-w-prose mt-4\"><p>Vores grupper er n\u00f8je sammensat og matcher dig med andre relevante profiler, som supplerer din erfaring. Det sikrer en varieret blanding af perspektiver, og skaber dybdeg\u00e5ende meningsfulde diskussioner, der kan f\u00f8re til reel udvikling og v\u00e6kst.<\/p>\n<\/div>\r\n                        \r\n        <\/div>\r\n        <div class=\"image w-full lg:sticky lg:top-4 lg:basis-1\/2 overflow-hidden rounded-md bg-slate-50 p-8\">\r\n            <img decoding=\"async\" class=\"h-full w-full object-cover rounded-md aspect-[3\/2] lg:aspect-1\" src=\"https:\/\/egn.com\/dk\/wp-content\/uploads\/sites\/3\/2021\/08\/nye-perspektiver-og-sparring-i-fagligt-netvaerk-1x1-1.jpg\" alt=\"Skr\u00e6ddersyede netv\u00e6rksgrupper\">\r\n        <\/div>\r\n    <\/div>\r\n<\/section>\n\n<section id=\"block_69d0ad11f367c\" class=\"\">\r\n        <div class=\"container items-start lg:items-center flex-wrap lg:flex-nowrap gap-8 lg:gap-12 flex  py-12  flex-col-reverse lg:flex-row-reverse\">\r\n\r\n        <div class=\"content w-full lg:basis-1\/2\">\r\n            <p class=\"preheader\">Tillid og fortrolighed<\/p>\r\n            <h3 class=\"text-4xl mt-2 tracking-tight leading-none font-medium \" class=\"text-4xl mt-2 tracking-tight leading-none font-medium \" id=\"garanterede-fortrolige-samtaler\">Garanterede fortrolige samtaler<\/h3><div class=\"prose prose-neutral text-slate-500 prose-a:text-sky-500 prose-ol prose-ul max-w-prose mt-4\"><p>Din netv\u00e6rksleder s\u00f8rger for at du f\u00e5r et forum, hvor nye perspektiver kan udforskes, og du kan tr\u00e6ffe beslutninger med sikkerhed og overblik.<\/p>\n<\/div>\r\n                        \r\n        <\/div>\r\n        <div class=\"image w-full lg:sticky lg:top-4 lg:basis-1\/2 overflow-hidden rounded-md bg-slate-50 p-8\">\r\n            <img decoding=\"async\" class=\"h-full w-full object-cover rounded-md aspect-[3\/2] lg:aspect-1\" src=\"https:\/\/egn.com\/dk\/wp-content\/uploads\/sites\/3\/2024\/08\/CEOer-udveksler-ideer-om-forandringsledelse.jpg\" alt=\"Garanterede fortrolige samtaler\">\r\n        <\/div>\r\n    <\/div>\r\n<\/section>\n\n<section id=\"block_69d0ad11f3dc3\" class=\"\">\r\n        <div class=\"container items-start lg:items-center flex-wrap lg:flex-nowrap gap-8 lg:gap-12 flex  py-12  flex-col-reverse lg:flex-row\">\r\n\r\n        <div class=\"content w-full lg:basis-1\/2\">\r\n            <p class=\"preheader\">Globalt samarbejde<\/p>\r\n            <h3 class=\"text-4xl mt-2 tracking-tight leading-none font-medium \" class=\"text-4xl mt-2 tracking-tight leading-none font-medium \" id=\"et-globalt-netvaerk-du-kan-traekke-paa\">Et globalt netv\u00e6rk du kan tr\u00e6kke p\u00e5<\/h3><div class=\"prose prose-neutral text-slate-500 prose-a:text-sky-500 prose-ol prose-ul max-w-prose mt-4\"><p>Bliv en del af et internationalt netv\u00e6rk af professionelle p\u00e5 tv\u00e6rs af sektorer og fagomr\u00e5der. Vores netv\u00e6rksgrupper str\u00e6kker sig over flere lande og bringer topledere og beslutningstagere sammen for at dele indsigt, samarbejde om l\u00f8sninger og fremme innovation.<\/p>\n<\/div>\r\n                        \r\n        <\/div>\r\n        <div class=\"image w-full lg:sticky lg:top-4 lg:basis-1\/2 overflow-hidden rounded-md bg-slate-50 p-8\">\r\n            <img decoding=\"async\" class=\"h-full w-full object-cover rounded-md aspect-[3\/2] lg:aspect-1\" src=\"https:\/\/egn.com\/dk\/wp-content\/uploads\/sites\/3\/2022\/01\/International-ledelse-4.jpg\" alt=\"Et globalt netv\u00e6rk du kan tr\u00e6kke p\u00e5\">\r\n        <\/div>\r\n    <\/div>\r\n<\/section>","protected":false},"excerpt":{"rendered":"<p>Forestil dig et fortroligt og tillidsfuldt forum, hvor du kan dele alt fra de store id\u00e9er og dr\u00f8mme til de sv\u00e6reste udfordringer.<\/p>\n","protected":false},"author":41,"featured_media":28608,"parent":0,"menu_order":0,"comment_status":"closed","ping_status":"closed","template":"page-network.php","meta":{"_acf_changed":false,"footnotes":""},"class_list":["post-33189","page","type-page","status-publish","has-post-thumbnail","hentry"],"acf":[],"yoast_head":"<title>Succes handler ofte om at m\u00f8de de rigtige mennesker - EGN Danmark<\/title>\n<meta name=\"robots\" content=\"index, follow, max-snippet:-1, max-image-preview:large, max-video-preview:-1\" \/>\n<link rel=\"canonical\" href=\"https:\/\/egn.com\/dk\/netvaerk\/\" \/>\n<meta property=\"og:locale\" content=\"da_DK\" \/>\n<meta property=\"og:type\" content=\"article\" \/>\n<meta property=\"og:title\" content=\"Succes handler ofte om at m\u00f8de de rigtige mennesker\" \/>\n<meta property=\"og:description\" content=\"Forestil dig et fortroligt og tillidsfuldt forum, hvor du kan dele alt fra de store id\u00e9er og dr\u00f8mme til de sv\u00e6reste udfordringer.\" \/>\n<meta property=\"og:url\" content=\"https:\/\/egn.com\/dk\/netvaerk\/\" \/>\n<meta property=\"og:site_name\" content=\"EGN Danmark\" \/>\n<meta property=\"article:publisher\" content=\"https:\/\/www.facebook.com\/EGNdanmark\" \/>\n<meta property=\"article:modified_time\" content=\"2026-02-25T07:57:33+00:00\" \/>\n<meta property=\"og:image\" content=\"https:\/\/egn.com\/dk\/wp-content\/uploads\/sites\/3\/2023\/10\/Bevidst-lederskab_1090x545px_Hero.jpg\" \/>\n\t<meta property=\"og:image:width\" content=\"1090\" \/>\n\t<meta property=\"og:image:height\" content=\"545\" \/>\n\t<meta property=\"og:image:type\" content=\"image\/jpeg\" \/>\n<meta name=\"twitter:card\" content=\"summary_large_image\" \/>\n<meta name=\"twitter:site\" content=\"@EGNdanmark\" \/>\n<meta name=\"twitter:label1\" content=\"Estimeret l\u00e6setid\" \/>\n\t<meta name=\"twitter:data1\" content=\"2 minutter\" \/>\n<script type=\"application\/ld+json\" class=\"yoast-schema-graph\">{\"@context\":\"https:\/\/schema.org\",\"@graph\":[{\"@type\":\"WebPage\",\"@id\":\"https:\/\/egn.com\/dk\/netvaerk\/\",\"url\":\"https:\/\/egn.com\/dk\/netvaerk\/\",\"name\":\"Succes handler ofte om at m\u00f8de de rigtige mennesker - EGN Danmark\",\"isPartOf\":{\"@id\":\"https:\/\/egn.com\/dk\/#website\"},\"primaryImageOfPage\":{\"@id\":\"https:\/\/egn.com\/dk\/netvaerk\/#primaryimage\"},\"image\":{\"@id\":\"https:\/\/egn.com\/dk\/netvaerk\/#primaryimage\"},\"thumbnailUrl\":\"https:\/\/egn.com\/dk\/wp-content\/uploads\/sites\/3\/2023\/10\/Bevidst-lederskab_1090x545px_Hero.jpg\",\"datePublished\":\"2024-11-14T13:26:13+00:00\",\"dateModified\":\"2026-02-25T07:57:33+00:00\",\"breadcrumb\":{\"@id\":\"https:\/\/egn.com\/dk\/netvaerk\/#breadcrumb\"},\"inLanguage\":\"da-DK\",\"potentialAction\":[{\"@type\":\"ReadAction\",\"target\":[\"https:\/\/egn.com\/dk\/netvaerk\/\"]}]},{\"@type\":\"ImageObject\",\"inLanguage\":\"da-DK\",\"@id\":\"https:\/\/egn.com\/dk\/netvaerk\/#primaryimage\",\"url\":\"https:\/\/egn.com\/dk\/wp-content\/uploads\/sites\/3\/2023\/10\/Bevidst-lederskab_1090x545px_Hero.jpg\",\"contentUrl\":\"https:\/\/egn.com\/dk\/wp-content\/uploads\/sites\/3\/2023\/10\/Bevidst-lederskab_1090x545px_Hero.jpg\",\"width\":1090,\"height\":545},{\"@type\":\"BreadcrumbList\",\"@id\":\"https:\/\/egn.com\/dk\/netvaerk\/#breadcrumb\",\"itemListElement\":[{\"@type\":\"ListItem\",\"position\":1,\"name\":\"Forside\",\"item\":\"https:\/\/egn.com\/dk\/\"},{\"@type\":\"ListItem\",\"position\":2,\"name\":\"Succes handler ofte om at m\u00f8de de rigti&hellip;\"}]},{\"@type\":\"WebSite\",\"@id\":\"https:\/\/egn.com\/dk\/#website\",\"url\":\"https:\/\/egn.com\/dk\/\",\"name\":\"EGN Danmark\",\"description\":\"\",\"publisher\":{\"@id\":\"https:\/\/egn.com\/dk\/#organization\"},\"potentialAction\":[{\"@type\":\"SearchAction\",\"target\":{\"@type\":\"EntryPoint\",\"urlTemplate\":\"https:\/\/egn.com\/dk\/?s={search_term_string}\"},\"query-input\":{\"@type\":\"PropertyValueSpecification\",\"valueRequired\":true,\"valueName\":\"search_term_string\"}}],\"inLanguage\":\"da-DK\"},{\"@type\":\"Organization\",\"@id\":\"https:\/\/egn.com\/dk\/#organization\",\"name\":\"EGN Denmark\",\"url\":\"https:\/\/egn.com\/dk\/\",\"logo\":{\"@type\":\"ImageObject\",\"inLanguage\":\"da-DK\",\"@id\":\"https:\/\/egn.com\/dk\/#\/schema\/logo\/image\/\",\"url\":\"https:\/\/egn.com\/dk\/wp-content\/uploads\/sites\/3\/2026\/02\/EGN.png\",\"contentUrl\":\"https:\/\/egn.com\/dk\/wp-content\/uploads\/sites\/3\/2026\/02\/EGN.png\",\"width\":2185,\"height\":699,\"caption\":\"EGN Denmark\"},\"image\":{\"@id\":\"https:\/\/egn.com\/dk\/#\/schema\/logo\/image\/\"},\"sameAs\":[\"https:\/\/www.facebook.com\/EGNdanmark\",\"https:\/\/x.com\/EGNdanmark\",\"https:\/\/www.linkedin.com\/company\/209484\",\"https:\/\/da.wikipedia.org\/wiki\/EGN_Danmark\"],\"description\":\"Vi skaber personlig, faglig og forretningsm\u00e6ssig v\u00e6rdi gennem fortrolige netv\u00e6rk. Siden 1992 har EGN (Executives'\u200b Global Network) tilbudt skr\u00e6ddersyede netv\u00e6rksgrupper for ledere og specialister.\",\"email\":\"info.dk@egn.com\",\"telephone\":\"+45 63 21 40 00\",\"vatID\":\"24208370\"}]}<\/script>","yoast_head_json":{"title":"Succes handler ofte om at m\u00f8de de rigtige mennesker - EGN Danmark","robots":{"index":"index","follow":"follow","max-snippet":"max-snippet:-1","max-image-preview":"max-image-preview:large","max-video-preview":"max-video-preview:-1"},"canonical":"https:\/\/egn.com\/dk\/netvaerk\/","og_locale":"da_DK","og_type":"article","og_title":"Succes handler ofte om at m\u00f8de de rigtige mennesker","og_description":"Forestil dig et fortroligt og tillidsfuldt forum, hvor du kan dele alt fra de store id\u00e9er og dr\u00f8mme til de sv\u00e6reste udfordringer.","og_url":"https:\/\/egn.com\/dk\/netvaerk\/","og_site_name":"EGN Danmark","article_publisher":"https:\/\/www.facebook.com\/EGNdanmark","article_modified_time":"2026-02-25T07:57:33+00:00","og_image":[{"width":1090,"height":545,"url":"https:\/\/egn.com\/dk\/wp-content\/uploads\/sites\/3\/2023\/10\/Bevidst-lederskab_1090x545px_Hero.jpg","type":"image\/jpeg"}],"twitter_card":"summary_large_image","twitter_site":"@EGNdanmark","twitter_misc":{"Estimeret l\u00e6setid":"2 minutter"},"schema":{"@context":"https:\/\/schema.org","@graph":[{"@type":"WebPage","@id":"https:\/\/egn.com\/dk\/netvaerk\/","url":"https:\/\/egn.com\/dk\/netvaerk\/","name":"Succes handler ofte om at m\u00f8de de rigtige mennesker - EGN Danmark","isPartOf":{"@id":"https:\/\/egn.com\/dk\/#website"},"primaryImageOfPage":{"@id":"https:\/\/egn.com\/dk\/netvaerk\/#primaryimage"},"image":{"@id":"https:\/\/egn.com\/dk\/netvaerk\/#primaryimage"},"thumbnailUrl":"https:\/\/egn.com\/dk\/wp-content\/uploads\/sites\/3\/2023\/10\/Bevidst-lederskab_1090x545px_Hero.jpg","datePublished":"2024-11-14T13:26:13+00:00","dateModified":"2026-02-25T07:57:33+00:00","breadcrumb":{"@id":"https:\/\/egn.com\/dk\/netvaerk\/#breadcrumb"},"inLanguage":"da-DK","potentialAction":[{"@type":"ReadAction","target":["https:\/\/egn.com\/dk\/netvaerk\/"]}]},{"@type":"ImageObject","inLanguage":"da-DK","@id":"https:\/\/egn.com\/dk\/netvaerk\/#primaryimage","url":"https:\/\/egn.com\/dk\/wp-content\/uploads\/sites\/3\/2023\/10\/Bevidst-lederskab_1090x545px_Hero.jpg","contentUrl":"https:\/\/egn.com\/dk\/wp-content\/uploads\/sites\/3\/2023\/10\/Bevidst-lederskab_1090x545px_Hero.jpg","width":1090,"height":545},{"@type":"BreadcrumbList","@id":"https:\/\/egn.com\/dk\/netvaerk\/#breadcrumb","itemListElement":[{"@type":"ListItem","position":1,"name":"Forside","item":"https:\/\/egn.com\/dk\/"},{"@type":"ListItem","position":2,"name":"Succes handler ofte om at m\u00f8de de rigti&hellip;"}]},{"@type":"WebSite","@id":"https:\/\/egn.com\/dk\/#website","url":"https:\/\/egn.com\/dk\/","name":"EGN Danmark","description":"","publisher":{"@id":"https:\/\/egn.com\/dk\/#organization"},"potentialAction":[{"@type":"SearchAction","target":{"@type":"EntryPoint","urlTemplate":"https:\/\/egn.com\/dk\/?s={search_term_string}"},"query-input":{"@type":"PropertyValueSpecification","valueRequired":true,"valueName":"search_term_string"}}],"inLanguage":"da-DK"},{"@type":"Organization","@id":"https:\/\/egn.com\/dk\/#organization","name":"EGN Denmark","url":"https:\/\/egn.com\/dk\/","logo":{"@type":"ImageObject","inLanguage":"da-DK","@id":"https:\/\/egn.com\/dk\/#\/schema\/logo\/image\/","url":"https:\/\/egn.com\/dk\/wp-content\/uploads\/sites\/3\/2026\/02\/EGN.png","contentUrl":"https:\/\/egn.com\/dk\/wp-content\/uploads\/sites\/3\/2026\/02\/EGN.png","width":2185,"height":699,"caption":"EGN Denmark"},"image":{"@id":"https:\/\/egn.com\/dk\/#\/schema\/logo\/image\/"},"sameAs":["https:\/\/www.facebook.com\/EGNdanmark","https:\/\/x.com\/EGNdanmark","https:\/\/www.linkedin.com\/company\/209484","https:\/\/da.wikipedia.org\/wiki\/EGN_Danmark"],"description":"Vi skaber personlig, faglig og forretningsm\u00e6ssig v\u00e6rdi gennem fortrolige netv\u00e6rk. Siden 1992 har EGN (Executives'\u200b Global Network) tilbudt skr\u00e6ddersyede netv\u00e6rksgrupper for ledere og specialister.","email":"info.dk@egn.com","telephone":"+45 63 21 40 00","vatID":"24208370"}]}},"_links":{"self":[{"href":"https:\/\/egn.com\/dk\/wp-json\/wp\/v2\/pages\/33189","targetHints":{"allow":["GET"]}}],"collection":[{"href":"https:\/\/egn.com\/dk\/wp-json\/wp\/v2\/pages"}],"about":[{"href":"https:\/\/egn.com\/dk\/wp-json\/wp\/v2\/types\/page"}],"author":[{"embeddable":true,"href":"https:\/\/egn.com\/dk\/wp-json\/wp\/v2\/users\/41"}],"replies":[{"embeddable":true,"href":"https:\/\/egn.com\/dk\/wp-json\/wp\/v2\/comments?post=33189"}],"version-history":[{"count":5,"href":"https:\/\/egn.com\/dk\/wp-json\/wp\/v2\/pages\/33189\/revisions"}],"predecessor-version":[{"id":35142,"href":"https:\/\/egn.com\/dk\/wp-json\/wp\/v2\/pages\/33189\/revisions\/35142"}],"wp:featuredmedia":[{"embeddable":true,"href":"https:\/\/egn.com\/dk\/wp-json\/wp\/v2\/media\/28608"}],"wp:attachment":[{"href":"https:\/\/egn.com\/dk\/wp-json\/wp\/v2\/media?parent=33189"}],"curies":[{"name":"wp","href":"https:\/\/api.w.org\/{rel}","templated":true}]}}