{"id":34818,"date":"2025-11-10T14:00:36","date_gmt":"2025-11-10T13:00:36","guid":{"rendered":"https:\/\/egn.com\/dk\/?page_id=34818"},"modified":"2025-11-10T14:08:05","modified_gmt":"2025-11-10T13:08:05","slug":"hvad-koster-et-medlemskab","status":"publish","type":"page","link":"https:\/\/egn.com\/dk\/hvad-koster-et-medlemskab\/","title":{"rendered":"Pris"},"content":{"rendered":"\n<h2 class=\"wp-block-heading\" id=\"h-netvaerk-eller-kursus\">Netv\u00e6rk eller kursus?<\/h2>\n\n\n\n<p>De fleste af EGNs medlemmer f\u00e5r betalt deres medlemskab af deres arbejdsgivere. En netv\u00e6rksgruppe skal nemlig ses p\u00e5 samme niveau som kurser og efteruddannelse. Forskellene p\u00e5 at tage et kursus eller en efteruddannelse og p\u00e5 at blive medlem af en netv\u00e6rksgruppe hos EGN, er eksempelvis den kontinuerlige udvikling. Som en del af en netv\u00e6rksgruppe f\u00e5r du l\u00f8bende sparring og vidensdeling fra ligesindede fagfolk. I diskuterer og workshopper p\u00e5 jeres egne og de mest aktuelle emner p\u00e5 markedet. <\/p>\n\n\n\n<p>P\u00e5 grund af den meget stringente sammens\u00e6tning af deltagere med relevans for hinanden, har I unik mulighed for at samarbejde om l\u00f8sninger, n\u00e5r nye udfordringer opst\u00e5r. Netv\u00e6rksgrupperne er hands on og hj\u00e6lper med de konkrete problemstillinger, du m\u00f8der p\u00e5 dit arbejde. Din personlige s\u00e5vel som din professionelle udvikling er i fokus, og du vil have oplevelsen af at have dit netv\u00e6rk i ryggen, uanset hvad du g\u00f8r. I mods\u00e6tning til kurser og efteruddannelse risikerer du i en netv\u00e6rksgruppe ikke at spilde din tid med un\u00f8dig teori og formaliteter.<\/p>\n\n\n\n<h2 class=\"wp-block-heading\" id=\"h-det-far-du-ogsa-med\">Det f\u00e5r du ogs\u00e5 med<\/h2>\n\n\n\n<p>Netv\u00e6rksgruppen m\u00f8des til mellem fire og seks \u00e5rlige netv\u00e6rksm\u00f8der, af hvilke nogle kan v\u00e6re heldagsarrangementer (i nogle tilf\u00e6lde med overnatning). Til disse m\u00f8der sparrer, videndeler og hj\u00e6lper medlemmerne hinanden p\u00e5 kryds og tv\u00e6rs af virksomheder. M\u00f8derne faciliteres af en netv\u00e6rksleder, som har relevant erfaring og uddannelse inden for branchen. Imellem de fysiske m\u00f8der opfordres det meget til, at medlemmerne bruger hinanden fagligt. Det kan de eksempelvis g\u00f8re i medlemsuniverset, hvor det er muligt at interagere med alle\u202fEGNs\u202f13.000 medlemmer p\u00e5 tv\u00e6rs af landegr\u00e6nser og arbejdstitler.\u202fDesuden f\u00e5r de adgang\u202ftil regelm\u00e6ssige webinarer, der henter de bedste foredragsholdere fra branchen ind\u202ffor at tale om de mest aktuelle emner p\u00e5 arbejdsmarkedet.<br><\/p>\n\n\n\n<h2 class=\"wp-block-heading\" id=\"h-uforpligtende-samtale\">Uforpligtende samtale<\/h2>\n\n\n\n<p>Hvis du har interesse i at h\u00f8re mere om EGNs netv\u00e6rksgrupper, s\u00e5 udfyld venligst formularen, du finder p\u00e5 siden. Du skriver dig op til en helt uforpligtende samtale, hvor du sammen med en netv\u00e6rksr\u00e5dgiver finder frem til lige akkurat den netv\u00e6rksgruppe, som passer til dig. Til denne samtale vil du ogs\u00e5 f\u00e5 en konkret pris fremlagt.<\/p>\n\n\n\n<h2 class=\"wp-block-heading\" id=\"h-find-det-netvaerk-som-passer-dig\">Find det netv\u00e6rk, som passer dig<\/h2>\n\n\n\n<p>Med <a href=\"https:\/\/egn.com\/dk\/netvaerk\/\">profesionelle netv\u00e6rk inden for flere end 40 arbejdsomr\u00e5der<\/a>, kan vi ogs\u00e5 finde det helt rigtige match til dig.<\/p>\n","protected":false},"excerpt":{"rendered":"<p>En netv\u00e6rksgruppe tilbyder mange ting og ikke to grupper er ens. Derfor varierer priserne ogs\u00e5 imellem de enkelte grupper.<\/p>\n","protected":false},"author":41,"featured_media":34171,"parent":0,"menu_order":0,"comment_status":"closed","ping_status":"closed","template":"template-page-sticky-form.php","meta":{"_acf_changed":false,"footnotes":""},"class_list":["post-34818","page","type-page","status-publish","has-post-thumbnail","hentry"],"acf":[],"yoast_head":"<title>Hvad koster et medlemskab?- Pris EGN Danmark<\/title>\n<meta name=\"description\" content=\"Her kan du l\u00e6se om, hvad et medlemskab hos EGN indeb\u00e6rer, samt om, hvordan du finder frem til prisen for den gruppe, der er bedst for dig.\" \/>\n<meta name=\"robots\" content=\"index, follow, max-snippet:-1, max-image-preview:large, max-video-preview:-1\" \/>\n<link rel=\"canonical\" href=\"https:\/\/egn.com\/dk\/hvad-koster-et-medlemskab\/\" \/>\n<meta property=\"og:locale\" content=\"da_DK\" \/>\n<meta property=\"og:type\" content=\"article\" \/>\n<meta property=\"og:title\" content=\"Pris\" \/>\n<meta property=\"og:description\" content=\"En netv\u00e6rksgruppe tilbyder mange ting og ikke to grupper er ens. Derfor varierer priserne ogs\u00e5 imellem de enkelte grupper.\" \/>\n<meta property=\"og:url\" content=\"https:\/\/egn.com\/dk\/hvad-koster-et-medlemskab\/\" \/>\n<meta property=\"og:site_name\" content=\"EGN Danmark\" \/>\n<meta property=\"article:publisher\" content=\"https:\/\/www.facebook.com\/EGNdanmark\" \/>\n<meta property=\"article:modified_time\" content=\"2025-11-10T13:08:05+00:00\" \/>\n<meta property=\"og:image\" content=\"https:\/\/egn.com\/dk\/wp-content\/uploads\/sites\/3\/2025\/06\/advisor-hero-2.webp\" \/>\n\t<meta property=\"og:image:width\" content=\"1920\" \/>\n\t<meta property=\"og:image:height\" content=\"1080\" \/>\n\t<meta property=\"og:image:type\" content=\"image\/webp\" \/>\n<meta name=\"twitter:card\" content=\"summary_large_image\" \/>\n<meta name=\"twitter:site\" content=\"@EGNdanmark\" \/>\n<meta name=\"twitter:label1\" content=\"Estimeret l\u00e6setid\" \/>\n\t<meta name=\"twitter:data1\" content=\"3 minutter\" \/>\n<script type=\"application\/ld+json\" class=\"yoast-schema-graph\">{\"@context\":\"https:\/\/schema.org\",\"@graph\":[{\"@type\":\"WebPage\",\"@id\":\"https:\/\/egn.com\/dk\/hvad-koster-et-medlemskab\/\",\"url\":\"https:\/\/egn.com\/dk\/hvad-koster-et-medlemskab\/\",\"name\":\"Hvad koster et medlemskab?- Pris EGN Danmark\",\"isPartOf\":{\"@id\":\"https:\/\/egn.com\/dk\/#website\"},\"primaryImageOfPage\":{\"@id\":\"https:\/\/egn.com\/dk\/hvad-koster-et-medlemskab\/#primaryimage\"},\"image\":{\"@id\":\"https:\/\/egn.com\/dk\/hvad-koster-et-medlemskab\/#primaryimage\"},\"thumbnailUrl\":\"https:\/\/egn.com\/dk\/wp-content\/uploads\/sites\/3\/2025\/06\/advisor-hero-2.webp\",\"datePublished\":\"2025-11-10T13:00:36+00:00\",\"dateModified\":\"2025-11-10T13:08:05+00:00\",\"description\":\"Her kan du l\u00e6se om, hvad et medlemskab hos EGN indeb\u00e6rer, samt om, hvordan du finder frem til prisen for den gruppe, der er bedst for dig.\",\"breadcrumb\":{\"@id\":\"https:\/\/egn.com\/dk\/hvad-koster-et-medlemskab\/#breadcrumb\"},\"inLanguage\":\"da-DK\",\"potentialAction\":[{\"@type\":\"ReadAction\",\"target\":[\"https:\/\/egn.com\/dk\/hvad-koster-et-medlemskab\/\"]}]},{\"@type\":\"ImageObject\",\"inLanguage\":\"da-DK\",\"@id\":\"https:\/\/egn.com\/dk\/hvad-koster-et-medlemskab\/#primaryimage\",\"url\":\"https:\/\/egn.com\/dk\/wp-content\/uploads\/sites\/3\/2025\/06\/advisor-hero-2.webp\",\"contentUrl\":\"https:\/\/egn.com\/dk\/wp-content\/uploads\/sites\/3\/2025\/06\/advisor-hero-2.webp\",\"width\":1920,\"height\":1080},{\"@type\":\"BreadcrumbList\",\"@id\":\"https:\/\/egn.com\/dk\/hvad-koster-et-medlemskab\/#breadcrumb\",\"itemListElement\":[{\"@type\":\"ListItem\",\"position\":1,\"name\":\"Forside\",\"item\":\"https:\/\/egn.com\/dk\/\"},{\"@type\":\"ListItem\",\"position\":2,\"name\":\"Pris\"}]},{\"@type\":\"WebSite\",\"@id\":\"https:\/\/egn.com\/dk\/#website\",\"url\":\"https:\/\/egn.com\/dk\/\",\"name\":\"EGN Danmark\",\"description\":\"\",\"publisher\":{\"@id\":\"https:\/\/egn.com\/dk\/#organization\"},\"potentialAction\":[{\"@type\":\"SearchAction\",\"target\":{\"@type\":\"EntryPoint\",\"urlTemplate\":\"https:\/\/egn.com\/dk\/?s={search_term_string}\"},\"query-input\":{\"@type\":\"PropertyValueSpecification\",\"valueRequired\":true,\"valueName\":\"search_term_string\"}}],\"inLanguage\":\"da-DK\"},{\"@type\":\"Organization\",\"@id\":\"https:\/\/egn.com\/dk\/#organization\",\"name\":\"EGN Denmark\",\"url\":\"https:\/\/egn.com\/dk\/\",\"logo\":{\"@type\":\"ImageObject\",\"inLanguage\":\"da-DK\",\"@id\":\"https:\/\/egn.com\/dk\/#\/schema\/logo\/image\/\",\"url\":\"https:\/\/egn.com\/dk\/wp-content\/uploads\/sites\/3\/2026\/02\/EGN.png\",\"contentUrl\":\"https:\/\/egn.com\/dk\/wp-content\/uploads\/sites\/3\/2026\/02\/EGN.png\",\"width\":2185,\"height\":699,\"caption\":\"EGN Denmark\"},\"image\":{\"@id\":\"https:\/\/egn.com\/dk\/#\/schema\/logo\/image\/\"},\"sameAs\":[\"https:\/\/www.facebook.com\/EGNdanmark\",\"https:\/\/x.com\/EGNdanmark\",\"https:\/\/www.linkedin.com\/company\/209484\",\"https:\/\/da.wikipedia.org\/wiki\/EGN_Danmark\"],\"description\":\"Vi skaber personlig, faglig og forretningsm\u00e6ssig v\u00e6rdi gennem fortrolige netv\u00e6rk. Siden 1992 har EGN (Executives'\u200b Global Network) tilbudt skr\u00e6ddersyede netv\u00e6rksgrupper for ledere og specialister.\",\"email\":\"info.dk@egn.com\",\"telephone\":\"+45 63 21 40 00\",\"vatID\":\"24208370\"}]}<\/script>","yoast_head_json":{"title":"Hvad koster et medlemskab?- Pris EGN Danmark","description":"Her kan du l\u00e6se om, hvad et medlemskab hos EGN indeb\u00e6rer, samt om, hvordan du finder frem til prisen for den gruppe, der er bedst for dig.","robots":{"index":"index","follow":"follow","max-snippet":"max-snippet:-1","max-image-preview":"max-image-preview:large","max-video-preview":"max-video-preview:-1"},"canonical":"https:\/\/egn.com\/dk\/hvad-koster-et-medlemskab\/","og_locale":"da_DK","og_type":"article","og_title":"Pris","og_description":"En netv\u00e6rksgruppe tilbyder mange ting og ikke to grupper er ens. Derfor varierer priserne ogs\u00e5 imellem de enkelte grupper.","og_url":"https:\/\/egn.com\/dk\/hvad-koster-et-medlemskab\/","og_site_name":"EGN Danmark","article_publisher":"https:\/\/www.facebook.com\/EGNdanmark","article_modified_time":"2025-11-10T13:08:05+00:00","og_image":[{"width":1920,"height":1080,"url":"https:\/\/egn.com\/dk\/wp-content\/uploads\/sites\/3\/2025\/06\/advisor-hero-2.webp","type":"image\/webp"}],"twitter_card":"summary_large_image","twitter_site":"@EGNdanmark","twitter_misc":{"Estimeret l\u00e6setid":"3 minutter"},"schema":{"@context":"https:\/\/schema.org","@graph":[{"@type":"WebPage","@id":"https:\/\/egn.com\/dk\/hvad-koster-et-medlemskab\/","url":"https:\/\/egn.com\/dk\/hvad-koster-et-medlemskab\/","name":"Hvad koster et medlemskab?- Pris EGN Danmark","isPartOf":{"@id":"https:\/\/egn.com\/dk\/#website"},"primaryImageOfPage":{"@id":"https:\/\/egn.com\/dk\/hvad-koster-et-medlemskab\/#primaryimage"},"image":{"@id":"https:\/\/egn.com\/dk\/hvad-koster-et-medlemskab\/#primaryimage"},"thumbnailUrl":"https:\/\/egn.com\/dk\/wp-content\/uploads\/sites\/3\/2025\/06\/advisor-hero-2.webp","datePublished":"2025-11-10T13:00:36+00:00","dateModified":"2025-11-10T13:08:05+00:00","description":"Her kan du l\u00e6se om, hvad et medlemskab hos EGN indeb\u00e6rer, samt om, hvordan du finder frem til prisen for den gruppe, der er bedst for dig.","breadcrumb":{"@id":"https:\/\/egn.com\/dk\/hvad-koster-et-medlemskab\/#breadcrumb"},"inLanguage":"da-DK","potentialAction":[{"@type":"ReadAction","target":["https:\/\/egn.com\/dk\/hvad-koster-et-medlemskab\/"]}]},{"@type":"ImageObject","inLanguage":"da-DK","@id":"https:\/\/egn.com\/dk\/hvad-koster-et-medlemskab\/#primaryimage","url":"https:\/\/egn.com\/dk\/wp-content\/uploads\/sites\/3\/2025\/06\/advisor-hero-2.webp","contentUrl":"https:\/\/egn.com\/dk\/wp-content\/uploads\/sites\/3\/2025\/06\/advisor-hero-2.webp","width":1920,"height":1080},{"@type":"BreadcrumbList","@id":"https:\/\/egn.com\/dk\/hvad-koster-et-medlemskab\/#breadcrumb","itemListElement":[{"@type":"ListItem","position":1,"name":"Forside","item":"https:\/\/egn.com\/dk\/"},{"@type":"ListItem","position":2,"name":"Pris"}]},{"@type":"WebSite","@id":"https:\/\/egn.com\/dk\/#website","url":"https:\/\/egn.com\/dk\/","name":"EGN Danmark","description":"","publisher":{"@id":"https:\/\/egn.com\/dk\/#organization"},"potentialAction":[{"@type":"SearchAction","target":{"@type":"EntryPoint","urlTemplate":"https:\/\/egn.com\/dk\/?s={search_term_string}"},"query-input":{"@type":"PropertyValueSpecification","valueRequired":true,"valueName":"search_term_string"}}],"inLanguage":"da-DK"},{"@type":"Organization","@id":"https:\/\/egn.com\/dk\/#organization","name":"EGN Denmark","url":"https:\/\/egn.com\/dk\/","logo":{"@type":"ImageObject","inLanguage":"da-DK","@id":"https:\/\/egn.com\/dk\/#\/schema\/logo\/image\/","url":"https:\/\/egn.com\/dk\/wp-content\/uploads\/sites\/3\/2026\/02\/EGN.png","contentUrl":"https:\/\/egn.com\/dk\/wp-content\/uploads\/sites\/3\/2026\/02\/EGN.png","width":2185,"height":699,"caption":"EGN Denmark"},"image":{"@id":"https:\/\/egn.com\/dk\/#\/schema\/logo\/image\/"},"sameAs":["https:\/\/www.facebook.com\/EGNdanmark","https:\/\/x.com\/EGNdanmark","https:\/\/www.linkedin.com\/company\/209484","https:\/\/da.wikipedia.org\/wiki\/EGN_Danmark"],"description":"Vi skaber personlig, faglig og forretningsm\u00e6ssig v\u00e6rdi gennem fortrolige netv\u00e6rk. Siden 1992 har EGN (Executives'\u200b Global Network) tilbudt skr\u00e6ddersyede netv\u00e6rksgrupper for ledere og specialister.","email":"info.dk@egn.com","telephone":"+45 63 21 40 00","vatID":"24208370"}]}},"_links":{"self":[{"href":"https:\/\/egn.com\/dk\/wp-json\/wp\/v2\/pages\/34818","targetHints":{"allow":["GET"]}}],"collection":[{"href":"https:\/\/egn.com\/dk\/wp-json\/wp\/v2\/pages"}],"about":[{"href":"https:\/\/egn.com\/dk\/wp-json\/wp\/v2\/types\/page"}],"author":[{"embeddable":true,"href":"https:\/\/egn.com\/dk\/wp-json\/wp\/v2\/users\/41"}],"replies":[{"embeddable":true,"href":"https:\/\/egn.com\/dk\/wp-json\/wp\/v2\/comments?post=34818"}],"version-history":[{"count":3,"href":"https:\/\/egn.com\/dk\/wp-json\/wp\/v2\/pages\/34818\/revisions"}],"predecessor-version":[{"id":34824,"href":"https:\/\/egn.com\/dk\/wp-json\/wp\/v2\/pages\/34818\/revisions\/34824"}],"wp:featuredmedia":[{"embeddable":true,"href":"https:\/\/egn.com\/dk\/wp-json\/wp\/v2\/media\/34171"}],"wp:attachment":[{"href":"https:\/\/egn.com\/dk\/wp-json\/wp\/v2\/media?parent=34818"}],"curies":[{"name":"wp","href":"https:\/\/api.w.org\/{rel}","templated":true}]}}