{"id":35291,"date":"2026-04-16T15:46:03","date_gmt":"2026-04-16T13:46:03","guid":{"rendered":"https:\/\/egn.com\/dk\/?page_id=35291"},"modified":"2026-04-20T13:37:21","modified_gmt":"2026-04-20T11:37:21","slug":"signup-til-inspirationsmoede","status":"publish","type":"page","link":"https:\/\/egn.com\/dk\/signup-til-inspirationsmoede\/","title":{"rendered":"Signup til inspirationsm\u00f8de"},"content":{"rendered":"\n<h2 class=\"wp-block-heading\" id=\"h-om-inspirationsmodet\">Om inspirationsm\u00f8det<\/h2>\n\n\n\n<p>En \u00e5ben og uforpligtende formiddag, hvor en erfaren EGN Netv\u00e6rksleder fort\u00e6ller om, hvordan det er at v\u00e6re del af en netv\u00e6rksgruppe. Du f\u00e5r indblik i, hvordan m\u00f8derne fungerer, hvad der typisk tales om, og hvad deltagerne f\u00e5r ud af det.<\/p>\n\n\n\n<p>Dette arrangement er ikke kun en enest\u00e5ende networking mulighed, men vil ogs\u00e5 give dig nye ideer, som du kan implementere hos dig selv.<\/p>\n\n\n\n<p>Kom og del dine m\u00e5l og udfordringer sammen med en mindre gruppe af ligesindede. Brug jeres f\u00e6lles erfaringer og ekspertise til at arbejde med udfordringer og f\u00e5 feedback. EGN s\u00f8rger for let forplejning undervejs.<\/p>\n\n\n\n<p><strong>Program<\/strong><\/p>\n\n\n\n<ul class=\"wp-block-list\">\n<li>9.00 \u2013 Velkommen og mulighed for netv\u00e6rk<\/li>\n\n\n\n<li>9.15 \u2013 Velkomst og introduktion\n<ul class=\"wp-block-list\">\n<li>Om EGN og netv\u00e6rksgrupper<\/li>\n\n\n\n<li>Workshop: \u201cDe essentielle elementer for b\u00e5de at lykkes og trives i jobbet\u201d<\/li>\n\n\n\n<li>Pause<\/li>\n\n\n\n<li>Sparring p\u00e5 din st\u00f8rste udfordring for tiden \u2013 i mindre grupper<\/li>\n\n\n\n<li>Afrunding og vejen frem<\/li>\n<\/ul>\n<\/li>\n\n\n\n<li>12.00 \u2013 Tak for idag<\/li>\n<\/ul>\n","protected":false},"excerpt":{"rendered":"<p>Om inspirationsm\u00f8det En \u00e5ben og uforpligtende formiddag, hvor en erfaren EGN Netv\u00e6rksleder fort\u00e6ller om, hvordan det er at v\u00e6re del af en netv\u00e6rksgruppe. Du f\u00e5r indblik i, hvordan m\u00f8derne fungerer, hvad der typisk tales om, og hvad deltagerne f\u00e5r ud af det. Dette arrangement er ikke kun en enest\u00e5ende networking mulighed, men vil ogs\u00e5 give<a href=\"https:\/\/egn.com\/dk\/signup-til-inspirationsmoede\/\">Forts\u00e6t med at l\u00e6se <span class=\"sr-only\">&#8220;Signup til inspirationsm\u00f8de&#8221;<\/span><\/a><\/p>\n","protected":false},"author":41,"featured_media":34932,"parent":0,"menu_order":0,"comment_status":"closed","ping_status":"closed","template":"template-page-sticky-form.php","meta":{"_acf_changed":false,"footnotes":""},"class_list":["post-35291","page","type-page","status-publish","has-post-thumbnail","hentry"],"acf":[],"yoast_head":"<title>Signup til inspirationsm\u00f8de - EGN Danmark<\/title>\n<meta name=\"robots\" content=\"index, follow, max-snippet:-1, max-image-preview:large, max-video-preview:-1\" \/>\n<link rel=\"canonical\" href=\"https:\/\/egn.com\/dk\/signup-til-inspirationsmoede\/\" \/>\n<meta property=\"og:locale\" content=\"da_DK\" \/>\n<meta property=\"og:type\" content=\"article\" \/>\n<meta property=\"og:title\" content=\"Signup til inspirationsm\u00f8de\" \/>\n<meta property=\"og:description\" content=\"Om inspirationsm\u00f8det En \u00e5ben og uforpligtende formiddag, hvor en erfaren EGN Netv\u00e6rksleder fort\u00e6ller om, hvordan det er at v\u00e6re del af en netv\u00e6rksgruppe.\" \/>\n<meta property=\"og:url\" content=\"https:\/\/egn.com\/dk\/signup-til-inspirationsmoede\/\" \/>\n<meta property=\"og:site_name\" content=\"EGN Danmark\" \/>\n<meta property=\"article:publisher\" content=\"https:\/\/www.facebook.com\/EGNdanmark\" \/>\n<meta property=\"article:modified_time\" content=\"2026-04-20T11:37:21+00:00\" \/>\n<meta property=\"og:image\" content=\"https:\/\/egn.com\/dk\/wp-content\/uploads\/sites\/3\/2025\/12\/event-finance-info-meeting.jpg\" \/>\n\t<meta property=\"og:image:width\" content=\"1920\" \/>\n\t<meta property=\"og:image:height\" content=\"1080\" \/>\n\t<meta property=\"og:image:type\" content=\"image\/jpeg\" \/>\n<meta name=\"twitter:card\" content=\"summary_large_image\" \/>\n<meta name=\"twitter:site\" content=\"@EGNdanmark\" \/>\n<meta name=\"twitter:label1\" content=\"Estimeret l\u00e6setid\" \/>\n\t<meta name=\"twitter:data1\" content=\"2 minutter\" \/>\n<script type=\"application\/ld+json\" class=\"yoast-schema-graph\">{\"@context\":\"https:\\\/\\\/schema.org\",\"@graph\":[{\"@type\":\"WebPage\",\"@id\":\"https:\\\/\\\/egn.com\\\/dk\\\/signup-til-inspirationsmoede\\\/\",\"url\":\"https:\\\/\\\/egn.com\\\/dk\\\/signup-til-inspirationsmoede\\\/\",\"name\":\"Signup til inspirationsm\u00f8de - EGN Danmark\",\"isPartOf\":{\"@id\":\"https:\\\/\\\/egn.com\\\/dk\\\/#website\"},\"primaryImageOfPage\":{\"@id\":\"https:\\\/\\\/egn.com\\\/dk\\\/signup-til-inspirationsmoede\\\/#primaryimage\"},\"image\":{\"@id\":\"https:\\\/\\\/egn.com\\\/dk\\\/signup-til-inspirationsmoede\\\/#primaryimage\"},\"thumbnailUrl\":\"https:\\\/\\\/egn.com\\\/dk\\\/wp-content\\\/uploads\\\/sites\\\/3\\\/2025\\\/12\\\/event-finance-info-meeting.jpg\",\"datePublished\":\"2026-04-16T13:46:03+00:00\",\"dateModified\":\"2026-04-20T11:37:21+00:00\",\"breadcrumb\":{\"@id\":\"https:\\\/\\\/egn.com\\\/dk\\\/signup-til-inspirationsmoede\\\/#breadcrumb\"},\"inLanguage\":\"da-DK\",\"potentialAction\":[{\"@type\":\"ReadAction\",\"target\":[\"https:\\\/\\\/egn.com\\\/dk\\\/signup-til-inspirationsmoede\\\/\"]}]},{\"@type\":\"ImageObject\",\"inLanguage\":\"da-DK\",\"@id\":\"https:\\\/\\\/egn.com\\\/dk\\\/signup-til-inspirationsmoede\\\/#primaryimage\",\"url\":\"https:\\\/\\\/egn.com\\\/dk\\\/wp-content\\\/uploads\\\/sites\\\/3\\\/2025\\\/12\\\/event-finance-info-meeting.jpg\",\"contentUrl\":\"https:\\\/\\\/egn.com\\\/dk\\\/wp-content\\\/uploads\\\/sites\\\/3\\\/2025\\\/12\\\/event-finance-info-meeting.jpg\",\"width\":1920,\"height\":1080},{\"@type\":\"BreadcrumbList\",\"@id\":\"https:\\\/\\\/egn.com\\\/dk\\\/signup-til-inspirationsmoede\\\/#breadcrumb\",\"itemListElement\":[{\"@type\":\"ListItem\",\"position\":1,\"name\":\"Forside\",\"item\":\"https:\\\/\\\/egn.com\\\/dk\\\/\"},{\"@type\":\"ListItem\",\"position\":2,\"name\":\"Signup til inspirationsm\u00f8de\"}]},{\"@type\":\"WebSite\",\"@id\":\"https:\\\/\\\/egn.com\\\/dk\\\/#website\",\"url\":\"https:\\\/\\\/egn.com\\\/dk\\\/\",\"name\":\"EGN Danmark\",\"description\":\"\",\"publisher\":{\"@id\":\"https:\\\/\\\/egn.com\\\/dk\\\/#organization\"},\"potentialAction\":[{\"@type\":\"SearchAction\",\"target\":{\"@type\":\"EntryPoint\",\"urlTemplate\":\"https:\\\/\\\/egn.com\\\/dk\\\/?s={search_term_string}\"},\"query-input\":{\"@type\":\"PropertyValueSpecification\",\"valueRequired\":true,\"valueName\":\"search_term_string\"}}],\"inLanguage\":\"da-DK\"},{\"@type\":\"Organization\",\"@id\":\"https:\\\/\\\/egn.com\\\/dk\\\/#organization\",\"name\":\"EGN Denmark\",\"url\":\"https:\\\/\\\/egn.com\\\/dk\\\/\",\"logo\":{\"@type\":\"ImageObject\",\"inLanguage\":\"da-DK\",\"@id\":\"https:\\\/\\\/egn.com\\\/dk\\\/#\\\/schema\\\/logo\\\/image\\\/\",\"url\":\"https:\\\/\\\/egn.com\\\/dk\\\/wp-content\\\/uploads\\\/sites\\\/3\\\/2026\\\/02\\\/EGN.png\",\"contentUrl\":\"https:\\\/\\\/egn.com\\\/dk\\\/wp-content\\\/uploads\\\/sites\\\/3\\\/2026\\\/02\\\/EGN.png\",\"width\":2185,\"height\":699,\"caption\":\"EGN Denmark\"},\"image\":{\"@id\":\"https:\\\/\\\/egn.com\\\/dk\\\/#\\\/schema\\\/logo\\\/image\\\/\"},\"sameAs\":[\"https:\\\/\\\/www.facebook.com\\\/EGNdanmark\",\"https:\\\/\\\/x.com\\\/EGNdanmark\",\"https:\\\/\\\/www.linkedin.com\\\/company\\\/209484\",\"https:\\\/\\\/da.wikipedia.org\\\/wiki\\\/EGN_Danmark\"],\"description\":\"Vi skaber personlig, faglig og forretningsm\u00e6ssig v\u00e6rdi gennem fortrolige netv\u00e6rk. Siden 1992 har EGN (Executives'\u200b Global Network) tilbudt skr\u00e6ddersyede netv\u00e6rksgrupper for ledere og specialister.\",\"email\":\"info.dk@egn.com\",\"telephone\":\"+45 63 21 40 00\",\"vatID\":\"24208370\"}]}<\/script>","yoast_head_json":{"title":"Signup til inspirationsm\u00f8de - EGN Danmark","robots":{"index":"index","follow":"follow","max-snippet":"max-snippet:-1","max-image-preview":"max-image-preview:large","max-video-preview":"max-video-preview:-1"},"canonical":"https:\/\/egn.com\/dk\/signup-til-inspirationsmoede\/","og_locale":"da_DK","og_type":"article","og_title":"Signup til inspirationsm\u00f8de","og_description":"Om inspirationsm\u00f8det En \u00e5ben og uforpligtende formiddag, hvor en erfaren EGN Netv\u00e6rksleder fort\u00e6ller om, hvordan det er at v\u00e6re del af en netv\u00e6rksgruppe.","og_url":"https:\/\/egn.com\/dk\/signup-til-inspirationsmoede\/","og_site_name":"EGN Danmark","article_publisher":"https:\/\/www.facebook.com\/EGNdanmark","article_modified_time":"2026-04-20T11:37:21+00:00","og_image":[{"width":1920,"height":1080,"url":"https:\/\/egn.com\/dk\/wp-content\/uploads\/sites\/3\/2025\/12\/event-finance-info-meeting.jpg","type":"image\/jpeg"}],"twitter_card":"summary_large_image","twitter_site":"@EGNdanmark","twitter_misc":{"Estimeret l\u00e6setid":"2 minutter"},"schema":{"@context":"https:\/\/schema.org","@graph":[{"@type":"WebPage","@id":"https:\/\/egn.com\/dk\/signup-til-inspirationsmoede\/","url":"https:\/\/egn.com\/dk\/signup-til-inspirationsmoede\/","name":"Signup til inspirationsm\u00f8de - EGN Danmark","isPartOf":{"@id":"https:\/\/egn.com\/dk\/#website"},"primaryImageOfPage":{"@id":"https:\/\/egn.com\/dk\/signup-til-inspirationsmoede\/#primaryimage"},"image":{"@id":"https:\/\/egn.com\/dk\/signup-til-inspirationsmoede\/#primaryimage"},"thumbnailUrl":"https:\/\/egn.com\/dk\/wp-content\/uploads\/sites\/3\/2025\/12\/event-finance-info-meeting.jpg","datePublished":"2026-04-16T13:46:03+00:00","dateModified":"2026-04-20T11:37:21+00:00","breadcrumb":{"@id":"https:\/\/egn.com\/dk\/signup-til-inspirationsmoede\/#breadcrumb"},"inLanguage":"da-DK","potentialAction":[{"@type":"ReadAction","target":["https:\/\/egn.com\/dk\/signup-til-inspirationsmoede\/"]}]},{"@type":"ImageObject","inLanguage":"da-DK","@id":"https:\/\/egn.com\/dk\/signup-til-inspirationsmoede\/#primaryimage","url":"https:\/\/egn.com\/dk\/wp-content\/uploads\/sites\/3\/2025\/12\/event-finance-info-meeting.jpg","contentUrl":"https:\/\/egn.com\/dk\/wp-content\/uploads\/sites\/3\/2025\/12\/event-finance-info-meeting.jpg","width":1920,"height":1080},{"@type":"BreadcrumbList","@id":"https:\/\/egn.com\/dk\/signup-til-inspirationsmoede\/#breadcrumb","itemListElement":[{"@type":"ListItem","position":1,"name":"Forside","item":"https:\/\/egn.com\/dk\/"},{"@type":"ListItem","position":2,"name":"Signup til inspirationsm\u00f8de"}]},{"@type":"WebSite","@id":"https:\/\/egn.com\/dk\/#website","url":"https:\/\/egn.com\/dk\/","name":"EGN Danmark","description":"","publisher":{"@id":"https:\/\/egn.com\/dk\/#organization"},"potentialAction":[{"@type":"SearchAction","target":{"@type":"EntryPoint","urlTemplate":"https:\/\/egn.com\/dk\/?s={search_term_string}"},"query-input":{"@type":"PropertyValueSpecification","valueRequired":true,"valueName":"search_term_string"}}],"inLanguage":"da-DK"},{"@type":"Organization","@id":"https:\/\/egn.com\/dk\/#organization","name":"EGN Denmark","url":"https:\/\/egn.com\/dk\/","logo":{"@type":"ImageObject","inLanguage":"da-DK","@id":"https:\/\/egn.com\/dk\/#\/schema\/logo\/image\/","url":"https:\/\/egn.com\/dk\/wp-content\/uploads\/sites\/3\/2026\/02\/EGN.png","contentUrl":"https:\/\/egn.com\/dk\/wp-content\/uploads\/sites\/3\/2026\/02\/EGN.png","width":2185,"height":699,"caption":"EGN Denmark"},"image":{"@id":"https:\/\/egn.com\/dk\/#\/schema\/logo\/image\/"},"sameAs":["https:\/\/www.facebook.com\/EGNdanmark","https:\/\/x.com\/EGNdanmark","https:\/\/www.linkedin.com\/company\/209484","https:\/\/da.wikipedia.org\/wiki\/EGN_Danmark"],"description":"Vi skaber personlig, faglig og forretningsm\u00e6ssig v\u00e6rdi gennem fortrolige netv\u00e6rk. Siden 1992 har EGN (Executives'\u200b Global Network) tilbudt skr\u00e6ddersyede netv\u00e6rksgrupper for ledere og specialister.","email":"info.dk@egn.com","telephone":"+45 63 21 40 00","vatID":"24208370"}]}},"_links":{"self":[{"href":"https:\/\/egn.com\/dk\/wp-json\/wp\/v2\/pages\/35291","targetHints":{"allow":["GET"]}}],"collection":[{"href":"https:\/\/egn.com\/dk\/wp-json\/wp\/v2\/pages"}],"about":[{"href":"https:\/\/egn.com\/dk\/wp-json\/wp\/v2\/types\/page"}],"author":[{"embeddable":true,"href":"https:\/\/egn.com\/dk\/wp-json\/wp\/v2\/users\/41"}],"replies":[{"embeddable":true,"href":"https:\/\/egn.com\/dk\/wp-json\/wp\/v2\/comments?post=35291"}],"version-history":[{"count":7,"href":"https:\/\/egn.com\/dk\/wp-json\/wp\/v2\/pages\/35291\/revisions"}],"predecessor-version":[{"id":35324,"href":"https:\/\/egn.com\/dk\/wp-json\/wp\/v2\/pages\/35291\/revisions\/35324"}],"wp:featuredmedia":[{"embeddable":true,"href":"https:\/\/egn.com\/dk\/wp-json\/wp\/v2\/media\/34932"}],"wp:attachment":[{"href":"https:\/\/egn.com\/dk\/wp-json\/wp\/v2\/media?parent=35291"}],"curies":[{"name":"wp","href":"https:\/\/api.w.org\/{rel}","templated":true}]}}