{"id":10563,"date":"2021-05-18T11:02:10","date_gmt":"2021-05-18T08:02:10","guid":{"rendered":"https:\/\/egn.com\/fi\/?page_id=10563"},"modified":"2022-11-10T11:19:46","modified_gmt":"2022-11-10T09:19:46","slug":"laskutustiedot","status":"publish","type":"page","link":"https:\/\/egn.com\/fi\/laskutustiedot\/","title":{"rendered":"Laskutustiedot"},"content":{"rendered":"\t\t<div data-elementor-type=\"wp-page\" data-elementor-id=\"10563\" class=\"elementor elementor-10563\">\n\t\t\t\t\t\t<section class=\"elementor-section elementor-top-section elementor-element elementor-element-802ec06 elementor-section-boxed elementor-section-height-default elementor-section-height-default\" data-id=\"802ec06\" data-element_type=\"section\">\n\t\t\t\t\t\t<div class=\"elementor-container elementor-column-gap-default\">\n\t\t\t\t\t<div class=\"elementor-column elementor-col-100 elementor-top-column elementor-element elementor-element-340480f\" data-id=\"340480f\" data-element_type=\"column\">\n\t\t\t<div class=\"elementor-widget-wrap elementor-element-populated\">\n\t\t\t\t\t\t<div class=\"elementor-element elementor-element-a530d0f elementor-widget elementor-widget-heading\" data-id=\"a530d0f\" data-element_type=\"widget\" data-widget_type=\"heading.default\">\n\t\t\t\t<div class=\"elementor-widget-container\">\n\t\t\t\t\t<h1 class=\"elementor-heading-title elementor-size-default\">Laskutustiedot<\/h1>\t\t\t\t<\/div>\n\t\t\t\t<\/div>\n\t\t\t\t<div class=\"elementor-element elementor-element-0d243fe elementor-widget-divider--separator-type-pattern elementor-widget-divider--view-line elementor-widget elementor-widget-divider\" data-id=\"0d243fe\" data-element_type=\"widget\" data-widget_type=\"divider.default\">\n\t\t\t\t<div class=\"elementor-widget-container\">\n\t\t\t\t\t\t\t<div class=\"elementor-divider\" style=\"--divider-pattern-url: url(&quot;data:image\/svg+xml,%3Csvg xmlns=&#039;http:\/\/www.w3.org\/2000\/svg&#039; preserveAspectRatio=&#039;none&#039; overflow=&#039;visible&#039; height=&#039;100%&#039; viewBox=&#039;0 0 20 16&#039; fill=&#039;none&#039; stroke=&#039;black&#039; stroke-width=&#039;1&#039; stroke-linecap=&#039;square&#039; stroke-miterlimit=&#039;10&#039;%3E%3Cg transform=&#039;translate(-12.000000, 0)&#039;%3E%3Cpath d=&#039;M28,0L10,18&#039;\/%3E%3Cpath d=&#039;M18,0L0,18&#039;\/%3E%3Cpath d=&#039;M48,0L30,18&#039;\/%3E%3Cpath d=&#039;M38,0L20,18&#039;\/%3E%3C\/g%3E%3C\/svg%3E&quot;);\">\n\t\t\t<span class=\"elementor-divider-separator\">\n\t\t\t\t\t\t<\/span>\n\t\t<\/div>\n\t\t\t\t\t\t<\/div>\n\t\t\t\t<\/div>\n\t\t\t\t<div class=\"elementor-element elementor-element-f2280c3 elementor-widget elementor-widget-text-editor\" data-id=\"f2280c3\" data-element_type=\"widget\" data-widget_type=\"text-editor.default\">\n\t\t\t\t<div class=\"elementor-widget-container\">\n\t\t\t\t\t\t\t\t\t<p>EGN Suomen k\u00e4yt\u00f6ss\u00e4 on osto- ja myyntilaskujen s\u00e4hk\u00f6inen k\u00e4sittely, jonka vuoksi vastaanotamme ja l\u00e4het\u00e4mme laskut mieluiten verkkolaskuina.<\/p><p>Mik\u00e4li yrityksell\u00e4nne ei ole mahdollisuutta toimittaa verkkolaskuja tai l\u00e4hett\u00e4\u00e4 laskuja s\u00e4hk\u00f6postilla, voitte l\u00e4hett\u00e4\u00e4 paperilaskut skannauspalveluosoitteeseen.<\/p><p>Emme vastaanota laskuja k\u00e4yntiosoitteeseemme.<\/p>\t\t\t\t\t\t\t\t<\/div>\n\t\t\t\t<\/div>\n\t\t\t\t<div class=\"elementor-element elementor-element-ae50ea1 elementor-widget elementor-widget-heading\" data-id=\"ae50ea1\" data-element_type=\"widget\" data-widget_type=\"heading.default\">\n\t\t\t\t<div class=\"elementor-widget-container\">\n\t\t\t\t\t<h2 class=\"elementor-heading-title elementor-size-default\">Verkkolaskut\n<\/h2>\t\t\t\t<\/div>\n\t\t\t\t<\/div>\n\t\t\t\t<div class=\"elementor-element elementor-element-b46d376 elementor-widget-divider--separator-type-pattern elementor-widget-divider--view-line elementor-widget elementor-widget-divider\" data-id=\"b46d376\" data-element_type=\"widget\" data-widget_type=\"divider.default\">\n\t\t\t\t<div class=\"elementor-widget-container\">\n\t\t\t\t\t\t\t<div class=\"elementor-divider\" style=\"--divider-pattern-url: url(&quot;data:image\/svg+xml,%3Csvg xmlns=&#039;http:\/\/www.w3.org\/2000\/svg&#039; preserveAspectRatio=&#039;none&#039; overflow=&#039;visible&#039; height=&#039;100%&#039; viewBox=&#039;0 0 20 16&#039; fill=&#039;none&#039; stroke=&#039;black&#039; stroke-width=&#039;1&#039; stroke-linecap=&#039;square&#039; stroke-miterlimit=&#039;10&#039;%3E%3Cg transform=&#039;translate(-12.000000, 0)&#039;%3E%3Cpath d=&#039;M28,0L10,18&#039;\/%3E%3Cpath d=&#039;M18,0L0,18&#039;\/%3E%3Cpath d=&#039;M48,0L30,18&#039;\/%3E%3Cpath d=&#039;M38,0L20,18&#039;\/%3E%3C\/g%3E%3C\/svg%3E&quot;);\">\n\t\t\t<span class=\"elementor-divider-separator\">\n\t\t\t\t\t\t<\/span>\n\t\t<\/div>\n\t\t\t\t\t\t<\/div>\n\t\t\t\t<\/div>\n\t\t\t\t<div class=\"elementor-element elementor-element-aa4af1c elementor-widget elementor-widget-text-editor\" data-id=\"aa4af1c\" data-element_type=\"widget\" data-widget_type=\"text-editor.default\">\n\t\t\t\t<div class=\"elementor-widget-container\">\n\t\t\t\t\t\t\t\t\t<p><strong>EGN Suomi Oy, 2429225-5<\/strong><\/p><p>Verkkolaskuosoite: 003724292255<\/p><p>Operaattori: Maventa (003721291126)<\/p><p>V\u00e4litt\u00e4j\u00e4tunnus pankkiverkosta l\u00e4hetett\u00e4ess\u00e4: DABAFIHH*<\/p><p>Verkkolaskuosoite: FI8980200710467407<\/p><p>Operaattori: Danske Bank (DABAFIHH)<\/p><p><i>*K\u00e4ytt\u00e4k\u00e4\u00e4 t\u00e4t\u00e4 v\u00e4litt\u00e4j\u00e4tunnusta mik\u00e4li k\u00e4yt\u00f6ss\u00e4nne olevasta verkkolaskutusohjelmasta ei voi l\u00e4hett\u00e4\u00e4 laskuja suoraan Maventan v\u00e4litt\u00e4j\u00e4tunnukselle.<\/i><\/p>\t\t\t\t\t\t\t\t<\/div>\n\t\t\t\t<\/div>\n\t\t\t\t<div class=\"elementor-element elementor-element-b7dd9c6 elementor-widget elementor-widget-heading\" data-id=\"b7dd9c6\" data-element_type=\"widget\" data-widget_type=\"heading.default\">\n\t\t\t\t<div class=\"elementor-widget-container\">\n\t\t\t\t\t<h2 class=\"elementor-heading-title elementor-size-default\" class=\"elementor-heading-title elementor-size-default\" id=\"laskujen-vastaanotto-sahkopostitse-skannauspalveluun\">Laskujen vastaanotto s\u00e4hk\u00f6postitse skannauspalveluun<\/h2>\t\t\t\t<\/div>\n\t\t\t\t<\/div>\n\t\t\t\t<div class=\"elementor-element elementor-element-da497f0 elementor-widget-divider--separator-type-pattern elementor-widget-divider--view-line elementor-widget elementor-widget-divider\" data-id=\"da497f0\" data-element_type=\"widget\" data-widget_type=\"divider.default\">\n\t\t\t\t<div class=\"elementor-widget-container\">\n\t\t\t\t\t\t\t<div class=\"elementor-divider\" style=\"--divider-pattern-url: url(&quot;data:image\/svg+xml,%3Csvg xmlns=&#039;http:\/\/www.w3.org\/2000\/svg&#039; preserveAspectRatio=&#039;none&#039; overflow=&#039;visible&#039; height=&#039;100%&#039; viewBox=&#039;0 0 20 16&#039; fill=&#039;none&#039; stroke=&#039;black&#039; stroke-width=&#039;1&#039; stroke-linecap=&#039;square&#039; stroke-miterlimit=&#039;10&#039;%3E%3Cg transform=&#039;translate(-12.000000, 0)&#039;%3E%3Cpath d=&#039;M28,0L10,18&#039;\/%3E%3Cpath d=&#039;M18,0L0,18&#039;\/%3E%3Cpath d=&#039;M48,0L30,18&#039;\/%3E%3Cpath d=&#039;M38,0L20,18&#039;\/%3E%3C\/g%3E%3C\/svg%3E&quot;);\">\n\t\t\t<span class=\"elementor-divider-separator\">\n\t\t\t\t\t\t<\/span>\n\t\t<\/div>\n\t\t\t\t\t\t<\/div>\n\t\t\t\t<\/div>\n\t\t\t\t<div class=\"elementor-element elementor-element-19c4960 elementor-widget elementor-widget-text-editor\" data-id=\"19c4960\" data-element_type=\"widget\" data-widget_type=\"text-editor.default\">\n\t\t\t\t<div class=\"elementor-widget-container\">\n\t\t\t\t\t\t\t\t\t<p>Toivomme, ett\u00e4 l\u00e4het\u00e4tte t\u00e4h\u00e4n osoitteeseen ainoastaan laskuja. Laskut l\u00e4hetet\u00e4\u00e4n palveluun s\u00e4hk\u00f6postin PDF-muotoisina liitetiedostoina ja laskun liitteiden tulee olla samassa tiedostossa itse laskun kanssa.<\/p><p><strong>S\u00e4hk\u00f6postilaskun osoite: 24292255@scan.netvisor.fi<\/strong><br \/><br \/>\u2022 Voit l\u00e4hett\u00e4\u00e4 useita laskuja yhdess\u00e4 s\u00e4hk\u00f6postiviestiss\u00e4, kunhan jokainen lasku on erillisen\u00e4 liitetiedostona. Kaikilla tiedostoilla tulee olla eri nimi.<br \/>\u2022 Yhden s\u00e4hk\u00f6postin maksimikoko on 5Mb.<br \/>\u2022 PDF-tiedostojen tulee olla aitoja PDF-dokumentteja (PDF- versio 1.3 tai uudempi).<br \/>\u2022 PDF-tiedostot eiv\u00e4t saa olla lukittuja tai salasanalla suojattuja.<br \/>\u2022 Dokumentin ulkomitta voi olla maksimissaan 210 x 297 mm.<br \/>\u2022 Liitteen nimen sallitut merkit ovat tavallisia kirjoitusmerkkej\u00e4, a-z, A-Z, 0-9. Eth\u00e4n k\u00e4yt\u00e4 erikoismerkkej\u00e4 liitteiden nime\u00e4miseen.<\/p>\t\t\t\t\t\t\t\t<\/div>\n\t\t\t\t<\/div>\n\t\t\t\t<div class=\"elementor-element elementor-element-cff062c elementor-widget elementor-widget-heading\" data-id=\"cff062c\" data-element_type=\"widget\" data-widget_type=\"heading.default\">\n\t\t\t\t<div class=\"elementor-widget-container\">\n\t\t\t\t\t<h2 class=\"elementor-heading-title elementor-size-default\" class=\"elementor-heading-title elementor-size-default\" id=\"laskujen-vastaanotto-postitse-skannauspalveluun\">Laskujen vastaanotto postitse skannauspalveluun<\/h2>\t\t\t\t<\/div>\n\t\t\t\t<\/div>\n\t\t\t\t<div class=\"elementor-element elementor-element-d9841a8 elementor-widget-divider--separator-type-pattern elementor-widget-divider--view-line elementor-widget elementor-widget-divider\" data-id=\"d9841a8\" data-element_type=\"widget\" data-widget_type=\"divider.default\">\n\t\t\t\t<div class=\"elementor-widget-container\">\n\t\t\t\t\t\t\t<div class=\"elementor-divider\" style=\"--divider-pattern-url: url(&quot;data:image\/svg+xml,%3Csvg xmlns=&#039;http:\/\/www.w3.org\/2000\/svg&#039; preserveAspectRatio=&#039;none&#039; overflow=&#039;visible&#039; height=&#039;100%&#039; viewBox=&#039;0 0 20 16&#039; fill=&#039;none&#039; stroke=&#039;black&#039; stroke-width=&#039;1&#039; stroke-linecap=&#039;square&#039; stroke-miterlimit=&#039;10&#039;%3E%3Cg transform=&#039;translate(-12.000000, 0)&#039;%3E%3Cpath d=&#039;M28,0L10,18&#039;\/%3E%3Cpath d=&#039;M18,0L0,18&#039;\/%3E%3Cpath d=&#039;M48,0L30,18&#039;\/%3E%3Cpath d=&#039;M38,0L20,18&#039;\/%3E%3C\/g%3E%3C\/svg%3E&quot;);\">\n\t\t\t<span class=\"elementor-divider-separator\">\n\t\t\t\t\t\t<\/span>\n\t\t<\/div>\n\t\t\t\t\t\t<\/div>\n\t\t\t\t<\/div>\n\t\t\t\t<div class=\"elementor-element elementor-element-214121e elementor-widget elementor-widget-text-editor\" data-id=\"214121e\" data-element_type=\"widget\" data-widget_type=\"text-editor.default\">\n\t\t\t\t<div class=\"elementor-widget-container\">\n\t\t\t\t\t\t\t\t\t<p>Osoitetietojen tulee olla t\u00e4ydellisin\u00e4 sek\u00e4 laskussa ett\u00e4 kirjekuoressa, jotta lasku voidaan v\u00e4litt\u00e4\u00e4 nopeasti ja luotettavasti vastaanottajalleen.<\/p><p><strong>EGN Suomi Oy<br \/>24292255<br \/>PL 100<br \/>80020 Kollektor Scan<\/strong><\/p><p>\u2022 L\u00e4het\u00e4th\u00e4n skannausosoitteeseen ainoastaan laskumateriaalia. N\u00e4m\u00e4 postit luetaan automaattisesti yrityksemme reskontraan, eik\u00e4 mik\u00e4\u00e4n muu materiaali (esimerkiksi kuitit, liikelahjat, luottokortit ja p\u00e4\u00e4syliput) saavuta vastaanottajaansa t\u00e4t\u00e4 kautta.<br \/>\u2022 K\u00e4yt\u00e4th\u00e4n mieluiten tekstiss\u00e4 vain mustaa v\u00e4ri\u00e4 valkoisella pohjalla: se antaa selkeimm\u00e4n lopputuloksen laskun tietojen tunnistusta varten.<br \/>\u2022 Eth\u00e4n k\u00e4yt\u00e4 niittej\u00e4 skannauspalveluun l\u00e4hetetyiss\u00e4 laskuissa.<\/p>\t\t\t\t\t\t\t\t<\/div>\n\t\t\t\t<\/div>\n\t\t\t\t\t<\/div>\n\t\t<\/div>\n\t\t\t\t\t<\/div>\n\t\t<\/section>\n\t\t\t\t<\/div>\n\t\t","protected":false},"excerpt":{"rendered":"<p>Laskutustiedot EGN Suomen k\u00e4yt\u00f6ss\u00e4 on osto- ja myyntilaskujen s\u00e4hk\u00f6inen k\u00e4sittely, jonka vuoksi vastaanotamme ja l\u00e4het\u00e4mme laskut mieluiten verkkolaskuina. Mik\u00e4li yrityksell\u00e4nne ei ole mahdollisuutta toimittaa verkkolaskuja tai l\u00e4hett\u00e4\u00e4 laskuja s\u00e4hk\u00f6postilla, voitte l\u00e4hett\u00e4\u00e4 paperilaskut skannauspalveluosoitteeseen. Emme vastaanota laskuja k\u00e4yntiosoitteeseemme. Verkkolaskut EGN Suomi Oy, 2429225-5 Verkkolaskuosoite: 003724292255 Operaattori: Maventa (003721291126) V\u00e4litt\u00e4j\u00e4tunnus pankkiverkosta l\u00e4hetett\u00e4ess\u00e4: DABAFIHH* Verkkolaskuosoite: FI8980200710467407 Operaattori: Danske<a href=\"https:\/\/egn.com\/fi\/laskutustiedot\/\">Jatka lukemista <span class=\"sr-only\">&#8221;Laskutustiedot&#8221;<\/span><\/a><\/p>\n","protected":false},"author":17,"featured_media":0,"parent":0,"menu_order":0,"comment_status":"closed","ping_status":"closed","template":"elementor_header_footer","meta":{"_acf_changed":false,"footnotes":""},"class_list":["post-10563","page","type-page","status-publish","hentry"],"acf":[],"yoast_head":"<title>Laskutustiedot | EGN Suomi<\/title>\n<meta name=\"robots\" content=\"index, follow, max-snippet:-1, max-image-preview:large, max-video-preview:-1\" \/>\n<link rel=\"canonical\" href=\"https:\/\/egn.com\/fi\/laskutustiedot\/\" \/>\n<meta property=\"og:locale\" content=\"fi_FI\" \/>\n<meta property=\"og:type\" content=\"article\" \/>\n<meta property=\"og:title\" content=\"Laskutustiedot\" \/>\n<meta property=\"og:description\" content=\"Laskutustiedot EGN Suomen k\u00e4yt\u00f6ss\u00e4 on osto- ja myyntilaskujen s\u00e4hk\u00f6inen k\u00e4sittely, jonka vuoksi vastaanotamme ja l\u00e4het\u00e4mme laskut mieluiten\" \/>\n<meta property=\"og:url\" content=\"https:\/\/egn.com\/fi\/laskutustiedot\/\" \/>\n<meta property=\"og:site_name\" content=\"EGN Finland\" \/>\n<meta property=\"article:publisher\" content=\"https:\/\/www.facebook.com\/EGNSuomi\" \/>\n<meta property=\"article:modified_time\" content=\"2022-11-10T09:19:46+00:00\" \/>\n<meta name=\"twitter:card\" content=\"summary_large_image\" \/>\n<meta name=\"twitter:label1\" content=\"Arvioitu lukuaika\" \/>\n\t<meta name=\"twitter:data1\" content=\"2 minuuttia\" \/>\n<script type=\"application\/ld+json\" class=\"yoast-schema-graph\">{\"@context\":\"https:\\\/\\\/schema.org\",\"@graph\":[{\"@type\":\"WebPage\",\"@id\":\"https:\\\/\\\/egn.com\\\/fi\\\/laskutustiedot\\\/\",\"url\":\"https:\\\/\\\/egn.com\\\/fi\\\/laskutustiedot\\\/\",\"name\":\"Laskutustiedot | EGN Suomi\",\"isPartOf\":{\"@id\":\"https:\\\/\\\/egn.com\\\/fi\\\/#website\"},\"datePublished\":\"2021-05-18T08:02:10+00:00\",\"dateModified\":\"2022-11-10T09:19:46+00:00\",\"breadcrumb\":{\"@id\":\"https:\\\/\\\/egn.com\\\/fi\\\/laskutustiedot\\\/#breadcrumb\"},\"inLanguage\":\"fi\",\"potentialAction\":[{\"@type\":\"ReadAction\",\"target\":[\"https:\\\/\\\/egn.com\\\/fi\\\/laskutustiedot\\\/\"]}]},{\"@type\":\"BreadcrumbList\",\"@id\":\"https:\\\/\\\/egn.com\\\/fi\\\/laskutustiedot\\\/#breadcrumb\",\"itemListElement\":[{\"@type\":\"ListItem\",\"position\":1,\"name\":\"Etusivu\",\"item\":\"https:\\\/\\\/egn.com\\\/fi\\\/\"},{\"@type\":\"ListItem\",\"position\":2,\"name\":\"Laskutustiedot\"}]},{\"@type\":\"WebSite\",\"@id\":\"https:\\\/\\\/egn.com\\\/fi\\\/#website\",\"url\":\"https:\\\/\\\/egn.com\\\/fi\\\/\",\"name\":\"EGN Finland\",\"description\":\"\",\"publisher\":{\"@id\":\"https:\\\/\\\/egn.com\\\/fi\\\/#organization\"},\"potentialAction\":[{\"@type\":\"SearchAction\",\"target\":{\"@type\":\"EntryPoint\",\"urlTemplate\":\"https:\\\/\\\/egn.com\\\/fi\\\/?s={search_term_string}\"},\"query-input\":{\"@type\":\"PropertyValueSpecification\",\"valueRequired\":true,\"valueName\":\"search_term_string\"}}],\"inLanguage\":\"fi\"},{\"@type\":\"Organization\",\"@id\":\"https:\\\/\\\/egn.com\\\/fi\\\/#organization\",\"name\":\"EGN Suomi\",\"alternateName\":\"EGN\",\"url\":\"https:\\\/\\\/egn.com\\\/fi\\\/\",\"logo\":{\"@type\":\"ImageObject\",\"inLanguage\":\"fi\",\"@id\":\"https:\\\/\\\/egn.com\\\/fi\\\/#\\\/schema\\\/logo\\\/image\\\/\",\"url\":\"https:\\\/\\\/egn.com\\\/fi\\\/wp-content\\\/uploads\\\/sites\\\/8\\\/2026\\\/02\\\/EGN.png\",\"contentUrl\":\"https:\\\/\\\/egn.com\\\/fi\\\/wp-content\\\/uploads\\\/sites\\\/8\\\/2026\\\/02\\\/EGN.png\",\"width\":2185,\"height\":699,\"caption\":\"EGN Suomi\"},\"image\":{\"@id\":\"https:\\\/\\\/egn.com\\\/fi\\\/#\\\/schema\\\/logo\\\/image\\\/\"},\"sameAs\":[\"https:\\\/\\\/www.facebook.com\\\/EGNSuomi\",\"https:\\\/\\\/www.linkedin.com\\\/company\\\/egn-suomi\"],\"description\":\"EGN Suomi perustettiin loppuvuodesta 2011 ja toiminta aloitettiin myynti- ja toimitusjohtajien kollegaryhmill\u00e4. T\u00e4n\u00e4 p\u00e4iv\u00e4n\u00e4 meill\u00e4 on yli 40 ryhm\u00e4\u00e4, joissa yhdistyv\u00e4t suurimpien yritysten huippuammattilaiset ja luottamukselliset, ammattitaitoisesti fasilitoidut tapaamiset.\",\"email\":\"info.fi@egn.com\",\"telephone\":\"+358 20 741 9540\"}]}<\/script>","yoast_head_json":{"title":"Laskutustiedot | EGN Suomi","robots":{"index":"index","follow":"follow","max-snippet":"max-snippet:-1","max-image-preview":"max-image-preview:large","max-video-preview":"max-video-preview:-1"},"canonical":"https:\/\/egn.com\/fi\/laskutustiedot\/","og_locale":"fi_FI","og_type":"article","og_title":"Laskutustiedot","og_description":"Laskutustiedot EGN Suomen k\u00e4yt\u00f6ss\u00e4 on osto- ja myyntilaskujen s\u00e4hk\u00f6inen k\u00e4sittely, jonka vuoksi vastaanotamme ja l\u00e4het\u00e4mme laskut mieluiten","og_url":"https:\/\/egn.com\/fi\/laskutustiedot\/","og_site_name":"EGN Finland","article_publisher":"https:\/\/www.facebook.com\/EGNSuomi","article_modified_time":"2022-11-10T09:19:46+00:00","twitter_card":"summary_large_image","twitter_misc":{"Arvioitu lukuaika":"2 minuuttia"},"schema":{"@context":"https:\/\/schema.org","@graph":[{"@type":"WebPage","@id":"https:\/\/egn.com\/fi\/laskutustiedot\/","url":"https:\/\/egn.com\/fi\/laskutustiedot\/","name":"Laskutustiedot | EGN Suomi","isPartOf":{"@id":"https:\/\/egn.com\/fi\/#website"},"datePublished":"2021-05-18T08:02:10+00:00","dateModified":"2022-11-10T09:19:46+00:00","breadcrumb":{"@id":"https:\/\/egn.com\/fi\/laskutustiedot\/#breadcrumb"},"inLanguage":"fi","potentialAction":[{"@type":"ReadAction","target":["https:\/\/egn.com\/fi\/laskutustiedot\/"]}]},{"@type":"BreadcrumbList","@id":"https:\/\/egn.com\/fi\/laskutustiedot\/#breadcrumb","itemListElement":[{"@type":"ListItem","position":1,"name":"Etusivu","item":"https:\/\/egn.com\/fi\/"},{"@type":"ListItem","position":2,"name":"Laskutustiedot"}]},{"@type":"WebSite","@id":"https:\/\/egn.com\/fi\/#website","url":"https:\/\/egn.com\/fi\/","name":"EGN Finland","description":"","publisher":{"@id":"https:\/\/egn.com\/fi\/#organization"},"potentialAction":[{"@type":"SearchAction","target":{"@type":"EntryPoint","urlTemplate":"https:\/\/egn.com\/fi\/?s={search_term_string}"},"query-input":{"@type":"PropertyValueSpecification","valueRequired":true,"valueName":"search_term_string"}}],"inLanguage":"fi"},{"@type":"Organization","@id":"https:\/\/egn.com\/fi\/#organization","name":"EGN Suomi","alternateName":"EGN","url":"https:\/\/egn.com\/fi\/","logo":{"@type":"ImageObject","inLanguage":"fi","@id":"https:\/\/egn.com\/fi\/#\/schema\/logo\/image\/","url":"https:\/\/egn.com\/fi\/wp-content\/uploads\/sites\/8\/2026\/02\/EGN.png","contentUrl":"https:\/\/egn.com\/fi\/wp-content\/uploads\/sites\/8\/2026\/02\/EGN.png","width":2185,"height":699,"caption":"EGN Suomi"},"image":{"@id":"https:\/\/egn.com\/fi\/#\/schema\/logo\/image\/"},"sameAs":["https:\/\/www.facebook.com\/EGNSuomi","https:\/\/www.linkedin.com\/company\/egn-suomi"],"description":"EGN Suomi perustettiin loppuvuodesta 2011 ja toiminta aloitettiin myynti- ja toimitusjohtajien kollegaryhmill\u00e4. T\u00e4n\u00e4 p\u00e4iv\u00e4n\u00e4 meill\u00e4 on yli 40 ryhm\u00e4\u00e4, joissa yhdistyv\u00e4t suurimpien yritysten huippuammattilaiset ja luottamukselliset, ammattitaitoisesti fasilitoidut tapaamiset.","email":"info.fi@egn.com","telephone":"+358 20 741 9540"}]}},"_links":{"self":[{"href":"https:\/\/egn.com\/fi\/wp-json\/wp\/v2\/pages\/10563","targetHints":{"allow":["GET"]}}],"collection":[{"href":"https:\/\/egn.com\/fi\/wp-json\/wp\/v2\/pages"}],"about":[{"href":"https:\/\/egn.com\/fi\/wp-json\/wp\/v2\/types\/page"}],"author":[{"embeddable":true,"href":"https:\/\/egn.com\/fi\/wp-json\/wp\/v2\/users\/17"}],"replies":[{"embeddable":true,"href":"https:\/\/egn.com\/fi\/wp-json\/wp\/v2\/comments?post=10563"}],"version-history":[{"count":3,"href":"https:\/\/egn.com\/fi\/wp-json\/wp\/v2\/pages\/10563\/revisions"}],"predecessor-version":[{"id":15005,"href":"https:\/\/egn.com\/fi\/wp-json\/wp\/v2\/pages\/10563\/revisions\/15005"}],"wp:attachment":[{"href":"https:\/\/egn.com\/fi\/wp-json\/wp\/v2\/media?parent=10563"}],"curies":[{"name":"wp","href":"https:\/\/api.w.org\/{rel}","templated":true}]}}