{"id":13009,"date":"2021-10-15T12:29:02","date_gmt":"2021-10-15T09:29:02","guid":{"rendered":"https:\/\/egn.com\/fi\/?page_id=13009"},"modified":"2021-11-04T12:41:20","modified_gmt":"2021-11-04T10:41:20","slug":"jasentarinat","status":"publish","type":"page","link":"https:\/\/egn.com\/fi\/jasentarinat\/","title":{"rendered":"J\u00e4sentarinat"},"content":{"rendered":"\t\t<div data-elementor-type=\"wp-page\" data-elementor-id=\"13009\" class=\"elementor elementor-13009\">\n\t\t\t\t\t\t<section class=\"elementor-section elementor-top-section elementor-element elementor-element-50f1677d elementor-section-height-min-height elementor-section-boxed elementor-section-height-default elementor-section-items-middle\" data-id=\"50f1677d\" data-element_type=\"section\" data-settings=\"{&quot;background_background&quot;:&quot;classic&quot;}\">\n\t\t\t\t\t\t<div class=\"elementor-container elementor-column-gap-default\">\n\t\t\t\t\t<div class=\"elementor-column elementor-col-100 elementor-top-column elementor-element elementor-element-6dd8c676\" data-id=\"6dd8c676\" data-element_type=\"column\">\n\t\t\t<div class=\"elementor-widget-wrap elementor-element-populated\">\n\t\t\t\t\t\t<div class=\"elementor-element elementor-element-3fbab979 elementor-widget elementor-widget-heading\" data-id=\"3fbab979\" data-element_type=\"widget\" data-widget_type=\"heading.default\">\n\t\t\t\t<div class=\"elementor-widget-container\">\n\t\t\t\t\t<h1 class=\"elementor-heading-title elementor-size-default\">J\u00e4sentarinat<\/h1>\t\t\t\t<\/div>\n\t\t\t\t<\/div>\n\t\t\t\t\t<\/div>\n\t\t<\/div>\n\t\t\t\t\t<\/div>\n\t\t<\/section>\n\t\t\t\t<section class=\"elementor-section elementor-top-section elementor-element elementor-element-16b86ae9 elementor-section-height-min-height elementor-section-boxed elementor-section-height-default elementor-section-items-middle\" data-id=\"16b86ae9\" data-element_type=\"section\" data-settings=\"{&quot;background_background&quot;:&quot;gradient&quot;}\">\n\t\t\t\t\t\t<div class=\"elementor-container elementor-column-gap-default\">\n\t\t\t\t\t<div class=\"elementor-column elementor-col-100 elementor-top-column elementor-element elementor-element-30477677\" data-id=\"30477677\" data-element_type=\"column\">\n\t\t\t<div class=\"elementor-widget-wrap\">\n\t\t\t\t\t\t\t<\/div>\n\t\t<\/div>\n\t\t\t\t\t<\/div>\n\t\t<\/section>\n\t\t\t\t<section class=\"elementor-section elementor-top-section elementor-element elementor-element-39152c1b elementor-section-boxed elementor-section-height-default elementor-section-height-default\" data-id=\"39152c1b\" data-element_type=\"section\" data-settings=\"{&quot;background_background&quot;:&quot;classic&quot;}\">\n\t\t\t\t\t\t<div class=\"elementor-container elementor-column-gap-default\">\n\t\t\t\t\t<div class=\"elementor-column elementor-col-100 elementor-top-column elementor-element elementor-element-47362d5b\" data-id=\"47362d5b\" data-element_type=\"column\">\n\t\t\t<div class=\"elementor-widget-wrap elementor-element-populated\">\n\t\t\t\t\t\t<div class=\"elementor-element elementor-element-77fe8b97 elementor-widget elementor-widget-heading\" data-id=\"77fe8b97\" data-element_type=\"widget\" data-widget_type=\"heading.default\">\n\t\t\t\t<div class=\"elementor-widget-container\">\n\t\t\t\t\t<h2 class=\"elementor-heading-title elementor-size-default\" class=\"elementor-heading-title elementor-size-default\" id=\"jasentemme-kokemuksia\">J\u00e4sentemme kokemuksia<\/h2>\t\t\t\t<\/div>\n\t\t\t\t<\/div>\n\t\t\t\t<div class=\"elementor-element elementor-element-68974e93 elementor-widget elementor-widget-text-editor\" data-id=\"68974e93\" data-element_type=\"widget\" data-widget_type=\"text-editor.default\">\n\t\t\t\t<div class=\"elementor-widget-container\">\n\t\t\t\t\t\t\t\t\t<p>Kollegaverkostomme koostuu keskisuurten ja suurten yritysten kokeneista ammattilaisista. Lue j\u00e4sentemme kokemuksia kollegaryhmist\u00e4 ja niist\u00e4 saatavista hy\u00f6dyist\u00e4.&nbsp;<\/p>\t\t\t\t\t\t\t\t<\/div>\n\t\t\t\t<\/div>\n\t\t\t\t<div class=\"elementor-element elementor-element-2155a42b elementor-widget-divider--view-line elementor-widget elementor-widget-divider\" data-id=\"2155a42b\" data-element_type=\"widget\" data-widget_type=\"divider.default\">\n\t\t\t\t<div class=\"elementor-widget-container\">\n\t\t\t\t\t\t\t<div class=\"elementor-divider\">\n\t\t\t<span class=\"elementor-divider-separator\">\n\t\t\t\t\t\t<\/span>\n\t\t<\/div>\n\t\t\t\t\t\t<\/div>\n\t\t\t\t<\/div>\n\t\t\t\t<div class=\"elementor-element elementor-element-0dd4fff elementor-grid-3 elementor-grid-tablet-2 elementor-grid-mobile-1 elementor-widget elementor-widget-pp-posts\" data-id=\"0dd4fff\" data-element_type=\"widget\" data-widget_type=\"pp-posts.classic\">\n\t\t\t\t<div class=\"elementor-widget-container\">\n\t\t\t\t\t\t\t<div class=\"pp-posts-container\">\n\t\t\t\n\t\t\t\t\t\t\t\t\t\t\n\t\t\t<div class=\"pp-posts pp-posts-skin-classic elementor-grid pp-posts-grid\" data-query-type=\"custom\" data-layout=\"grid\" data-page=\"13009\" data-skin=\"classic\">\n\t\t\t\t\t\t\t\t\t\t\t<div class=\"pp-post-wrap pp-grid-item-wrap elementor-grid-item post-13554 post type-post status-publish format-standard has-post-thumbnail hentry category-jasentarinat tag-digitalisaatio tag-jasenreferenssi tag-jasentarina tag-joki-ict\">\n\t\t\t\t\t\t<div class=\"pp-post pp-grid-item\">\n\t\t\t\t\t\t<div class=\"pp-post-thumbnail\">\n\t\t\t<a class=\"pp-post-thumbnail-wrap\" href=\"https:\/\/egn.com\/fi\/jasentarinat\/substanssiosaaminen-ja-uudet-nakokulmat-kohtaavat-kollegaryhmassa\/\" title=\"Substanssiosaaminen ja uudet n\u00e4k\u00f6kulmat kohtaavat kollegaryhm\u00e4ss\u00e4\">\n\t\t\t\t<img fetchpriority=\"high\" decoding=\"async\" width=\"1024\" height=\"684\" src=\"https:\/\/egn.com\/fi\/wp-content\/uploads\/sites\/8\/2021\/11\/JOKIICT-1024x684.jpg\" class=\"attachment-large size-large wp-image-13572\" alt=\"Joki ICT Petri Kinnunen\" srcset=\"https:\/\/egn.com\/fi\/wp-content\/uploads\/sites\/8\/2021\/11\/JOKIICT-1024x684.jpg 1024w, https:\/\/egn.com\/fi\/wp-content\/uploads\/sites\/8\/2021\/11\/JOKIICT-768x513.jpg 768w, https:\/\/egn.com\/fi\/wp-content\/uploads\/sites\/8\/2021\/11\/JOKIICT-1536x1025.jpg 1536w, https:\/\/egn.com\/fi\/wp-content\/uploads\/sites\/8\/2021\/11\/JOKIICT-2048x1367.jpg 2048w, https:\/\/egn.com\/fi\/wp-content\/uploads\/sites\/8\/2021\/11\/JOKIICT-830x554.jpg 830w, https:\/\/egn.com\/fi\/wp-content\/uploads\/sites\/8\/2021\/11\/JOKIICT-230x154.jpg 230w, https:\/\/egn.com\/fi\/wp-content\/uploads\/sites\/8\/2021\/11\/JOKIICT-350x234.jpg 350w, https:\/\/egn.com\/fi\/wp-content\/uploads\/sites\/8\/2021\/11\/JOKIICT-480x320.jpg 480w, https:\/\/egn.com\/fi\/wp-content\/uploads\/sites\/8\/2021\/11\/JOKIICT-24x16.jpg 24w, https:\/\/egn.com\/fi\/wp-content\/uploads\/sites\/8\/2021\/11\/JOKIICT-36x24.jpg 36w, https:\/\/egn.com\/fi\/wp-content\/uploads\/sites\/8\/2021\/11\/JOKIICT-48x32.jpg 48w\" sizes=\"(max-width: 1024px) 100vw, 1024px\" \/>\t\t\t<\/a>\n\t\t<\/div>\n\t\t\n\t\t\t\t\n\t\t\t\t<div class=\"pp-post-content-wrap\">\n\t\t\t\t\t<div class=\"pp-post-content\">\n\t\t\t\t\t\t\t\t\t\t\t\t<h2 class=\"pp-post-title\">\n\t\t\t\t<a href=\"https:\/\/egn.com\/fi\/jasentarinat\/substanssiosaaminen-ja-uudet-nakokulmat-kohtaavat-kollegaryhmassa\/\">Substanssiosaaminen ja uudet n\u00e4k\u00f6kulmat kohtaavat kollegaryhm\u00e4ss\u00e4<\/a>\t\t\t<\/h2>\n\t\t\t\t\t\t\t<div class=\"pp-post-excerpt\">\n\t\t\tJoki ICT:n toimitusjohtaja Petri Kinnunen liittyi EGN Suomen kollegaryhm\u00e4\u00e4n vuonna 2016. Petri kuuluu Digitalisaation ja tietojohtamisen ryhm\u00e4\u00e4n, joka keskittyy digitalisaation mahdollistaman datan ker\u00e4ykseen, varastointiin, analysointiin...\t\t<\/div>\n\t\t\t\t\t\t\t\t\t<\/div>\n\t\t\t\t\t\t\t\t\t<a class=\"pp-posts-button elementor-button elementor-size-sm\" href=\"https:\/\/egn.com\/fi\/jasentarinat\/substanssiosaaminen-ja-uudet-nakokulmat-kohtaavat-kollegaryhmassa\/\" title=\"Substanssiosaaminen ja uudet n\u00e4k\u00f6kulmat kohtaavat kollegaryhm\u00e4ss\u00e4\" aria-label=\"Read more about Substanssiosaaminen ja uudet n\u00e4k\u00f6kulmat kohtaavat kollegaryhm\u00e4ss\u00e4\">\n\t\t\t\t\t\t\t\t\t\t<span class=\"pp-button-text\">\n\t\t\t\t\tLue lis\u00e4\u00e4 \u2192\t\t\t\t<\/span>\n\t\t\t\t\t\t\t\t\t<span class=\"pp-button-icon elementor-button-icon elementor-align-icon-right\">\n\t\t\t\t\t\t\t<\/span>\n\t\t\t\t\t<\/a>\n\t\t\t\t\t\t\t\t<\/div>\n\n\t\t\t\t\t\t\t<\/div>\n\t\t\t\t\t<\/div>\n\t\t\t\t\t\t\t\t\t<\/div>\n\t\t\t\n\t\t\t\n\t\t\t\n\t\t\t\n\t\t\t\t\t\t\t\t\t\t\t\t<\/div>\n\n\t\t\n\t\t\t\t\t\t<\/div>\n\t\t\t\t<\/div>\n\t\t\t\t\t<\/div>\n\t\t<\/div>\n\t\t\t\t\t<\/div>\n\t\t<\/section>\n\t\t\t\t<\/div>\n\t\t","protected":false},"excerpt":{"rendered":"<p>J\u00e4sentarinat J\u00e4sentemme kokemuksia Kollegaverkostomme koostuu keskisuurten ja suurten yritysten kokeneista ammattilaisista. Lue j\u00e4sentemme kokemuksia kollegaryhmist\u00e4 ja niist\u00e4 saatavista hy\u00f6dyist\u00e4.&nbsp; Kollegaryhm\u00e4n vaihdos tuki uuden ty\u00f6nkuvan luomia tarpeita Luvatalla ty\u00f6skentelev\u00e4 Tuomas Korvenkangas liittyi EGN Suomen Tuotejohdon kollegaryhm\u00e4\u00e4n vuonna 2019. T\u00e4n\u00e4 vuonna Tuomaksen ty\u00f6nkuva muuttui Sales Director -roolin my\u00f6t\u00e4 ja vaihto strategisen johdon Cross&#8230; Lue lis\u00e4\u00e4 \u2192<\/p>\n","protected":false},"author":17,"featured_media":0,"parent":0,"menu_order":0,"comment_status":"closed","ping_status":"closed","template":"elementor_header_footer","meta":{"_acf_changed":false,"footnotes":""},"class_list":["post-13009","page","type-page","status-publish","hentry"],"acf":[],"yoast_head":"<title>J\u00e4sentarinat | Kokemuksia kollegaryhm\u00e4st\u00e4 | EGN Suomi<\/title>\n<meta name=\"description\" content=\"Tunnettujen yritysten asiantuntijat ja johtajat muodostavat kovatasoisen verkostomme. Lue j\u00e4sentemme kokemuksia kollegaryhmist\u00e4.\" \/>\n<meta name=\"robots\" content=\"index, follow, max-snippet:-1, max-image-preview:large, max-video-preview:-1\" \/>\n<link rel=\"canonical\" href=\"https:\/\/egn.com\/fi\/jasentarinat\/\" \/>\n<meta property=\"og:locale\" content=\"fi_FI\" \/>\n<meta property=\"og:type\" content=\"article\" \/>\n<meta property=\"og:title\" content=\"J\u00e4sentarinat\" \/>\n<meta property=\"og:description\" content=\"J\u00e4sentarinat J\u00e4sentemme kokemuksia Kollegaverkostomme koostuu keskisuurten ja suurten yritysten kokeneista ammattilaisista. Lue j\u00e4sentemme kokemuksia\" \/>\n<meta property=\"og:url\" content=\"https:\/\/egn.com\/fi\/jasentarinat\/\" \/>\n<meta property=\"og:site_name\" content=\"EGN Finland\" \/>\n<meta property=\"article:publisher\" content=\"https:\/\/www.facebook.com\/EGNSuomi\" \/>\n<meta property=\"article:modified_time\" content=\"2021-11-04T10:41:20+00:00\" \/>\n<meta property=\"og:image\" content=\"https:\/\/egn.com\/fi\/wp-content\/uploads\/sites\/8\/2021\/11\/Tuomas-Korvenkangas-Luvata-1.png\" \/>\n<meta name=\"twitter:card\" content=\"summary_large_image\" \/>\n<meta name=\"twitter:label1\" content=\"Arvioitu lukuaika\" \/>\n\t<meta name=\"twitter:data1\" content=\"8 minuuttia\" \/>\n<script type=\"application\/ld+json\" class=\"yoast-schema-graph\">{\"@context\":\"https:\\\/\\\/schema.org\",\"@graph\":[{\"@type\":\"WebPage\",\"@id\":\"https:\\\/\\\/egn.com\\\/fi\\\/jasentarinat\\\/\",\"url\":\"https:\\\/\\\/egn.com\\\/fi\\\/jasentarinat\\\/\",\"name\":\"J\u00e4sentarinat | Kokemuksia kollegaryhm\u00e4st\u00e4 | EGN Suomi\",\"isPartOf\":{\"@id\":\"https:\\\/\\\/egn.com\\\/fi\\\/#website\"},\"primaryImageOfPage\":{\"@id\":\"https:\\\/\\\/egn.com\\\/fi\\\/jasentarinat\\\/#primaryimage\"},\"image\":{\"@id\":\"https:\\\/\\\/egn.com\\\/fi\\\/jasentarinat\\\/#primaryimage\"},\"thumbnailUrl\":\"https:\\\/\\\/egn.com\\\/fi\\\/wp-content\\\/uploads\\\/sites\\\/8\\\/2021\\\/11\\\/Tuomas-Korvenkangas-Luvata-1.png\",\"datePublished\":\"2021-10-15T09:29:02+00:00\",\"dateModified\":\"2021-11-04T10:41:20+00:00\",\"description\":\"Tunnettujen yritysten asiantuntijat ja johtajat muodostavat kovatasoisen verkostomme. Lue j\u00e4sentemme kokemuksia kollegaryhmist\u00e4.\",\"breadcrumb\":{\"@id\":\"https:\\\/\\\/egn.com\\\/fi\\\/jasentarinat\\\/#breadcrumb\"},\"inLanguage\":\"fi\",\"potentialAction\":[{\"@type\":\"ReadAction\",\"target\":[\"https:\\\/\\\/egn.com\\\/fi\\\/jasentarinat\\\/\"]}]},{\"@type\":\"ImageObject\",\"inLanguage\":\"fi\",\"@id\":\"https:\\\/\\\/egn.com\\\/fi\\\/jasentarinat\\\/#primaryimage\",\"url\":\"https:\\\/\\\/egn.com\\\/fi\\\/wp-content\\\/uploads\\\/sites\\\/8\\\/2021\\\/11\\\/Tuomas-Korvenkangas-Luvata-1.png\",\"contentUrl\":\"https:\\\/\\\/egn.com\\\/fi\\\/wp-content\\\/uploads\\\/sites\\\/8\\\/2021\\\/11\\\/Tuomas-Korvenkangas-Luvata-1.png\",\"width\":900,\"height\":500},{\"@type\":\"BreadcrumbList\",\"@id\":\"https:\\\/\\\/egn.com\\\/fi\\\/jasentarinat\\\/#breadcrumb\",\"itemListElement\":[{\"@type\":\"ListItem\",\"position\":1,\"name\":\"Etusivu\",\"item\":\"https:\\\/\\\/egn.com\\\/fi\\\/\"},{\"@type\":\"ListItem\",\"position\":2,\"name\":\"J\u00e4sentarinat\"}]},{\"@type\":\"WebSite\",\"@id\":\"https:\\\/\\\/egn.com\\\/fi\\\/#website\",\"url\":\"https:\\\/\\\/egn.com\\\/fi\\\/\",\"name\":\"EGN Finland\",\"description\":\"\",\"publisher\":{\"@id\":\"https:\\\/\\\/egn.com\\\/fi\\\/#organization\"},\"potentialAction\":[{\"@type\":\"SearchAction\",\"target\":{\"@type\":\"EntryPoint\",\"urlTemplate\":\"https:\\\/\\\/egn.com\\\/fi\\\/?s={search_term_string}\"},\"query-input\":{\"@type\":\"PropertyValueSpecification\",\"valueRequired\":true,\"valueName\":\"search_term_string\"}}],\"inLanguage\":\"fi\"},{\"@type\":\"Organization\",\"@id\":\"https:\\\/\\\/egn.com\\\/fi\\\/#organization\",\"name\":\"EGN Suomi\",\"alternateName\":\"EGN\",\"url\":\"https:\\\/\\\/egn.com\\\/fi\\\/\",\"logo\":{\"@type\":\"ImageObject\",\"inLanguage\":\"fi\",\"@id\":\"https:\\\/\\\/egn.com\\\/fi\\\/#\\\/schema\\\/logo\\\/image\\\/\",\"url\":\"https:\\\/\\\/egn.com\\\/fi\\\/wp-content\\\/uploads\\\/sites\\\/8\\\/2026\\\/02\\\/EGN.png\",\"contentUrl\":\"https:\\\/\\\/egn.com\\\/fi\\\/wp-content\\\/uploads\\\/sites\\\/8\\\/2026\\\/02\\\/EGN.png\",\"width\":2185,\"height\":699,\"caption\":\"EGN Suomi\"},\"image\":{\"@id\":\"https:\\\/\\\/egn.com\\\/fi\\\/#\\\/schema\\\/logo\\\/image\\\/\"},\"sameAs\":[\"https:\\\/\\\/www.facebook.com\\\/EGNSuomi\",\"https:\\\/\\\/www.linkedin.com\\\/company\\\/egn-suomi\"],\"description\":\"EGN Suomi perustettiin loppuvuodesta 2011 ja toiminta aloitettiin myynti- ja toimitusjohtajien kollegaryhmill\u00e4. T\u00e4n\u00e4 p\u00e4iv\u00e4n\u00e4 meill\u00e4 on yli 40 ryhm\u00e4\u00e4, joissa yhdistyv\u00e4t suurimpien yritysten huippuammattilaiset ja luottamukselliset, ammattitaitoisesti fasilitoidut tapaamiset.\",\"email\":\"info.fi@egn.com\",\"telephone\":\"+358 20 741 9540\"}]}<\/script>","yoast_head_json":{"title":"J\u00e4sentarinat | Kokemuksia kollegaryhm\u00e4st\u00e4 | EGN Suomi","description":"Tunnettujen yritysten asiantuntijat ja johtajat muodostavat kovatasoisen verkostomme. Lue j\u00e4sentemme kokemuksia kollegaryhmist\u00e4.","robots":{"index":"index","follow":"follow","max-snippet":"max-snippet:-1","max-image-preview":"max-image-preview:large","max-video-preview":"max-video-preview:-1"},"canonical":"https:\/\/egn.com\/fi\/jasentarinat\/","og_locale":"fi_FI","og_type":"article","og_title":"J\u00e4sentarinat","og_description":"J\u00e4sentarinat J\u00e4sentemme kokemuksia Kollegaverkostomme koostuu keskisuurten ja suurten yritysten kokeneista ammattilaisista. Lue j\u00e4sentemme kokemuksia","og_url":"https:\/\/egn.com\/fi\/jasentarinat\/","og_site_name":"EGN Finland","article_publisher":"https:\/\/www.facebook.com\/EGNSuomi","article_modified_time":"2021-11-04T10:41:20+00:00","og_image":[{"url":"https:\/\/egn.com\/fi\/wp-content\/uploads\/sites\/8\/2021\/11\/Tuomas-Korvenkangas-Luvata-1.png","type":"","width":"","height":""}],"twitter_card":"summary_large_image","twitter_misc":{"Arvioitu lukuaika":"8 minuuttia"},"schema":{"@context":"https:\/\/schema.org","@graph":[{"@type":"WebPage","@id":"https:\/\/egn.com\/fi\/jasentarinat\/","url":"https:\/\/egn.com\/fi\/jasentarinat\/","name":"J\u00e4sentarinat | Kokemuksia kollegaryhm\u00e4st\u00e4 | EGN Suomi","isPartOf":{"@id":"https:\/\/egn.com\/fi\/#website"},"primaryImageOfPage":{"@id":"https:\/\/egn.com\/fi\/jasentarinat\/#primaryimage"},"image":{"@id":"https:\/\/egn.com\/fi\/jasentarinat\/#primaryimage"},"thumbnailUrl":"https:\/\/egn.com\/fi\/wp-content\/uploads\/sites\/8\/2021\/11\/Tuomas-Korvenkangas-Luvata-1.png","datePublished":"2021-10-15T09:29:02+00:00","dateModified":"2021-11-04T10:41:20+00:00","description":"Tunnettujen yritysten asiantuntijat ja johtajat muodostavat kovatasoisen verkostomme. Lue j\u00e4sentemme kokemuksia kollegaryhmist\u00e4.","breadcrumb":{"@id":"https:\/\/egn.com\/fi\/jasentarinat\/#breadcrumb"},"inLanguage":"fi","potentialAction":[{"@type":"ReadAction","target":["https:\/\/egn.com\/fi\/jasentarinat\/"]}]},{"@type":"ImageObject","inLanguage":"fi","@id":"https:\/\/egn.com\/fi\/jasentarinat\/#primaryimage","url":"https:\/\/egn.com\/fi\/wp-content\/uploads\/sites\/8\/2021\/11\/Tuomas-Korvenkangas-Luvata-1.png","contentUrl":"https:\/\/egn.com\/fi\/wp-content\/uploads\/sites\/8\/2021\/11\/Tuomas-Korvenkangas-Luvata-1.png","width":900,"height":500},{"@type":"BreadcrumbList","@id":"https:\/\/egn.com\/fi\/jasentarinat\/#breadcrumb","itemListElement":[{"@type":"ListItem","position":1,"name":"Etusivu","item":"https:\/\/egn.com\/fi\/"},{"@type":"ListItem","position":2,"name":"J\u00e4sentarinat"}]},{"@type":"WebSite","@id":"https:\/\/egn.com\/fi\/#website","url":"https:\/\/egn.com\/fi\/","name":"EGN Finland","description":"","publisher":{"@id":"https:\/\/egn.com\/fi\/#organization"},"potentialAction":[{"@type":"SearchAction","target":{"@type":"EntryPoint","urlTemplate":"https:\/\/egn.com\/fi\/?s={search_term_string}"},"query-input":{"@type":"PropertyValueSpecification","valueRequired":true,"valueName":"search_term_string"}}],"inLanguage":"fi"},{"@type":"Organization","@id":"https:\/\/egn.com\/fi\/#organization","name":"EGN Suomi","alternateName":"EGN","url":"https:\/\/egn.com\/fi\/","logo":{"@type":"ImageObject","inLanguage":"fi","@id":"https:\/\/egn.com\/fi\/#\/schema\/logo\/image\/","url":"https:\/\/egn.com\/fi\/wp-content\/uploads\/sites\/8\/2026\/02\/EGN.png","contentUrl":"https:\/\/egn.com\/fi\/wp-content\/uploads\/sites\/8\/2026\/02\/EGN.png","width":2185,"height":699,"caption":"EGN Suomi"},"image":{"@id":"https:\/\/egn.com\/fi\/#\/schema\/logo\/image\/"},"sameAs":["https:\/\/www.facebook.com\/EGNSuomi","https:\/\/www.linkedin.com\/company\/egn-suomi"],"description":"EGN Suomi perustettiin loppuvuodesta 2011 ja toiminta aloitettiin myynti- ja toimitusjohtajien kollegaryhmill\u00e4. T\u00e4n\u00e4 p\u00e4iv\u00e4n\u00e4 meill\u00e4 on yli 40 ryhm\u00e4\u00e4, joissa yhdistyv\u00e4t suurimpien yritysten huippuammattilaiset ja luottamukselliset, ammattitaitoisesti fasilitoidut tapaamiset.","email":"info.fi@egn.com","telephone":"+358 20 741 9540"}]}},"_links":{"self":[{"href":"https:\/\/egn.com\/fi\/wp-json\/wp\/v2\/pages\/13009","targetHints":{"allow":["GET"]}}],"collection":[{"href":"https:\/\/egn.com\/fi\/wp-json\/wp\/v2\/pages"}],"about":[{"href":"https:\/\/egn.com\/fi\/wp-json\/wp\/v2\/types\/page"}],"author":[{"embeddable":true,"href":"https:\/\/egn.com\/fi\/wp-json\/wp\/v2\/users\/17"}],"replies":[{"embeddable":true,"href":"https:\/\/egn.com\/fi\/wp-json\/wp\/v2\/comments?post=13009"}],"version-history":[{"count":0,"href":"https:\/\/egn.com\/fi\/wp-json\/wp\/v2\/pages\/13009\/revisions"}],"wp:attachment":[{"href":"https:\/\/egn.com\/fi\/wp-json\/wp\/v2\/media?parent=13009"}],"curies":[{"name":"wp","href":"https:\/\/api.w.org\/{rel}","templated":true}]}}