{"id":15445,"date":"2023-04-19T08:57:09","date_gmt":"2023-04-19T05:57:09","guid":{"rendered":"https:\/\/egn.com\/fi\/?page_id=15445"},"modified":"2023-08-03T11:56:40","modified_gmt":"2023-08-03T08:56:40","slug":"financial-member-service-specialist","status":"publish","type":"page","link":"https:\/\/egn.com\/fi\/financial-member-service-specialist\/","title":{"rendered":"Financial \/ Member Service Specialist"},"content":{"rendered":"\t\t<div data-elementor-type=\"wp-page\" data-elementor-id=\"15445\" class=\"elementor elementor-15445\">\n\t\t\t\t\t\t<section class=\"elementor-section elementor-top-section elementor-element elementor-element-264c2bb elementor-section-stretched elementor-section-boxed elementor-section-height-default elementor-section-height-default\" data-id=\"264c2bb\" data-element_type=\"section\" data-settings=\"{&quot;stretch_section&quot;:&quot;section-stretched&quot;}\">\n\t\t\t\t\t\t<div class=\"elementor-container elementor-column-gap-default\">\n\t\t\t\t\t<div class=\"elementor-column elementor-col-100 elementor-top-column elementor-element elementor-element-cb20a92\" data-id=\"cb20a92\" data-element_type=\"column\" data-settings=\"{&quot;background_background&quot;:&quot;classic&quot;}\">\n\t\t\t<div class=\"elementor-widget-wrap elementor-element-populated\">\n\t\t\t\t\t\t<div class=\"elementor-element elementor-element-5a32b96 elementor-widget elementor-widget-image\" data-id=\"5a32b96\" data-element_type=\"widget\" data-widget_type=\"image.default\">\n\t\t\t\t<div class=\"elementor-widget-container\">\n\t\t\t\t\t\t\t\t\t\t\t\t\t\t\t<img fetchpriority=\"high\" decoding=\"async\" width=\"1024\" height=\"536\" src=\"https:\/\/egn.com\/fi\/wp-content\/uploads\/sites\/8\/2023\/04\/Tyopaikka-ilmo-1024x536.png\" class=\"attachment-large size-large wp-image-15446\" alt=\"\" srcset=\"https:\/\/egn.com\/fi\/wp-content\/uploads\/sites\/8\/2023\/04\/Tyopaikka-ilmo-1024x536.png 1024w, https:\/\/egn.com\/fi\/wp-content\/uploads\/sites\/8\/2023\/04\/Tyopaikka-ilmo-768x402.png 768w, https:\/\/egn.com\/fi\/wp-content\/uploads\/sites\/8\/2023\/04\/Tyopaikka-ilmo-830x434.png 830w, https:\/\/egn.com\/fi\/wp-content\/uploads\/sites\/8\/2023\/04\/Tyopaikka-ilmo-230x120.png 230w, https:\/\/egn.com\/fi\/wp-content\/uploads\/sites\/8\/2023\/04\/Tyopaikka-ilmo-350x183.png 350w, https:\/\/egn.com\/fi\/wp-content\/uploads\/sites\/8\/2023\/04\/Tyopaikka-ilmo-480x251.png 480w, https:\/\/egn.com\/fi\/wp-content\/uploads\/sites\/8\/2023\/04\/Tyopaikka-ilmo-24x13.png 24w, https:\/\/egn.com\/fi\/wp-content\/uploads\/sites\/8\/2023\/04\/Tyopaikka-ilmo-36x19.png 36w, https:\/\/egn.com\/fi\/wp-content\/uploads\/sites\/8\/2023\/04\/Tyopaikka-ilmo-48x25.png 48w, https:\/\/egn.com\/fi\/wp-content\/uploads\/sites\/8\/2023\/04\/Tyopaikka-ilmo.png 1200w\" sizes=\"(max-width: 1024px) 100vw, 1024px\" \/>\t\t\t\t\t\t\t\t\t\t\t\t\t\t\t<\/div>\n\t\t\t\t<\/div>\n\t\t\t\t\t<\/div>\n\t\t<\/div>\n\t\t\t\t\t<\/div>\n\t\t<\/section>\n\t\t\t\t<section class=\"elementor-section elementor-top-section elementor-element elementor-element-802ec06 elementor-section-boxed elementor-section-height-default elementor-section-height-default\" data-id=\"802ec06\" data-element_type=\"section\">\n\t\t\t\t\t\t<div class=\"elementor-container elementor-column-gap-default\">\n\t\t\t\t\t<div class=\"elementor-column elementor-col-25 elementor-top-column elementor-element elementor-element-80d2b73\" data-id=\"80d2b73\" data-element_type=\"column\">\n\t\t\t<div class=\"elementor-widget-wrap\">\n\t\t\t\t\t\t\t<\/div>\n\t\t<\/div>\n\t\t\t\t<div class=\"elementor-column elementor-col-25 elementor-top-column elementor-element elementor-element-24d4e98\" data-id=\"24d4e98\" data-element_type=\"column\">\n\t\t\t<div class=\"elementor-widget-wrap elementor-element-populated\">\n\t\t\t\t\t\t<div class=\"elementor-element elementor-element-45ba68f elementor-widget elementor-widget-shortcode\" data-id=\"45ba68f\" data-element_type=\"widget\" data-widget_type=\"shortcode.default\">\n\t\t\t\t<div class=\"elementor-widget-container\">\n\t\t\t\t\t\t\t<div class=\"elementor-shortcode\">[addtoany]<\/div>\n\t\t\t\t\t\t<\/div>\n\t\t\t\t<\/div>\n\t\t\t\t\t<\/div>\n\t\t<\/div>\n\t\t\t\t<div class=\"elementor-column elementor-col-25 elementor-top-column elementor-element elementor-element-340480f\" data-id=\"340480f\" data-element_type=\"column\">\n\t\t\t<div class=\"elementor-widget-wrap elementor-element-populated\">\n\t\t\t\t\t\t<div class=\"elementor-element elementor-element-a530d0f elementor-widget elementor-widget-heading\" data-id=\"a530d0f\" data-element_type=\"widget\" data-widget_type=\"heading.default\">\n\t\t\t\t<div class=\"elementor-widget-container\">\n\t\t\t\t\t<h2 class=\"elementor-heading-title elementor-size-default\">Financial \/ Member Service Specialist<br>\n<br><\/h2>\t\t\t\t<\/div>\n\t\t\t\t<\/div>\n\t\t\t\t<div class=\"elementor-element elementor-element-f2280c3 elementor-widget elementor-widget-text-editor\" data-id=\"f2280c3\" data-element_type=\"widget\" data-widget_type=\"text-editor.default\">\n\t\t\t\t<div class=\"elementor-widget-container\">\n\t\t\t\t\t\t\t\t\t<p>EGN (Executives\u2019 Global Network) on auttanut Suomessa eri toimialojen johtajia ja asiantuntijoita kehittym\u00e4\u00e4n luottamuksellisten kollegaryhmien kautta jo vuodesta 2011. T\u00e4n\u00e4 p\u00e4iv\u00e4n\u00e4 meill\u00e4 on yli 40 kollegaryhm\u00e4\u00e4, joissa yhdistyv\u00e4t suurimpien yritysten huippuammattilaiset ja luottamukselliset, ammattitaitoisesti fasilitoidut tapaamiset.<\/p><p>Vuonna 1992 Tanskassa perustettu EGN toimii t\u00e4n\u00e4 p\u00e4iv\u00e4n\u00e4 15 maassa ja globaali verkosto pit\u00e4\u00e4 sis\u00e4ll\u00e4\u00e4n yli 15 000 j\u00e4senen tietotaidon. Olemme osa maailman suurinta kollegaryhm\u00e4organisaatiota Vistagea. Yhdess\u00e4 EGN ja Vistage palvelevat l\u00e4hes 45 000 j\u00e4sent\u00e4 35 maassa ymp\u00e4ri maailmaa.<\/p><p><i>Tarkoituksemme on kehitty\u00e4 yhdess\u00e4 ja tulla paremmiksi \u2013 joka p\u00e4iv\u00e4<\/i><\/p><p>\u00a0<\/p><h2 id=\"haemme-energiseen-tiimiimme-financial-member-service-specialistiahaluaisitko-olla-osa-euroopan-suurimman-ammatillisen-yritysverkoston-kasvua-oletko-jarjestelmallinen-tarkka-ja-monipuolisista-teht\"><strong>Haemme energiseen tiimiimme Financial \/ Member Service Specialistia!<\/strong><\/h2><p>Haluaisitko olla osa Euroopan suurimman ammatillisen yritysverkoston kasvua? Oletko j\u00e4rjestelm\u00e4llinen, tarkka ja monipuolisista teht\u00e4vist\u00e4 innostuva? Pysyyk\u00f6 sinulla useampi pallo ilmassa hektisimmiss\u00e4kin tilanteissa?<\/p><p>Jos n\u00e4in on, saatat olla uusi kollegamme EGN:ss\u00e4!<\/p><p>\u00a0<\/p><h2><strong>Sinun roolisi:<\/strong><\/h2><ul><li>Taloushallinnon teht\u00e4v\u00e4t, kirjanpitoKuukausiraportointi<\/li><li>Asiakaslaskutus<\/li><li>Taloushallinnon prosessin kehitt\u00e4minen<\/li><li>Ryhm\u00e4tapaamisten koordinointi<\/li><li>J\u00e4rjestelmien yll\u00e4pito ja p\u00e4ivitys (Netvisor, CRM, ERP)<\/li><li>Johdon tukiteht\u00e4v\u00e4t<\/li><\/ul><h2>\u00a0<\/h2><h2><strong>Mit\u00e4 odotamme sinulta:<\/strong><\/h2><ul><li>Proaktiivista ja itseohjautuvaa ty\u00f6skentelyotetta<\/li><li>Tarkkuutta ja paineensietokyky\u00e4<\/li><li>Kokonaisuuksien hallintaa<\/li><li>Hyvi\u00e4 tiimity\u00f6taitoja<\/li><li>Kokemusta kirjanpidon teht\u00e4vist\u00e4 ja soveltuva tutkinto<\/li><li>Sujuvaa Excel-osaamista<\/li><li>Taloushallinnon j\u00e4rjestelmien osaaminen (Netvisor)<\/li><li>Erinomaista suullista ja kirjallista suomen kielen taitoa sek\u00e4 hyv\u00e4\u00e4 kirjallista englannin kielen taitoa<\/li><\/ul><h2>\u00a0<\/h2><h2><strong>Mit\u00e4 tarjoamme sinulle:<\/strong><\/h2><ul><li>Paikan kansainv\u00e4lisess\u00e4 huipputiimiss\u00e4, jossa opitaan toisilta ja kehityt\u00e4\u00e4n yhdess\u00e4<\/li><li>Ty\u00f6yhteis\u00f6n, johon on helppo tulla mukaan ja jossa on tilaa huumorille<\/li><li>Liikunta- ja kulttuuriedun<\/li><li>Vakituisen ty\u00f6n toimistoaikojen puitteissa, osittaisen et\u00e4ty\u00f6mahdollisuuden ja ty\u00f6terveyshuollon<\/li><li>Modernit toimitilat Lepp\u00e4vaarassa, hyvien kulkuyhteyksien \u00e4\u00e4rell\u00e4, kauppakeskus Sellon l\u00e4heisyydess\u00e4<\/li><\/ul><h2>\u00a0<\/h2><h2><strong>Kiinnostuitko?<\/strong><\/h2><p>L\u00e4het\u00e4 hakemuksesi<a href=\"https:\/\/www.linkedin.com\/jobs\/view\/3570098089\/\"> t\u00e4\u00e4ll\u00e4.<\/a> Hae jo t\u00e4n\u00e4\u00e4n, t\u00e4yt\u00e4mme paikan heti sopivan henkil\u00f6n l\u00f6ydytty\u00e4!<\/p><p>Lis\u00e4tietoja teht\u00e4v\u00e4st\u00e4 antaa toimitusjohtaja Taru Laurikainen pe 21.4. klo 10-11, ti 25.4. klo 10-11 ja to 27.4. klo 10-11. p.0405627470<\/p>\t\t\t\t\t\t\t\t<\/div>\n\t\t\t\t<\/div>\n\t\t\t\t\t<\/div>\n\t\t<\/div>\n\t\t\t\t<div class=\"elementor-column elementor-col-25 elementor-top-column elementor-element elementor-element-3ca732b\" data-id=\"3ca732b\" data-element_type=\"column\">\n\t\t\t<div class=\"elementor-widget-wrap\">\n\t\t\t\t\t\t\t<\/div>\n\t\t<\/div>\n\t\t\t\t\t<\/div>\n\t\t<\/section>\n\t\t\t\t<section class=\"elementor-section elementor-top-section elementor-element elementor-element-6107b10 elementor-section-stretched elementor-section-full_width elementor-section-height-default elementor-section-height-default\" data-id=\"6107b10\" data-element_type=\"section\" data-settings=\"{&quot;stretch_section&quot;:&quot;section-stretched&quot;}\">\n\t\t\t\t\t\t<div class=\"elementor-container elementor-column-gap-default\">\n\t\t\t\t\t<div class=\"elementor-column elementor-col-100 elementor-top-column elementor-element elementor-element-4f2283d\" data-id=\"4f2283d\" data-element_type=\"column\">\n\t\t\t<div class=\"elementor-widget-wrap elementor-element-populated\">\n\t\t\t\t\t\t<div class=\"elementor-element elementor-element-13bb6c7 elementor-widget elementor-widget-shortcode\" data-id=\"13bb6c7\" data-element_type=\"widget\" data-widget_type=\"shortcode.default\">\n\t\t\t\t<div class=\"elementor-widget-container\">\n\t\t\t\t\t\t\t<div class=\"elementor-shortcode\"><\/div>\n\t\t\t\t\t\t<\/div>\n\t\t\t\t<\/div>\n\t\t\t\t\t<\/div>\n\t\t<\/div>\n\t\t\t\t\t<\/div>\n\t\t<\/section>\n\t\t\t\t<section class=\"elementor-section elementor-top-section elementor-element elementor-element-0c45f03 elementor-section-stretched elementor-section-full_width elementor-section-height-default elementor-section-height-default\" data-id=\"0c45f03\" data-element_type=\"section\" data-settings=\"{&quot;stretch_section&quot;:&quot;section-stretched&quot;}\">\n\t\t\t\t\t\t<div class=\"elementor-container elementor-column-gap-default\">\n\t\t\t\t\t<div class=\"elementor-column elementor-col-100 elementor-top-column elementor-element elementor-element-1a046c0\" data-id=\"1a046c0\" data-element_type=\"column\">\n\t\t\t<div class=\"elementor-widget-wrap elementor-element-populated\">\n\t\t\t\t\t\t<div class=\"elementor-element elementor-element-5213768 elementor-widget elementor-widget-shortcode\" data-id=\"5213768\" data-element_type=\"widget\" data-widget_type=\"shortcode.default\">\n\t\t\t\t<div class=\"elementor-widget-container\">\n\t\t\t\t\t\t\t<div class=\"elementor-shortcode\"><\/div>\n\t\t\t\t\t\t<\/div>\n\t\t\t\t<\/div>\n\t\t\t\t\t<\/div>\n\t\t<\/div>\n\t\t\t\t\t<\/div>\n\t\t<\/section>\n\t\t\t\t<\/div>\n\t\t","protected":false},"excerpt":{"rendered":"<p>[addtoany] Financial \/ Member Service Specialist EGN (Executives\u2019 Global Network) on auttanut Suomessa eri toimialojen johtajia ja asiantuntijoita kehittym\u00e4\u00e4n luottamuksellisten kollegaryhmien kautta jo vuodesta 2011. T\u00e4n\u00e4 p\u00e4iv\u00e4n\u00e4 meill\u00e4 on yli 40 kollegaryhm\u00e4\u00e4, joissa yhdistyv\u00e4t suurimpien yritysten huippuammattilaiset ja luottamukselliset, ammattitaitoisesti fasilitoidut tapaamiset. Vuonna 1992 Tanskassa perustettu EGN toimii t\u00e4n\u00e4 p\u00e4iv\u00e4n\u00e4 15 maassa ja globaali verkosto<a href=\"https:\/\/egn.com\/fi\/financial-member-service-specialist\/\">Jatka lukemista <span class=\"sr-only\">&#8221;Financial \/ Member Service Specialist&#8221;<\/span><\/a><\/p>\n","protected":false},"author":17,"featured_media":0,"parent":0,"menu_order":0,"comment_status":"closed","ping_status":"closed","template":"elementor_header_footer","meta":{"_acf_changed":false,"footnotes":""},"class_list":["post-15445","page","type-page","status-publish","hentry"],"acf":[],"yoast_head":"<title>Financial \/ Member Service Specialist | EGN Suomi<\/title>\n<meta name=\"description\" content=\"Avoin ty\u00f6paikka - Financial \/ Member Service Specialist. Haluaisitko olla osa Euroopan suurimman ammatillisen yritysverkoston kasvua?\" \/>\n<meta name=\"robots\" content=\"index, follow, max-snippet:-1, max-image-preview:large, max-video-preview:-1\" \/>\n<link rel=\"canonical\" href=\"https:\/\/egn.com\/fi\/financial-member-service-specialist\/\" \/>\n<meta property=\"og:locale\" content=\"fi_FI\" \/>\n<meta property=\"og:type\" content=\"article\" \/>\n<meta property=\"og:title\" content=\"Financial \/ Member Service Specialist\" \/>\n<meta property=\"og:description\" content=\"Financial \/ Member Service Specialist EGN (Executives\u2019 Global Network) on auttanut Suomessa eri toimialojen johtajia ja asiantuntijoita kehittym\u00e4\u00e4n\" \/>\n<meta property=\"og:url\" content=\"https:\/\/egn.com\/fi\/financial-member-service-specialist\/\" \/>\n<meta property=\"og:site_name\" content=\"EGN Finland\" \/>\n<meta property=\"article:publisher\" content=\"https:\/\/www.facebook.com\/EGNSuomi\" \/>\n<meta property=\"article:modified_time\" content=\"2023-08-03T08:56:40+00:00\" \/>\n<meta property=\"og:image\" content=\"https:\/\/egn.com\/fi\/wp-content\/uploads\/sites\/8\/2023\/04\/Tyopaikka-ilmo-1024x536.png\" \/>\n<meta name=\"twitter:card\" content=\"summary_large_image\" \/>\n<meta name=\"twitter:label1\" content=\"Arvioitu lukuaika\" \/>\n\t<meta name=\"twitter:data1\" content=\"2 minuuttia\" \/>\n<script type=\"application\/ld+json\" class=\"yoast-schema-graph\">{\"@context\":\"https:\/\/schema.org\",\"@graph\":[{\"@type\":\"WebPage\",\"@id\":\"https:\/\/egn.com\/fi\/financial-member-service-specialist\/\",\"url\":\"https:\/\/egn.com\/fi\/financial-member-service-specialist\/\",\"name\":\"Financial \/ Member Service Specialist | EGN Suomi\",\"isPartOf\":{\"@id\":\"https:\/\/egn.com\/fi\/#website\"},\"primaryImageOfPage\":{\"@id\":\"https:\/\/egn.com\/fi\/financial-member-service-specialist\/#primaryimage\"},\"image\":{\"@id\":\"https:\/\/egn.com\/fi\/financial-member-service-specialist\/#primaryimage\"},\"thumbnailUrl\":\"https:\/\/egn.com\/fi\/wp-content\/uploads\/sites\/8\/2023\/04\/Tyopaikka-ilmo-1024x536.png\",\"datePublished\":\"2023-04-19T05:57:09+00:00\",\"dateModified\":\"2023-08-03T08:56:40+00:00\",\"description\":\"Avoin ty\u00f6paikka - Financial \/ Member Service Specialist. Haluaisitko olla osa Euroopan suurimman ammatillisen yritysverkoston kasvua?\",\"breadcrumb\":{\"@id\":\"https:\/\/egn.com\/fi\/financial-member-service-specialist\/#breadcrumb\"},\"inLanguage\":\"fi\",\"potentialAction\":[{\"@type\":\"ReadAction\",\"target\":[\"https:\/\/egn.com\/fi\/financial-member-service-specialist\/\"]}]},{\"@type\":\"ImageObject\",\"inLanguage\":\"fi\",\"@id\":\"https:\/\/egn.com\/fi\/financial-member-service-specialist\/#primaryimage\",\"url\":\"https:\/\/egn.com\/fi\/wp-content\/uploads\/sites\/8\/2023\/04\/Tyopaikka-ilmo.png\",\"contentUrl\":\"https:\/\/egn.com\/fi\/wp-content\/uploads\/sites\/8\/2023\/04\/Tyopaikka-ilmo.png\",\"width\":1200,\"height\":628},{\"@type\":\"BreadcrumbList\",\"@id\":\"https:\/\/egn.com\/fi\/financial-member-service-specialist\/#breadcrumb\",\"itemListElement\":[{\"@type\":\"ListItem\",\"position\":1,\"name\":\"Etusivu\",\"item\":\"https:\/\/egn.com\/fi\/\"},{\"@type\":\"ListItem\",\"position\":2,\"name\":\"Financial \/ Member Service Specialist\"}]},{\"@type\":\"WebSite\",\"@id\":\"https:\/\/egn.com\/fi\/#website\",\"url\":\"https:\/\/egn.com\/fi\/\",\"name\":\"EGN Finland\",\"description\":\"\",\"publisher\":{\"@id\":\"https:\/\/egn.com\/fi\/#organization\"},\"potentialAction\":[{\"@type\":\"SearchAction\",\"target\":{\"@type\":\"EntryPoint\",\"urlTemplate\":\"https:\/\/egn.com\/fi\/?s={search_term_string}\"},\"query-input\":{\"@type\":\"PropertyValueSpecification\",\"valueRequired\":true,\"valueName\":\"search_term_string\"}}],\"inLanguage\":\"fi\"},{\"@type\":\"Organization\",\"@id\":\"https:\/\/egn.com\/fi\/#organization\",\"name\":\"EGN Suomi\",\"alternateName\":\"EGN\",\"url\":\"https:\/\/egn.com\/fi\/\",\"logo\":{\"@type\":\"ImageObject\",\"inLanguage\":\"fi\",\"@id\":\"https:\/\/egn.com\/fi\/#\/schema\/logo\/image\/\",\"url\":\"https:\/\/egn.com\/fi\/wp-content\/uploads\/sites\/8\/2026\/02\/EGN.png\",\"contentUrl\":\"https:\/\/egn.com\/fi\/wp-content\/uploads\/sites\/8\/2026\/02\/EGN.png\",\"width\":2185,\"height\":699,\"caption\":\"EGN Suomi\"},\"image\":{\"@id\":\"https:\/\/egn.com\/fi\/#\/schema\/logo\/image\/\"},\"sameAs\":[\"https:\/\/www.facebook.com\/EGNSuomi\",\"https:\/\/www.linkedin.com\/company\/egn-suomi\"],\"description\":\"EGN Suomi perustettiin loppuvuodesta 2011 ja toiminta aloitettiin myynti- ja toimitusjohtajien kollegaryhmill\u00e4. T\u00e4n\u00e4 p\u00e4iv\u00e4n\u00e4 meill\u00e4 on yli 40 ryhm\u00e4\u00e4, joissa yhdistyv\u00e4t suurimpien yritysten huippuammattilaiset ja luottamukselliset, ammattitaitoisesti fasilitoidut tapaamiset.\",\"email\":\"info.fi@egn.com\",\"telephone\":\"+358 20 741 9540\"}]}<\/script>","yoast_head_json":{"title":"Financial \/ Member Service Specialist | EGN Suomi","description":"Avoin ty\u00f6paikka - Financial \/ Member Service Specialist. Haluaisitko olla osa Euroopan suurimman ammatillisen yritysverkoston kasvua?","robots":{"index":"index","follow":"follow","max-snippet":"max-snippet:-1","max-image-preview":"max-image-preview:large","max-video-preview":"max-video-preview:-1"},"canonical":"https:\/\/egn.com\/fi\/financial-member-service-specialist\/","og_locale":"fi_FI","og_type":"article","og_title":"Financial \/ Member Service Specialist","og_description":"Financial \/ Member Service Specialist EGN (Executives\u2019 Global Network) on auttanut Suomessa eri toimialojen johtajia ja asiantuntijoita kehittym\u00e4\u00e4n","og_url":"https:\/\/egn.com\/fi\/financial-member-service-specialist\/","og_site_name":"EGN Finland","article_publisher":"https:\/\/www.facebook.com\/EGNSuomi","article_modified_time":"2023-08-03T08:56:40+00:00","og_image":[{"url":"https:\/\/egn.com\/fi\/wp-content\/uploads\/sites\/8\/2023\/04\/Tyopaikka-ilmo-1024x536.png","type":"","width":"","height":""}],"twitter_card":"summary_large_image","twitter_misc":{"Arvioitu lukuaika":"2 minuuttia"},"schema":{"@context":"https:\/\/schema.org","@graph":[{"@type":"WebPage","@id":"https:\/\/egn.com\/fi\/financial-member-service-specialist\/","url":"https:\/\/egn.com\/fi\/financial-member-service-specialist\/","name":"Financial \/ Member Service Specialist | EGN Suomi","isPartOf":{"@id":"https:\/\/egn.com\/fi\/#website"},"primaryImageOfPage":{"@id":"https:\/\/egn.com\/fi\/financial-member-service-specialist\/#primaryimage"},"image":{"@id":"https:\/\/egn.com\/fi\/financial-member-service-specialist\/#primaryimage"},"thumbnailUrl":"https:\/\/egn.com\/fi\/wp-content\/uploads\/sites\/8\/2023\/04\/Tyopaikka-ilmo-1024x536.png","datePublished":"2023-04-19T05:57:09+00:00","dateModified":"2023-08-03T08:56:40+00:00","description":"Avoin ty\u00f6paikka - Financial \/ Member Service Specialist. Haluaisitko olla osa Euroopan suurimman ammatillisen yritysverkoston kasvua?","breadcrumb":{"@id":"https:\/\/egn.com\/fi\/financial-member-service-specialist\/#breadcrumb"},"inLanguage":"fi","potentialAction":[{"@type":"ReadAction","target":["https:\/\/egn.com\/fi\/financial-member-service-specialist\/"]}]},{"@type":"ImageObject","inLanguage":"fi","@id":"https:\/\/egn.com\/fi\/financial-member-service-specialist\/#primaryimage","url":"https:\/\/egn.com\/fi\/wp-content\/uploads\/sites\/8\/2023\/04\/Tyopaikka-ilmo.png","contentUrl":"https:\/\/egn.com\/fi\/wp-content\/uploads\/sites\/8\/2023\/04\/Tyopaikka-ilmo.png","width":1200,"height":628},{"@type":"BreadcrumbList","@id":"https:\/\/egn.com\/fi\/financial-member-service-specialist\/#breadcrumb","itemListElement":[{"@type":"ListItem","position":1,"name":"Etusivu","item":"https:\/\/egn.com\/fi\/"},{"@type":"ListItem","position":2,"name":"Financial \/ Member Service Specialist"}]},{"@type":"WebSite","@id":"https:\/\/egn.com\/fi\/#website","url":"https:\/\/egn.com\/fi\/","name":"EGN Finland","description":"","publisher":{"@id":"https:\/\/egn.com\/fi\/#organization"},"potentialAction":[{"@type":"SearchAction","target":{"@type":"EntryPoint","urlTemplate":"https:\/\/egn.com\/fi\/?s={search_term_string}"},"query-input":{"@type":"PropertyValueSpecification","valueRequired":true,"valueName":"search_term_string"}}],"inLanguage":"fi"},{"@type":"Organization","@id":"https:\/\/egn.com\/fi\/#organization","name":"EGN Suomi","alternateName":"EGN","url":"https:\/\/egn.com\/fi\/","logo":{"@type":"ImageObject","inLanguage":"fi","@id":"https:\/\/egn.com\/fi\/#\/schema\/logo\/image\/","url":"https:\/\/egn.com\/fi\/wp-content\/uploads\/sites\/8\/2026\/02\/EGN.png","contentUrl":"https:\/\/egn.com\/fi\/wp-content\/uploads\/sites\/8\/2026\/02\/EGN.png","width":2185,"height":699,"caption":"EGN Suomi"},"image":{"@id":"https:\/\/egn.com\/fi\/#\/schema\/logo\/image\/"},"sameAs":["https:\/\/www.facebook.com\/EGNSuomi","https:\/\/www.linkedin.com\/company\/egn-suomi"],"description":"EGN Suomi perustettiin loppuvuodesta 2011 ja toiminta aloitettiin myynti- ja toimitusjohtajien kollegaryhmill\u00e4. T\u00e4n\u00e4 p\u00e4iv\u00e4n\u00e4 meill\u00e4 on yli 40 ryhm\u00e4\u00e4, joissa yhdistyv\u00e4t suurimpien yritysten huippuammattilaiset ja luottamukselliset, ammattitaitoisesti fasilitoidut tapaamiset.","email":"info.fi@egn.com","telephone":"+358 20 741 9540"}]}},"_links":{"self":[{"href":"https:\/\/egn.com\/fi\/wp-json\/wp\/v2\/pages\/15445","targetHints":{"allow":["GET"]}}],"collection":[{"href":"https:\/\/egn.com\/fi\/wp-json\/wp\/v2\/pages"}],"about":[{"href":"https:\/\/egn.com\/fi\/wp-json\/wp\/v2\/types\/page"}],"author":[{"embeddable":true,"href":"https:\/\/egn.com\/fi\/wp-json\/wp\/v2\/users\/17"}],"replies":[{"embeddable":true,"href":"https:\/\/egn.com\/fi\/wp-json\/wp\/v2\/comments?post=15445"}],"version-history":[{"count":12,"href":"https:\/\/egn.com\/fi\/wp-json\/wp\/v2\/pages\/15445\/revisions"}],"predecessor-version":[{"id":15748,"href":"https:\/\/egn.com\/fi\/wp-json\/wp\/v2\/pages\/15445\/revisions\/15748"}],"wp:attachment":[{"href":"https:\/\/egn.com\/fi\/wp-json\/wp\/v2\/media?parent=15445"}],"curies":[{"name":"wp","href":"https:\/\/api.w.org\/{rel}","templated":true}]}}