{"id":16261,"date":"2024-04-01T08:43:53","date_gmt":"2024-04-01T05:43:53","guid":{"rendered":"https:\/\/egn.com\/fi\/?page_id=16261"},"modified":"2024-04-02T11:56:58","modified_gmt":"2024-04-02T08:56:58","slug":"egn-kollegaryhman-jasenehdot","status":"publish","type":"page","link":"https:\/\/egn.com\/fi\/egn-kollegaryhman-jasenehdot\/","title":{"rendered":"EGN-kollegaryhm\u00e4n j\u00e4senehdot"},"content":{"rendered":"\t\t<div data-elementor-type=\"wp-page\" data-elementor-id=\"16261\" class=\"elementor elementor-16261\">\n\t\t\t\t\t\t<section class=\"elementor-section elementor-top-section elementor-element elementor-element-264c2bb elementor-section-stretched elementor-section-boxed elementor-section-height-default elementor-section-height-default\" data-id=\"264c2bb\" data-element_type=\"section\" data-settings=\"{&quot;stretch_section&quot;:&quot;section-stretched&quot;}\">\n\t\t\t\t\t\t<div class=\"elementor-container elementor-column-gap-default\">\n\t\t\t\t\t<div class=\"elementor-column elementor-col-100 elementor-top-column elementor-element elementor-element-cb20a92\" data-id=\"cb20a92\" data-element_type=\"column\" data-settings=\"{&quot;background_background&quot;:&quot;classic&quot;}\">\n\t\t\t<div class=\"elementor-widget-wrap elementor-element-populated\">\n\t\t\t\t\t\t<div class=\"elementor-element elementor-element-5a32b96 elementor-widget elementor-widget-image\" data-id=\"5a32b96\" data-element_type=\"widget\" data-widget_type=\"image.default\">\n\t\t\t\t<div class=\"elementor-widget-container\">\n\t\t\t\t\t\t\t\t\t\t\t\t\t\t\t<img fetchpriority=\"high\" decoding=\"async\" width=\"980\" height=\"490\" src=\"https:\/\/egn.com\/fi\/wp-content\/uploads\/sites\/8\/2019\/11\/1D05185E-3BB2-4037-9DE9-8114DEB54EDC-1.png\" class=\"attachment-large size-large wp-image-334\" alt=\"\" srcset=\"https:\/\/egn.com\/fi\/wp-content\/uploads\/sites\/8\/2019\/11\/1D05185E-3BB2-4037-9DE9-8114DEB54EDC-1.png 980w, https:\/\/egn.com\/fi\/wp-content\/uploads\/sites\/8\/2019\/11\/1D05185E-3BB2-4037-9DE9-8114DEB54EDC-1-768x384.png 768w, https:\/\/egn.com\/fi\/wp-content\/uploads\/sites\/8\/2019\/11\/1D05185E-3BB2-4037-9DE9-8114DEB54EDC-1-830x415.png 830w, https:\/\/egn.com\/fi\/wp-content\/uploads\/sites\/8\/2019\/11\/1D05185E-3BB2-4037-9DE9-8114DEB54EDC-1-230x115.png 230w, https:\/\/egn.com\/fi\/wp-content\/uploads\/sites\/8\/2019\/11\/1D05185E-3BB2-4037-9DE9-8114DEB54EDC-1-350x175.png 350w, https:\/\/egn.com\/fi\/wp-content\/uploads\/sites\/8\/2019\/11\/1D05185E-3BB2-4037-9DE9-8114DEB54EDC-1-480x240.png 480w, https:\/\/egn.com\/fi\/wp-content\/uploads\/sites\/8\/2019\/11\/1D05185E-3BB2-4037-9DE9-8114DEB54EDC-1-24x12.png 24w, https:\/\/egn.com\/fi\/wp-content\/uploads\/sites\/8\/2019\/11\/1D05185E-3BB2-4037-9DE9-8114DEB54EDC-1-36x18.png 36w, https:\/\/egn.com\/fi\/wp-content\/uploads\/sites\/8\/2019\/11\/1D05185E-3BB2-4037-9DE9-8114DEB54EDC-1-48x24.png 48w\" sizes=\"(max-width: 980px) 100vw, 980px\" \/>\t\t\t\t\t\t\t\t\t\t\t\t\t\t\t<\/div>\n\t\t\t\t<\/div>\n\t\t\t\t\t<\/div>\n\t\t<\/div>\n\t\t\t\t\t<\/div>\n\t\t<\/section>\n\t\t\t\t<section class=\"elementor-section elementor-top-section elementor-element elementor-element-802ec06 elementor-section-boxed elementor-section-height-default elementor-section-height-default\" data-id=\"802ec06\" data-element_type=\"section\">\n\t\t\t\t\t\t<div class=\"elementor-container elementor-column-gap-default\">\n\t\t\t\t\t<div class=\"elementor-column elementor-col-100 elementor-top-column elementor-element elementor-element-340480f\" data-id=\"340480f\" data-element_type=\"column\">\n\t\t\t<div class=\"elementor-widget-wrap elementor-element-populated\">\n\t\t\t\t\t\t<div class=\"elementor-element elementor-element-a530d0f elementor-widget elementor-widget-heading\" data-id=\"a530d0f\" data-element_type=\"widget\" data-widget_type=\"heading.default\">\n\t\t\t\t<div class=\"elementor-widget-container\">\n\t\t\t\t\t<h1 class=\"elementor-heading-title elementor-size-default\">EGN-kollegaryhm\u00e4n j\u00e4senehdot<\/h1>\t\t\t\t<\/div>\n\t\t\t\t<\/div>\n\t\t\t\t<div class=\"elementor-element elementor-element-f2280c3 elementor-widget elementor-widget-text-editor\" data-id=\"f2280c3\" data-element_type=\"widget\" data-widget_type=\"text-editor.default\">\n\t\t\t\t<div class=\"elementor-widget-container\">\n\t\t\t\t\t\t\t\t\t<p><strong>EGN Suomi Oy<\/strong><\/p>\n<p><strong>J<\/strong><strong>\u00e4<\/strong><strong>senyysehtosopimus <\/strong><\/p>\n<ol>\n<li><strong>Sopimuksen vaikutus: <\/strong>T\u00e4m\u00e4 j\u00e4senyysehtosopimus (&#8221;Sopimus&#8221;) on tehty yksityishenkil\u00f6n JA maksavan yrityksen (jos sellainen on olemassa) (j\u00e4ljemp\u00e4n\u00e4 yhdess\u00e4 &#8221;Sin\u00e4&#8221;) ja EGN Suomi Oy (&#8221;EGN&#8221;) v\u00e4lill\u00e4. Sek\u00e4 yksityishenkil\u00f6 ett\u00e4 maksava yritys ovat vastuussa j\u00e4senmaksujen maksamisesta, ja EGN:ll\u00e4 on oikeus peri\u00e4 koko velkasumma joko yksityishenkil\u00f6lt\u00e4 tai maksavalta yritykselt\u00e4. K\u00e4ytt\u00e4m\u00e4ll\u00e4 EGN:n palveluja ja\/tai EGN:n j\u00e4senresursseja Sinun katsotaan (i) tehneen sopimuksen EGN:n kanssa, (ii) vakuuttavan, ett\u00e4 olet t\u00e4ysi-ik\u00e4inen asuinmaassasi, (iii) olevan valtuutettu sitouttamaan t\u00e4ss\u00e4 listatun maksavan yrityksen t\u00e4h\u00e4n taloudelliseen vastuuseen ja (iv) suostuvan noudattamaan j\u00e4ljemp\u00e4n\u00e4 esitettyj\u00e4 ehtoja.<\/li>\n<li><strong>Hyv<\/strong><strong>\u00e4<\/strong><strong>ksyminen: <\/strong>EGN:n j\u00e4senyys edellytt\u00e4\u00e4 EGN:n hyv\u00e4ksynt\u00e4\u00e4. Sinulle ilmoitetaan hakemuksesi tilanteesta hakemuksen j\u00e4tt\u00e4misen j\u00e4lkeen.<\/li>\n<li><strong>J<\/strong><strong>\u00e4<\/strong><strong>senyyssitoumukset: <\/strong>Kun Sinut on hyv\u00e4ksytty j\u00e4seneksi, suostut:\n<ol>\n<li>Aloittamaan j\u00e4senyyden Sopimuksessa ilmoitettuna kuukautena;<\/li>\n<li>Osallistumaan parhaasi mukaan varattuihin EGN-ryhm\u00e4n kokouksiin;<\/li>\n<li>Jakamaan kokemuksia, haasteita, taitoja ja tietoja muiden j\u00e4senten kanssa;<\/li>\n<li>Pit\u00e4m\u00e4\u00e4n kaikki EGN-ryhm\u00e4n keskustelut ehdottoman luottamuksellisina;<\/li>\n<li>Ilmoittamaan EGN-ryhm\u00e4llesi v\u00e4litt\u00f6m\u00e4sti kaikista mahdollisista eturistiriitoja koskevista asioista;<\/li>\n<li>j\u00e4rjest\u00e4m\u00e4\u00e4n EGN-ryhm\u00e4n kokouksen kohtuullisen tarpeen mukaan, yleens\u00e4 joka toinen j\u00e4senyysvuosi; ja<\/li>\n<li>T\u00e4ytt\u00e4m\u00e4\u00e4n henkil\u00f6kohtaisen profiilin Members Universessa ja pit\u00e4m\u00e4\u00e4n tilitiedot ajan tasalla.<\/li>\n<\/ol>\n<\/li>\n<li><strong>EGN:n <\/strong><strong>ryhm<\/strong><strong>\u00e4<\/strong><strong>nvet<\/strong><strong>\u00e4<\/strong><strong>j<\/strong><strong>\u00e4<\/strong><strong>t<\/strong><strong>: <\/strong>EGN:n ryhm\u00e4nvet\u00e4j\u00e4t voivat tarjota palveluja EGN:n kautta tekem\u00e4ns\u00e4 ty\u00f6n ulkopuolella. T\u00e4m\u00e4n Sopimuksen tekem\u00e4ll\u00e4 Sin\u00e4 ymm\u00e4rr\u00e4t ja hyv\u00e4ksyt, ett\u00e4 EGN ei ole vastuussa mist\u00e4\u00e4n tappioista tai vahingoista, jotka aiheutuvat palveluista, joista ei makseta suoraan EGN:lle.<\/li>\n<li><strong>EGN-materiaalit: <\/strong>J\u00e4senen\u00e4 saat tutustua ja saat p\u00e4\u00e4syn EGN:n menetelmiin ja aineistoihin sek\u00e4 muihin luottamuksellisiin tietoihin ja aineettomaan omaisuuteen (&#8221;Aineistot&#8221;). Ymm\u00e4rr\u00e4t ja hyv\u00e4ksyt, ett\u00e4 EGN omistaa kaikki oikeudet, omistusoikeudet ja edut, mukaan lukien kaikki immateriaalioikeudet, n\u00e4ihin Aineistoihin, eik\u00e4 Sinulla ole oikeutta paljastaa tai k\u00e4ytt\u00e4\u00e4 n\u00e4it\u00e4 Aineistoja, ellei EGN ole nimenomaisesti antanut siihen lupaa.<\/li>\n<li><strong>Voimassaolo: <\/strong>J\u00e4senyytesi on voimassa 12 kuukautta ja se alkaa sovitun aloitusp\u00e4iv\u00e4si kuukauden ensimm\u00e4isest\u00e4 p\u00e4iv\u00e4st\u00e4 ja voimassaolo uusiutuu sen j\u00e4lkeen automaattisesti 12 kuukauden v\u00e4lein. &nbsp;<\/li>\n<li><strong>Maksu: <\/strong>Kun sinut on hyv\u00e4ksytty j\u00e4seneksi, saat laskun ensimm\u00e4isen vuoden j\u00e4senmaksusta ja mahdollisesta rekister\u00f6intimaksusta. T\u00e4m\u00e4n j\u00e4lkeen olet vastuussa j\u00e4senmaksujen maksamisesta ennen j\u00e4senmaksulaskussa ilmoitettua voimassaolokauden uusiutumista, kunnes j\u00e4senyytesi p\u00e4\u00e4ttyy Sopimuksen ehtojen mukaisesti. Jos j\u00e4senmaksun m\u00e4\u00e4r\u00e4 muuttuu, Sinulle ilmoitetaan siit\u00e4 lain vaatimusten mukaisesti etuk\u00e4teen, ja j\u00e4senmaksujen maksaminen jatkuu uuden j\u00e4senmaksun mukaisesti. J\u00e4senmaksuja ei palauteta.<\/li>\n<li><strong>Irtisanominen<\/strong>: Jos haluat irtisanoa j\u00e4senyyden seuraavan voimassaolokauden uusimisen yhteydess\u00e4, sinun on ilmoitettava t\u00e4st\u00e4 EGN:lle kirjallisesti 30 p\u00e4iv\u00e4\u00e4 ennen seuraavaan voimassaolokauden alkamista. Irtisanomisilmoitukset on l\u00e4hetett\u00e4v\u00e4 osoitteeseen <a href=\"mailto:cancel.fi@egn.com\">cancel.fi@egn.com<\/a>&nbsp;tai Members Universess\u00e4 olevan &#8221;Contact EGN&#8221; -painikkeen kautta. EGN voi irtisanoa sopimuksen milloin tahansa, jos n\u00e4it\u00e4 ehtoja on rikottu.<\/li>\n<li><strong>Irtisanomisen vaikutus<\/strong>: EGN-j\u00e4senyytesi irtisanominen ei mit\u00e4t\u00f6i t\u00e4m\u00e4n Sopimuksen j\u00e4ljell\u00e4 olevia velvoitteita, mukaan lukien mutta rajoittumatta soveltuvin osin ehtoihin koskien maksamista, EGN-Aineistoja ja lis\u00e4ehtoja.<\/li>\n<li><strong>Lis\u00e4ehdot<\/strong>: Hyv\u00e4ksyt osoitteessa <a href=\"https:\/\/membersuniverse.egn.com\/community-guidelines\">egn.com\/community-guidelines<\/a> sijaitsevat EGN Yhteis\u00f6ohjeet ja osoitteessa&nbsp;<a href=\"https:\/\/egn.com\/privacy-policy\/\" target=\"_blank\">EGN.com\/privacy-policy<\/a>&nbsp;sijaitsevan Tietosuojaselosteen, siten kuin niit\u00e4 aika ajoin p\u00e4ivitet\u00e4\u00e4n.<\/li>\n<li><strong>Palvelujen laajuus: <\/strong>Osana EGN-kokemusta tarjottavien neuvojen, palvelujen ja mielipiteiden on tarkoitus laajentaa ajattelua ja innostaa jatkotutkimuksiin, mutta niit\u00e4 ei pid\u00e4 pit\u00e4\u00e4 ammattimaisen taloudellisen, oikeudellisen, psykologisen, l\u00e4\u00e4ketieteellisen tai muun ammatillisen neuvonnan korvikkeena. Vaikka EGN-ryhm\u00e4n j\u00e4senet tai ryhm\u00e4nvet\u00e4j\u00e4t voivat olla ammatillisia neuvonantajia, henkil\u00f6kohtaista suhdetta t\u00e4llaisiin neuvonantajiin ei ole syntynyt, eik\u00e4 niihin pid\u00e4 luottaa ammatillisina neuvoina. EGN-kokemukset tarjotaan sellaisenaan ilman mink\u00e4\u00e4nlaista takuuta. J\u00e4senill\u00e4 ei ole velvollisuutta ryhty\u00e4 liiketoimiin EGN:n j\u00e4senten, ryhm\u00e4nvet\u00e4jien tai muiden EGN:n sidosyhti\u00f6iden kanssa. Jos p\u00e4\u00e4t\u00e4t ryhty\u00e4 t\u00e4llaisiin liiketoimiin, suostut siihen, ett\u00e4 EGN ei ole vastuussa mist\u00e4\u00e4n niist\u00e4 aiheutuvista tappioista.<\/li>\n<li><strong>Vastuunrajoitus: <\/strong>Kummankin osapuolen enimm\u00e4isvastuu on lain sallimissa rajoissa rajattu summaan, jonka olet maksanut EGN:lle kyseisen vastuun aiheuttanutta tapahtumaa edelt\u00e4v\u00e4n 12 kuukauden aikana. Kumpikaan osapuoli ei ole miss\u00e4\u00e4n tapauksessa vastuussa v\u00e4lillisist\u00e4, satunnaisista, ep\u00e4suorista, rangaistusluonteisista tai erityisist\u00e4 vahingoista tai voittojen, tietojen, liiketoiminnan tai liikearvon menetyksest\u00e4 riippumatta siit\u00e4, perustuuko t\u00e4llainen vastuu sopimusrikkomukseen, vahingonkorvausvelvollisuuteen, ankaraan vastuuseen, takuiden rikkomiseen, olennaisen tarkoituksen laiminly\u00f6ntiin tai muuhun.<\/li>\n<li><strong>Sitova v<\/strong><strong>\u00e4<\/strong><strong>litysmenettely: <\/strong>Kaikki t\u00e4st\u00e4 Sopimuksesta tai sen rikkomisesta johtuvat tai siihen liittyv\u00e4t riidat tai vaatimukset ratkaistaan lopullisesti v\u00e4litysmenettelyss\u00e4 yhden v\u00e4limiehen toimesta Keskuskauppakamarin v\u00e4litysmenettelys\u00e4\u00e4nt\u00f6jen mukaisesti. Sin\u00e4 ja EGN suostutte viem\u00e4\u00e4n kaikki riidat v\u00e4litysmenettelyyn ainoastaan yksil\u00f6llisesti, ei ryhm\u00e4kanteena tai kollektiivisesti kenenk\u00e4\u00e4n muun puolesta. V\u00e4litysoikeuden p\u00e4\u00e4t\u00f6s voidaan t\u00e4yt\u00e4nt\u00f6\u00f6npanna tuomioistuimessa, jolla on toimivalta.<\/li>\n<li><strong>Yleist\u00e4<\/strong>: T\u00e4t\u00e4 Sopimusta ei saa muuttaa, ellei EGN:n konsernin COO, CCO tai ylempi toimihenkil\u00f6 ole nimenomaisesti hyv\u00e4ksynyt muutoksia kirjallisesti. Jos jokin t\u00e4m\u00e4n Sopimuksen ehto katsotaan t\u00e4yt\u00e4nt\u00f6\u00f6npanokelvottomaksi, se ei vaikuta muiden ehtojen laillisuuteen ja t\u00e4yt\u00e4nt\u00f6\u00f6npanokelpoisuuteen. T\u00e4h\u00e4n sopimukseen sovelletaan Suomen lakeja, ottamatta huomioon lainvalintas\u00e4\u00e4nt\u00f6j\u00e4.<\/li>\n<\/ol>\t\t\t\t\t\t\t\t<\/div>\n\t\t\t\t<\/div>\n\t\t\t\t\t<\/div>\n\t\t<\/div>\n\t\t\t\t\t<\/div>\n\t\t<\/section>\n\t\t\t\t<\/div>\n\t\t","protected":false},"excerpt":{"rendered":"<p>EGN Suomi Oy J\u00e4senyysehtosopimus Sopimuksen vaikutus: T\u00e4m\u00e4 j\u00e4senyysehtosopimus (&#8221;Sopimus&#8221;) on tehty yksityishenkil\u00f6n JA maksavan yrityksen (jos sellainen on olemassa) (j\u00e4ljemp\u00e4n\u00e4 yhdess\u00e4 &#8221;Sin\u00e4&#8221;) ja EGN Suomi Oy (&#8221;EGN&#8221;) v\u00e4lill\u00e4. Sek\u00e4 yksityishenkil\u00f6 ett\u00e4 maksava yritys ovat vastuussa j\u00e4senmaksujen maksamisesta, ja EGN:ll\u00e4 on oikeus peri\u00e4 koko velkasumma joko yksityishenkil\u00f6lt\u00e4 tai maksavalta yritykselt\u00e4. K\u00e4ytt\u00e4m\u00e4ll\u00e4 EGN:n palveluja ja\/tai EGN:n j\u00e4senresursseja<a href=\"https:\/\/egn.com\/fi\/egn-kollegaryhman-jasenehdot\/\">Jatka lukemista <span class=\"sr-only\">&#8221;EGN-kollegaryhm\u00e4n j\u00e4senehdot&#8221;<\/span><\/a><\/p>\n","protected":false},"author":41,"featured_media":0,"parent":0,"menu_order":0,"comment_status":"closed","ping_status":"closed","template":"elementor_header_footer","meta":{"_acf_changed":false,"footnotes":""},"class_list":["post-16261","page","type-page","status-publish","hentry"],"acf":[],"yoast_head":"<title>Kollegaryhmien j\u00e4senehdot | EGN Suomi (Executives&#039; Global Network)<\/title>\n<meta name=\"description\" content=\"EGN-j\u00e4senyys on voimassa toistaiseksi. J\u00e4senyys alkaa, kun ryhm\u00e4n muut j\u00e4senet ovat hyv\u00e4ksyneet uuden j\u00e4senyyden. J\u00e4senkauden kesto on 12kk.\" \/>\n<meta name=\"robots\" content=\"index, follow, max-snippet:-1, max-image-preview:large, max-video-preview:-1\" \/>\n<link rel=\"canonical\" href=\"https:\/\/egn.com\/fi\/egn-kollegaryhman-jasenehdot\/\" \/>\n<meta property=\"og:locale\" content=\"fi_FI\" \/>\n<meta property=\"og:type\" content=\"article\" \/>\n<meta property=\"og:title\" content=\"EGN-kollegaryhm\u00e4n j\u00e4senehdot\" \/>\n<meta property=\"og:description\" content=\"EGN Suomi Oy J\u00e4senyysehtosopimus Sopimuksen vaikutus: T\u00e4m\u00e4 j\u00e4senyysehtosopimus (&quot;Sopimus&quot;) on tehty yksityishenkil\u00f6n JA maksavan yrityksen (jos sellainen\" \/>\n<meta property=\"og:url\" content=\"https:\/\/egn.com\/fi\/egn-kollegaryhman-jasenehdot\/\" \/>\n<meta property=\"og:site_name\" content=\"EGN Finland\" \/>\n<meta property=\"article:publisher\" content=\"https:\/\/www.facebook.com\/EGNSuomi\" \/>\n<meta property=\"article:modified_time\" content=\"2024-04-02T08:56:58+00:00\" \/>\n<meta property=\"og:image\" content=\"https:\/\/egn.com\/fi\/wp-content\/uploads\/sites\/8\/2019\/11\/1D05185E-3BB2-4037-9DE9-8114DEB54EDC-1.png\" \/>\n<meta name=\"twitter:card\" content=\"summary_large_image\" \/>\n<meta name=\"twitter:label1\" content=\"Arvioitu lukuaika\" \/>\n\t<meta name=\"twitter:data1\" content=\"5 minuuttia\" \/>\n<script type=\"application\/ld+json\" class=\"yoast-schema-graph\">{\"@context\":\"https:\\\/\\\/schema.org\",\"@graph\":[{\"@type\":\"WebPage\",\"@id\":\"https:\\\/\\\/egn.com\\\/fi\\\/egn-kollegaryhman-jasenehdot\\\/\",\"url\":\"https:\\\/\\\/egn.com\\\/fi\\\/egn-kollegaryhman-jasenehdot\\\/\",\"name\":\"Kollegaryhmien j\u00e4senehdot | EGN Suomi (Executives' Global Network)\",\"isPartOf\":{\"@id\":\"https:\\\/\\\/egn.com\\\/fi\\\/#website\"},\"primaryImageOfPage\":{\"@id\":\"https:\\\/\\\/egn.com\\\/fi\\\/egn-kollegaryhman-jasenehdot\\\/#primaryimage\"},\"image\":{\"@id\":\"https:\\\/\\\/egn.com\\\/fi\\\/egn-kollegaryhman-jasenehdot\\\/#primaryimage\"},\"thumbnailUrl\":\"https:\\\/\\\/egn.com\\\/fi\\\/wp-content\\\/uploads\\\/sites\\\/8\\\/2019\\\/11\\\/1D05185E-3BB2-4037-9DE9-8114DEB54EDC-1.png\",\"datePublished\":\"2024-04-01T05:43:53+00:00\",\"dateModified\":\"2024-04-02T08:56:58+00:00\",\"description\":\"EGN-j\u00e4senyys on voimassa toistaiseksi. J\u00e4senyys alkaa, kun ryhm\u00e4n muut j\u00e4senet ovat hyv\u00e4ksyneet uuden j\u00e4senyyden. J\u00e4senkauden kesto on 12kk.\",\"breadcrumb\":{\"@id\":\"https:\\\/\\\/egn.com\\\/fi\\\/egn-kollegaryhman-jasenehdot\\\/#breadcrumb\"},\"inLanguage\":\"fi\",\"potentialAction\":[{\"@type\":\"ReadAction\",\"target\":[\"https:\\\/\\\/egn.com\\\/fi\\\/egn-kollegaryhman-jasenehdot\\\/\"]}]},{\"@type\":\"ImageObject\",\"inLanguage\":\"fi\",\"@id\":\"https:\\\/\\\/egn.com\\\/fi\\\/egn-kollegaryhman-jasenehdot\\\/#primaryimage\",\"url\":\"https:\\\/\\\/egn.com\\\/fi\\\/wp-content\\\/uploads\\\/sites\\\/8\\\/2019\\\/11\\\/1D05185E-3BB2-4037-9DE9-8114DEB54EDC-1.png\",\"contentUrl\":\"https:\\\/\\\/egn.com\\\/fi\\\/wp-content\\\/uploads\\\/sites\\\/8\\\/2019\\\/11\\\/1D05185E-3BB2-4037-9DE9-8114DEB54EDC-1.png\",\"width\":980,\"height\":490},{\"@type\":\"BreadcrumbList\",\"@id\":\"https:\\\/\\\/egn.com\\\/fi\\\/egn-kollegaryhman-jasenehdot\\\/#breadcrumb\",\"itemListElement\":[{\"@type\":\"ListItem\",\"position\":1,\"name\":\"Etusivu\",\"item\":\"https:\\\/\\\/egn.com\\\/fi\\\/\"},{\"@type\":\"ListItem\",\"position\":2,\"name\":\"EGN-kollegaryhm\u00e4n j\u00e4senehdot\"}]},{\"@type\":\"WebSite\",\"@id\":\"https:\\\/\\\/egn.com\\\/fi\\\/#website\",\"url\":\"https:\\\/\\\/egn.com\\\/fi\\\/\",\"name\":\"EGN Finland\",\"description\":\"\",\"publisher\":{\"@id\":\"https:\\\/\\\/egn.com\\\/fi\\\/#organization\"},\"potentialAction\":[{\"@type\":\"SearchAction\",\"target\":{\"@type\":\"EntryPoint\",\"urlTemplate\":\"https:\\\/\\\/egn.com\\\/fi\\\/?s={search_term_string}\"},\"query-input\":{\"@type\":\"PropertyValueSpecification\",\"valueRequired\":true,\"valueName\":\"search_term_string\"}}],\"inLanguage\":\"fi\"},{\"@type\":\"Organization\",\"@id\":\"https:\\\/\\\/egn.com\\\/fi\\\/#organization\",\"name\":\"EGN Suomi\",\"alternateName\":\"EGN\",\"url\":\"https:\\\/\\\/egn.com\\\/fi\\\/\",\"logo\":{\"@type\":\"ImageObject\",\"inLanguage\":\"fi\",\"@id\":\"https:\\\/\\\/egn.com\\\/fi\\\/#\\\/schema\\\/logo\\\/image\\\/\",\"url\":\"https:\\\/\\\/egn.com\\\/fi\\\/wp-content\\\/uploads\\\/sites\\\/8\\\/2026\\\/02\\\/EGN.png\",\"contentUrl\":\"https:\\\/\\\/egn.com\\\/fi\\\/wp-content\\\/uploads\\\/sites\\\/8\\\/2026\\\/02\\\/EGN.png\",\"width\":2185,\"height\":699,\"caption\":\"EGN Suomi\"},\"image\":{\"@id\":\"https:\\\/\\\/egn.com\\\/fi\\\/#\\\/schema\\\/logo\\\/image\\\/\"},\"sameAs\":[\"https:\\\/\\\/www.facebook.com\\\/EGNSuomi\",\"https:\\\/\\\/www.linkedin.com\\\/company\\\/egn-suomi\"],\"description\":\"EGN Suomi perustettiin loppuvuodesta 2011 ja toiminta aloitettiin myynti- ja toimitusjohtajien kollegaryhmill\u00e4. T\u00e4n\u00e4 p\u00e4iv\u00e4n\u00e4 meill\u00e4 on yli 40 ryhm\u00e4\u00e4, joissa yhdistyv\u00e4t suurimpien yritysten huippuammattilaiset ja luottamukselliset, ammattitaitoisesti fasilitoidut tapaamiset.\",\"email\":\"info.fi@egn.com\",\"telephone\":\"+358 20 741 9540\"}]}<\/script>","yoast_head_json":{"title":"Kollegaryhmien j\u00e4senehdot | EGN Suomi (Executives' Global Network)","description":"EGN-j\u00e4senyys on voimassa toistaiseksi. J\u00e4senyys alkaa, kun ryhm\u00e4n muut j\u00e4senet ovat hyv\u00e4ksyneet uuden j\u00e4senyyden. J\u00e4senkauden kesto on 12kk.","robots":{"index":"index","follow":"follow","max-snippet":"max-snippet:-1","max-image-preview":"max-image-preview:large","max-video-preview":"max-video-preview:-1"},"canonical":"https:\/\/egn.com\/fi\/egn-kollegaryhman-jasenehdot\/","og_locale":"fi_FI","og_type":"article","og_title":"EGN-kollegaryhm\u00e4n j\u00e4senehdot","og_description":"EGN Suomi Oy J\u00e4senyysehtosopimus Sopimuksen vaikutus: T\u00e4m\u00e4 j\u00e4senyysehtosopimus (\"Sopimus\") on tehty yksityishenkil\u00f6n JA maksavan yrityksen (jos sellainen","og_url":"https:\/\/egn.com\/fi\/egn-kollegaryhman-jasenehdot\/","og_site_name":"EGN Finland","article_publisher":"https:\/\/www.facebook.com\/EGNSuomi","article_modified_time":"2024-04-02T08:56:58+00:00","og_image":[{"url":"https:\/\/egn.com\/fi\/wp-content\/uploads\/sites\/8\/2019\/11\/1D05185E-3BB2-4037-9DE9-8114DEB54EDC-1.png","type":"","width":"","height":""}],"twitter_card":"summary_large_image","twitter_misc":{"Arvioitu lukuaika":"5 minuuttia"},"schema":{"@context":"https:\/\/schema.org","@graph":[{"@type":"WebPage","@id":"https:\/\/egn.com\/fi\/egn-kollegaryhman-jasenehdot\/","url":"https:\/\/egn.com\/fi\/egn-kollegaryhman-jasenehdot\/","name":"Kollegaryhmien j\u00e4senehdot | EGN Suomi (Executives' Global Network)","isPartOf":{"@id":"https:\/\/egn.com\/fi\/#website"},"primaryImageOfPage":{"@id":"https:\/\/egn.com\/fi\/egn-kollegaryhman-jasenehdot\/#primaryimage"},"image":{"@id":"https:\/\/egn.com\/fi\/egn-kollegaryhman-jasenehdot\/#primaryimage"},"thumbnailUrl":"https:\/\/egn.com\/fi\/wp-content\/uploads\/sites\/8\/2019\/11\/1D05185E-3BB2-4037-9DE9-8114DEB54EDC-1.png","datePublished":"2024-04-01T05:43:53+00:00","dateModified":"2024-04-02T08:56:58+00:00","description":"EGN-j\u00e4senyys on voimassa toistaiseksi. J\u00e4senyys alkaa, kun ryhm\u00e4n muut j\u00e4senet ovat hyv\u00e4ksyneet uuden j\u00e4senyyden. J\u00e4senkauden kesto on 12kk.","breadcrumb":{"@id":"https:\/\/egn.com\/fi\/egn-kollegaryhman-jasenehdot\/#breadcrumb"},"inLanguage":"fi","potentialAction":[{"@type":"ReadAction","target":["https:\/\/egn.com\/fi\/egn-kollegaryhman-jasenehdot\/"]}]},{"@type":"ImageObject","inLanguage":"fi","@id":"https:\/\/egn.com\/fi\/egn-kollegaryhman-jasenehdot\/#primaryimage","url":"https:\/\/egn.com\/fi\/wp-content\/uploads\/sites\/8\/2019\/11\/1D05185E-3BB2-4037-9DE9-8114DEB54EDC-1.png","contentUrl":"https:\/\/egn.com\/fi\/wp-content\/uploads\/sites\/8\/2019\/11\/1D05185E-3BB2-4037-9DE9-8114DEB54EDC-1.png","width":980,"height":490},{"@type":"BreadcrumbList","@id":"https:\/\/egn.com\/fi\/egn-kollegaryhman-jasenehdot\/#breadcrumb","itemListElement":[{"@type":"ListItem","position":1,"name":"Etusivu","item":"https:\/\/egn.com\/fi\/"},{"@type":"ListItem","position":2,"name":"EGN-kollegaryhm\u00e4n j\u00e4senehdot"}]},{"@type":"WebSite","@id":"https:\/\/egn.com\/fi\/#website","url":"https:\/\/egn.com\/fi\/","name":"EGN Finland","description":"","publisher":{"@id":"https:\/\/egn.com\/fi\/#organization"},"potentialAction":[{"@type":"SearchAction","target":{"@type":"EntryPoint","urlTemplate":"https:\/\/egn.com\/fi\/?s={search_term_string}"},"query-input":{"@type":"PropertyValueSpecification","valueRequired":true,"valueName":"search_term_string"}}],"inLanguage":"fi"},{"@type":"Organization","@id":"https:\/\/egn.com\/fi\/#organization","name":"EGN Suomi","alternateName":"EGN","url":"https:\/\/egn.com\/fi\/","logo":{"@type":"ImageObject","inLanguage":"fi","@id":"https:\/\/egn.com\/fi\/#\/schema\/logo\/image\/","url":"https:\/\/egn.com\/fi\/wp-content\/uploads\/sites\/8\/2026\/02\/EGN.png","contentUrl":"https:\/\/egn.com\/fi\/wp-content\/uploads\/sites\/8\/2026\/02\/EGN.png","width":2185,"height":699,"caption":"EGN Suomi"},"image":{"@id":"https:\/\/egn.com\/fi\/#\/schema\/logo\/image\/"},"sameAs":["https:\/\/www.facebook.com\/EGNSuomi","https:\/\/www.linkedin.com\/company\/egn-suomi"],"description":"EGN Suomi perustettiin loppuvuodesta 2011 ja toiminta aloitettiin myynti- ja toimitusjohtajien kollegaryhmill\u00e4. T\u00e4n\u00e4 p\u00e4iv\u00e4n\u00e4 meill\u00e4 on yli 40 ryhm\u00e4\u00e4, joissa yhdistyv\u00e4t suurimpien yritysten huippuammattilaiset ja luottamukselliset, ammattitaitoisesti fasilitoidut tapaamiset.","email":"info.fi@egn.com","telephone":"+358 20 741 9540"}]}},"_links":{"self":[{"href":"https:\/\/egn.com\/fi\/wp-json\/wp\/v2\/pages\/16261","targetHints":{"allow":["GET"]}}],"collection":[{"href":"https:\/\/egn.com\/fi\/wp-json\/wp\/v2\/pages"}],"about":[{"href":"https:\/\/egn.com\/fi\/wp-json\/wp\/v2\/types\/page"}],"author":[{"embeddable":true,"href":"https:\/\/egn.com\/fi\/wp-json\/wp\/v2\/users\/41"}],"replies":[{"embeddable":true,"href":"https:\/\/egn.com\/fi\/wp-json\/wp\/v2\/comments?post=16261"}],"version-history":[{"count":15,"href":"https:\/\/egn.com\/fi\/wp-json\/wp\/v2\/pages\/16261\/revisions"}],"predecessor-version":[{"id":16370,"href":"https:\/\/egn.com\/fi\/wp-json\/wp\/v2\/pages\/16261\/revisions\/16370"}],"wp:attachment":[{"href":"https:\/\/egn.com\/fi\/wp-json\/wp\/v2\/media?parent=16261"}],"curies":[{"name":"wp","href":"https:\/\/api.w.org\/{rel}","templated":true}]}}