{"id":16856,"date":"2024-12-06T14:45:29","date_gmt":"2024-12-06T12:45:29","guid":{"rendered":"https:\/\/egn.com\/fi\/?page_id=16856"},"modified":"2026-02-03T08:48:45","modified_gmt":"2026-02-03T06:48:45","slug":"kollegaryhmat","status":"publish","type":"page","link":"https:\/\/egn.com\/fi\/kollegaryhmat\/","title":{"rendered":"Menestys riippuu usein oikeiden ihmisten kohtaamisesta"},"content":{"rendered":"\n<p>&nbsp;<\/p>\n\n\n<section id=\"block_69e3b067dcb65\" class=\"\">\r\n        <div class=\"container items-start lg:items-center flex-wrap lg:flex-nowrap gap-8 lg:gap-12 flex  py-12  flex-col-reverse lg:flex-row\">\r\n\r\n        <div class=\"content w-full lg:basis-1\/2\">\r\n            <p class=\"preheader\">Huolellisesti koottuja kollegaryhmi\u00e4<\/p>\r\n            <h3 class=\"text-4xl mt-2 tracking-tight leading-none font-medium \" class=\"text-4xl mt-2 tracking-tight leading-none font-medium \" id=\"monipuolisuus-ja-yhteisollisyys\">Monipuolisuus ja yhteis\u00f6llisyys<\/h3><div class=\"prose prose-neutral text-slate-500 prose-a:text-sky-500 prose-ol prose-ul max-w-prose mt-4\"><p>Yhdist\u00e4mme kollegoja, jotka t\u00e4ydent\u00e4v\u00e4t toistensa osaamista, ja varmistamme, ett\u00e4 jokaisessa ryhm\u00e4ss\u00e4 on tasapainoinen yhdistelm\u00e4 n\u00e4k\u00f6kulmia. Tavoitteenamme on edist\u00e4\u00e4 syv\u00e4llisemp\u00e4\u00e4 ja merkityksellisemp\u00e4\u00e4 keskustelua, joka johtaa kasvuun ja kehitykseen.<\/p>\n<\/div>\r\n                        \r\n        <\/div>\r\n        <div class=\"image w-full lg:sticky lg:top-4 lg:basis-1\/2 overflow-hidden rounded-md bg-slate-50 p-8\">\r\n            <img decoding=\"async\" class=\"h-full w-full object-cover rounded-md aspect-[3\/2] lg:aspect-1\" src=\"https:\/\/egn.com\/fi\/wp-content\/uploads\/sites\/8\/2024\/12\/network-overview-1024x1024-1.jpg\" alt=\"Monipuolisuus ja yhteis\u00f6llisyys\">\r\n        <\/div>\r\n    <\/div>\r\n<\/section>\n\n<section id=\"block_69e3b067df554\" class=\"\">\r\n        <div class=\"container items-start lg:items-center flex-wrap lg:flex-nowrap gap-8 lg:gap-12 flex  py-12  flex-col-reverse lg:flex-row-reverse\">\r\n\r\n        <div class=\"content w-full lg:basis-1\/2\">\r\n            <p class=\"preheader\">Sitoutuminen ja luottamuksellisuus<\/p>\r\n            <h3 class=\"text-4xl mt-2 tracking-tight leading-none font-medium \" class=\"text-4xl mt-2 tracking-tight leading-none font-medium \" id=\"luottamukselliset-ohjatut-keskustelut\">Luottamukselliset, ohjatut keskustelut.<\/h3><div class=\"prose prose-neutral text-slate-500 prose-a:text-sky-500 prose-ol prose-ul max-w-prose mt-4\"><p>Keskustelut, joita ohjaavat kokeneet ryhm\u00e4nvet\u00e4j\u00e4t, on suunniteltu tarjoamaan sinulle uusia n\u00e4k\u00f6kulmia ja auttamaan sinua tekem\u00e4\u00e4n itsevarmoja p\u00e4\u00e4t\u00f6ksi\u00e4.<\/p>\n<\/div>\r\n                        \r\n        <\/div>\r\n        <div class=\"image w-full lg:sticky lg:top-4 lg:basis-1\/2 overflow-hidden rounded-md bg-slate-50 p-8\">\r\n            <img decoding=\"async\" class=\"h-full w-full object-cover rounded-md aspect-[3\/2] lg:aspect-1\" src=\"https:\/\/egn.com\/fi\/wp-content\/uploads\/sites\/8\/2024\/12\/Peergroup-1.jpg\" alt=\"Luottamukselliset, ohjatut keskustelut.\">\r\n        <\/div>\r\n    <\/div>\r\n<\/section>\n\n<section id=\"block_69e3b067dfece\" class=\"\">\r\n        <div class=\"container items-start lg:items-center flex-wrap lg:flex-nowrap gap-8 lg:gap-12 flex  py-12  flex-col-reverse lg:flex-row\">\r\n\r\n        <div class=\"content w-full lg:basis-1\/2\">\r\n            <p class=\"preheader\">Kansainv\u00e4linen yhteisty\u00f6<\/p>\r\n            <h3 class=\"text-4xl mt-2 tracking-tight leading-none font-medium \" class=\"text-4xl mt-2 tracking-tight leading-none font-medium \" id=\"maailmanlaajuinen-kollegoiden-verkosto\">Maailmanlaajuinen kollegoiden verkosto<\/h3><div class=\"prose prose-neutral text-slate-500 prose-a:text-sky-500 prose-ol prose-ul max-w-prose mt-4\"><p>Liity osaksi laajaa kansainv\u00e4list\u00e4 verkostoa, joka koostuu ammattilaisista eri aloilta ja toimialoilta. Kollegaryhm\u00e4mme kattaa useita maita, ja ne tuovat yhteen huippujohtajia ja p\u00e4\u00e4t\u00f6ksentekij\u00f6it\u00e4 jakamaan n\u00e4kemyksi\u00e4, tekem\u00e4\u00e4n yhteisty\u00f6t\u00e4 ratkaisujen l\u00f6yt\u00e4miseksi ja edist\u00e4m\u00e4\u00e4n innovaatioita eri toimialoilla.<\/p>\n<\/div>\r\n                        \r\n        <\/div>\r\n        <div class=\"image w-full lg:sticky lg:top-4 lg:basis-1\/2 overflow-hidden rounded-md bg-slate-50 p-8\">\r\n            <img decoding=\"async\" class=\"h-full w-full object-cover rounded-md aspect-[3\/2] lg:aspect-1\" src=\"https:\/\/egn.com\/fi\/wp-content\/uploads\/sites\/8\/2024\/12\/network-overview-3-scaled.jpg\" alt=\"Maailmanlaajuinen kollegoiden verkosto\">\r\n        <\/div>\r\n    <\/div>\r\n<\/section>","protected":false},"excerpt":{"rendered":"<p>Kollegaryhm\u00e4mme tarjoavat luottamuksellisen ja turvallisen paikan, jossa voit avoimesti jakaa kaiken unelmista ja ideoista vaikeimpiin haasteisiin.<\/p>\n","protected":false},"author":41,"featured_media":15929,"parent":0,"menu_order":0,"comment_status":"closed","ping_status":"closed","template":"page-network.php","meta":{"_acf_changed":false,"footnotes":""},"class_list":["post-16856","page","type-page","status-publish","has-post-thumbnail","hentry"],"acf":[],"yoast_head":"<title>EGN kollegaryhm\u00e4t eri alojen asiantuntijoille | EGN Suomi<\/title>\n<meta name=\"description\" content=\"EGN kollegaryhm\u00e4t tarjoavat luottamuksellisen verkoston eri alojen johtajille ja asiantuntijoille, joissa sparrata ty\u00f6arjen haasteista.\" \/>\n<meta name=\"robots\" content=\"index, follow, max-snippet:-1, max-image-preview:large, max-video-preview:-1\" \/>\n<link rel=\"canonical\" href=\"https:\/\/egn.com\/fi\/kollegaryhmat\/\" \/>\n<meta property=\"og:locale\" content=\"fi_FI\" \/>\n<meta property=\"og:type\" content=\"article\" \/>\n<meta property=\"og:title\" content=\"Menestys riippuu usein oikeiden ihmisten kohtaamisesta\" \/>\n<meta property=\"og:description\" content=\"Kollegaryhm\u00e4mme tarjoavat luottamuksellisen ja turvallisen paikan, jossa voit avoimesti jakaa kaiken unelmista ja ideoista vaikeimpiin haasteisiin.\" \/>\n<meta property=\"og:url\" content=\"https:\/\/egn.com\/fi\/kollegaryhmat\/\" \/>\n<meta property=\"og:site_name\" content=\"EGN Finland\" \/>\n<meta property=\"article:publisher\" content=\"https:\/\/www.facebook.com\/EGNSuomi\" \/>\n<meta property=\"article:modified_time\" content=\"2026-02-03T06:48:45+00:00\" \/>\n<meta property=\"og:image\" content=\"https:\/\/egn.com\/fi\/wp-content\/uploads\/sites\/8\/2023\/10\/ceo-hero-banner.jpg\" \/>\n\t<meta property=\"og:image:width\" content=\"2048\" \/>\n\t<meta property=\"og:image:height\" content=\"1080\" \/>\n\t<meta property=\"og:image:type\" content=\"image\/jpeg\" \/>\n<meta name=\"twitter:card\" content=\"summary_large_image\" \/>\n<meta name=\"twitter:label1\" content=\"Arvioitu lukuaika\" \/>\n\t<meta name=\"twitter:data1\" content=\"2 minuuttia\" \/>\n<script type=\"application\/ld+json\" class=\"yoast-schema-graph\">{\"@context\":\"https:\\\/\\\/schema.org\",\"@graph\":[{\"@type\":\"WebPage\",\"@id\":\"https:\\\/\\\/egn.com\\\/fi\\\/kollegaryhmat\\\/\",\"url\":\"https:\\\/\\\/egn.com\\\/fi\\\/kollegaryhmat\\\/\",\"name\":\"EGN kollegaryhm\u00e4t eri alojen asiantuntijoille | EGN Suomi\",\"isPartOf\":{\"@id\":\"https:\\\/\\\/egn.com\\\/fi\\\/#website\"},\"primaryImageOfPage\":{\"@id\":\"https:\\\/\\\/egn.com\\\/fi\\\/kollegaryhmat\\\/#primaryimage\"},\"image\":{\"@id\":\"https:\\\/\\\/egn.com\\\/fi\\\/kollegaryhmat\\\/#primaryimage\"},\"thumbnailUrl\":\"https:\\\/\\\/egn.com\\\/fi\\\/wp-content\\\/uploads\\\/sites\\\/8\\\/2023\\\/10\\\/ceo-hero-banner.jpg\",\"datePublished\":\"2024-12-06T12:45:29+00:00\",\"dateModified\":\"2026-02-03T06:48:45+00:00\",\"description\":\"EGN kollegaryhm\u00e4t tarjoavat luottamuksellisen verkoston eri alojen johtajille ja asiantuntijoille, joissa sparrata ty\u00f6arjen haasteista.\",\"breadcrumb\":{\"@id\":\"https:\\\/\\\/egn.com\\\/fi\\\/kollegaryhmat\\\/#breadcrumb\"},\"inLanguage\":\"fi\",\"potentialAction\":[{\"@type\":\"ReadAction\",\"target\":[\"https:\\\/\\\/egn.com\\\/fi\\\/kollegaryhmat\\\/\"]}]},{\"@type\":\"ImageObject\",\"inLanguage\":\"fi\",\"@id\":\"https:\\\/\\\/egn.com\\\/fi\\\/kollegaryhmat\\\/#primaryimage\",\"url\":\"https:\\\/\\\/egn.com\\\/fi\\\/wp-content\\\/uploads\\\/sites\\\/8\\\/2023\\\/10\\\/ceo-hero-banner.jpg\",\"contentUrl\":\"https:\\\/\\\/egn.com\\\/fi\\\/wp-content\\\/uploads\\\/sites\\\/8\\\/2023\\\/10\\\/ceo-hero-banner.jpg\",\"width\":2048,\"height\":1080},{\"@type\":\"BreadcrumbList\",\"@id\":\"https:\\\/\\\/egn.com\\\/fi\\\/kollegaryhmat\\\/#breadcrumb\",\"itemListElement\":[{\"@type\":\"ListItem\",\"position\":1,\"name\":\"Etusivu\",\"item\":\"https:\\\/\\\/egn.com\\\/fi\\\/\"},{\"@type\":\"ListItem\",\"position\":2,\"name\":\"Menestys riippuu usein oikeiden ihmisten&hellip;\"}]},{\"@type\":\"WebSite\",\"@id\":\"https:\\\/\\\/egn.com\\\/fi\\\/#website\",\"url\":\"https:\\\/\\\/egn.com\\\/fi\\\/\",\"name\":\"EGN Finland\",\"description\":\"\",\"publisher\":{\"@id\":\"https:\\\/\\\/egn.com\\\/fi\\\/#organization\"},\"potentialAction\":[{\"@type\":\"SearchAction\",\"target\":{\"@type\":\"EntryPoint\",\"urlTemplate\":\"https:\\\/\\\/egn.com\\\/fi\\\/?s={search_term_string}\"},\"query-input\":{\"@type\":\"PropertyValueSpecification\",\"valueRequired\":true,\"valueName\":\"search_term_string\"}}],\"inLanguage\":\"fi\"},{\"@type\":\"Organization\",\"@id\":\"https:\\\/\\\/egn.com\\\/fi\\\/#organization\",\"name\":\"EGN Suomi\",\"alternateName\":\"EGN\",\"url\":\"https:\\\/\\\/egn.com\\\/fi\\\/\",\"logo\":{\"@type\":\"ImageObject\",\"inLanguage\":\"fi\",\"@id\":\"https:\\\/\\\/egn.com\\\/fi\\\/#\\\/schema\\\/logo\\\/image\\\/\",\"url\":\"https:\\\/\\\/egn.com\\\/fi\\\/wp-content\\\/uploads\\\/sites\\\/8\\\/2026\\\/02\\\/EGN.png\",\"contentUrl\":\"https:\\\/\\\/egn.com\\\/fi\\\/wp-content\\\/uploads\\\/sites\\\/8\\\/2026\\\/02\\\/EGN.png\",\"width\":2185,\"height\":699,\"caption\":\"EGN Suomi\"},\"image\":{\"@id\":\"https:\\\/\\\/egn.com\\\/fi\\\/#\\\/schema\\\/logo\\\/image\\\/\"},\"sameAs\":[\"https:\\\/\\\/www.facebook.com\\\/EGNSuomi\",\"https:\\\/\\\/www.linkedin.com\\\/company\\\/egn-suomi\"],\"description\":\"EGN Suomi perustettiin loppuvuodesta 2011 ja toiminta aloitettiin myynti- ja toimitusjohtajien kollegaryhmill\u00e4. T\u00e4n\u00e4 p\u00e4iv\u00e4n\u00e4 meill\u00e4 on yli 40 ryhm\u00e4\u00e4, joissa yhdistyv\u00e4t suurimpien yritysten huippuammattilaiset ja luottamukselliset, ammattitaitoisesti fasilitoidut tapaamiset.\",\"email\":\"info.fi@egn.com\",\"telephone\":\"+358 20 741 9540\"}]}<\/script>","yoast_head_json":{"title":"EGN kollegaryhm\u00e4t eri alojen asiantuntijoille | EGN Suomi","description":"EGN kollegaryhm\u00e4t tarjoavat luottamuksellisen verkoston eri alojen johtajille ja asiantuntijoille, joissa sparrata ty\u00f6arjen haasteista.","robots":{"index":"index","follow":"follow","max-snippet":"max-snippet:-1","max-image-preview":"max-image-preview:large","max-video-preview":"max-video-preview:-1"},"canonical":"https:\/\/egn.com\/fi\/kollegaryhmat\/","og_locale":"fi_FI","og_type":"article","og_title":"Menestys riippuu usein oikeiden ihmisten kohtaamisesta","og_description":"Kollegaryhm\u00e4mme tarjoavat luottamuksellisen ja turvallisen paikan, jossa voit avoimesti jakaa kaiken unelmista ja ideoista vaikeimpiin haasteisiin.","og_url":"https:\/\/egn.com\/fi\/kollegaryhmat\/","og_site_name":"EGN Finland","article_publisher":"https:\/\/www.facebook.com\/EGNSuomi","article_modified_time":"2026-02-03T06:48:45+00:00","og_image":[{"width":2048,"height":1080,"url":"https:\/\/egn.com\/fi\/wp-content\/uploads\/sites\/8\/2023\/10\/ceo-hero-banner.jpg","type":"image\/jpeg"}],"twitter_card":"summary_large_image","twitter_misc":{"Arvioitu lukuaika":"2 minuuttia"},"schema":{"@context":"https:\/\/schema.org","@graph":[{"@type":"WebPage","@id":"https:\/\/egn.com\/fi\/kollegaryhmat\/","url":"https:\/\/egn.com\/fi\/kollegaryhmat\/","name":"EGN kollegaryhm\u00e4t eri alojen asiantuntijoille | EGN Suomi","isPartOf":{"@id":"https:\/\/egn.com\/fi\/#website"},"primaryImageOfPage":{"@id":"https:\/\/egn.com\/fi\/kollegaryhmat\/#primaryimage"},"image":{"@id":"https:\/\/egn.com\/fi\/kollegaryhmat\/#primaryimage"},"thumbnailUrl":"https:\/\/egn.com\/fi\/wp-content\/uploads\/sites\/8\/2023\/10\/ceo-hero-banner.jpg","datePublished":"2024-12-06T12:45:29+00:00","dateModified":"2026-02-03T06:48:45+00:00","description":"EGN kollegaryhm\u00e4t tarjoavat luottamuksellisen verkoston eri alojen johtajille ja asiantuntijoille, joissa sparrata ty\u00f6arjen haasteista.","breadcrumb":{"@id":"https:\/\/egn.com\/fi\/kollegaryhmat\/#breadcrumb"},"inLanguage":"fi","potentialAction":[{"@type":"ReadAction","target":["https:\/\/egn.com\/fi\/kollegaryhmat\/"]}]},{"@type":"ImageObject","inLanguage":"fi","@id":"https:\/\/egn.com\/fi\/kollegaryhmat\/#primaryimage","url":"https:\/\/egn.com\/fi\/wp-content\/uploads\/sites\/8\/2023\/10\/ceo-hero-banner.jpg","contentUrl":"https:\/\/egn.com\/fi\/wp-content\/uploads\/sites\/8\/2023\/10\/ceo-hero-banner.jpg","width":2048,"height":1080},{"@type":"BreadcrumbList","@id":"https:\/\/egn.com\/fi\/kollegaryhmat\/#breadcrumb","itemListElement":[{"@type":"ListItem","position":1,"name":"Etusivu","item":"https:\/\/egn.com\/fi\/"},{"@type":"ListItem","position":2,"name":"Menestys riippuu usein oikeiden ihmisten&hellip;"}]},{"@type":"WebSite","@id":"https:\/\/egn.com\/fi\/#website","url":"https:\/\/egn.com\/fi\/","name":"EGN Finland","description":"","publisher":{"@id":"https:\/\/egn.com\/fi\/#organization"},"potentialAction":[{"@type":"SearchAction","target":{"@type":"EntryPoint","urlTemplate":"https:\/\/egn.com\/fi\/?s={search_term_string}"},"query-input":{"@type":"PropertyValueSpecification","valueRequired":true,"valueName":"search_term_string"}}],"inLanguage":"fi"},{"@type":"Organization","@id":"https:\/\/egn.com\/fi\/#organization","name":"EGN Suomi","alternateName":"EGN","url":"https:\/\/egn.com\/fi\/","logo":{"@type":"ImageObject","inLanguage":"fi","@id":"https:\/\/egn.com\/fi\/#\/schema\/logo\/image\/","url":"https:\/\/egn.com\/fi\/wp-content\/uploads\/sites\/8\/2026\/02\/EGN.png","contentUrl":"https:\/\/egn.com\/fi\/wp-content\/uploads\/sites\/8\/2026\/02\/EGN.png","width":2185,"height":699,"caption":"EGN Suomi"},"image":{"@id":"https:\/\/egn.com\/fi\/#\/schema\/logo\/image\/"},"sameAs":["https:\/\/www.facebook.com\/EGNSuomi","https:\/\/www.linkedin.com\/company\/egn-suomi"],"description":"EGN Suomi perustettiin loppuvuodesta 2011 ja toiminta aloitettiin myynti- ja toimitusjohtajien kollegaryhmill\u00e4. T\u00e4n\u00e4 p\u00e4iv\u00e4n\u00e4 meill\u00e4 on yli 40 ryhm\u00e4\u00e4, joissa yhdistyv\u00e4t suurimpien yritysten huippuammattilaiset ja luottamukselliset, ammattitaitoisesti fasilitoidut tapaamiset.","email":"info.fi@egn.com","telephone":"+358 20 741 9540"}]}},"_links":{"self":[{"href":"https:\/\/egn.com\/fi\/wp-json\/wp\/v2\/pages\/16856","targetHints":{"allow":["GET"]}}],"collection":[{"href":"https:\/\/egn.com\/fi\/wp-json\/wp\/v2\/pages"}],"about":[{"href":"https:\/\/egn.com\/fi\/wp-json\/wp\/v2\/types\/page"}],"author":[{"embeddable":true,"href":"https:\/\/egn.com\/fi\/wp-json\/wp\/v2\/users\/41"}],"replies":[{"embeddable":true,"href":"https:\/\/egn.com\/fi\/wp-json\/wp\/v2\/comments?post=16856"}],"version-history":[{"count":12,"href":"https:\/\/egn.com\/fi\/wp-json\/wp\/v2\/pages\/16856\/revisions"}],"predecessor-version":[{"id":17223,"href":"https:\/\/egn.com\/fi\/wp-json\/wp\/v2\/pages\/16856\/revisions\/17223"}],"wp:featuredmedia":[{"embeddable":true,"href":"https:\/\/egn.com\/fi\/wp-json\/wp\/v2\/media\/15929"}],"wp:attachment":[{"href":"https:\/\/egn.com\/fi\/wp-json\/wp\/v2\/media?parent=16856"}],"curies":[{"name":"wp","href":"https:\/\/api.w.org\/{rel}","templated":true}]}}