{"id":16891,"date":"2024-12-09T14:05:10","date_gmt":"2024-12-09T12:05:10","guid":{"rendered":"https:\/\/egn.com\/fi\/?page_id=16891"},"modified":"2025-10-20T14:07:56","modified_gmt":"2025-10-20T11:07:56","slug":"luomme-verkostoja-ja-jaamme-kokemuksia","status":"publish","type":"page","link":"https:\/\/egn.com\/fi\/","title":{"rendered":"Luomme verkostoja ja jaamme kokemuksia"},"content":{"rendered":"","protected":false},"excerpt":{"rendered":"","protected":false},"author":41,"featured_media":16970,"parent":0,"menu_order":0,"comment_status":"closed","ping_status":"closed","template":"page-frontpage.php","meta":{"_acf_changed":false,"footnotes":""},"class_list":["post-16891","page","type-page","status-publish","has-post-thumbnail","hentry"],"acf":[],"yoast_head":"<title>Luomme verkostoja ja jaamme kokemuksia | EGN Suomi<\/title>\n<meta name=\"robots\" content=\"index, follow, max-snippet:-1, max-image-preview:large, max-video-preview:-1\" \/>\n<link rel=\"canonical\" href=\"https:\/\/egn.com\/fi\/\" \/>\n<meta property=\"og:locale\" content=\"fi_FI\" \/>\n<meta property=\"og:type\" content=\"article\" \/>\n<meta property=\"og:title\" content=\"Luomme verkostoja ja jaamme kokemuksia\" \/>\n<meta property=\"og:url\" content=\"https:\/\/egn.com\/fi\/\" \/>\n<meta property=\"og:site_name\" content=\"EGN Finland\" \/>\n<meta property=\"article:publisher\" content=\"https:\/\/www.facebook.com\/EGNSuomi\" \/>\n<meta property=\"article:modified_time\" content=\"2025-10-20T11:07:56+00:00\" \/>\n<meta property=\"og:image\" content=\"https:\/\/egn.com\/fi\/wp-content\/uploads\/sites\/8\/2024\/12\/hero-4.webp\" \/>\n\t<meta property=\"og:image:width\" content=\"1920\" \/>\n\t<meta property=\"og:image:height\" content=\"1080\" \/>\n\t<meta property=\"og:image:type\" content=\"image\/webp\" \/>\n<meta name=\"twitter:card\" content=\"summary_large_image\" \/>\n<meta name=\"twitter:label1\" content=\"Arvioitu lukuaika\" \/>\n\t<meta name=\"twitter:data1\" content=\"8 minuuttia\" \/>\n<script type=\"application\/ld+json\" class=\"yoast-schema-graph\">{\"@context\":\"https:\\\/\\\/schema.org\",\"@graph\":[{\"@type\":\"WebPage\",\"@id\":\"https:\\\/\\\/egn.com\\\/fi\\\/\",\"url\":\"https:\\\/\\\/egn.com\\\/fi\\\/\",\"name\":\"Luomme verkostoja ja jaamme kokemuksia | EGN Suomi\",\"isPartOf\":{\"@id\":\"https:\\\/\\\/egn.com\\\/fi\\\/#website\"},\"primaryImageOfPage\":{\"@id\":\"https:\\\/\\\/egn.com\\\/fi\\\/#primaryimage\"},\"image\":{\"@id\":\"https:\\\/\\\/egn.com\\\/fi\\\/#primaryimage\"},\"thumbnailUrl\":\"https:\\\/\\\/egn.com\\\/fi\\\/wp-content\\\/uploads\\\/sites\\\/8\\\/2024\\\/12\\\/hero-4.webp\",\"datePublished\":\"2024-12-09T12:05:10+00:00\",\"dateModified\":\"2025-10-20T11:07:56+00:00\",\"breadcrumb\":{\"@id\":\"https:\\\/\\\/egn.com\\\/fi\\\/#breadcrumb\"},\"inLanguage\":\"fi\",\"potentialAction\":[{\"@type\":\"ReadAction\",\"target\":[\"https:\\\/\\\/egn.com\\\/fi\\\/\"]}]},{\"@type\":\"ImageObject\",\"inLanguage\":\"fi\",\"@id\":\"https:\\\/\\\/egn.com\\\/fi\\\/#primaryimage\",\"url\":\"https:\\\/\\\/egn.com\\\/fi\\\/wp-content\\\/uploads\\\/sites\\\/8\\\/2024\\\/12\\\/hero-4.webp\",\"contentUrl\":\"https:\\\/\\\/egn.com\\\/fi\\\/wp-content\\\/uploads\\\/sites\\\/8\\\/2024\\\/12\\\/hero-4.webp\",\"width\":1920,\"height\":1080},{\"@type\":\"BreadcrumbList\",\"@id\":\"https:\\\/\\\/egn.com\\\/fi\\\/#breadcrumb\",\"itemListElement\":[{\"@type\":\"ListItem\",\"position\":1,\"name\":\"Etusivu\",\"item\":\"https:\\\/\\\/egn.com\\\/fi\\\/\"},{\"@type\":\"ListItem\",\"position\":2,\"name\":\"Luomme verkostoja ja jaamme kokemuksia\"}]},{\"@type\":\"WebSite\",\"@id\":\"https:\\\/\\\/egn.com\\\/fi\\\/#website\",\"url\":\"https:\\\/\\\/egn.com\\\/fi\\\/\",\"name\":\"EGN Finland\",\"description\":\"\",\"publisher\":{\"@id\":\"https:\\\/\\\/egn.com\\\/fi\\\/#organization\"},\"potentialAction\":[{\"@type\":\"SearchAction\",\"target\":{\"@type\":\"EntryPoint\",\"urlTemplate\":\"https:\\\/\\\/egn.com\\\/fi\\\/?s={search_term_string}\"},\"query-input\":{\"@type\":\"PropertyValueSpecification\",\"valueRequired\":true,\"valueName\":\"search_term_string\"}}],\"inLanguage\":\"fi\"},{\"@type\":\"Organization\",\"@id\":\"https:\\\/\\\/egn.com\\\/fi\\\/#organization\",\"name\":\"EGN Suomi\",\"alternateName\":\"EGN\",\"url\":\"https:\\\/\\\/egn.com\\\/fi\\\/\",\"logo\":{\"@type\":\"ImageObject\",\"inLanguage\":\"fi\",\"@id\":\"https:\\\/\\\/egn.com\\\/fi\\\/#\\\/schema\\\/logo\\\/image\\\/\",\"url\":\"https:\\\/\\\/egn.com\\\/fi\\\/wp-content\\\/uploads\\\/sites\\\/8\\\/2026\\\/02\\\/EGN.png\",\"contentUrl\":\"https:\\\/\\\/egn.com\\\/fi\\\/wp-content\\\/uploads\\\/sites\\\/8\\\/2026\\\/02\\\/EGN.png\",\"width\":2185,\"height\":699,\"caption\":\"EGN Suomi\"},\"image\":{\"@id\":\"https:\\\/\\\/egn.com\\\/fi\\\/#\\\/schema\\\/logo\\\/image\\\/\"},\"sameAs\":[\"https:\\\/\\\/www.facebook.com\\\/EGNSuomi\",\"https:\\\/\\\/www.linkedin.com\\\/company\\\/egn-suomi\"],\"description\":\"EGN Suomi perustettiin loppuvuodesta 2011 ja toiminta aloitettiin myynti- ja toimitusjohtajien kollegaryhmill\u00e4. T\u00e4n\u00e4 p\u00e4iv\u00e4n\u00e4 meill\u00e4 on yli 40 ryhm\u00e4\u00e4, joissa yhdistyv\u00e4t suurimpien yritysten huippuammattilaiset ja luottamukselliset, ammattitaitoisesti fasilitoidut tapaamiset.\",\"email\":\"info.fi@egn.com\",\"telephone\":\"+358 20 741 9540\"}]}<\/script>","yoast_head_json":{"title":"Luomme verkostoja ja jaamme kokemuksia | EGN Suomi","robots":{"index":"index","follow":"follow","max-snippet":"max-snippet:-1","max-image-preview":"max-image-preview:large","max-video-preview":"max-video-preview:-1"},"canonical":"https:\/\/egn.com\/fi\/","og_locale":"fi_FI","og_type":"article","og_title":"Luomme verkostoja ja jaamme kokemuksia","og_url":"https:\/\/egn.com\/fi\/","og_site_name":"EGN Finland","article_publisher":"https:\/\/www.facebook.com\/EGNSuomi","article_modified_time":"2025-10-20T11:07:56+00:00","og_image":[{"width":1920,"height":1080,"url":"https:\/\/egn.com\/fi\/wp-content\/uploads\/sites\/8\/2024\/12\/hero-4.webp","type":"image\/webp"}],"twitter_card":"summary_large_image","twitter_misc":{"Arvioitu lukuaika":"8 minuuttia"},"schema":{"@context":"https:\/\/schema.org","@graph":[{"@type":"WebPage","@id":"https:\/\/egn.com\/fi\/","url":"https:\/\/egn.com\/fi\/","name":"Luomme verkostoja ja jaamme kokemuksia | EGN Suomi","isPartOf":{"@id":"https:\/\/egn.com\/fi\/#website"},"primaryImageOfPage":{"@id":"https:\/\/egn.com\/fi\/#primaryimage"},"image":{"@id":"https:\/\/egn.com\/fi\/#primaryimage"},"thumbnailUrl":"https:\/\/egn.com\/fi\/wp-content\/uploads\/sites\/8\/2024\/12\/hero-4.webp","datePublished":"2024-12-09T12:05:10+00:00","dateModified":"2025-10-20T11:07:56+00:00","breadcrumb":{"@id":"https:\/\/egn.com\/fi\/#breadcrumb"},"inLanguage":"fi","potentialAction":[{"@type":"ReadAction","target":["https:\/\/egn.com\/fi\/"]}]},{"@type":"ImageObject","inLanguage":"fi","@id":"https:\/\/egn.com\/fi\/#primaryimage","url":"https:\/\/egn.com\/fi\/wp-content\/uploads\/sites\/8\/2024\/12\/hero-4.webp","contentUrl":"https:\/\/egn.com\/fi\/wp-content\/uploads\/sites\/8\/2024\/12\/hero-4.webp","width":1920,"height":1080},{"@type":"BreadcrumbList","@id":"https:\/\/egn.com\/fi\/#breadcrumb","itemListElement":[{"@type":"ListItem","position":1,"name":"Etusivu","item":"https:\/\/egn.com\/fi\/"},{"@type":"ListItem","position":2,"name":"Luomme verkostoja ja jaamme kokemuksia"}]},{"@type":"WebSite","@id":"https:\/\/egn.com\/fi\/#website","url":"https:\/\/egn.com\/fi\/","name":"EGN Finland","description":"","publisher":{"@id":"https:\/\/egn.com\/fi\/#organization"},"potentialAction":[{"@type":"SearchAction","target":{"@type":"EntryPoint","urlTemplate":"https:\/\/egn.com\/fi\/?s={search_term_string}"},"query-input":{"@type":"PropertyValueSpecification","valueRequired":true,"valueName":"search_term_string"}}],"inLanguage":"fi"},{"@type":"Organization","@id":"https:\/\/egn.com\/fi\/#organization","name":"EGN Suomi","alternateName":"EGN","url":"https:\/\/egn.com\/fi\/","logo":{"@type":"ImageObject","inLanguage":"fi","@id":"https:\/\/egn.com\/fi\/#\/schema\/logo\/image\/","url":"https:\/\/egn.com\/fi\/wp-content\/uploads\/sites\/8\/2026\/02\/EGN.png","contentUrl":"https:\/\/egn.com\/fi\/wp-content\/uploads\/sites\/8\/2026\/02\/EGN.png","width":2185,"height":699,"caption":"EGN Suomi"},"image":{"@id":"https:\/\/egn.com\/fi\/#\/schema\/logo\/image\/"},"sameAs":["https:\/\/www.facebook.com\/EGNSuomi","https:\/\/www.linkedin.com\/company\/egn-suomi"],"description":"EGN Suomi perustettiin loppuvuodesta 2011 ja toiminta aloitettiin myynti- ja toimitusjohtajien kollegaryhmill\u00e4. T\u00e4n\u00e4 p\u00e4iv\u00e4n\u00e4 meill\u00e4 on yli 40 ryhm\u00e4\u00e4, joissa yhdistyv\u00e4t suurimpien yritysten huippuammattilaiset ja luottamukselliset, ammattitaitoisesti fasilitoidut tapaamiset.","email":"info.fi@egn.com","telephone":"+358 20 741 9540"}]}},"_links":{"self":[{"href":"https:\/\/egn.com\/fi\/wp-json\/wp\/v2\/pages\/16891","targetHints":{"allow":["GET"]}}],"collection":[{"href":"https:\/\/egn.com\/fi\/wp-json\/wp\/v2\/pages"}],"about":[{"href":"https:\/\/egn.com\/fi\/wp-json\/wp\/v2\/types\/page"}],"author":[{"embeddable":true,"href":"https:\/\/egn.com\/fi\/wp-json\/wp\/v2\/users\/41"}],"replies":[{"embeddable":true,"href":"https:\/\/egn.com\/fi\/wp-json\/wp\/v2\/comments?post=16891"}],"version-history":[{"count":32,"href":"https:\/\/egn.com\/fi\/wp-json\/wp\/v2\/pages\/16891\/revisions"}],"predecessor-version":[{"id":18072,"href":"https:\/\/egn.com\/fi\/wp-json\/wp\/v2\/pages\/16891\/revisions\/18072"}],"wp:featuredmedia":[{"embeddable":true,"href":"https:\/\/egn.com\/fi\/wp-json\/wp\/v2\/media\/16970"}],"wp:attachment":[{"href":"https:\/\/egn.com\/fi\/wp-json\/wp\/v2\/media?parent=16891"}],"curies":[{"name":"wp","href":"https:\/\/api.w.org\/{rel}","templated":true}]}}