{"id":17712,"date":"2025-08-14T10:39:16","date_gmt":"2025-08-14T07:39:16","guid":{"rendered":"https:\/\/egn.com\/fi\/?page_id=17712"},"modified":"2025-11-04T11:26:56","modified_gmt":"2025-11-04T09:26:56","slug":"mita-egn-jasenyys-maksaa","status":"publish","type":"page","link":"https:\/\/egn.com\/fi\/mita-egn-jasenyys-maksaa\/","title":{"rendered":"Mit\u00e4 EGN-j\u00e4senyys maksaa?"},"content":{"rendered":"\t\t<div data-elementor-type=\"wp-page\" data-elementor-id=\"17712\" class=\"elementor elementor-17712\">\n\t\t\t\t\t\t<section class=\"elementor-section elementor-top-section elementor-element elementor-element-69b3ace1 elementor-section-boxed elementor-section-height-default elementor-section-height-default\" data-id=\"69b3ace1\" data-element_type=\"section\">\n\t\t\t\t\t\t<div class=\"elementor-container elementor-column-gap-default\">\n\t\t\t\t\t<div class=\"elementor-column elementor-col-100 elementor-top-column elementor-element elementor-element-79a61bf0\" data-id=\"79a61bf0\" data-element_type=\"column\">\n\t\t\t<div class=\"elementor-widget-wrap elementor-element-populated\">\n\t\t\t\t\t\t<div class=\"elementor-element elementor-element-6cc18ae4 elementor-widget elementor-widget-text-editor\" data-id=\"6cc18ae4\" data-element_type=\"widget\" data-widget_type=\"text-editor.default\">\n\t\t\t\t<div class=\"elementor-widget-container\">\n\t\t\t\t\t\t\t\t\t<p><\/p>\n<h2 id=\"h-kollegaryhma-vai-kurssi\" class=\"wp-block-heading\">Kollegaryhm\u00e4 vai kurssi?<\/h2>\n<p><\/p>\n<p>Useimpien EGN-j\u00e4senten j\u00e4senmaksun maksaa ty\u00f6nantaja. J\u00e4senyytt\u00e4 EGN:ss\u00e4 kannattaa ajatella samalla tavalla kuin kurssia tai t\u00e4ydennyskoulutusta \u2013 mutta t\u00e4rkein ero kurssiin tai valmennukseen on jatkuvuus.<\/p>\n<p><\/p>\n<p><strong>EGN on ammatillisen osaamisen verkosto \u2013 ei myynti- tai bisnesverkosto. T\u00e4m\u00e4 tarkoittaa, ett\u00e4 keski\u00f6ss\u00e4 on ammatillinen kehittyminen, tiedon jakaminen ja kokemusten vaihtaminen \u2013 ei myynti tai uusien liiketoimien rakentaminen.<\/strong><\/p>\n<p><\/p>\n<p>Kollegaryhm\u00e4n j\u00e4senen\u00e4 saat jatkuvaa sparrausta ja tiedonvaihtoa samanhenkisilt\u00e4 ammattilaisilta. P\u00e4\u00e4set k\u00e4sittelem\u00e4\u00e4n sek\u00e4 omia haasteitasi ett\u00e4 markkinoiden ajankohtaisimpia aiheita keskustelujen ja ty\u00f6pajojen kautta. Kollegaryhm\u00e4t ovat k\u00e4yt\u00e4nn\u00f6nl\u00e4heisi\u00e4 ja keskittyv\u00e4t konkreettisiin ty\u00f6ss\u00e4 vastaan tuleviin kysymyksiin. Sek\u00e4 henkil\u00f6kohtainen ett\u00e4 ammatillinen kehittymisesi ovat jatkuvasti fokuksessa \u2013 ja voit luottaa siihen, ett\u00e4 verkosto on tukenasi tilanteessa kuin tilanteessa. Toisin kuin monissa kursseissa tai koulutusohjelmissa, verkostossa ei k\u00e4ytet\u00e4 aikaa tarpeettomaan teoriaan tai muodollisuuksiin.<\/p>\n<p><\/p>\n<h2 id=\"h-mita-saat-jasenena\" class=\"wp-block-heading\">Mit\u00e4 saat j\u00e4senen\u00e4?<\/h2>\n<p><\/p>\n<p>Kollegaryhm\u00e4 kokoontuu 4\u20136 kertaa vuodessa, toisinaan kokop\u00e4iv\u00e4isin\u00e4 tapaamisina (joissain ryhmiss\u00e4 my\u00f6s v\u00e4lill\u00e4 y\u00f6n yli kest\u00e4vi\u00e4 tapaamisia). N\u00e4iss\u00e4 tapaamisissa vaihdetaan kokemuksia, jaetaan tietoa ja autetaan toisia yli yritysrajojen. Kokoontumisia fasilitoi ryhm\u00e4nvet\u00e4j\u00e4, jolla on relevanttia kokemusta ja toimialatuntemusta.<\/p>\n<p>Fyysisten tapaamisten v\u00e4lill\u00e4 j\u00e4seni\u00e4 kannustetaan hy\u00f6dynt\u00e4m\u00e4\u00e4n toisiaan aktiivisesti ammatillisina sparrauskumppaneina. T\u00e4m\u00e4 onnistuu esimerkiksi Members Universe -digialustalla, jossa voit verkostoitua EGN:n 13.000 j\u00e4senen kanssa yli kansallisten ja toimialarajojen. Saat my\u00f6s p\u00e4\u00e4syn paikallisiin ja globaaleihin webinaareihin, joissa huippuluokan asiantuntijat k\u00e4sittelev\u00e4t ty\u00f6el\u00e4m\u00e4n ajankohtaisimpia teemoja.<\/p>\n<p><\/p>\n<h2 id=\"h-keskustelu-ilman-sitoumuksia\" class=\"wp-block-heading\">Keskustelu ilman sitoumuksia<\/h2>\n<p><\/p>\n<p>Haluatko kuulla lis\u00e4\u00e4 EGN:n kollegayhmist\u00e4? T\u00e4yt\u00e4 lomake, niin sovitaan maksuton ja sitoumukseton keskustelu asiantuntijamme kanssa. Yhdess\u00e4 kartoitatte juuri sinulle sopivan kollegaryhm\u00e4n ja saat samalla konkreettisen hintatarjouksen.<\/p>\n<p><\/p>\n<p><\/p>\t\t\t\t\t\t\t\t<\/div>\n\t\t\t\t<\/div>\n\t\t\t\t\t<\/div>\n\t\t<\/div>\n\t\t\t\t\t<\/div>\n\t\t<\/section>\n\t\t\t\t<\/div>\n\t\t","protected":false},"excerpt":{"rendered":"<p>Kollegaryhm\u00e4 vai kurssi? Useimpien EGN-j\u00e4senten j\u00e4senmaksun maksaa ty\u00f6nantaja. J\u00e4senyytt\u00e4 EGN:ss\u00e4 kannattaa ajatella samalla tavalla kuin kurssia tai t\u00e4ydennyskoulutusta \u2013 mutta t\u00e4rkein ero kurssiin tai valmennukseen on jatkuvuus. EGN on ammatillisen osaamisen verkosto \u2013 ei myynti- tai bisnesverkosto.<\/p>\n","protected":false},"author":41,"featured_media":17715,"parent":0,"menu_order":0,"comment_status":"closed","ping_status":"closed","template":"template-page-sticky-form.php","meta":{"_acf_changed":false,"footnotes":""},"class_list":["post-17712","page","type-page","status-publish","has-post-thumbnail","hentry"],"acf":[],"yoast_head":"<title>Mit\u00e4 EGN-j\u00e4senyys maksaa? | EGN Suomi<\/title>\n<meta name=\"robots\" content=\"index, follow, max-snippet:-1, max-image-preview:large, max-video-preview:-1\" \/>\n<link rel=\"canonical\" href=\"https:\/\/egn.com\/fi\/mita-egn-jasenyys-maksaa\/\" \/>\n<meta property=\"og:locale\" content=\"fi_FI\" \/>\n<meta property=\"og:type\" content=\"article\" \/>\n<meta property=\"og:title\" content=\"Mit\u00e4 EGN-j\u00e4senyys maksaa?\" \/>\n<meta property=\"og:description\" content=\"Kollegaryhm\u00e4 vai kurssi? Useimpien EGN-j\u00e4senten j\u00e4senmaksun maksaa ty\u00f6nantaja. J\u00e4senyytt\u00e4 EGN:ss\u00e4 kannattaa ajatella samalla tavalla kuin kurssia tai t\u00e4ydennyskoulutusta \u2013 mutta t\u00e4rkein ero kurssiin tai valmennukseen on jatkuvuus. EGN on ammatillisen osaamisen verkosto \u2013 ei myynti- tai bisnesverkosto.\" \/>\n<meta property=\"og:url\" content=\"https:\/\/egn.com\/fi\/mita-egn-jasenyys-maksaa\/\" \/>\n<meta property=\"og:site_name\" content=\"EGN Finland\" \/>\n<meta property=\"article:publisher\" content=\"https:\/\/www.facebook.com\/EGNSuomi\" \/>\n<meta property=\"article:modified_time\" content=\"2025-11-04T09:26:56+00:00\" \/>\n<meta property=\"og:image\" content=\"https:\/\/egn.com\/fi\/wp-content\/uploads\/sites\/8\/2025\/08\/advisor-hero-1.webp\" \/>\n\t<meta property=\"og:image:width\" content=\"1920\" \/>\n\t<meta property=\"og:image:height\" content=\"1080\" \/>\n\t<meta property=\"og:image:type\" content=\"image\/webp\" \/>\n<meta name=\"twitter:card\" content=\"summary_large_image\" \/>\n<meta name=\"twitter:label1\" content=\"Arvioitu lukuaika\" \/>\n\t<meta name=\"twitter:data1\" content=\"2 minuuttia\" \/>\n<script type=\"application\/ld+json\" class=\"yoast-schema-graph\">{\"@context\":\"https:\\\/\\\/schema.org\",\"@graph\":[{\"@type\":\"WebPage\",\"@id\":\"https:\\\/\\\/egn.com\\\/fi\\\/mita-egn-jasenyys-maksaa\\\/\",\"url\":\"https:\\\/\\\/egn.com\\\/fi\\\/mita-egn-jasenyys-maksaa\\\/\",\"name\":\"Mit\u00e4 EGN-j\u00e4senyys maksaa? | EGN Suomi\",\"isPartOf\":{\"@id\":\"https:\\\/\\\/egn.com\\\/fi\\\/#website\"},\"primaryImageOfPage\":{\"@id\":\"https:\\\/\\\/egn.com\\\/fi\\\/mita-egn-jasenyys-maksaa\\\/#primaryimage\"},\"image\":{\"@id\":\"https:\\\/\\\/egn.com\\\/fi\\\/mita-egn-jasenyys-maksaa\\\/#primaryimage\"},\"thumbnailUrl\":\"https:\\\/\\\/egn.com\\\/fi\\\/wp-content\\\/uploads\\\/sites\\\/8\\\/2025\\\/08\\\/advisor-hero-1.webp\",\"datePublished\":\"2025-08-14T07:39:16+00:00\",\"dateModified\":\"2025-11-04T09:26:56+00:00\",\"breadcrumb\":{\"@id\":\"https:\\\/\\\/egn.com\\\/fi\\\/mita-egn-jasenyys-maksaa\\\/#breadcrumb\"},\"inLanguage\":\"fi\",\"potentialAction\":[{\"@type\":\"ReadAction\",\"target\":[\"https:\\\/\\\/egn.com\\\/fi\\\/mita-egn-jasenyys-maksaa\\\/\"]}]},{\"@type\":\"ImageObject\",\"inLanguage\":\"fi\",\"@id\":\"https:\\\/\\\/egn.com\\\/fi\\\/mita-egn-jasenyys-maksaa\\\/#primaryimage\",\"url\":\"https:\\\/\\\/egn.com\\\/fi\\\/wp-content\\\/uploads\\\/sites\\\/8\\\/2025\\\/08\\\/advisor-hero-1.webp\",\"contentUrl\":\"https:\\\/\\\/egn.com\\\/fi\\\/wp-content\\\/uploads\\\/sites\\\/8\\\/2025\\\/08\\\/advisor-hero-1.webp\",\"width\":1920,\"height\":1080},{\"@type\":\"BreadcrumbList\",\"@id\":\"https:\\\/\\\/egn.com\\\/fi\\\/mita-egn-jasenyys-maksaa\\\/#breadcrumb\",\"itemListElement\":[{\"@type\":\"ListItem\",\"position\":1,\"name\":\"Etusivu\",\"item\":\"https:\\\/\\\/egn.com\\\/fi\\\/\"},{\"@type\":\"ListItem\",\"position\":2,\"name\":\"Mit\u00e4 EGN-j\u00e4senyys maksaa?\"}]},{\"@type\":\"WebSite\",\"@id\":\"https:\\\/\\\/egn.com\\\/fi\\\/#website\",\"url\":\"https:\\\/\\\/egn.com\\\/fi\\\/\",\"name\":\"EGN Finland\",\"description\":\"\",\"publisher\":{\"@id\":\"https:\\\/\\\/egn.com\\\/fi\\\/#organization\"},\"potentialAction\":[{\"@type\":\"SearchAction\",\"target\":{\"@type\":\"EntryPoint\",\"urlTemplate\":\"https:\\\/\\\/egn.com\\\/fi\\\/?s={search_term_string}\"},\"query-input\":{\"@type\":\"PropertyValueSpecification\",\"valueRequired\":true,\"valueName\":\"search_term_string\"}}],\"inLanguage\":\"fi\"},{\"@type\":\"Organization\",\"@id\":\"https:\\\/\\\/egn.com\\\/fi\\\/#organization\",\"name\":\"EGN Suomi\",\"alternateName\":\"EGN\",\"url\":\"https:\\\/\\\/egn.com\\\/fi\\\/\",\"logo\":{\"@type\":\"ImageObject\",\"inLanguage\":\"fi\",\"@id\":\"https:\\\/\\\/egn.com\\\/fi\\\/#\\\/schema\\\/logo\\\/image\\\/\",\"url\":\"https:\\\/\\\/egn.com\\\/fi\\\/wp-content\\\/uploads\\\/sites\\\/8\\\/2026\\\/02\\\/EGN.png\",\"contentUrl\":\"https:\\\/\\\/egn.com\\\/fi\\\/wp-content\\\/uploads\\\/sites\\\/8\\\/2026\\\/02\\\/EGN.png\",\"width\":2185,\"height\":699,\"caption\":\"EGN Suomi\"},\"image\":{\"@id\":\"https:\\\/\\\/egn.com\\\/fi\\\/#\\\/schema\\\/logo\\\/image\\\/\"},\"sameAs\":[\"https:\\\/\\\/www.facebook.com\\\/EGNSuomi\",\"https:\\\/\\\/www.linkedin.com\\\/company\\\/egn-suomi\"],\"description\":\"EGN Suomi perustettiin loppuvuodesta 2011 ja toiminta aloitettiin myynti- ja toimitusjohtajien kollegaryhmill\u00e4. T\u00e4n\u00e4 p\u00e4iv\u00e4n\u00e4 meill\u00e4 on yli 40 ryhm\u00e4\u00e4, joissa yhdistyv\u00e4t suurimpien yritysten huippuammattilaiset ja luottamukselliset, ammattitaitoisesti fasilitoidut tapaamiset.\",\"email\":\"info.fi@egn.com\",\"telephone\":\"+358 20 741 9540\"}]}<\/script>","yoast_head_json":{"title":"Mit\u00e4 EGN-j\u00e4senyys maksaa? | EGN Suomi","robots":{"index":"index","follow":"follow","max-snippet":"max-snippet:-1","max-image-preview":"max-image-preview:large","max-video-preview":"max-video-preview:-1"},"canonical":"https:\/\/egn.com\/fi\/mita-egn-jasenyys-maksaa\/","og_locale":"fi_FI","og_type":"article","og_title":"Mit\u00e4 EGN-j\u00e4senyys maksaa?","og_description":"Kollegaryhm\u00e4 vai kurssi? Useimpien EGN-j\u00e4senten j\u00e4senmaksun maksaa ty\u00f6nantaja. J\u00e4senyytt\u00e4 EGN:ss\u00e4 kannattaa ajatella samalla tavalla kuin kurssia tai t\u00e4ydennyskoulutusta \u2013 mutta t\u00e4rkein ero kurssiin tai valmennukseen on jatkuvuus. EGN on ammatillisen osaamisen verkosto \u2013 ei myynti- tai bisnesverkosto.","og_url":"https:\/\/egn.com\/fi\/mita-egn-jasenyys-maksaa\/","og_site_name":"EGN Finland","article_publisher":"https:\/\/www.facebook.com\/EGNSuomi","article_modified_time":"2025-11-04T09:26:56+00:00","og_image":[{"width":1920,"height":1080,"url":"https:\/\/egn.com\/fi\/wp-content\/uploads\/sites\/8\/2025\/08\/advisor-hero-1.webp","type":"image\/webp"}],"twitter_card":"summary_large_image","twitter_misc":{"Arvioitu lukuaika":"2 minuuttia"},"schema":{"@context":"https:\/\/schema.org","@graph":[{"@type":"WebPage","@id":"https:\/\/egn.com\/fi\/mita-egn-jasenyys-maksaa\/","url":"https:\/\/egn.com\/fi\/mita-egn-jasenyys-maksaa\/","name":"Mit\u00e4 EGN-j\u00e4senyys maksaa? | EGN Suomi","isPartOf":{"@id":"https:\/\/egn.com\/fi\/#website"},"primaryImageOfPage":{"@id":"https:\/\/egn.com\/fi\/mita-egn-jasenyys-maksaa\/#primaryimage"},"image":{"@id":"https:\/\/egn.com\/fi\/mita-egn-jasenyys-maksaa\/#primaryimage"},"thumbnailUrl":"https:\/\/egn.com\/fi\/wp-content\/uploads\/sites\/8\/2025\/08\/advisor-hero-1.webp","datePublished":"2025-08-14T07:39:16+00:00","dateModified":"2025-11-04T09:26:56+00:00","breadcrumb":{"@id":"https:\/\/egn.com\/fi\/mita-egn-jasenyys-maksaa\/#breadcrumb"},"inLanguage":"fi","potentialAction":[{"@type":"ReadAction","target":["https:\/\/egn.com\/fi\/mita-egn-jasenyys-maksaa\/"]}]},{"@type":"ImageObject","inLanguage":"fi","@id":"https:\/\/egn.com\/fi\/mita-egn-jasenyys-maksaa\/#primaryimage","url":"https:\/\/egn.com\/fi\/wp-content\/uploads\/sites\/8\/2025\/08\/advisor-hero-1.webp","contentUrl":"https:\/\/egn.com\/fi\/wp-content\/uploads\/sites\/8\/2025\/08\/advisor-hero-1.webp","width":1920,"height":1080},{"@type":"BreadcrumbList","@id":"https:\/\/egn.com\/fi\/mita-egn-jasenyys-maksaa\/#breadcrumb","itemListElement":[{"@type":"ListItem","position":1,"name":"Etusivu","item":"https:\/\/egn.com\/fi\/"},{"@type":"ListItem","position":2,"name":"Mit\u00e4 EGN-j\u00e4senyys maksaa?"}]},{"@type":"WebSite","@id":"https:\/\/egn.com\/fi\/#website","url":"https:\/\/egn.com\/fi\/","name":"EGN Finland","description":"","publisher":{"@id":"https:\/\/egn.com\/fi\/#organization"},"potentialAction":[{"@type":"SearchAction","target":{"@type":"EntryPoint","urlTemplate":"https:\/\/egn.com\/fi\/?s={search_term_string}"},"query-input":{"@type":"PropertyValueSpecification","valueRequired":true,"valueName":"search_term_string"}}],"inLanguage":"fi"},{"@type":"Organization","@id":"https:\/\/egn.com\/fi\/#organization","name":"EGN Suomi","alternateName":"EGN","url":"https:\/\/egn.com\/fi\/","logo":{"@type":"ImageObject","inLanguage":"fi","@id":"https:\/\/egn.com\/fi\/#\/schema\/logo\/image\/","url":"https:\/\/egn.com\/fi\/wp-content\/uploads\/sites\/8\/2026\/02\/EGN.png","contentUrl":"https:\/\/egn.com\/fi\/wp-content\/uploads\/sites\/8\/2026\/02\/EGN.png","width":2185,"height":699,"caption":"EGN Suomi"},"image":{"@id":"https:\/\/egn.com\/fi\/#\/schema\/logo\/image\/"},"sameAs":["https:\/\/www.facebook.com\/EGNSuomi","https:\/\/www.linkedin.com\/company\/egn-suomi"],"description":"EGN Suomi perustettiin loppuvuodesta 2011 ja toiminta aloitettiin myynti- ja toimitusjohtajien kollegaryhmill\u00e4. T\u00e4n\u00e4 p\u00e4iv\u00e4n\u00e4 meill\u00e4 on yli 40 ryhm\u00e4\u00e4, joissa yhdistyv\u00e4t suurimpien yritysten huippuammattilaiset ja luottamukselliset, ammattitaitoisesti fasilitoidut tapaamiset.","email":"info.fi@egn.com","telephone":"+358 20 741 9540"}]}},"_links":{"self":[{"href":"https:\/\/egn.com\/fi\/wp-json\/wp\/v2\/pages\/17712","targetHints":{"allow":["GET"]}}],"collection":[{"href":"https:\/\/egn.com\/fi\/wp-json\/wp\/v2\/pages"}],"about":[{"href":"https:\/\/egn.com\/fi\/wp-json\/wp\/v2\/types\/page"}],"author":[{"embeddable":true,"href":"https:\/\/egn.com\/fi\/wp-json\/wp\/v2\/users\/41"}],"replies":[{"embeddable":true,"href":"https:\/\/egn.com\/fi\/wp-json\/wp\/v2\/comments?post=17712"}],"version-history":[{"count":6,"href":"https:\/\/egn.com\/fi\/wp-json\/wp\/v2\/pages\/17712\/revisions"}],"predecessor-version":[{"id":18093,"href":"https:\/\/egn.com\/fi\/wp-json\/wp\/v2\/pages\/17712\/revisions\/18093"}],"wp:featuredmedia":[{"embeddable":true,"href":"https:\/\/egn.com\/fi\/wp-json\/wp\/v2\/media\/17715"}],"wp:attachment":[{"href":"https:\/\/egn.com\/fi\/wp-json\/wp\/v2\/media?parent=17712"}],"curies":[{"name":"wp","href":"https:\/\/api.w.org\/{rel}","templated":true}]}}