{"id":9555,"date":"2021-05-07T13:20:55","date_gmt":"2021-05-07T10:20:55","guid":{"rendered":"https:\/\/egn.com\/fi\/?page_id=9555"},"modified":"2026-02-24T09:55:47","modified_gmt":"2026-02-24T07:55:47","slug":"ota-yhteytta","status":"publish","type":"page","link":"https:\/\/egn.com\/fi\/ota-yhteytta\/","title":{"rendered":"Ota yhteytt\u00e4"},"content":{"rendered":"\t\t<div data-elementor-type=\"wp-page\" data-elementor-id=\"9555\" class=\"elementor elementor-9555\">\n\t\t\t\t\t\t<section class=\"elementor-section elementor-top-section elementor-element elementor-element-50f1677d elementor-section-height-min-height elementor-section-full_width elementor-section-height-default elementor-section-items-middle\" data-id=\"50f1677d\" data-element_type=\"section\" data-settings=\"{&quot;background_background&quot;:&quot;classic&quot;}\">\n\t\t\t\t\t\t<div class=\"elementor-container elementor-column-gap-default\">\n\t\t\t\t\t<div class=\"elementor-column elementor-col-100 elementor-top-column elementor-element elementor-element-6dd8c676\" data-id=\"6dd8c676\" data-element_type=\"column\">\n\t\t\t<div class=\"elementor-widget-wrap\">\n\t\t\t\t\t\t\t<\/div>\n\t\t<\/div>\n\t\t\t\t\t<\/div>\n\t\t<\/section>\n\t\t\t\t<section class=\"elementor-section elementor-top-section elementor-element elementor-element-16b86ae9 elementor-section-height-min-height elementor-section-boxed elementor-section-height-default elementor-section-items-middle\" data-id=\"16b86ae9\" data-element_type=\"section\" data-settings=\"{&quot;background_background&quot;:&quot;gradient&quot;}\">\n\t\t\t\t\t\t<div class=\"elementor-container elementor-column-gap-default\">\n\t\t\t\t\t<div class=\"elementor-column elementor-col-100 elementor-top-column elementor-element elementor-element-30477677\" data-id=\"30477677\" data-element_type=\"column\">\n\t\t\t<div class=\"elementor-widget-wrap\">\n\t\t\t\t\t\t\t<\/div>\n\t\t<\/div>\n\t\t\t\t\t<\/div>\n\t\t<\/section>\n\t\t\t\t<section class=\"elementor-section elementor-top-section elementor-element elementor-element-39152c1b elementor-section-boxed elementor-section-height-default elementor-section-height-default\" data-id=\"39152c1b\" data-element_type=\"section\" data-settings=\"{&quot;background_background&quot;:&quot;classic&quot;}\">\n\t\t\t\t\t\t<div class=\"elementor-container elementor-column-gap-default\">\n\t\t\t\t\t<div class=\"elementor-column elementor-col-50 elementor-top-column elementor-element elementor-element-47362d5b\" data-id=\"47362d5b\" data-element_type=\"column\" data-settings=\"{&quot;background_background&quot;:&quot;classic&quot;}\">\n\t\t\t<div class=\"elementor-widget-wrap elementor-element-populated\">\n\t\t\t\t\t\t<div class=\"elementor-element elementor-element-9b07c24 elementor-widget elementor-widget-spacer\" data-id=\"9b07c24\" data-element_type=\"widget\" data-widget_type=\"spacer.default\">\n\t\t\t\t<div class=\"elementor-widget-container\">\n\t\t\t\t\t\t\t<div class=\"elementor-spacer\">\n\t\t\t<div class=\"elementor-spacer-inner\"><\/div>\n\t\t<\/div>\n\t\t\t\t\t\t<\/div>\n\t\t\t\t<\/div>\n\t\t\t\t<div class=\"elementor-element elementor-element-7f712df elementor-widget elementor-widget-heading\" data-id=\"7f712df\" data-element_type=\"widget\" data-widget_type=\"heading.default\">\n\t\t\t\t<div class=\"elementor-widget-container\">\n\t\t\t\t\t<h1 class=\"elementor-heading-title elementor-size-default\">EGN Suomi<\/h1>\t\t\t\t<\/div>\n\t\t\t\t<\/div>\n\t\t\t\t<section class=\"elementor-section elementor-inner-section elementor-element elementor-element-3f8483e elementor-section-boxed elementor-section-height-default elementor-section-height-default\" data-id=\"3f8483e\" data-element_type=\"section\">\n\t\t\t\t\t\t<div class=\"elementor-container elementor-column-gap-no\">\n\t\t\t\t\t<div class=\"elementor-column elementor-col-100 elementor-inner-column elementor-element elementor-element-10dbd43\" data-id=\"10dbd43\" data-element_type=\"column\">\n\t\t\t<div class=\"elementor-widget-wrap elementor-element-populated\">\n\t\t\t\t\t\t<div class=\"elementor-element elementor-element-6ebcebe elementor-widget-divider--view-line elementor-widget elementor-widget-divider\" data-id=\"6ebcebe\" data-element_type=\"widget\" data-widget_type=\"divider.default\">\n\t\t\t\t<div class=\"elementor-widget-container\">\n\t\t\t\t\t\t\t<div class=\"elementor-divider\">\n\t\t\t<span class=\"elementor-divider-separator\">\n\t\t\t\t\t\t<\/span>\n\t\t<\/div>\n\t\t\t\t\t\t<\/div>\n\t\t\t\t<\/div>\n\t\t\t\t<div class=\"elementor-element elementor-element-2936882 elementor-widget elementor-widget-text-editor\" data-id=\"2936882\" data-element_type=\"widget\" data-widget_type=\"text-editor.default\">\n\t\t\t\t<div class=\"elementor-widget-container\">\n\t\t\t\t\t\t\t\t\t<p style=\"font-size: 19px; text-align: left;\">EGN Suomi on vuonna 2011 perustettu strateginen asiantuntijaverkosto, joka on osa kansainv\u00e4list\u00e4 Executives Global Network -verkostoa. T\u00e4n\u00e4 p\u00e4iv\u00e4n\u00e4 toimimme 15 maassa yli 400 asiantuntijan voimin.<\/p><p style=\"font-size: 19px; text-align: left;\"><span style=\"font-size: 20px; text-align: center;\">Olemme\u00a0 osa maailman suurinta kollegaryhm\u00e4organisaatiota\u00a0<\/span><a href=\"https:\/\/www.vistage.com\/\" target=\"_blank\" rel=\"noopener\">Vistage.<\/a><\/p>\t\t\t\t\t\t\t\t<\/div>\n\t\t\t\t<\/div>\n\t\t\t\t\t<\/div>\n\t\t<\/div>\n\t\t\t\t\t<\/div>\n\t\t<\/section>\n\t\t\t\t\t<\/div>\n\t\t<\/div>\n\t\t\t\t<div class=\"elementor-column elementor-col-50 elementor-top-column elementor-element elementor-element-bd919d2\" data-id=\"bd919d2\" data-element_type=\"column\">\n\t\t\t<div class=\"elementor-widget-wrap elementor-element-populated\">\n\t\t\t\t\t\t<div class=\"elementor-element elementor-element-c356e4e elementor-hidden-tablet elementor-hidden-phone elementor-widget elementor-widget-spacer\" data-id=\"c356e4e\" data-element_type=\"widget\" data-widget_type=\"spacer.default\">\n\t\t\t\t<div class=\"elementor-widget-container\">\n\t\t\t\t\t\t\t<div class=\"elementor-spacer\">\n\t\t\t<div class=\"elementor-spacer-inner\"><\/div>\n\t\t<\/div>\n\t\t\t\t\t\t<\/div>\n\t\t\t\t<\/div>\n\t\t\t\t<div class=\"elementor-element elementor-element-72744c3 elementor-widget elementor-widget-heading\" data-id=\"72744c3\" data-element_type=\"widget\" data-widget_type=\"heading.default\">\n\t\t\t\t<div class=\"elementor-widget-container\">\n\t\t\t\t\t<h2 class=\"elementor-heading-title elementor-size-default\" class=\"elementor-heading-title elementor-size-default\" id=\"ota-yhteytta\">Ota yhteytt\u00e4<\/h2>\t\t\t\t<\/div>\n\t\t\t\t<\/div>\n\t\t\t\t<div class=\"elementor-element elementor-element-c34f926 elementor-widget-divider--view-line elementor-widget elementor-widget-divider\" data-id=\"c34f926\" data-element_type=\"widget\" data-widget_type=\"divider.default\">\n\t\t\t\t<div class=\"elementor-widget-container\">\n\t\t\t\t\t\t\t<div class=\"elementor-divider\">\n\t\t\t<span class=\"elementor-divider-separator\">\n\t\t\t\t\t\t<\/span>\n\t\t<\/div>\n\t\t\t\t\t\t<\/div>\n\t\t\t\t<\/div>\n\t\t\t\t<section class=\"elementor-section elementor-inner-section elementor-element elementor-element-62f72e0 elementor-section-boxed elementor-section-height-default elementor-section-height-default\" data-id=\"62f72e0\" data-element_type=\"section\">\n\t\t\t\t\t\t<div class=\"elementor-container elementor-column-gap-no\">\n\t\t\t\t\t<div class=\"elementor-column elementor-col-100 elementor-inner-column elementor-element elementor-element-1ae9e62\" data-id=\"1ae9e62\" data-element_type=\"column\">\n\t\t\t<div class=\"elementor-widget-wrap elementor-element-populated\">\n\t\t\t\t\t\t<div class=\"elementor-element elementor-element-74ee793 elementor-widget elementor-widget-text-editor\" data-id=\"74ee793\" data-element_type=\"widget\" data-widget_type=\"text-editor.default\">\n\t\t\t\t<div class=\"elementor-widget-container\">\n\t\t\t\t\t\t\t\t\t<p style=\"text-align: left\">info.fi@egn.com<br>+358 20 741 9540<\/p>\n<p style=\"text-align: left\">Alberga Business Park<br>Bertel Jungin aukio 1<br>02600 Espoo Finland<\/p>\t\t\t\t\t\t\t\t<\/div>\n\t\t\t\t<\/div>\n\t\t\t\t\t<\/div>\n\t\t<\/div>\n\t\t\t\t\t<\/div>\n\t\t<\/section>\n\t\t\t\t<div class=\"elementor-element elementor-element-9c9f243 pp-icon-list-traditional elementor-list-item-link-inline pp-icon-left elementor-widget elementor-widget-pp-icon-list\" data-id=\"9c9f243\" data-element_type=\"widget\" data-widget_type=\"pp-icon-list.default\">\n\t\t\t\t<div class=\"elementor-widget-container\">\n\t\t\t\t\t\t\t<div class=\"pp-list-container\">\n\t\t\t<ul class=\"pp-list-items\">\n\t\t\t\t\t\t\t\t\t\t\t\t\t\t\t\t\t\t\t\t\t<li class=\"pp-icon-list-item elementor-repeater-item-f00e762\">\n\t\t\t\t\t\t\t\t\t\t\t\t\t\t\t<a href=\"https:\/\/egn.com\/fi\/laskutustiedot\/\">\n\t\t\t\t\t\t\t\t\t\t\t<span class=\"pp-icon-wrapper\">\n\t\t\t\t\t\t\t\t\t\t<span class=\"pp-icon-list-icon pp-icon \">\n\t\t\t\t\t\t<i aria-hidden=\"true\" class=\"fas fa-long-arrow-alt-right\"><\/i><\/span>\t\t\t<\/span>\n\t\t\t\t\t\t\t\t\t\t<span class=\"pp-icon-list-text\">\n\t\t\t\t\t\t\t\tLaskutustiedot\t\t\t\t\t\t\t<\/span>\n\t\t\t\t\t\t\t\t\t\t\t\t\t\t\t<\/a>\n\t\t\t\t\t\t\t\t\t\t\t\t\t\t<\/li>\n\t\t\t\t\t\t\t\t\t\t\t\t\t\t\t\t\t\t\t\t\t\t\t\t\t\t\t<li class=\"pp-icon-list-item elementor-repeater-item-65a1081\">\n\t\t\t\t\t\t\t\t\t\t\t\t\t\t\t<a href=\"https:\/\/egn.com\/fi\/tietosuoja\/\">\n\t\t\t\t\t\t\t\t\t\t\t<span class=\"pp-icon-wrapper\">\n\t\t\t\t\t\t\t\t\t\t<span class=\"pp-icon-list-icon pp-icon \">\n\t\t\t\t\t\t<i aria-hidden=\"true\" class=\"fas fa-long-arrow-alt-right\"><\/i><\/span>\t\t\t<\/span>\n\t\t\t\t\t\t\t\t\t\t<span class=\"pp-icon-list-text\">\n\t\t\t\t\t\t\t\tTietosuojaseloste\t\t\t\t\t\t\t<\/span>\n\t\t\t\t\t\t\t\t\t\t\t\t\t\t\t<\/a>\n\t\t\t\t\t\t\t\t\t\t\t\t\t\t<\/li>\n\t\t\t\t\t\t\t\t\t\t\t\t\t<\/ul>\n\t\t<\/div>\n\t\t\t\t\t\t<\/div>\n\t\t\t\t<\/div>\n\t\t\t\t\t<\/div>\n\t\t<\/div>\n\t\t\t\t\t<\/div>\n\t\t<\/section>\n\t\t\t\t<\/div>\n\t\t","protected":false},"excerpt":{"rendered":"<p>EGN Suomi EGN Suomi on vuonna 2011 perustettu strateginen asiantuntijaverkosto, joka on osa kansainv\u00e4list\u00e4 Executives Global Network -verkostoa. T\u00e4n\u00e4 p\u00e4iv\u00e4n\u00e4 toimimme 15 maassa yli 400 asiantuntijan voimin. Olemme\u00a0 osa maailman suurinta kollegaryhm\u00e4organisaatiota\u00a0Vistage. Ota yhteytt\u00e4 info.fi@egn.com+358 20 741 9540 Alberga Business ParkBertel Jungin aukio 102600 Espoo Finland Laskutustiedot Tietosuojaseloste<\/p>\n","protected":false},"author":17,"featured_media":0,"parent":0,"menu_order":0,"comment_status":"closed","ping_status":"closed","template":"elementor_header_footer","meta":{"_acf_changed":false,"footnotes":""},"class_list":["post-9555","page","type-page","status-publish","hentry"],"acf":[],"yoast_head":"<title>Ota yhteytt\u00e4 | EGN Suomi<\/title>\n<meta name=\"description\" content=\"EGN Suomi on osa kansainv\u00e4list\u00e4 Executives Global Network -verkostoa. EGN on tarjonnut luottamuksellisia kollegaryhmi\u00e4 vuodesta 1992 alkaen.\" \/>\n<meta name=\"robots\" content=\"index, follow, max-snippet:-1, max-image-preview:large, max-video-preview:-1\" \/>\n<link rel=\"canonical\" href=\"https:\/\/egn.com\/fi\/ota-yhteytta\/\" \/>\n<meta property=\"og:locale\" content=\"fi_FI\" \/>\n<meta property=\"og:type\" content=\"article\" \/>\n<meta property=\"og:title\" content=\"Ota yhteytt\u00e4\" \/>\n<meta property=\"og:description\" content=\"EGN Suomi EGN Suomi on vuonna 2011 perustettu strateginen asiantuntijaverkosto, joka on osa kansainv\u00e4list\u00e4 Executives Global Network -verkostoa. T\u00e4n\u00e4\" \/>\n<meta property=\"og:url\" content=\"https:\/\/egn.com\/fi\/ota-yhteytta\/\" \/>\n<meta property=\"og:site_name\" content=\"EGN Finland\" \/>\n<meta property=\"article:publisher\" content=\"https:\/\/www.facebook.com\/EGNSuomi\" \/>\n<meta property=\"article:modified_time\" content=\"2026-02-24T07:55:47+00:00\" \/>\n<meta name=\"twitter:card\" content=\"summary_large_image\" \/>\n<meta name=\"twitter:label1\" content=\"Arvioitu lukuaika\" \/>\n\t<meta name=\"twitter:data1\" content=\"1 minuutti\" \/>\n<script type=\"application\/ld+json\" class=\"yoast-schema-graph\">{\"@context\":\"https:\\\/\\\/schema.org\",\"@graph\":[{\"@type\":\"WebPage\",\"@id\":\"https:\\\/\\\/egn.com\\\/fi\\\/ota-yhteytta\\\/\",\"url\":\"https:\\\/\\\/egn.com\\\/fi\\\/ota-yhteytta\\\/\",\"name\":\"Ota yhteytt\u00e4 | EGN Suomi\",\"isPartOf\":{\"@id\":\"https:\\\/\\\/egn.com\\\/fi\\\/#website\"},\"datePublished\":\"2021-05-07T10:20:55+00:00\",\"dateModified\":\"2026-02-24T07:55:47+00:00\",\"description\":\"EGN Suomi on osa kansainv\u00e4list\u00e4 Executives Global Network -verkostoa. EGN on tarjonnut luottamuksellisia kollegaryhmi\u00e4 vuodesta 1992 alkaen.\",\"breadcrumb\":{\"@id\":\"https:\\\/\\\/egn.com\\\/fi\\\/ota-yhteytta\\\/#breadcrumb\"},\"inLanguage\":\"fi\",\"potentialAction\":[{\"@type\":\"ReadAction\",\"target\":[\"https:\\\/\\\/egn.com\\\/fi\\\/ota-yhteytta\\\/\"]}]},{\"@type\":\"BreadcrumbList\",\"@id\":\"https:\\\/\\\/egn.com\\\/fi\\\/ota-yhteytta\\\/#breadcrumb\",\"itemListElement\":[{\"@type\":\"ListItem\",\"position\":1,\"name\":\"Etusivu\",\"item\":\"https:\\\/\\\/egn.com\\\/fi\\\/\"},{\"@type\":\"ListItem\",\"position\":2,\"name\":\"Ota yhteytt\u00e4\"}]},{\"@type\":\"WebSite\",\"@id\":\"https:\\\/\\\/egn.com\\\/fi\\\/#website\",\"url\":\"https:\\\/\\\/egn.com\\\/fi\\\/\",\"name\":\"EGN Finland\",\"description\":\"\",\"publisher\":{\"@id\":\"https:\\\/\\\/egn.com\\\/fi\\\/#organization\"},\"potentialAction\":[{\"@type\":\"SearchAction\",\"target\":{\"@type\":\"EntryPoint\",\"urlTemplate\":\"https:\\\/\\\/egn.com\\\/fi\\\/?s={search_term_string}\"},\"query-input\":{\"@type\":\"PropertyValueSpecification\",\"valueRequired\":true,\"valueName\":\"search_term_string\"}}],\"inLanguage\":\"fi\"},{\"@type\":\"Organization\",\"@id\":\"https:\\\/\\\/egn.com\\\/fi\\\/#organization\",\"name\":\"EGN Suomi\",\"alternateName\":\"EGN\",\"url\":\"https:\\\/\\\/egn.com\\\/fi\\\/\",\"logo\":{\"@type\":\"ImageObject\",\"inLanguage\":\"fi\",\"@id\":\"https:\\\/\\\/egn.com\\\/fi\\\/#\\\/schema\\\/logo\\\/image\\\/\",\"url\":\"https:\\\/\\\/egn.com\\\/fi\\\/wp-content\\\/uploads\\\/sites\\\/8\\\/2026\\\/02\\\/EGN.png\",\"contentUrl\":\"https:\\\/\\\/egn.com\\\/fi\\\/wp-content\\\/uploads\\\/sites\\\/8\\\/2026\\\/02\\\/EGN.png\",\"width\":2185,\"height\":699,\"caption\":\"EGN Suomi\"},\"image\":{\"@id\":\"https:\\\/\\\/egn.com\\\/fi\\\/#\\\/schema\\\/logo\\\/image\\\/\"},\"sameAs\":[\"https:\\\/\\\/www.facebook.com\\\/EGNSuomi\",\"https:\\\/\\\/www.linkedin.com\\\/company\\\/egn-suomi\"],\"description\":\"EGN Suomi perustettiin loppuvuodesta 2011 ja toiminta aloitettiin myynti- ja toimitusjohtajien kollegaryhmill\u00e4. T\u00e4n\u00e4 p\u00e4iv\u00e4n\u00e4 meill\u00e4 on yli 40 ryhm\u00e4\u00e4, joissa yhdistyv\u00e4t suurimpien yritysten huippuammattilaiset ja luottamukselliset, ammattitaitoisesti fasilitoidut tapaamiset.\",\"email\":\"info.fi@egn.com\",\"telephone\":\"+358 20 741 9540\"}]}<\/script>","yoast_head_json":{"title":"Ota yhteytt\u00e4 | EGN Suomi","description":"EGN Suomi on osa kansainv\u00e4list\u00e4 Executives Global Network -verkostoa. EGN on tarjonnut luottamuksellisia kollegaryhmi\u00e4 vuodesta 1992 alkaen.","robots":{"index":"index","follow":"follow","max-snippet":"max-snippet:-1","max-image-preview":"max-image-preview:large","max-video-preview":"max-video-preview:-1"},"canonical":"https:\/\/egn.com\/fi\/ota-yhteytta\/","og_locale":"fi_FI","og_type":"article","og_title":"Ota yhteytt\u00e4","og_description":"EGN Suomi EGN Suomi on vuonna 2011 perustettu strateginen asiantuntijaverkosto, joka on osa kansainv\u00e4list\u00e4 Executives Global Network -verkostoa. T\u00e4n\u00e4","og_url":"https:\/\/egn.com\/fi\/ota-yhteytta\/","og_site_name":"EGN Finland","article_publisher":"https:\/\/www.facebook.com\/EGNSuomi","article_modified_time":"2026-02-24T07:55:47+00:00","twitter_card":"summary_large_image","twitter_misc":{"Arvioitu lukuaika":"1 minuutti"},"schema":{"@context":"https:\/\/schema.org","@graph":[{"@type":"WebPage","@id":"https:\/\/egn.com\/fi\/ota-yhteytta\/","url":"https:\/\/egn.com\/fi\/ota-yhteytta\/","name":"Ota yhteytt\u00e4 | EGN Suomi","isPartOf":{"@id":"https:\/\/egn.com\/fi\/#website"},"datePublished":"2021-05-07T10:20:55+00:00","dateModified":"2026-02-24T07:55:47+00:00","description":"EGN Suomi on osa kansainv\u00e4list\u00e4 Executives Global Network -verkostoa. EGN on tarjonnut luottamuksellisia kollegaryhmi\u00e4 vuodesta 1992 alkaen.","breadcrumb":{"@id":"https:\/\/egn.com\/fi\/ota-yhteytta\/#breadcrumb"},"inLanguage":"fi","potentialAction":[{"@type":"ReadAction","target":["https:\/\/egn.com\/fi\/ota-yhteytta\/"]}]},{"@type":"BreadcrumbList","@id":"https:\/\/egn.com\/fi\/ota-yhteytta\/#breadcrumb","itemListElement":[{"@type":"ListItem","position":1,"name":"Etusivu","item":"https:\/\/egn.com\/fi\/"},{"@type":"ListItem","position":2,"name":"Ota yhteytt\u00e4"}]},{"@type":"WebSite","@id":"https:\/\/egn.com\/fi\/#website","url":"https:\/\/egn.com\/fi\/","name":"EGN Finland","description":"","publisher":{"@id":"https:\/\/egn.com\/fi\/#organization"},"potentialAction":[{"@type":"SearchAction","target":{"@type":"EntryPoint","urlTemplate":"https:\/\/egn.com\/fi\/?s={search_term_string}"},"query-input":{"@type":"PropertyValueSpecification","valueRequired":true,"valueName":"search_term_string"}}],"inLanguage":"fi"},{"@type":"Organization","@id":"https:\/\/egn.com\/fi\/#organization","name":"EGN Suomi","alternateName":"EGN","url":"https:\/\/egn.com\/fi\/","logo":{"@type":"ImageObject","inLanguage":"fi","@id":"https:\/\/egn.com\/fi\/#\/schema\/logo\/image\/","url":"https:\/\/egn.com\/fi\/wp-content\/uploads\/sites\/8\/2026\/02\/EGN.png","contentUrl":"https:\/\/egn.com\/fi\/wp-content\/uploads\/sites\/8\/2026\/02\/EGN.png","width":2185,"height":699,"caption":"EGN Suomi"},"image":{"@id":"https:\/\/egn.com\/fi\/#\/schema\/logo\/image\/"},"sameAs":["https:\/\/www.facebook.com\/EGNSuomi","https:\/\/www.linkedin.com\/company\/egn-suomi"],"description":"EGN Suomi perustettiin loppuvuodesta 2011 ja toiminta aloitettiin myynti- ja toimitusjohtajien kollegaryhmill\u00e4. T\u00e4n\u00e4 p\u00e4iv\u00e4n\u00e4 meill\u00e4 on yli 40 ryhm\u00e4\u00e4, joissa yhdistyv\u00e4t suurimpien yritysten huippuammattilaiset ja luottamukselliset, ammattitaitoisesti fasilitoidut tapaamiset.","email":"info.fi@egn.com","telephone":"+358 20 741 9540"}]}},"_links":{"self":[{"href":"https:\/\/egn.com\/fi\/wp-json\/wp\/v2\/pages\/9555","targetHints":{"allow":["GET"]}}],"collection":[{"href":"https:\/\/egn.com\/fi\/wp-json\/wp\/v2\/pages"}],"about":[{"href":"https:\/\/egn.com\/fi\/wp-json\/wp\/v2\/types\/page"}],"author":[{"embeddable":true,"href":"https:\/\/egn.com\/fi\/wp-json\/wp\/v2\/users\/17"}],"replies":[{"embeddable":true,"href":"https:\/\/egn.com\/fi\/wp-json\/wp\/v2\/comments?post=9555"}],"version-history":[{"count":33,"href":"https:\/\/egn.com\/fi\/wp-json\/wp\/v2\/pages\/9555\/revisions"}],"predecessor-version":[{"id":18256,"href":"https:\/\/egn.com\/fi\/wp-json\/wp\/v2\/pages\/9555\/revisions\/18256"}],"wp:attachment":[{"href":"https:\/\/egn.com\/fi\/wp-json\/wp\/v2\/media?parent=9555"}],"curies":[{"name":"wp","href":"https:\/\/api.w.org\/{rel}","templated":true}]}}