{"id":9581,"date":"2021-05-07T14:19:08","date_gmt":"2021-05-07T11:19:08","guid":{"rendered":"https:\/\/egn.com\/fi\/?page_id=9581"},"modified":"2025-09-23T14:32:01","modified_gmt":"2025-09-23T11:32:01","slug":"avoimet-tyopaikat","status":"publish","type":"page","link":"https:\/\/egn.com\/fi\/avoimet-tyopaikat\/","title":{"rendered":"Avoimet ty\u00f6paikat"},"content":{"rendered":"\t\t<div data-elementor-type=\"wp-page\" data-elementor-id=\"9581\" class=\"elementor elementor-9581\">\n\t\t\t\t\t\t<section class=\"elementor-section elementor-top-section elementor-element elementor-element-50f1677d elementor-section-height-min-height elementor-section-full_width elementor-section-height-default elementor-section-items-middle\" data-id=\"50f1677d\" data-element_type=\"section\" data-settings=\"{&quot;background_background&quot;:&quot;classic&quot;}\">\n\t\t\t\t\t\t<div class=\"elementor-container elementor-column-gap-default\">\n\t\t\t\t\t<div class=\"elementor-column elementor-col-100 elementor-top-column elementor-element elementor-element-6dd8c676\" data-id=\"6dd8c676\" data-element_type=\"column\">\n\t\t\t<div class=\"elementor-widget-wrap\">\n\t\t\t\t\t\t\t<\/div>\n\t\t<\/div>\n\t\t\t\t\t<\/div>\n\t\t<\/section>\n\t\t\t\t<section class=\"elementor-section elementor-top-section elementor-element elementor-element-16b86ae9 elementor-section-height-min-height elementor-section-boxed elementor-section-height-default elementor-section-items-middle\" data-id=\"16b86ae9\" data-element_type=\"section\" data-settings=\"{&quot;background_background&quot;:&quot;gradient&quot;}\">\n\t\t\t\t\t\t<div class=\"elementor-container elementor-column-gap-default\">\n\t\t\t\t\t<div class=\"elementor-column elementor-col-100 elementor-top-column elementor-element elementor-element-30477677\" data-id=\"30477677\" data-element_type=\"column\">\n\t\t\t<div class=\"elementor-widget-wrap\">\n\t\t\t\t\t\t\t<\/div>\n\t\t<\/div>\n\t\t\t\t\t<\/div>\n\t\t<\/section>\n\t\t\t\t<section class=\"elementor-section elementor-top-section elementor-element elementor-element-39152c1b elementor-section-boxed elementor-section-height-default elementor-section-height-default\" data-id=\"39152c1b\" data-element_type=\"section\" data-settings=\"{&quot;background_background&quot;:&quot;classic&quot;}\">\n\t\t\t\t\t\t<div class=\"elementor-container elementor-column-gap-default\">\n\t\t\t\t\t<div class=\"elementor-column elementor-col-100 elementor-top-column elementor-element elementor-element-47362d5b\" data-id=\"47362d5b\" data-element_type=\"column\" data-settings=\"{&quot;background_background&quot;:&quot;classic&quot;}\">\n\t\t\t<div class=\"elementor-widget-wrap elementor-element-populated\">\n\t\t\t\t\t\t<div class=\"elementor-element elementor-element-bfdafad elementor-widget elementor-widget-heading\" data-id=\"bfdafad\" data-element_type=\"widget\" data-widget_type=\"heading.default\">\n\t\t\t\t<div class=\"elementor-widget-container\">\n\t\t\t\t\t<h1 class=\"elementor-heading-title elementor-size-default\">Ura meill\u00e4<\/h1>\t\t\t\t<\/div>\n\t\t\t\t<\/div>\n\t\t\t\t<div class=\"elementor-element elementor-element-86c5dc5 elementor-widget elementor-widget-spacer\" data-id=\"86c5dc5\" data-element_type=\"widget\" data-widget_type=\"spacer.default\">\n\t\t\t\t<div class=\"elementor-widget-container\">\n\t\t\t\t\t\t\t<div class=\"elementor-spacer\">\n\t\t\t<div class=\"elementor-spacer-inner\"><\/div>\n\t\t<\/div>\n\t\t\t\t\t\t<\/div>\n\t\t\t\t<\/div>\n\t\t\t\t<div class=\"elementor-element elementor-element-ac2a9a7 elementor-widget elementor-widget-text-editor\" data-id=\"ac2a9a7\" data-element_type=\"widget\" data-widget_type=\"text-editor.default\">\n\t\t\t\t<div class=\"elementor-widget-container\">\n\t\t\t\t\t\t\t\t\t<p>Kiinnostaako sinua ty\u00f6skentely kansainv\u00e4lisess\u00e4 yrityksess\u00e4? Haluatko olla osa kasvutarinaamme? Jos vastasit kyll\u00e4, niin katso avoimet ty\u00f6paikat ja liity osaksi porukkaamme! EGN Suomella p\u00e4\u00e4set ty\u00f6skentelem\u00e4\u00e4n kompaktissa tiimiss\u00e4 eri toimialojen johtajille ja asiantuntijoille tarkoitettujen kollegaryhmien parissa. Toimintaamme ohjaa toiminta-ajatuksemme autamme ihmisi\u00e4 ja yrityksi\u00e4 kasvamaan sek\u00e4 kehittym\u00e4\u00e4n luotettavan verkoston avulla. <a href=\"https:\/\/egn.com\/fi\/yritys\/\">Lue lis\u00e4\u00e4 meist\u00e4.<\/a><\/p>\n<p><\/p>\n<p>Olitpa sitten kokenut ammattilainen, alanvaihtaja tai uusi tekij\u00e4, kerro meille itsest\u00e4si!<\/p>\t\t\t\t\t\t\t\t<\/div>\n\t\t\t\t<\/div>\n\t\t\t\t<div class=\"elementor-element elementor-element-7c6cb3b elementor-widget-divider--view-line elementor-widget elementor-widget-divider\" data-id=\"7c6cb3b\" data-element_type=\"widget\" data-widget_type=\"divider.default\">\n\t\t\t\t<div class=\"elementor-widget-container\">\n\t\t\t\t\t\t\t<div class=\"elementor-divider\">\n\t\t\t<span class=\"elementor-divider-separator\">\n\t\t\t\t\t\t<\/span>\n\t\t<\/div>\n\t\t\t\t\t\t<\/div>\n\t\t\t\t<\/div>\n\t\t\t\t\t<\/div>\n\t\t<\/div>\n\t\t\t\t\t<\/div>\n\t\t<\/section>\n\t\t\t\t<section class=\"elementor-section elementor-top-section elementor-element elementor-element-b209ac9 elementor-section-boxed elementor-section-height-default elementor-section-height-default\" data-id=\"b209ac9\" data-element_type=\"section\">\n\t\t\t\t\t\t<div class=\"elementor-container elementor-column-gap-default\">\n\t\t\t\t\t<div class=\"elementor-column elementor-col-100 elementor-top-column elementor-element elementor-element-811f5dc\" data-id=\"811f5dc\" data-element_type=\"column\">\n\t\t\t<div class=\"elementor-widget-wrap elementor-element-populated\">\n\t\t\t\t\t\t\t<\/div>\n\t\t<\/div>\n\t\t\t\t\t<\/div>\n\t\t<\/section>\n\t\t\t\t<\/div>\n\t\t","protected":false},"excerpt":{"rendered":"<p>Ura meill\u00e4 Kiinnostaako sinua ty\u00f6skentely kansainv\u00e4lisess\u00e4 yrityksess\u00e4? Haluatko olla osa kasvutarinaamme? Jos vastasit kyll\u00e4, niin katso avoimet ty\u00f6paikat ja liity osaksi porukkaamme! EGN Suomella p\u00e4\u00e4set ty\u00f6skentelem\u00e4\u00e4n kompaktissa tiimiss\u00e4 eri toimialojen johtajille ja asiantuntijoille tarkoitettujen kollegaryhmien parissa. Toimintaamme ohjaa toiminta-ajatuksemme autamme ihmisi\u00e4 ja yrityksi\u00e4 kasvamaan sek\u00e4 kehittym\u00e4\u00e4n luotettavan verkoston avulla. Lue lis\u00e4\u00e4 meist\u00e4. Olitpa sitten kokenut<a href=\"https:\/\/egn.com\/fi\/avoimet-tyopaikat\/\">Jatka lukemista <span class=\"sr-only\">&#8221;Avoimet ty\u00f6paikat&#8221;<\/span><\/a><\/p>\n","protected":false},"author":17,"featured_media":12671,"parent":0,"menu_order":0,"comment_status":"closed","ping_status":"closed","template":"elementor_header_footer","meta":{"_acf_changed":false,"footnotes":""},"class_list":["post-9581","page","type-page","status-publish","has-post-thumbnail","hentry"],"acf":[],"yoast_head":"<title>Avoimet ty\u00f6paikat | Tutustu ty\u00f6paikkoihin ja liity joukkoomme | EGN Suomi<\/title>\n<meta name=\"description\" content=\"Kiinnostaako sinua ty\u00f6skentely kansainv\u00e4lisess\u00e4 yrityksess\u00e4? Haluatko olla osa kasvutarinaamme? Katso avoimet ty\u00f6paikat ja liity joukkoomme!\" \/>\n<meta name=\"robots\" content=\"index, follow, max-snippet:-1, max-image-preview:large, max-video-preview:-1\" \/>\n<link rel=\"canonical\" href=\"https:\/\/egn.com\/fi\/avoimet-tyopaikat\/\" \/>\n<meta property=\"og:locale\" content=\"fi_FI\" \/>\n<meta property=\"og:type\" content=\"article\" \/>\n<meta property=\"og:title\" content=\"Avoimet ty\u00f6paikat\" \/>\n<meta property=\"og:description\" content=\"Ura meill\u00e4 Kiinnostaako sinua ty\u00f6skentely kansainv\u00e4lisess\u00e4 yrityksess\u00e4? Haluatko olla osa kasvutarinaamme? Jos vastasit kyll\u00e4, niin katso avoimet\" \/>\n<meta property=\"og:url\" content=\"https:\/\/egn.com\/fi\/avoimet-tyopaikat\/\" \/>\n<meta property=\"og:site_name\" content=\"EGN Finland\" \/>\n<meta property=\"article:publisher\" content=\"https:\/\/www.facebook.com\/EGNSuomi\" \/>\n<meta property=\"article:modified_time\" content=\"2025-09-23T11:32:01+00:00\" \/>\n<meta property=\"og:image\" content=\"https:\/\/egn.com\/fi\/wp-content\/uploads\/sites\/8\/2021\/10\/EGN-kollegaryhmat-10-1024x576.png\" \/>\n\t<meta property=\"og:image:width\" content=\"1024\" \/>\n\t<meta property=\"og:image:height\" content=\"576\" \/>\n\t<meta property=\"og:image:type\" content=\"image\/png\" \/>\n<meta name=\"twitter:card\" content=\"summary_large_image\" \/>\n<meta name=\"twitter:label1\" content=\"Arvioitu lukuaika\" \/>\n\t<meta name=\"twitter:data1\" content=\"1 minuutti\" \/>\n<script type=\"application\/ld+json\" class=\"yoast-schema-graph\">{\"@context\":\"https:\\\/\\\/schema.org\",\"@graph\":[{\"@type\":\"WebPage\",\"@id\":\"https:\\\/\\\/egn.com\\\/fi\\\/avoimet-tyopaikat\\\/\",\"url\":\"https:\\\/\\\/egn.com\\\/fi\\\/avoimet-tyopaikat\\\/\",\"name\":\"Avoimet ty\u00f6paikat | Tutustu ty\u00f6paikkoihin ja liity joukkoomme | EGN Suomi\",\"isPartOf\":{\"@id\":\"https:\\\/\\\/egn.com\\\/fi\\\/#website\"},\"primaryImageOfPage\":{\"@id\":\"https:\\\/\\\/egn.com\\\/fi\\\/avoimet-tyopaikat\\\/#primaryimage\"},\"image\":{\"@id\":\"https:\\\/\\\/egn.com\\\/fi\\\/avoimet-tyopaikat\\\/#primaryimage\"},\"thumbnailUrl\":\"https:\\\/\\\/egn.com\\\/fi\\\/wp-content\\\/uploads\\\/sites\\\/8\\\/2021\\\/10\\\/EGN-kollegaryhmat-10.png\",\"datePublished\":\"2021-05-07T11:19:08+00:00\",\"dateModified\":\"2025-09-23T11:32:01+00:00\",\"description\":\"Kiinnostaako sinua ty\u00f6skentely kansainv\u00e4lisess\u00e4 yrityksess\u00e4? Haluatko olla osa kasvutarinaamme? Katso avoimet ty\u00f6paikat ja liity joukkoomme!\",\"breadcrumb\":{\"@id\":\"https:\\\/\\\/egn.com\\\/fi\\\/avoimet-tyopaikat\\\/#breadcrumb\"},\"inLanguage\":\"fi\",\"potentialAction\":[{\"@type\":\"ReadAction\",\"target\":[\"https:\\\/\\\/egn.com\\\/fi\\\/avoimet-tyopaikat\\\/\"]}]},{\"@type\":\"ImageObject\",\"inLanguage\":\"fi\",\"@id\":\"https:\\\/\\\/egn.com\\\/fi\\\/avoimet-tyopaikat\\\/#primaryimage\",\"url\":\"https:\\\/\\\/egn.com\\\/fi\\\/wp-content\\\/uploads\\\/sites\\\/8\\\/2021\\\/10\\\/EGN-kollegaryhmat-10.png\",\"contentUrl\":\"https:\\\/\\\/egn.com\\\/fi\\\/wp-content\\\/uploads\\\/sites\\\/8\\\/2021\\\/10\\\/EGN-kollegaryhmat-10.png\",\"width\":1920,\"height\":1080,\"caption\":\"EGN Suomi avoimet ty\u00f6paikat\"},{\"@type\":\"BreadcrumbList\",\"@id\":\"https:\\\/\\\/egn.com\\\/fi\\\/avoimet-tyopaikat\\\/#breadcrumb\",\"itemListElement\":[{\"@type\":\"ListItem\",\"position\":1,\"name\":\"Etusivu\",\"item\":\"https:\\\/\\\/egn.com\\\/fi\\\/\"},{\"@type\":\"ListItem\",\"position\":2,\"name\":\"Avoimet ty\u00f6paikat\"}]},{\"@type\":\"WebSite\",\"@id\":\"https:\\\/\\\/egn.com\\\/fi\\\/#website\",\"url\":\"https:\\\/\\\/egn.com\\\/fi\\\/\",\"name\":\"EGN Finland\",\"description\":\"\",\"publisher\":{\"@id\":\"https:\\\/\\\/egn.com\\\/fi\\\/#organization\"},\"potentialAction\":[{\"@type\":\"SearchAction\",\"target\":{\"@type\":\"EntryPoint\",\"urlTemplate\":\"https:\\\/\\\/egn.com\\\/fi\\\/?s={search_term_string}\"},\"query-input\":{\"@type\":\"PropertyValueSpecification\",\"valueRequired\":true,\"valueName\":\"search_term_string\"}}],\"inLanguage\":\"fi\"},{\"@type\":\"Organization\",\"@id\":\"https:\\\/\\\/egn.com\\\/fi\\\/#organization\",\"name\":\"EGN Suomi\",\"alternateName\":\"EGN\",\"url\":\"https:\\\/\\\/egn.com\\\/fi\\\/\",\"logo\":{\"@type\":\"ImageObject\",\"inLanguage\":\"fi\",\"@id\":\"https:\\\/\\\/egn.com\\\/fi\\\/#\\\/schema\\\/logo\\\/image\\\/\",\"url\":\"https:\\\/\\\/egn.com\\\/fi\\\/wp-content\\\/uploads\\\/sites\\\/8\\\/2026\\\/02\\\/EGN.png\",\"contentUrl\":\"https:\\\/\\\/egn.com\\\/fi\\\/wp-content\\\/uploads\\\/sites\\\/8\\\/2026\\\/02\\\/EGN.png\",\"width\":2185,\"height\":699,\"caption\":\"EGN Suomi\"},\"image\":{\"@id\":\"https:\\\/\\\/egn.com\\\/fi\\\/#\\\/schema\\\/logo\\\/image\\\/\"},\"sameAs\":[\"https:\\\/\\\/www.facebook.com\\\/EGNSuomi\",\"https:\\\/\\\/www.linkedin.com\\\/company\\\/egn-suomi\"],\"description\":\"EGN Suomi perustettiin loppuvuodesta 2011 ja toiminta aloitettiin myynti- ja toimitusjohtajien kollegaryhmill\u00e4. T\u00e4n\u00e4 p\u00e4iv\u00e4n\u00e4 meill\u00e4 on yli 40 ryhm\u00e4\u00e4, joissa yhdistyv\u00e4t suurimpien yritysten huippuammattilaiset ja luottamukselliset, ammattitaitoisesti fasilitoidut tapaamiset.\",\"email\":\"info.fi@egn.com\",\"telephone\":\"+358 20 741 9540\"}]}<\/script>","yoast_head_json":{"title":"Avoimet ty\u00f6paikat | Tutustu ty\u00f6paikkoihin ja liity joukkoomme | EGN Suomi","description":"Kiinnostaako sinua ty\u00f6skentely kansainv\u00e4lisess\u00e4 yrityksess\u00e4? Haluatko olla osa kasvutarinaamme? Katso avoimet ty\u00f6paikat ja liity joukkoomme!","robots":{"index":"index","follow":"follow","max-snippet":"max-snippet:-1","max-image-preview":"max-image-preview:large","max-video-preview":"max-video-preview:-1"},"canonical":"https:\/\/egn.com\/fi\/avoimet-tyopaikat\/","og_locale":"fi_FI","og_type":"article","og_title":"Avoimet ty\u00f6paikat","og_description":"Ura meill\u00e4 Kiinnostaako sinua ty\u00f6skentely kansainv\u00e4lisess\u00e4 yrityksess\u00e4? Haluatko olla osa kasvutarinaamme? Jos vastasit kyll\u00e4, niin katso avoimet","og_url":"https:\/\/egn.com\/fi\/avoimet-tyopaikat\/","og_site_name":"EGN Finland","article_publisher":"https:\/\/www.facebook.com\/EGNSuomi","article_modified_time":"2025-09-23T11:32:01+00:00","og_image":[{"width":1024,"height":576,"url":"https:\/\/egn.com\/fi\/wp-content\/uploads\/sites\/8\/2021\/10\/EGN-kollegaryhmat-10-1024x576.png","type":"image\/png"}],"twitter_card":"summary_large_image","twitter_misc":{"Arvioitu lukuaika":"1 minuutti"},"schema":{"@context":"https:\/\/schema.org","@graph":[{"@type":"WebPage","@id":"https:\/\/egn.com\/fi\/avoimet-tyopaikat\/","url":"https:\/\/egn.com\/fi\/avoimet-tyopaikat\/","name":"Avoimet ty\u00f6paikat | Tutustu ty\u00f6paikkoihin ja liity joukkoomme | EGN Suomi","isPartOf":{"@id":"https:\/\/egn.com\/fi\/#website"},"primaryImageOfPage":{"@id":"https:\/\/egn.com\/fi\/avoimet-tyopaikat\/#primaryimage"},"image":{"@id":"https:\/\/egn.com\/fi\/avoimet-tyopaikat\/#primaryimage"},"thumbnailUrl":"https:\/\/egn.com\/fi\/wp-content\/uploads\/sites\/8\/2021\/10\/EGN-kollegaryhmat-10.png","datePublished":"2021-05-07T11:19:08+00:00","dateModified":"2025-09-23T11:32:01+00:00","description":"Kiinnostaako sinua ty\u00f6skentely kansainv\u00e4lisess\u00e4 yrityksess\u00e4? Haluatko olla osa kasvutarinaamme? Katso avoimet ty\u00f6paikat ja liity joukkoomme!","breadcrumb":{"@id":"https:\/\/egn.com\/fi\/avoimet-tyopaikat\/#breadcrumb"},"inLanguage":"fi","potentialAction":[{"@type":"ReadAction","target":["https:\/\/egn.com\/fi\/avoimet-tyopaikat\/"]}]},{"@type":"ImageObject","inLanguage":"fi","@id":"https:\/\/egn.com\/fi\/avoimet-tyopaikat\/#primaryimage","url":"https:\/\/egn.com\/fi\/wp-content\/uploads\/sites\/8\/2021\/10\/EGN-kollegaryhmat-10.png","contentUrl":"https:\/\/egn.com\/fi\/wp-content\/uploads\/sites\/8\/2021\/10\/EGN-kollegaryhmat-10.png","width":1920,"height":1080,"caption":"EGN Suomi avoimet ty\u00f6paikat"},{"@type":"BreadcrumbList","@id":"https:\/\/egn.com\/fi\/avoimet-tyopaikat\/#breadcrumb","itemListElement":[{"@type":"ListItem","position":1,"name":"Etusivu","item":"https:\/\/egn.com\/fi\/"},{"@type":"ListItem","position":2,"name":"Avoimet ty\u00f6paikat"}]},{"@type":"WebSite","@id":"https:\/\/egn.com\/fi\/#website","url":"https:\/\/egn.com\/fi\/","name":"EGN Finland","description":"","publisher":{"@id":"https:\/\/egn.com\/fi\/#organization"},"potentialAction":[{"@type":"SearchAction","target":{"@type":"EntryPoint","urlTemplate":"https:\/\/egn.com\/fi\/?s={search_term_string}"},"query-input":{"@type":"PropertyValueSpecification","valueRequired":true,"valueName":"search_term_string"}}],"inLanguage":"fi"},{"@type":"Organization","@id":"https:\/\/egn.com\/fi\/#organization","name":"EGN Suomi","alternateName":"EGN","url":"https:\/\/egn.com\/fi\/","logo":{"@type":"ImageObject","inLanguage":"fi","@id":"https:\/\/egn.com\/fi\/#\/schema\/logo\/image\/","url":"https:\/\/egn.com\/fi\/wp-content\/uploads\/sites\/8\/2026\/02\/EGN.png","contentUrl":"https:\/\/egn.com\/fi\/wp-content\/uploads\/sites\/8\/2026\/02\/EGN.png","width":2185,"height":699,"caption":"EGN Suomi"},"image":{"@id":"https:\/\/egn.com\/fi\/#\/schema\/logo\/image\/"},"sameAs":["https:\/\/www.facebook.com\/EGNSuomi","https:\/\/www.linkedin.com\/company\/egn-suomi"],"description":"EGN Suomi perustettiin loppuvuodesta 2011 ja toiminta aloitettiin myynti- ja toimitusjohtajien kollegaryhmill\u00e4. T\u00e4n\u00e4 p\u00e4iv\u00e4n\u00e4 meill\u00e4 on yli 40 ryhm\u00e4\u00e4, joissa yhdistyv\u00e4t suurimpien yritysten huippuammattilaiset ja luottamukselliset, ammattitaitoisesti fasilitoidut tapaamiset.","email":"info.fi@egn.com","telephone":"+358 20 741 9540"}]}},"_links":{"self":[{"href":"https:\/\/egn.com\/fi\/wp-json\/wp\/v2\/pages\/9581","targetHints":{"allow":["GET"]}}],"collection":[{"href":"https:\/\/egn.com\/fi\/wp-json\/wp\/v2\/pages"}],"about":[{"href":"https:\/\/egn.com\/fi\/wp-json\/wp\/v2\/types\/page"}],"author":[{"embeddable":true,"href":"https:\/\/egn.com\/fi\/wp-json\/wp\/v2\/users\/17"}],"replies":[{"embeddable":true,"href":"https:\/\/egn.com\/fi\/wp-json\/wp\/v2\/comments?post=9581"}],"version-history":[{"count":31,"href":"https:\/\/egn.com\/fi\/wp-json\/wp\/v2\/pages\/9581\/revisions"}],"predecessor-version":[{"id":17875,"href":"https:\/\/egn.com\/fi\/wp-json\/wp\/v2\/pages\/9581\/revisions\/17875"}],"wp:featuredmedia":[{"embeddable":true,"href":"https:\/\/egn.com\/fi\/wp-json\/wp\/v2\/media\/12671"}],"wp:attachment":[{"href":"https:\/\/egn.com\/fi\/wp-json\/wp\/v2\/media?parent=9581"}],"curies":[{"name":"wp","href":"https:\/\/api.w.org\/{rel}","templated":true}]}}