{"id":10761,"date":"2022-01-18T14:10:34","date_gmt":"2022-01-18T13:10:34","guid":{"rendered":"https:\/\/egn.com\/nl\/?page_id=10761"},"modified":"2022-06-21T08:23:36","modified_gmt":"2022-06-21T06:23:36","slug":"download-de-app","status":"publish","type":"page","link":"https:\/\/egn.com\/nl\/download-de-app\/","title":{"rendered":"Download de app"},"content":{"rendered":"\t\t<div data-elementor-type=\"wp-page\" data-elementor-id=\"10761\" class=\"elementor elementor-10761\">\n\t\t\t\t\t\t<section class=\"elementor-section elementor-top-section elementor-element elementor-element-264c2bb elementor-section-stretched elementor-section-boxed elementor-section-height-default elementor-section-height-default\" data-id=\"264c2bb\" data-element_type=\"section\" data-settings=\"{&quot;stretch_section&quot;:&quot;section-stretched&quot;}\">\n\t\t\t\t\t\t<div class=\"elementor-container elementor-column-gap-default\">\n\t\t\t\t\t<div class=\"elementor-column elementor-col-100 elementor-top-column elementor-element elementor-element-cb20a92\" data-id=\"cb20a92\" data-element_type=\"column\" data-settings=\"{&quot;background_background&quot;:&quot;classic&quot;}\">\n\t\t\t<div class=\"elementor-widget-wrap elementor-element-populated\">\n\t\t\t\t\t\t<div class=\"elementor-element elementor-element-5a32b96 elementor-widget elementor-widget-image\" data-id=\"5a32b96\" data-element_type=\"widget\" data-widget_type=\"image.default\">\n\t\t\t\t<div class=\"elementor-widget-container\">\n\t\t\t\t\t\t\t\t\t\t\t\t\t\t\t<img fetchpriority=\"high\" decoding=\"async\" width=\"1024\" height=\"448\" src=\"https:\/\/egn.com\/nl\/wp-content\/uploads\/sites\/11\/2022\/06\/MU-screenshot-app-1024x448.jpg\" class=\"attachment-large size-large wp-image-12532\" alt=\"EGN Members&#039; Universe\" srcset=\"https:\/\/egn.com\/nl\/wp-content\/uploads\/sites\/11\/2022\/06\/MU-screenshot-app-1024x448.jpg 1024w, https:\/\/egn.com\/nl\/wp-content\/uploads\/sites\/11\/2022\/06\/MU-screenshot-app-768x336.jpg 768w, https:\/\/egn.com\/nl\/wp-content\/uploads\/sites\/11\/2022\/06\/MU-screenshot-app-1536x673.jpg 1536w, https:\/\/egn.com\/nl\/wp-content\/uploads\/sites\/11\/2022\/06\/MU-screenshot-app-830x363.jpg 830w, https:\/\/egn.com\/nl\/wp-content\/uploads\/sites\/11\/2022\/06\/MU-screenshot-app-230x101.jpg 230w, https:\/\/egn.com\/nl\/wp-content\/uploads\/sites\/11\/2022\/06\/MU-screenshot-app-350x153.jpg 350w, https:\/\/egn.com\/nl\/wp-content\/uploads\/sites\/11\/2022\/06\/MU-screenshot-app-480x210.jpg 480w, https:\/\/egn.com\/nl\/wp-content\/uploads\/sites\/11\/2022\/06\/MU-screenshot-app-24x11.jpg 24w, https:\/\/egn.com\/nl\/wp-content\/uploads\/sites\/11\/2022\/06\/MU-screenshot-app-36x16.jpg 36w, https:\/\/egn.com\/nl\/wp-content\/uploads\/sites\/11\/2022\/06\/MU-screenshot-app-48x21.jpg 48w, https:\/\/egn.com\/nl\/wp-content\/uploads\/sites\/11\/2022\/06\/MU-screenshot-app.jpg 1882w\" sizes=\"(max-width: 1024px) 100vw, 1024px\" \/>\t\t\t\t\t\t\t\t\t\t\t\t\t\t\t<\/div>\n\t\t\t\t<\/div>\n\t\t\t\t\t<\/div>\n\t\t<\/div>\n\t\t\t\t\t<\/div>\n\t\t<\/section>\n\t\t\t\t<section class=\"elementor-section elementor-top-section elementor-element elementor-element-802ec06 elementor-section-boxed elementor-section-height-default elementor-section-height-default\" data-id=\"802ec06\" data-element_type=\"section\">\n\t\t\t\t\t\t<div class=\"elementor-container elementor-column-gap-default\">\n\t\t\t\t\t<div class=\"elementor-column elementor-col-50 elementor-top-column elementor-element elementor-element-340480f\" data-id=\"340480f\" data-element_type=\"column\">\n\t\t\t<div class=\"elementor-widget-wrap elementor-element-populated\">\n\t\t\t\t\t\t<div class=\"elementor-element elementor-element-a530d0f elementor-widget elementor-widget-heading\" data-id=\"a530d0f\" data-element_type=\"widget\" data-widget_type=\"heading.default\">\n\t\t\t\t<div class=\"elementor-widget-container\">\n\t\t\t\t\t<h1 class=\"elementor-heading-title elementor-size-default\">Krijg toegang tot het EGN Members\u00b4 Universe<\/h1>\t\t\t\t<\/div>\n\t\t\t\t<\/div>\n\t\t\t\t<div class=\"elementor-element elementor-element-f2280c3 elementor-widget elementor-widget-text-editor\" data-id=\"f2280c3\" data-element_type=\"widget\" data-widget_type=\"text-editor.default\">\n\t\t\t\t<div class=\"elementor-widget-container\">\n\t\t\t\t\t\t\t\t\t<h5>&#8211; Download de Member app<\/h5><p>Het EGN Members\u00b4 Universe is een uniek netwerkplatform (members only), waarmee u 24\/7 onderwerpen, uitdagingen en inspiratie kunt delen op een besloten forum met meer dan 14.000 gelijkgestemden over de hele wereld.<\/p><p>Binnen het Members\u00b4 Universe krijgt u exclusieve toegang tot:<\/p><ul><li>Een unieke, wereldwijde query-functie<\/li><li>\u00c9\u00e9n-op-\u00e9\u00e9n priv\u00e9berichten met toegang tot alle 14.000 members<\/li><li>Netwerkforums op internationaal, nationaal en professioneel niveau<\/li><li>Besloten, vertrouwelijke groepen voor alle bestaande netwerkgroep(en)<\/li><\/ul><p>En nog veel meer..<\/p><p>Log in om toegang te krijgen tot het Members\u00b4 Universe website:\u00a0<a href=\"http:\/\/membersuniverse.egn.com\/\" target=\"_blank\" rel=\"noopener\">membersuniverse.egn.com<\/a><br \/><br \/>&#8230; of klik op \u00e9\u00e9n van de onderstaande knoppen om de app op uw mobiele telefoon of tablet te downloaden:<\/p>\t\t\t\t\t\t\t\t<\/div>\n\t\t\t\t<\/div>\n\t\t\t\t<div class=\"elementor-element elementor-element-c88d995 elementor-position-left elementor-vertical-align-top elementor-widget elementor-widget-image-box\" data-id=\"c88d995\" data-element_type=\"widget\" data-widget_type=\"image-box.default\">\n\t\t\t\t<div class=\"elementor-widget-container\">\n\t\t\t\t\t<div class=\"elementor-image-box-wrapper\"><figure class=\"elementor-image-box-img\"><a href=\"https:\/\/apps.apple.com\/us\/app\/egn-members-universe\/id1449585725?ls=1\" tabindex=\"-1\"><img decoding=\"async\" width=\"196\" height=\"66\" src=\"https:\/\/egn.com\/nl\/wp-content\/uploads\/sites\/11\/2022\/04\/App-store.png\" class=\"attachment-large size-large wp-image-12188\" alt=\"App store\" srcset=\"https:\/\/egn.com\/nl\/wp-content\/uploads\/sites\/11\/2022\/04\/App-store.png 196w, https:\/\/egn.com\/nl\/wp-content\/uploads\/sites\/11\/2022\/04\/App-store-24x8.png 24w, https:\/\/egn.com\/nl\/wp-content\/uploads\/sites\/11\/2022\/04\/App-store-36x12.png 36w, https:\/\/egn.com\/nl\/wp-content\/uploads\/sites\/11\/2022\/04\/App-store-48x16.png 48w\" sizes=\"(max-width: 196px) 100vw, 196px\" \/><\/a><\/figure><\/div>\t\t\t\t<\/div>\n\t\t\t\t<\/div>\n\t\t\t\t<div class=\"elementor-element elementor-element-5899b92 elementor-position-left elementor-vertical-align-top elementor-widget elementor-widget-image-box\" data-id=\"5899b92\" data-element_type=\"widget\" data-widget_type=\"image-box.default\">\n\t\t\t\t<div class=\"elementor-widget-container\">\n\t\t\t\t\t<div class=\"elementor-image-box-wrapper\"><figure class=\"elementor-image-box-img\"><a href=\"https:\/\/play.google.com\/store\/apps\/details?id=com.egn.memberapp\" tabindex=\"-1\"><img decoding=\"async\" width=\"196\" height=\"66\" src=\"https:\/\/egn.com\/nl\/wp-content\/uploads\/sites\/11\/2022\/04\/Google-Play-store.png\" class=\"attachment-large size-large wp-image-12191\" alt=\"Google Play store\" srcset=\"https:\/\/egn.com\/nl\/wp-content\/uploads\/sites\/11\/2022\/04\/Google-Play-store.png 196w, https:\/\/egn.com\/nl\/wp-content\/uploads\/sites\/11\/2022\/04\/Google-Play-store-24x8.png 24w, https:\/\/egn.com\/nl\/wp-content\/uploads\/sites\/11\/2022\/04\/Google-Play-store-36x12.png 36w, https:\/\/egn.com\/nl\/wp-content\/uploads\/sites\/11\/2022\/04\/Google-Play-store-48x16.png 48w\" sizes=\"(max-width: 196px) 100vw, 196px\" \/><\/a><\/figure><\/div>\t\t\t\t<\/div>\n\t\t\t\t<\/div>\n\t\t\t\t\t<\/div>\n\t\t<\/div>\n\t\t\t\t<div class=\"elementor-column elementor-col-50 elementor-top-column elementor-element elementor-element-3ca732b\" data-id=\"3ca732b\" data-element_type=\"column\">\n\t\t\t<div class=\"elementor-widget-wrap\">\n\t\t\t\t\t\t\t<\/div>\n\t\t<\/div>\n\t\t\t\t\t<\/div>\n\t\t<\/section>\n\t\t\t\t<\/div>\n\t\t","protected":false},"excerpt":{"rendered":"<p>Krijg toegang tot het EGN Members\u00b4 Universe &#8211; Download de Member app Het EGN Members\u00b4 Universe is een uniek netwerkplatform (members only), waarmee u 24\/7 onderwerpen, uitdagingen en inspiratie kunt delen op een besloten forum met meer dan 14.000 gelijkgestemden over de hele wereld. Binnen het Members\u00b4 Universe krijgt u exclusieve toegang tot: Een unieke,<a href=\"https:\/\/egn.com\/nl\/download-de-app\/\">Continue reading <span class=\"sr-only\">&#8220;Download de app&#8221;<\/span><\/a><\/p>\n","protected":false},"author":41,"featured_media":0,"parent":0,"menu_order":0,"comment_status":"closed","ping_status":"closed","template":"elementor_header_footer","meta":{"_acf_changed":false,"footnotes":""},"class_list":["post-10761","page","type-page","status-publish","hentry"],"acf":[],"yoast_head":"<title>Download de app - EGN Nederland<\/title>\n<meta name=\"robots\" content=\"index, follow, max-snippet:-1, max-image-preview:large, max-video-preview:-1\" \/>\n<link rel=\"canonical\" href=\"https:\/\/egn.com\/nl\/download-de-app\/\" \/>\n<meta property=\"og:locale\" content=\"nl_NL\" \/>\n<meta property=\"og:type\" content=\"article\" \/>\n<meta property=\"og:title\" content=\"Download de app\" \/>\n<meta property=\"og:description\" content=\"Krijg toegang tot het EGN Members\u00b4 Universe - Download de Member appHet EGN Members\u00b4 Universe is een uniek netwerkplatform (members only), waarmee u 24\/7\" \/>\n<meta property=\"og:url\" content=\"https:\/\/egn.com\/nl\/download-de-app\/\" \/>\n<meta property=\"og:site_name\" content=\"EGN Nederland\" \/>\n<meta property=\"article:modified_time\" content=\"2022-06-21T06:23:36+00:00\" \/>\n<meta property=\"og:image\" content=\"https:\/\/egn.com\/nl\/wp-content\/uploads\/sites\/11\/2022\/06\/MU-screenshot-app-1024x448.jpg\" \/>\n<meta name=\"twitter:card\" content=\"summary_large_image\" \/>\n<meta name=\"twitter:label1\" content=\"Geschatte leestijd\" \/>\n\t<meta name=\"twitter:data1\" content=\"2 minuten\" \/>\n<script type=\"application\/ld+json\" class=\"yoast-schema-graph\">{\"@context\":\"https:\\\/\\\/schema.org\",\"@graph\":[{\"@type\":\"WebPage\",\"@id\":\"https:\\\/\\\/egn.com\\\/nl\\\/download-de-app\\\/\",\"url\":\"https:\\\/\\\/egn.com\\\/nl\\\/download-de-app\\\/\",\"name\":\"Download de app - EGN Nederland\",\"isPartOf\":{\"@id\":\"https:\\\/\\\/egn.com\\\/nl\\\/#website\"},\"primaryImageOfPage\":{\"@id\":\"https:\\\/\\\/egn.com\\\/nl\\\/download-de-app\\\/#primaryimage\"},\"image\":{\"@id\":\"https:\\\/\\\/egn.com\\\/nl\\\/download-de-app\\\/#primaryimage\"},\"thumbnailUrl\":\"https:\\\/\\\/egn.com\\\/nl\\\/wp-content\\\/uploads\\\/sites\\\/11\\\/2022\\\/06\\\/MU-screenshot-app-1024x448.jpg\",\"datePublished\":\"2022-01-18T13:10:34+00:00\",\"dateModified\":\"2022-06-21T06:23:36+00:00\",\"breadcrumb\":{\"@id\":\"https:\\\/\\\/egn.com\\\/nl\\\/download-de-app\\\/#breadcrumb\"},\"inLanguage\":\"nl-NL\",\"potentialAction\":[{\"@type\":\"ReadAction\",\"target\":[\"https:\\\/\\\/egn.com\\\/nl\\\/download-de-app\\\/\"]}]},{\"@type\":\"ImageObject\",\"inLanguage\":\"nl-NL\",\"@id\":\"https:\\\/\\\/egn.com\\\/nl\\\/download-de-app\\\/#primaryimage\",\"url\":\"https:\\\/\\\/egn.com\\\/nl\\\/wp-content\\\/uploads\\\/sites\\\/11\\\/2022\\\/06\\\/MU-screenshot-app.jpg\",\"contentUrl\":\"https:\\\/\\\/egn.com\\\/nl\\\/wp-content\\\/uploads\\\/sites\\\/11\\\/2022\\\/06\\\/MU-screenshot-app.jpg\",\"width\":1882,\"height\":824,\"caption\":\"EGN Members' Universe\"},{\"@type\":\"BreadcrumbList\",\"@id\":\"https:\\\/\\\/egn.com\\\/nl\\\/download-de-app\\\/#breadcrumb\",\"itemListElement\":[{\"@type\":\"ListItem\",\"position\":1,\"name\":\"Home\",\"item\":\"https:\\\/\\\/egn.com\\\/nl\\\/\"},{\"@type\":\"ListItem\",\"position\":2,\"name\":\"Download de app\"}]},{\"@type\":\"WebSite\",\"@id\":\"https:\\\/\\\/egn.com\\\/nl\\\/#website\",\"url\":\"https:\\\/\\\/egn.com\\\/nl\\\/\",\"name\":\"EGN Nederland\",\"description\":\"\",\"publisher\":{\"@id\":\"https:\\\/\\\/egn.com\\\/nl\\\/#organization\"},\"potentialAction\":[{\"@type\":\"SearchAction\",\"target\":{\"@type\":\"EntryPoint\",\"urlTemplate\":\"https:\\\/\\\/egn.com\\\/nl\\\/?s={search_term_string}\"},\"query-input\":{\"@type\":\"PropertyValueSpecification\",\"valueRequired\":true,\"valueName\":\"search_term_string\"}}],\"inLanguage\":\"nl-NL\"},{\"@type\":\"Organization\",\"@id\":\"https:\\\/\\\/egn.com\\\/nl\\\/#organization\",\"name\":\"EGN Nederland\",\"alternateName\":\"EGN\",\"url\":\"https:\\\/\\\/egn.com\\\/nl\\\/\",\"logo\":{\"@type\":\"ImageObject\",\"inLanguage\":\"nl-NL\",\"@id\":\"https:\\\/\\\/egn.com\\\/nl\\\/#\\\/schema\\\/logo\\\/image\\\/\",\"url\":\"https:\\\/\\\/egn.com\\\/nl\\\/wp-content\\\/uploads\\\/sites\\\/11\\\/2026\\\/02\\\/EGN.png\",\"contentUrl\":\"https:\\\/\\\/egn.com\\\/nl\\\/wp-content\\\/uploads\\\/sites\\\/11\\\/2026\\\/02\\\/EGN.png\",\"width\":2185,\"height\":699,\"caption\":\"EGN Nederland\"},\"image\":{\"@id\":\"https:\\\/\\\/egn.com\\\/nl\\\/#\\\/schema\\\/logo\\\/image\\\/\"},\"sameAs\":[\"https:\\\/\\\/www.linkedin.com\\\/company\\\/executives'\u200b-global-network-nederland\\\/\"],\"description\":\"Als deelnemer van het Executives\u2019 Global Network deelt u kennis met professionals uit andere sectoren op uw eigen niveau. Wij organiseren vertrouwelijke netwerkgroepen onder leiding van een ervaren voorzitter.\",\"email\":\"info.nl@egn.com\",\"telephone\":\"+31(0)651032788\"}]}<\/script>","yoast_head_json":{"title":"Download de app - EGN Nederland","robots":{"index":"index","follow":"follow","max-snippet":"max-snippet:-1","max-image-preview":"max-image-preview:large","max-video-preview":"max-video-preview:-1"},"canonical":"https:\/\/egn.com\/nl\/download-de-app\/","og_locale":"nl_NL","og_type":"article","og_title":"Download de app","og_description":"Krijg toegang tot het EGN Members\u00b4 Universe - Download de Member appHet EGN Members\u00b4 Universe is een uniek netwerkplatform (members only), waarmee u 24\/7","og_url":"https:\/\/egn.com\/nl\/download-de-app\/","og_site_name":"EGN Nederland","article_modified_time":"2022-06-21T06:23:36+00:00","og_image":[{"url":"https:\/\/egn.com\/nl\/wp-content\/uploads\/sites\/11\/2022\/06\/MU-screenshot-app-1024x448.jpg","type":"","width":"","height":""}],"twitter_card":"summary_large_image","twitter_misc":{"Geschatte leestijd":"2 minuten"},"schema":{"@context":"https:\/\/schema.org","@graph":[{"@type":"WebPage","@id":"https:\/\/egn.com\/nl\/download-de-app\/","url":"https:\/\/egn.com\/nl\/download-de-app\/","name":"Download de app - EGN Nederland","isPartOf":{"@id":"https:\/\/egn.com\/nl\/#website"},"primaryImageOfPage":{"@id":"https:\/\/egn.com\/nl\/download-de-app\/#primaryimage"},"image":{"@id":"https:\/\/egn.com\/nl\/download-de-app\/#primaryimage"},"thumbnailUrl":"https:\/\/egn.com\/nl\/wp-content\/uploads\/sites\/11\/2022\/06\/MU-screenshot-app-1024x448.jpg","datePublished":"2022-01-18T13:10:34+00:00","dateModified":"2022-06-21T06:23:36+00:00","breadcrumb":{"@id":"https:\/\/egn.com\/nl\/download-de-app\/#breadcrumb"},"inLanguage":"nl-NL","potentialAction":[{"@type":"ReadAction","target":["https:\/\/egn.com\/nl\/download-de-app\/"]}]},{"@type":"ImageObject","inLanguage":"nl-NL","@id":"https:\/\/egn.com\/nl\/download-de-app\/#primaryimage","url":"https:\/\/egn.com\/nl\/wp-content\/uploads\/sites\/11\/2022\/06\/MU-screenshot-app.jpg","contentUrl":"https:\/\/egn.com\/nl\/wp-content\/uploads\/sites\/11\/2022\/06\/MU-screenshot-app.jpg","width":1882,"height":824,"caption":"EGN Members' Universe"},{"@type":"BreadcrumbList","@id":"https:\/\/egn.com\/nl\/download-de-app\/#breadcrumb","itemListElement":[{"@type":"ListItem","position":1,"name":"Home","item":"https:\/\/egn.com\/nl\/"},{"@type":"ListItem","position":2,"name":"Download de app"}]},{"@type":"WebSite","@id":"https:\/\/egn.com\/nl\/#website","url":"https:\/\/egn.com\/nl\/","name":"EGN Nederland","description":"","publisher":{"@id":"https:\/\/egn.com\/nl\/#organization"},"potentialAction":[{"@type":"SearchAction","target":{"@type":"EntryPoint","urlTemplate":"https:\/\/egn.com\/nl\/?s={search_term_string}"},"query-input":{"@type":"PropertyValueSpecification","valueRequired":true,"valueName":"search_term_string"}}],"inLanguage":"nl-NL"},{"@type":"Organization","@id":"https:\/\/egn.com\/nl\/#organization","name":"EGN Nederland","alternateName":"EGN","url":"https:\/\/egn.com\/nl\/","logo":{"@type":"ImageObject","inLanguage":"nl-NL","@id":"https:\/\/egn.com\/nl\/#\/schema\/logo\/image\/","url":"https:\/\/egn.com\/nl\/wp-content\/uploads\/sites\/11\/2026\/02\/EGN.png","contentUrl":"https:\/\/egn.com\/nl\/wp-content\/uploads\/sites\/11\/2026\/02\/EGN.png","width":2185,"height":699,"caption":"EGN Nederland"},"image":{"@id":"https:\/\/egn.com\/nl\/#\/schema\/logo\/image\/"},"sameAs":["https:\/\/www.linkedin.com\/company\/executives'\u200b-global-network-nederland\/"],"description":"Als deelnemer van het Executives\u2019 Global Network deelt u kennis met professionals uit andere sectoren op uw eigen niveau. Wij organiseren vertrouwelijke netwerkgroepen onder leiding van een ervaren voorzitter.","email":"info.nl@egn.com","telephone":"+31(0)651032788"}]}},"_links":{"self":[{"href":"https:\/\/egn.com\/nl\/wp-json\/wp\/v2\/pages\/10761","targetHints":{"allow":["GET"]}}],"collection":[{"href":"https:\/\/egn.com\/nl\/wp-json\/wp\/v2\/pages"}],"about":[{"href":"https:\/\/egn.com\/nl\/wp-json\/wp\/v2\/types\/page"}],"author":[{"embeddable":true,"href":"https:\/\/egn.com\/nl\/wp-json\/wp\/v2\/users\/41"}],"replies":[{"embeddable":true,"href":"https:\/\/egn.com\/nl\/wp-json\/wp\/v2\/comments?post=10761"}],"version-history":[{"count":0,"href":"https:\/\/egn.com\/nl\/wp-json\/wp\/v2\/pages\/10761\/revisions"}],"wp:attachment":[{"href":"https:\/\/egn.com\/nl\/wp-json\/wp\/v2\/media?parent=10761"}],"curies":[{"name":"wp","href":"https:\/\/api.w.org\/{rel}","templated":true}]}}