{"id":25129,"date":"2023-04-28T14:53:54","date_gmt":"2023-04-28T12:53:54","guid":{"rendered":"https:\/\/egn.com\/no\/?page_id=25129"},"modified":"2023-10-11T15:06:39","modified_gmt":"2023-10-11T13:06:39","slug":"endring-av-medlemskap","status":"publish","type":"page","link":"https:\/\/egn.com\/no\/endring-av-medlemskap\/","title":{"rendered":"Endring av medlemskap"},"content":{"rendered":"<p>Som medlem i EGN Norge kan du alltid bytte til en nettverksgruppe som bedre matcher dine karrieremessige utfordringer og behov.<\/p>\n<p>Hvis du mister jobben din, kan du etter avtale forsette ditt medlemskap en periode, mens du bruker nettverket til \u00e5 finne din neste karrieremulighet.<\/p>\n<p>Fyll ut skjemaet under s\u00e5 vil vi kontakte deg for \u00e5 finne et tilbud som bedre passer dine behov.<\/p>\n<script type=\"text\/javascript\">\n\/* <![CDATA[ *\/\nvar gform;gform||(document.addEventListener(\"gform_main_scripts_loaded\",function(){gform.scriptsLoaded=!0}),document.addEventListener(\"gform\/theme\/scripts_loaded\",function(){gform.themeScriptsLoaded=!0}),window.addEventListener(\"DOMContentLoaded\",function(){gform.domLoaded=!0}),gform={domLoaded:!1,scriptsLoaded:!1,themeScriptsLoaded:!1,isFormEditor:()=>\"function\"==typeof InitializeEditor,callIfLoaded:function(o){return!(!gform.domLoaded||!gform.scriptsLoaded||!gform.themeScriptsLoaded&&!gform.isFormEditor()||(gform.isFormEditor()&&console.warn(\"The use of gform.initializeOnLoaded() is deprecated in the form editor context and will be removed in Gravity Forms 3.1.\"),o(),0))},initializeOnLoaded:function(o){gform.callIfLoaded(o)||(document.addEventListener(\"gform_main_scripts_loaded\",()=>{gform.scriptsLoaded=!0,gform.callIfLoaded(o)}),document.addEventListener(\"gform\/theme\/scripts_loaded\",()=>{gform.themeScriptsLoaded=!0,gform.callIfLoaded(o)}),window.addEventListener(\"DOMContentLoaded\",()=>{gform.domLoaded=!0,gform.callIfLoaded(o)}))},hooks:{action:{},filter:{}},addAction:function(o,r,e,t){gform.addHook(\"action\",o,r,e,t)},addFilter:function(o,r,e,t){gform.addHook(\"filter\",o,r,e,t)},doAction:function(o){gform.doHook(\"action\",o,arguments)},applyFilters:function(o){return gform.doHook(\"filter\",o,arguments)},removeAction:function(o,r){gform.removeHook(\"action\",o,r)},removeFilter:function(o,r,e){gform.removeHook(\"filter\",o,r,e)},addHook:function(o,r,e,t,n){null==gform.hooks[o][r]&&(gform.hooks[o][r]=[]);var d=gform.hooks[o][r];null==n&&(n=r+\"_\"+d.length),gform.hooks[o][r].push({tag:n,callable:e,priority:t=null==t?10:t})},doHook:function(r,o,e){var t;if(e=Array.prototype.slice.call(e,1),null!=gform.hooks[r][o]&&((o=gform.hooks[r][o]).sort(function(o,r){return o.priority-r.priority}),o.forEach(function(o){\"function\"!=typeof(t=o.callable)&&(t=window[t]),\"action\"==r?t.apply(null,e):e[0]=t.apply(null,e)})),\"filter\"==r)return e[0]},removeHook:function(o,r,t,n){var e;null!=gform.hooks[o][r]&&(e=(e=gform.hooks[o][r]).filter(function(o,r,e){return!!(null!=n&&n!=o.tag||null!=t&&t!=o.priority)}),gform.hooks[o][r]=e)}});\n\/* ]]> *\/\n<\/script>\n\n                <div class='gf_browser_gecko gform_wrapper gravity-theme gform-theme--no-framework in-page-form_wrapper' data-form-theme='gravity-theme' data-form-index='0' id='gform_wrapper_20' ><div id='gf_20' class='gform_anchor' tabindex='-1'><\/div>\n                        <div class='gform_heading'>\n\t\t\t\t\t\t\t<p class='gform_required_legend'><\/p>\n                        <\/div><form method='post' enctype='multipart\/form-data' target='gform_ajax_frame_20' id='gform_20' class='in-page-form' action='\/no\/wp-json\/wp\/v2\/pages\/25129#gf_20' data-formid='20' novalidate> \r\n <input type='hidden' class='gforms-pum' value='{\"closepopup\":false,\"closedelay\":0,\"openpopup\":false,\"openpopup_id\":0}' \/>\n                        <div class='gform-body gform_body'><div id='gform_fields_20' class='gform_fields top_label form_sublabel_below description_below validation_below'><div id=\"field_20_11\" class=\"gfield gfield--type-honeypot gform_validation_container field_sublabel_below gfield--has-description field_description_below field_validation_below gfield_visibility_visible\"  ><label class='gfield_label gform-field-label' for='input_20_11'>Company<\/label><div class='ginput_container'><input name='input_11' id='input_20_11' type='text' value='' autocomplete='new-password'\/><\/div><div class='gfield_description' id='gfield_description_20_11'>This field is for validation purposes and should be left unchanged.<\/div><\/div><div id=\"field_20_2\" class=\"gfield gfield--type-text gfield_contains_required field_sublabel_below gfield--no-description field_description_below field_validation_below gfield_visibility_visible\"  ><label class='gfield_label gform-field-label' for='input_20_2'>Navn<span class=\"gfield_required\"><span class=\"gfield_required gfield_required_asterisk\">*<\/span><\/span><\/label><div class='ginput_container ginput_container_text'><input name='input_2' id='input_20_2' type='text' value='' class='large'   tabindex='49'  aria-required=\"true\" aria-invalid=\"false\"   \/><\/div><\/div><div id=\"field_20_3\" class=\"gfield gfield--type-text gfield_contains_required field_sublabel_below gfield--no-description field_description_below field_validation_below gfield_visibility_visible\"  ><label class='gfield_label gform-field-label' for='input_20_3'>Bedrift<span class=\"gfield_required\"><span class=\"gfield_required gfield_required_asterisk\">*<\/span><\/span><\/label><div class='ginput_container ginput_container_text'><input name='input_3' id='input_20_3' type='text' value='' class='large'   tabindex='50'  aria-required=\"true\" aria-invalid=\"false\"   \/><\/div><\/div><div id=\"field_20_4\" class=\"gfield gfield--type-email gfield_contains_required field_sublabel_below gfield--no-description field_description_below field_validation_below gfield_visibility_visible\"  ><label class='gfield_label gform-field-label' for='input_20_4'>E-post<span class=\"gfield_required\"><span class=\"gfield_required gfield_required_asterisk\">*<\/span><\/span><\/label><div class='ginput_container ginput_container_email'>\n                            <input name='input_4' id='input_20_4' type='email' value='' class='medium' tabindex='51'   aria-required=\"true\" aria-invalid=\"false\"  \/>\n                        <\/div><\/div><div id=\"field_20_6\" class=\"gfield gfield--type-text gfield_contains_required field_sublabel_below gfield--no-description field_description_below field_validation_below gfield_visibility_visible\"  ><label class='gfield_label gform-field-label' for='input_20_6'>Telefonnummer<span class=\"gfield_required\"><span class=\"gfield_required gfield_required_asterisk\">*<\/span><\/span><\/label><div class='ginput_container ginput_container_text'><input name='input_6' id='input_20_6' type='text' value='' class='large'   tabindex='52'  aria-required=\"true\" aria-invalid=\"false\"   \/><\/div><\/div><div id=\"field_20_7\" class=\"gfield gfield--type-text field_sublabel_below gfield--no-description field_description_below field_validation_below gfield_visibility_visible\"  ><label class='gfield_label gform-field-label' for='input_20_7'>N\u00e5v\u00e6rende gruppe<\/label><div class='ginput_container ginput_container_text'><input name='input_7' id='input_20_7' type='text' value='' class='large'   tabindex='53'   aria-invalid=\"false\"   \/><\/div><\/div><div id=\"field_20_8\" class=\"gfield gfield--type-select gfield_contains_required field_sublabel_below gfield--no-description field_description_below field_validation_below gfield_visibility_visible\"  ><label class='gfield_label gform-field-label' for='input_20_8'>Type endring<span class=\"gfield_required\"><span class=\"gfield_required gfield_required_asterisk\">*<\/span><\/span><\/label><div class='ginput_container ginput_container_select'><select name='input_8' id='input_20_8' class='large gfield_select' tabindex='54'   aria-required=\"true\" aria-invalid=\"false\" ><option value='Velg' selected='selected'>Velg<\/option><option value='Jeg \u00f8nsker \u00e5 bytte gruppe' >Jeg \u00f8nsker \u00e5 bytte gruppe<\/option><option value='Jeg \u00f8nsker \u00e5 melde meg p\u00e5 Between Jobs' >Jeg \u00f8nsker \u00e5 melde meg p\u00e5 Between Jobs<\/option><\/select><\/div><\/div><div id=\"field_20_10\" class=\"gfield gfield--type-textarea field_sublabel_below gfield--no-description field_description_below field_validation_below gfield_visibility_visible\"  ><label class='gfield_label gform-field-label' for='input_20_10'>Evt. kommentar<\/label><div class='ginput_container ginput_container_textarea'><textarea name='input_10' id='input_20_10' class='textarea medium' tabindex='55'   placeholder='Utdyp gjerne ditt \u00f8nske om endring av medlemskap..'  aria-invalid=\"false\"   rows='10' cols='50'><\/textarea><\/div><\/div><\/div><\/div>\n        <div class='gform-footer gform_footer top_label'> <input type='submit' id='gform_submit_button_20' class='gform_button button gform-button--width-full' onclick='gform.submission.handleButtonClick(this);' data-submission-type='submit' value='Send melding' tabindex='56' \/> <input type='hidden' name='gform_ajax' value='form_id=20&amp;title=&amp;description=&amp;tabindex=49&amp;theme=gravity-theme&amp;styles=[]&amp;hash=69ae69f6cc64c83315ba22b73b7640eb' \/>\n            <input type='hidden' class='gform_hidden' name='gform_submission_method' data-js='gform_submission_method_20' value='iframe' \/>\n            <input type='hidden' class='gform_hidden' name='gform_theme' data-js='gform_theme_20' id='gform_theme_20' value='gravity-theme' \/>\n            <input type='hidden' class='gform_hidden' name='gform_style_settings' data-js='gform_style_settings_20' id='gform_style_settings_20' value='[]' \/>\n            <input type='hidden' class='gform_hidden' name='is_submit_20' value='1' \/>\n            <input type='hidden' class='gform_hidden' name='gform_submit' value='20' \/>\n            \n            <input type='hidden' class='gform_hidden' name='gform_currency' data-currency='DKK' value='nGW53L7Aa0G3QFb\/a\/9ftp5j9gM+wmY6QE9tH2RPmQTtk4OGt\/UDk2tmZ9TobS9mUs7c7fQ3uWUKxXHA5SopYfCgCGZS+zuNqDpAMZXggs5mM3E=' \/>\n            <input type='hidden' class='gform_hidden' name='gform_unique_id' value='' \/>\n            <input type='hidden' class='gform_hidden' name='state_20' value='WyJbXSIsIjA1YjMxNzA2MmQ0MTczZjk5NDc1OWIyODJjMTc1ZGVjIl0=' \/>\n            <input type='hidden' autocomplete='off' class='gform_hidden' name='gform_target_page_number_20' id='gform_target_page_number_20' value='0' \/>\n            <input type='hidden' autocomplete='off' class='gform_hidden' name='gform_source_page_number_20' id='gform_source_page_number_20' value='1' \/>\n            <input type='hidden' name='gform_field_values' value='' \/>\n            \n        <\/div>\n                        <\/form>\n                        <\/div>\n\t\t                <iframe style='display:none;width:0px;height:0px;' src='about:blank' name='gform_ajax_frame_20' id='gform_ajax_frame_20' title='This iframe contains the logic required to handle Ajax powered Gravity Forms.'><\/iframe>\n\t\t                <script type=\"text\/javascript\">\n\/* <![CDATA[ *\/\n gform.initializeOnLoaded( function() {gformInitSpinner( 20, 'https:\/\/egn.com\/no\/wp-content\/plugins\/gravityforms\/images\/spinner.svg', true );jQuery('#gform_ajax_frame_20').on('load',function(){var contents = jQuery(this).contents().find('*').html();var is_postback = contents.indexOf('GF_AJAX_POSTBACK') >= 0;if(!is_postback){return;}var form_content = jQuery(this).contents().find('#gform_wrapper_20');var is_confirmation = jQuery(this).contents().find('#gform_confirmation_wrapper_20').length > 0;var is_redirect = contents.indexOf('gformRedirect(){') >= 0;var is_form = form_content.length > 0 && ! is_redirect && ! is_confirmation;var mt = parseInt(jQuery('html').css('margin-top'), 10) + parseInt(jQuery('body').css('margin-top'), 10) + 100;if(is_form){jQuery('#gform_wrapper_20').html(form_content.html());if(form_content.hasClass('gform_validation_error')){jQuery('#gform_wrapper_20').addClass('gform_validation_error');} else {jQuery('#gform_wrapper_20').removeClass('gform_validation_error');}setTimeout( function() { \/* delay the scroll by 50 milliseconds to fix a bug in chrome *\/ jQuery(document).scrollTop(jQuery('#gform_wrapper_20').offset().top - mt); }, 50 );if(window['gformInitDatepicker']) {gformInitDatepicker();}if(window['gformInitPriceFields']) {gformInitPriceFields();}var current_page = jQuery('#gform_source_page_number_20').val();gformInitSpinner( 20, 'https:\/\/egn.com\/no\/wp-content\/plugins\/gravityforms\/images\/spinner.svg', true );jQuery(document).trigger('gform_page_loaded', [20, current_page]);window['gf_submitting_20'] = false;}else if(!is_redirect){var confirmation_content = jQuery(this).contents().find('.GF_AJAX_POSTBACK').html();if(!confirmation_content){confirmation_content = contents;}jQuery('#gform_wrapper_20').replaceWith(confirmation_content);jQuery(document).scrollTop(jQuery('#gf_20').offset().top - mt);jQuery(document).trigger('gform_confirmation_loaded', [20]);window['gf_submitting_20'] = false;wp.a11y.speak(jQuery('#gform_confirmation_message_20').text());}else{jQuery('#gform_20').append(contents);if(window['gformRedirect']) {gformRedirect();}}jQuery(document).trigger(\"gform_pre_post_render\", [{ formId: \"20\", currentPage: \"current_page\", abort: function() { this.preventDefault(); } }]);        if (event && event.defaultPrevented) {                return;        }        const gformWrapperDiv = document.getElementById( \"gform_wrapper_20\" );        if ( gformWrapperDiv ) {            const visibilitySpan = document.createElement( \"span\" );            visibilitySpan.id = \"gform_visibility_test_20\";            gformWrapperDiv.insertAdjacentElement( \"afterend\", visibilitySpan );        }        const visibilityTestDiv = document.getElementById( \"gform_visibility_test_20\" );        let postRenderFired = false;        function triggerPostRender() {            if ( postRenderFired ) {                return;            }            postRenderFired = true;            gform.core.triggerPostRenderEvents( 20, current_page );            if ( visibilityTestDiv ) {                visibilityTestDiv.parentNode.removeChild( visibilityTestDiv );            }        }        function debounce( func, wait, immediate ) {            var timeout;            return function() {                var context = this, args = arguments;                var later = function() {                    timeout = null;                    if ( !immediate ) func.apply( context, args );                };                var callNow = immediate && !timeout;                clearTimeout( timeout );                timeout = setTimeout( later, wait );                if ( callNow ) func.apply( context, args );            };        }        const debouncedTriggerPostRender = debounce( function() {            triggerPostRender();        }, 200 );        if ( visibilityTestDiv && visibilityTestDiv.offsetParent === null ) {            const observer = new MutationObserver( ( mutations ) => {                mutations.forEach( ( mutation ) => {                    if ( mutation.type === 'attributes' && visibilityTestDiv.offsetParent !== null ) {                        debouncedTriggerPostRender();                        observer.disconnect();                    }                });            });            observer.observe( document.body, {                attributes: true,                childList: false,                subtree: true,                attributeFilter: [ 'style', 'class' ],            });        } else {            triggerPostRender();        }    } );} ); \n\/* ]]> *\/\n<\/script>\n\n","protected":false},"excerpt":{"rendered":"<p>Som medlem i EGN Norge kan du alltid bytte til en nettverksgruppe som bedre matcher dine karrieremessige utfordringer og behov. Hvis du mister jobben din, kan du etter avtale forsette ditt medlemskap en periode, mens du bruker nettverket til \u00e5 finne din neste karrieremulighet. Fyll ut skjemaet under s\u00e5 vil vi kontakte deg for \u00e5&hellip;<\/p>\n","protected":false},"author":41,"featured_media":25131,"parent":0,"menu_order":0,"comment_status":"closed","ping_status":"closed","template":"insight-single.php","meta":{"_acf_changed":false,"footnotes":""},"class_list":["post-25129","page","type-page","status-publish","has-post-thumbnail","hentry"],"acf":[],"yoast_head":"<title>Endring av medlemskap - EGN Norge<\/title>\n<meta name=\"description\" content=\"Som medlem i EGN Norge har du muligheten til \u00e5 bytte til en nettverksgruppe som bedre matcher dine karrieremessige utfordringer og behov.\" \/>\n<meta name=\"robots\" content=\"index, follow, max-snippet:-1, max-image-preview:large, max-video-preview:-1\" \/>\n<link rel=\"canonical\" href=\"https:\/\/egn.com\/no\/endring-av-medlemskap\/\" \/>\n<meta property=\"og:locale\" content=\"nn_NO\" \/>\n<meta property=\"og:type\" content=\"article\" \/>\n<meta property=\"og:title\" content=\"Endring av medlemskap\" \/>\n<meta property=\"og:description\" content=\"Som medlem i EGN Norge kan du alltid bytte til en nettverksgruppe som bedre matcher dine karrieremessige utfordringer og behov. Hvis du mister jobben din,\" \/>\n<meta property=\"og:url\" content=\"https:\/\/egn.com\/no\/endring-av-medlemskap\/\" \/>\n<meta property=\"og:site_name\" content=\"EGN Norge\" \/>\n<meta property=\"article:publisher\" content=\"https:\/\/www.facebook.com\/EGNNorge\/\" \/>\n<meta property=\"article:modified_time\" content=\"2023-10-11T13:06:39+00:00\" \/>\n<meta property=\"og:image\" content=\"https:\/\/egn.com\/no\/wp-content\/uploads\/sites\/14\/2023\/04\/endring-av-medlemskap.jpg\" \/>\n\t<meta property=\"og:image:width\" content=\"1140\" \/>\n\t<meta property=\"og:image:height\" content=\"480\" \/>\n\t<meta property=\"og:image:type\" content=\"image\/jpeg\" \/>\n<meta name=\"twitter:card\" content=\"summary_large_image\" \/>\n<meta name=\"twitter:site\" content=\"@EGNNorge\" \/>\n<meta name=\"twitter:label1\" content=\"Est. reading time\" \/>\n\t<meta name=\"twitter:data1\" content=\"1 minutt\" \/>\n<script type=\"application\/ld+json\" class=\"yoast-schema-graph\">{\"@context\":\"https:\\\/\\\/schema.org\",\"@graph\":[{\"@type\":\"WebPage\",\"@id\":\"https:\\\/\\\/egn.com\\\/no\\\/endring-av-medlemskap\\\/\",\"url\":\"https:\\\/\\\/egn.com\\\/no\\\/endring-av-medlemskap\\\/\",\"name\":\"Endring av medlemskap - EGN Norge\",\"isPartOf\":{\"@id\":\"https:\\\/\\\/egn.com\\\/no\\\/#website\"},\"primaryImageOfPage\":{\"@id\":\"https:\\\/\\\/egn.com\\\/no\\\/endring-av-medlemskap\\\/#primaryimage\"},\"image\":{\"@id\":\"https:\\\/\\\/egn.com\\\/no\\\/endring-av-medlemskap\\\/#primaryimage\"},\"thumbnailUrl\":\"https:\\\/\\\/egn.com\\\/no\\\/wp-content\\\/uploads\\\/sites\\\/14\\\/2023\\\/04\\\/endring-av-medlemskap.jpg\",\"datePublished\":\"2023-04-28T12:53:54+00:00\",\"dateModified\":\"2023-10-11T13:06:39+00:00\",\"description\":\"Som medlem i EGN Norge har du muligheten til \u00e5 bytte til en nettverksgruppe som bedre matcher dine karrieremessige utfordringer og behov.\",\"breadcrumb\":{\"@id\":\"https:\\\/\\\/egn.com\\\/no\\\/endring-av-medlemskap\\\/#breadcrumb\"},\"inLanguage\":\"nn-NO\",\"potentialAction\":[{\"@type\":\"ReadAction\",\"target\":[\"https:\\\/\\\/egn.com\\\/no\\\/endring-av-medlemskap\\\/\"]}]},{\"@type\":\"ImageObject\",\"inLanguage\":\"nn-NO\",\"@id\":\"https:\\\/\\\/egn.com\\\/no\\\/endring-av-medlemskap\\\/#primaryimage\",\"url\":\"https:\\\/\\\/egn.com\\\/no\\\/wp-content\\\/uploads\\\/sites\\\/14\\\/2023\\\/04\\\/endring-av-medlemskap.jpg\",\"contentUrl\":\"https:\\\/\\\/egn.com\\\/no\\\/wp-content\\\/uploads\\\/sites\\\/14\\\/2023\\\/04\\\/endring-av-medlemskap.jpg\",\"width\":1140,\"height\":480},{\"@type\":\"BreadcrumbList\",\"@id\":\"https:\\\/\\\/egn.com\\\/no\\\/endring-av-medlemskap\\\/#breadcrumb\",\"itemListElement\":[{\"@type\":\"ListItem\",\"position\":1,\"name\":\"Home\",\"item\":\"https:\\\/\\\/egn.com\\\/no\\\/\"},{\"@type\":\"ListItem\",\"position\":2,\"name\":\"Endring av medlemskap\"}]},{\"@type\":\"WebSite\",\"@id\":\"https:\\\/\\\/egn.com\\\/no\\\/#website\",\"url\":\"https:\\\/\\\/egn.com\\\/no\\\/\",\"name\":\"EGN Norge\",\"description\":\"\",\"publisher\":{\"@id\":\"https:\\\/\\\/egn.com\\\/no\\\/#organization\"},\"potentialAction\":[{\"@type\":\"SearchAction\",\"target\":{\"@type\":\"EntryPoint\",\"urlTemplate\":\"https:\\\/\\\/egn.com\\\/no\\\/?s={search_term_string}\"},\"query-input\":{\"@type\":\"PropertyValueSpecification\",\"valueRequired\":true,\"valueName\":\"search_term_string\"}}],\"inLanguage\":\"nn-NO\"},{\"@type\":\"Organization\",\"@id\":\"https:\\\/\\\/egn.com\\\/no\\\/#organization\",\"name\":\"Executives'\u200b Global Network\",\"alternateName\":\"EGN\",\"url\":\"https:\\\/\\\/egn.com\\\/no\\\/\",\"logo\":{\"@type\":\"ImageObject\",\"inLanguage\":\"nn-NO\",\"@id\":\"https:\\\/\\\/egn.com\\\/no\\\/#\\\/schema\\\/logo\\\/image\\\/\",\"url\":\"https:\\\/\\\/egn.com\\\/no\\\/wp-content\\\/uploads\\\/sites\\\/14\\\/2020\\\/03\\\/EGN-new.png\",\"contentUrl\":\"https:\\\/\\\/egn.com\\\/no\\\/wp-content\\\/uploads\\\/sites\\\/14\\\/2020\\\/03\\\/EGN-new.png\",\"width\":500,\"height\":238,\"caption\":\"Executives'\u200b Global Network\"},\"image\":{\"@id\":\"https:\\\/\\\/egn.com\\\/no\\\/#\\\/schema\\\/logo\\\/image\\\/\"},\"sameAs\":[\"https:\\\/\\\/www.facebook.com\\\/EGNNorge\\\/\",\"https:\\\/\\\/x.com\\\/EGNNorge\",\"https:\\\/\\\/www.linkedin.com\\\/company\\\/egn-norge\\\/\"]}]}<\/script>","yoast_head_json":{"title":"Endring av medlemskap - EGN Norge","description":"Som medlem i EGN Norge har du muligheten til \u00e5 bytte til en nettverksgruppe som bedre matcher dine karrieremessige utfordringer og behov.","robots":{"index":"index","follow":"follow","max-snippet":"max-snippet:-1","max-image-preview":"max-image-preview:large","max-video-preview":"max-video-preview:-1"},"canonical":"https:\/\/egn.com\/no\/endring-av-medlemskap\/","og_locale":"nn_NO","og_type":"article","og_title":"Endring av medlemskap","og_description":"Som medlem i EGN Norge kan du alltid bytte til en nettverksgruppe som bedre matcher dine karrieremessige utfordringer og behov. Hvis du mister jobben din,","og_url":"https:\/\/egn.com\/no\/endring-av-medlemskap\/","og_site_name":"EGN Norge","article_publisher":"https:\/\/www.facebook.com\/EGNNorge\/","article_modified_time":"2023-10-11T13:06:39+00:00","og_image":[{"width":1140,"height":480,"url":"https:\/\/egn.com\/no\/wp-content\/uploads\/sites\/14\/2023\/04\/endring-av-medlemskap.jpg","type":"image\/jpeg"}],"twitter_card":"summary_large_image","twitter_site":"@EGNNorge","twitter_misc":{"Est. reading time":"1 minutt"},"schema":{"@context":"https:\/\/schema.org","@graph":[{"@type":"WebPage","@id":"https:\/\/egn.com\/no\/endring-av-medlemskap\/","url":"https:\/\/egn.com\/no\/endring-av-medlemskap\/","name":"Endring av medlemskap - EGN Norge","isPartOf":{"@id":"https:\/\/egn.com\/no\/#website"},"primaryImageOfPage":{"@id":"https:\/\/egn.com\/no\/endring-av-medlemskap\/#primaryimage"},"image":{"@id":"https:\/\/egn.com\/no\/endring-av-medlemskap\/#primaryimage"},"thumbnailUrl":"https:\/\/egn.com\/no\/wp-content\/uploads\/sites\/14\/2023\/04\/endring-av-medlemskap.jpg","datePublished":"2023-04-28T12:53:54+00:00","dateModified":"2023-10-11T13:06:39+00:00","description":"Som medlem i EGN Norge har du muligheten til \u00e5 bytte til en nettverksgruppe som bedre matcher dine karrieremessige utfordringer og behov.","breadcrumb":{"@id":"https:\/\/egn.com\/no\/endring-av-medlemskap\/#breadcrumb"},"inLanguage":"nn-NO","potentialAction":[{"@type":"ReadAction","target":["https:\/\/egn.com\/no\/endring-av-medlemskap\/"]}]},{"@type":"ImageObject","inLanguage":"nn-NO","@id":"https:\/\/egn.com\/no\/endring-av-medlemskap\/#primaryimage","url":"https:\/\/egn.com\/no\/wp-content\/uploads\/sites\/14\/2023\/04\/endring-av-medlemskap.jpg","contentUrl":"https:\/\/egn.com\/no\/wp-content\/uploads\/sites\/14\/2023\/04\/endring-av-medlemskap.jpg","width":1140,"height":480},{"@type":"BreadcrumbList","@id":"https:\/\/egn.com\/no\/endring-av-medlemskap\/#breadcrumb","itemListElement":[{"@type":"ListItem","position":1,"name":"Home","item":"https:\/\/egn.com\/no\/"},{"@type":"ListItem","position":2,"name":"Endring av medlemskap"}]},{"@type":"WebSite","@id":"https:\/\/egn.com\/no\/#website","url":"https:\/\/egn.com\/no\/","name":"EGN Norge","description":"","publisher":{"@id":"https:\/\/egn.com\/no\/#organization"},"potentialAction":[{"@type":"SearchAction","target":{"@type":"EntryPoint","urlTemplate":"https:\/\/egn.com\/no\/?s={search_term_string}"},"query-input":{"@type":"PropertyValueSpecification","valueRequired":true,"valueName":"search_term_string"}}],"inLanguage":"nn-NO"},{"@type":"Organization","@id":"https:\/\/egn.com\/no\/#organization","name":"Executives'\u200b Global Network","alternateName":"EGN","url":"https:\/\/egn.com\/no\/","logo":{"@type":"ImageObject","inLanguage":"nn-NO","@id":"https:\/\/egn.com\/no\/#\/schema\/logo\/image\/","url":"https:\/\/egn.com\/no\/wp-content\/uploads\/sites\/14\/2020\/03\/EGN-new.png","contentUrl":"https:\/\/egn.com\/no\/wp-content\/uploads\/sites\/14\/2020\/03\/EGN-new.png","width":500,"height":238,"caption":"Executives'\u200b Global Network"},"image":{"@id":"https:\/\/egn.com\/no\/#\/schema\/logo\/image\/"},"sameAs":["https:\/\/www.facebook.com\/EGNNorge\/","https:\/\/x.com\/EGNNorge","https:\/\/www.linkedin.com\/company\/egn-norge\/"]}]}},"_links":{"self":[{"href":"https:\/\/egn.com\/no\/wp-json\/wp\/v2\/pages\/25129","targetHints":{"allow":["GET"]}}],"collection":[{"href":"https:\/\/egn.com\/no\/wp-json\/wp\/v2\/pages"}],"about":[{"href":"https:\/\/egn.com\/no\/wp-json\/wp\/v2\/types\/page"}],"author":[{"embeddable":true,"href":"https:\/\/egn.com\/no\/wp-json\/wp\/v2\/users\/41"}],"replies":[{"embeddable":true,"href":"https:\/\/egn.com\/no\/wp-json\/wp\/v2\/comments?post=25129"}],"version-history":[{"count":2,"href":"https:\/\/egn.com\/no\/wp-json\/wp\/v2\/pages\/25129\/revisions"}],"predecessor-version":[{"id":25132,"href":"https:\/\/egn.com\/no\/wp-json\/wp\/v2\/pages\/25129\/revisions\/25132"}],"wp:featuredmedia":[{"embeddable":true,"href":"https:\/\/egn.com\/no\/wp-json\/wp\/v2\/media\/25131"}],"wp:attachment":[{"href":"https:\/\/egn.com\/no\/wp-json\/wp\/v2\/media?parent=25129"}],"curies":[{"name":"wp","href":"https:\/\/api.w.org\/{rel}","templated":true}]}}