{"id":25203,"date":"2023-07-04T09:55:11","date_gmt":"2023-07-04T07:55:11","guid":{"rendered":"https:\/\/egn.com\/no\/?page_id=25203"},"modified":"2023-10-11T15:12:37","modified_gmt":"2023-10-11T13:12:37","slug":"personvernerklaering","status":"publish","type":"page","link":"https:\/\/egn.com\/no\/personvernerklaering\/","title":{"rendered":"Personvernerkl\u00e6ring"},"content":{"rendered":"<p>Hos EGN Norge er konfidensialitet avgj\u00f8rende for v\u00e5rt virke. Konfidensialitet er spesielt viktig for at v\u00e5re nettverk skal\u00a0gi maksimal verdi.<\/p>\n<p>Respekten vi har for konfidensialitet er reflektert i m\u00e5ten vi behandler dine personopplysninger p\u00e5 \u2013 uansett om du er et eksisterende medlem, et potensielt medlem eller en jobbs\u00f8ker.<\/p>\n<p>For \u00e5 v\u00e6re s\u00e5 transparent som mulig har vi delt v\u00e5r personvernerkl\u00e6ring inn i 4 deler hvor hver del har sin spesifikke m\u00e5lgruppe.<\/p>\n<p><a href=\"https:\/\/www.egn.no\/personvernerklaering-nettverksmedlem\">Personvernerkl\u00e6ring \u2013 Nettverksmedlem<\/a><br \/>\n<a href=\"https:\/\/egn.com\/no\/personvernerklaering\/salg\/\">Personvernerkl\u00e6ring \u2013 Salg<\/a><br \/>\n<a href=\"https:\/\/egn.com\/no\/personvernerklaering\/kommunikasjon\/\">Personvernerkl\u00e6ring \u2013 Kommunikasjon<\/a><br \/>\n<a href=\"https:\/\/egn.com\/no\/personvernerklaering\/hr\/\">Personvernerkl\u00e6ring \u2013 HR<\/a><\/p>\n<p>Hvis du har noen sp\u00f8rsm\u00e5l eller kommentarer om hvordan vi behandler dine personopplysninger, vennligst kontakt oss.<\/p>\n<p><strong>EGN Norge<\/strong><br \/>\nORG no.: 992 685 395<br \/>\nTel.: +47 22 44 00 80<br \/>\n<a href=\"mailto:info@egn.no\">info@egn.no<\/a><br \/>\n<strong>Personvernerkl\u00e6ring p\u00e5 engelsk<\/strong><\/p>\n<p>Finn EGN Groups personvernregler p\u00e5 engelsk her:<br \/>\n<a href=\"https:\/\/egn.com\/privacy-policy\/\" target=\"_blank\" rel=\"noopener\">Data Protection and Privacy Policy<\/a><\/p>\n","protected":false},"excerpt":{"rendered":"<p>Hos EGN Norge er konfidensialitet avgj\u00f8rende for v\u00e5rt virke. Konfidensialitet er spesielt viktig for at v\u00e5re nettverk skal\u00a0gi maksimal verdi. Respekten vi har for konfidensialitet er reflektert i m\u00e5ten vi behandler dine personopplysninger p\u00e5 \u2013 uansett om du er et eksisterende medlem, et potensielt medlem eller en jobbs\u00f8ker. For \u00e5 v\u00e6re s\u00e5 transparent som mulig&hellip;<\/p>\n","protected":false},"author":41,"featured_media":0,"parent":0,"menu_order":0,"comment_status":"closed","ping_status":"closed","template":"insight-single.php","meta":{"_acf_changed":false,"footnotes":""},"class_list":["post-25203","page","type-page","status-publish","hentry"],"acf":[],"yoast_head":"<title>Personvernerkl\u00e6ring - EGN Norge<\/title>\n<meta name=\"description\" content=\"Personvernerkl\u00e6ringen er alti viktig for oss. Derfor f\u00f8lger vi alle retningslinjer for denne. L\u00e6s mere p\u00e5 siden.\" \/>\n<meta name=\"robots\" content=\"index, follow, max-snippet:-1, max-image-preview:large, max-video-preview:-1\" \/>\n<link rel=\"canonical\" href=\"https:\/\/egn.com\/no\/personvernerklaering\/\" \/>\n<meta property=\"og:locale\" content=\"nn_NO\" \/>\n<meta property=\"og:type\" content=\"article\" \/>\n<meta property=\"og:title\" content=\"Personvernerkl\u00e6ring\" \/>\n<meta property=\"og:description\" content=\"Hos EGN Norge er konfidensialitet avgj\u00f8rende for v\u00e5rt virke. Konfidensialitet er spesielt viktig for at v\u00e5re nettverk skal\u00a0gi maksimal verdi. Respekten vi\" \/>\n<meta property=\"og:url\" content=\"https:\/\/egn.com\/no\/personvernerklaering\/\" \/>\n<meta property=\"og:site_name\" content=\"EGN Norge\" \/>\n<meta property=\"article:publisher\" content=\"https:\/\/www.facebook.com\/EGNNorge\/\" \/>\n<meta property=\"article:modified_time\" content=\"2023-10-11T13:12:37+00:00\" \/>\n<meta property=\"og:image\" content=\"https:\/\/egn.com\/no\/wp-content\/uploads\/sites\/14\/2020\/05\/egnlogo1.png\" \/>\n\t<meta property=\"og:image:width\" content=\"238\" \/>\n\t<meta property=\"og:image:height\" content=\"238\" \/>\n\t<meta property=\"og:image:type\" content=\"image\/png\" \/>\n<meta name=\"twitter:card\" content=\"summary_large_image\" \/>\n<meta name=\"twitter:site\" content=\"@EGNNorge\" \/>\n<meta name=\"twitter:label1\" content=\"Est. reading time\" \/>\n\t<meta name=\"twitter:data1\" content=\"1 minutt\" \/>\n<script type=\"application\/ld+json\" class=\"yoast-schema-graph\">{\"@context\":\"https:\\\/\\\/schema.org\",\"@graph\":[{\"@type\":\"WebPage\",\"@id\":\"https:\\\/\\\/egn.com\\\/no\\\/personvernerklaering\\\/\",\"url\":\"https:\\\/\\\/egn.com\\\/no\\\/personvernerklaering\\\/\",\"name\":\"Personvernerkl\u00e6ring - EGN Norge\",\"isPartOf\":{\"@id\":\"https:\\\/\\\/egn.com\\\/no\\\/#website\"},\"datePublished\":\"2023-07-04T07:55:11+00:00\",\"dateModified\":\"2023-10-11T13:12:37+00:00\",\"description\":\"Personvernerkl\u00e6ringen er alti viktig for oss. Derfor f\u00f8lger vi alle retningslinjer for denne. L\u00e6s mere p\u00e5 siden.\",\"breadcrumb\":{\"@id\":\"https:\\\/\\\/egn.com\\\/no\\\/personvernerklaering\\\/#breadcrumb\"},\"inLanguage\":\"nn-NO\",\"potentialAction\":[{\"@type\":\"ReadAction\",\"target\":[\"https:\\\/\\\/egn.com\\\/no\\\/personvernerklaering\\\/\"]}]},{\"@type\":\"BreadcrumbList\",\"@id\":\"https:\\\/\\\/egn.com\\\/no\\\/personvernerklaering\\\/#breadcrumb\",\"itemListElement\":[{\"@type\":\"ListItem\",\"position\":1,\"name\":\"Home\",\"item\":\"https:\\\/\\\/egn.com\\\/no\\\/\"},{\"@type\":\"ListItem\",\"position\":2,\"name\":\"Personvernerkl\u00e6ring\"}]},{\"@type\":\"WebSite\",\"@id\":\"https:\\\/\\\/egn.com\\\/no\\\/#website\",\"url\":\"https:\\\/\\\/egn.com\\\/no\\\/\",\"name\":\"EGN Norge\",\"description\":\"\",\"publisher\":{\"@id\":\"https:\\\/\\\/egn.com\\\/no\\\/#organization\"},\"potentialAction\":[{\"@type\":\"SearchAction\",\"target\":{\"@type\":\"EntryPoint\",\"urlTemplate\":\"https:\\\/\\\/egn.com\\\/no\\\/?s={search_term_string}\"},\"query-input\":{\"@type\":\"PropertyValueSpecification\",\"valueRequired\":true,\"valueName\":\"search_term_string\"}}],\"inLanguage\":\"nn-NO\"},{\"@type\":\"Organization\",\"@id\":\"https:\\\/\\\/egn.com\\\/no\\\/#organization\",\"name\":\"Executives'\u200b Global Network\",\"alternateName\":\"EGN\",\"url\":\"https:\\\/\\\/egn.com\\\/no\\\/\",\"logo\":{\"@type\":\"ImageObject\",\"inLanguage\":\"nn-NO\",\"@id\":\"https:\\\/\\\/egn.com\\\/no\\\/#\\\/schema\\\/logo\\\/image\\\/\",\"url\":\"https:\\\/\\\/egn.com\\\/no\\\/wp-content\\\/uploads\\\/sites\\\/14\\\/2020\\\/03\\\/EGN-new.png\",\"contentUrl\":\"https:\\\/\\\/egn.com\\\/no\\\/wp-content\\\/uploads\\\/sites\\\/14\\\/2020\\\/03\\\/EGN-new.png\",\"width\":500,\"height\":238,\"caption\":\"Executives'\u200b Global Network\"},\"image\":{\"@id\":\"https:\\\/\\\/egn.com\\\/no\\\/#\\\/schema\\\/logo\\\/image\\\/\"},\"sameAs\":[\"https:\\\/\\\/www.facebook.com\\\/EGNNorge\\\/\",\"https:\\\/\\\/x.com\\\/EGNNorge\",\"https:\\\/\\\/www.linkedin.com\\\/company\\\/egn-norge\\\/\"]}]}<\/script>","yoast_head_json":{"title":"Personvernerkl\u00e6ring - EGN Norge","description":"Personvernerkl\u00e6ringen er alti viktig for oss. Derfor f\u00f8lger vi alle retningslinjer for denne. L\u00e6s mere p\u00e5 siden.","robots":{"index":"index","follow":"follow","max-snippet":"max-snippet:-1","max-image-preview":"max-image-preview:large","max-video-preview":"max-video-preview:-1"},"canonical":"https:\/\/egn.com\/no\/personvernerklaering\/","og_locale":"nn_NO","og_type":"article","og_title":"Personvernerkl\u00e6ring","og_description":"Hos EGN Norge er konfidensialitet avgj\u00f8rende for v\u00e5rt virke. Konfidensialitet er spesielt viktig for at v\u00e5re nettverk skal\u00a0gi maksimal verdi. Respekten vi","og_url":"https:\/\/egn.com\/no\/personvernerklaering\/","og_site_name":"EGN Norge","article_publisher":"https:\/\/www.facebook.com\/EGNNorge\/","article_modified_time":"2023-10-11T13:12:37+00:00","og_image":[{"width":238,"height":238,"url":"https:\/\/egn.com\/no\/wp-content\/uploads\/sites\/14\/2020\/05\/egnlogo1.png","type":"image\/png"}],"twitter_card":"summary_large_image","twitter_site":"@EGNNorge","twitter_misc":{"Est. reading time":"1 minutt"},"schema":{"@context":"https:\/\/schema.org","@graph":[{"@type":"WebPage","@id":"https:\/\/egn.com\/no\/personvernerklaering\/","url":"https:\/\/egn.com\/no\/personvernerklaering\/","name":"Personvernerkl\u00e6ring - EGN Norge","isPartOf":{"@id":"https:\/\/egn.com\/no\/#website"},"datePublished":"2023-07-04T07:55:11+00:00","dateModified":"2023-10-11T13:12:37+00:00","description":"Personvernerkl\u00e6ringen er alti viktig for oss. Derfor f\u00f8lger vi alle retningslinjer for denne. L\u00e6s mere p\u00e5 siden.","breadcrumb":{"@id":"https:\/\/egn.com\/no\/personvernerklaering\/#breadcrumb"},"inLanguage":"nn-NO","potentialAction":[{"@type":"ReadAction","target":["https:\/\/egn.com\/no\/personvernerklaering\/"]}]},{"@type":"BreadcrumbList","@id":"https:\/\/egn.com\/no\/personvernerklaering\/#breadcrumb","itemListElement":[{"@type":"ListItem","position":1,"name":"Home","item":"https:\/\/egn.com\/no\/"},{"@type":"ListItem","position":2,"name":"Personvernerkl\u00e6ring"}]},{"@type":"WebSite","@id":"https:\/\/egn.com\/no\/#website","url":"https:\/\/egn.com\/no\/","name":"EGN Norge","description":"","publisher":{"@id":"https:\/\/egn.com\/no\/#organization"},"potentialAction":[{"@type":"SearchAction","target":{"@type":"EntryPoint","urlTemplate":"https:\/\/egn.com\/no\/?s={search_term_string}"},"query-input":{"@type":"PropertyValueSpecification","valueRequired":true,"valueName":"search_term_string"}}],"inLanguage":"nn-NO"},{"@type":"Organization","@id":"https:\/\/egn.com\/no\/#organization","name":"Executives'\u200b Global Network","alternateName":"EGN","url":"https:\/\/egn.com\/no\/","logo":{"@type":"ImageObject","inLanguage":"nn-NO","@id":"https:\/\/egn.com\/no\/#\/schema\/logo\/image\/","url":"https:\/\/egn.com\/no\/wp-content\/uploads\/sites\/14\/2020\/03\/EGN-new.png","contentUrl":"https:\/\/egn.com\/no\/wp-content\/uploads\/sites\/14\/2020\/03\/EGN-new.png","width":500,"height":238,"caption":"Executives'\u200b Global Network"},"image":{"@id":"https:\/\/egn.com\/no\/#\/schema\/logo\/image\/"},"sameAs":["https:\/\/www.facebook.com\/EGNNorge\/","https:\/\/x.com\/EGNNorge","https:\/\/www.linkedin.com\/company\/egn-norge\/"]}]}},"_links":{"self":[{"href":"https:\/\/egn.com\/no\/wp-json\/wp\/v2\/pages\/25203","targetHints":{"allow":["GET"]}}],"collection":[{"href":"https:\/\/egn.com\/no\/wp-json\/wp\/v2\/pages"}],"about":[{"href":"https:\/\/egn.com\/no\/wp-json\/wp\/v2\/types\/page"}],"author":[{"embeddable":true,"href":"https:\/\/egn.com\/no\/wp-json\/wp\/v2\/users\/41"}],"replies":[{"embeddable":true,"href":"https:\/\/egn.com\/no\/wp-json\/wp\/v2\/comments?post=25203"}],"version-history":[{"count":2,"href":"https:\/\/egn.com\/no\/wp-json\/wp\/v2\/pages\/25203\/revisions"}],"predecessor-version":[{"id":25221,"href":"https:\/\/egn.com\/no\/wp-json\/wp\/v2\/pages\/25203\/revisions\/25221"}],"wp:attachment":[{"href":"https:\/\/egn.com\/no\/wp-json\/wp\/v2\/media?parent=25203"}],"curies":[{"name":"wp","href":"https:\/\/api.w.org\/{rel}","templated":true}]}}