{"id":25207,"date":"2023-07-04T09:56:12","date_gmt":"2023-07-04T07:56:12","guid":{"rendered":"https:\/\/egn.com\/no\/?page_id=25207"},"modified":"2023-10-11T15:05:58","modified_gmt":"2023-10-11T13:05:58","slug":"salg","status":"publish","type":"page","link":"https:\/\/egn.com\/no\/personvernerklaering\/salg\/","title":{"rendered":"Personvernerkl\u00e6ring \u2013 Salg"},"content":{"rendered":"<p><strong>Dataansvarlig<\/strong><\/p>\n<p>EGN Norge<br \/>\nSandakerveien 114B<br \/>\n0484 Oslo<\/p>\n<p>Org. no.: 992 685 395<br \/>\nTelephone: +47 22 44 00 80<\/p>\n<p><strong>Hvorfor behandler vi dine personopplysninger?<\/strong><\/p>\n<p>Vi behandler dine personopplysninger I forbindelse med salg og markedsf\u00f8ringsaktiviteter.<\/p>\n<p><strong>Har vi lov til \u00e5 behandle dine personopplysninger?<\/strong><\/p>\n<p>Vi behandler dine personopplysninger I forbindelse med forordningens Artikkel 6.1.(f) (berettiget interesse).<\/p>\n<p>Som nevnt ovenfor er grunnlaget for behandlingen av dine personopplysninger regelen om \u00e5 balansere legitime interesser som er funnet i artikkel 6, underavsnitt 1, ledd (f) i EUs personvernforordning.<\/p>\n<p><strong>Kategorier av personopplysninger<\/strong><\/p>\n<p>Vi behandler f\u00f8lgende kategorier av dine personopplysninger:<\/p>\n<ul>\n<li>Vi behandler kun generelle personopplysninger som for eksempel navn, kontaktinformasjon, stilling, bedrift, etc. i tillegg til notater gjort i sammenheng med dialog.<\/li>\n<\/ul>\n<p><strong>Mottakere eller kategorier av mottakere<\/strong><\/p>\n<p>Vi deler eller sender videre dine personopplysninger til f\u00f8lgende mottakere:<\/p>\n<ul>\n<li>Databehandlere som st\u00f8tter salgsprosessen, for eksempel CRM.<\/li>\n<\/ul>\n<p><strong>Overf\u00f8ring av data til mottakere i tredjepart, inkludert internasjonale organisasjoner<\/strong><\/p>\n<p>Ingen data overf\u00f8res eller deles med en tredjepart.<\/p>\n<p><strong>Hvordan f\u00e5r vi dine personopplysninger?<\/strong><\/p>\n<p>Vi mottar dine personopplysninger fra LinkedIn, offentlige bedriftsnettsider, etc. I noen tilfeller kan vi ogs\u00e5 motta din kontaktinformasjon fra andre nettverksmedlemmer.<\/p>\n<p><strong>Lagring av dine personopplysninger<\/strong><\/p>\n<p>P\u00e5 dette tidspunktet kan vi ikke si n\u00f8yaktig hvor lenge vi vil lagre dine personopplysninger. Vi kan imidlertid informere deg om at vi legger vekt p\u00e5 om du kan ha nytte profesjonelt n\u00e5 eller i fremtiden fra \u00e5 delta i EGNs nettverk i v\u00e5r vurdering av hvor lang tid opplysningene vil v\u00e6re lagret.<\/p>\n<p><strong>Automatiserte beslutninger, inkludert profilering<\/strong><\/p>\n<p>Vi bruker ikke automatiserte beslutninger, inkludert profilering.<\/p>\n<h2 id=\"dine-rettigheter\">Dine rettigheter<\/h2>\n<p>Under General Data Protection Regulation (GDPR \u2013 EUs Personvernforordning) s\u00e5 har du mange rettigheter i forbindelse med behandlingen av dine personopplysninger. Kontakt oss for \u00e5 ut\u00f8ve disse rettighetene.<\/p>\n<p><strong>Retten til \u00e5 se dine personopplysninger<\/strong><\/p>\n<p>Du har rett til \u00e5 se de personopplysningene vi behandler om deg i tillegg til andre typer data.<\/p>\n<p>Du kan se mesteparten av opplysningene vi har registrert om deg p\u00e5 EGNs medlemsunivers.<\/p>\n<p><strong>Retten til \u00e5 endre\/rette til personopplysninger<\/strong><\/p>\n<p>Du har rett til \u00e5 endre eller rette p\u00e5 feil personopplysninger om deg. Vennligst kontakt oss hvis relevant.<\/p>\n<p><strong>Retten til sletting<\/strong><\/p>\n<p>P\u00e5 et hvilket som helst tidspunkt kan du f\u00e5 data om deg slettet. Utenom denne regelen er det imidlertid forbudt \u00e5 slette disse dataene i henhold til relevant lovgivning. For eksempel, hvis du er et tidligere medlem s\u00e5 har vi i denne forbindelse bokf\u00f8ringsinformasjon som vi m\u00e5 lagre i minimum 5 \u00e5r.<\/p>\n<p><strong>Retten til \u00e5 begrense behandlingen<\/strong><\/p>\n<p>Under visse omstendigheter kan du be om \u00e5 f\u00e5 begrenset behandlingen av dine personopplysninger. Hvis du har rett til \u00e5 f\u00e5 behandlingen begrenset vil vi fremover kun behandle dine personopplysninger \u2013 bortsett fra lagring \u2013 med ditt samtykke eller p\u00e5 grunnlag av \u00e5 starte, avansere eller forsvare et rettslig krav, eller beskytte en person eller viktige samfunnsinteresser.<\/p>\n<p><strong>Rett til \u00e5 innvende<\/strong><\/p>\n<p>Under visse omstendigheter s\u00e5 har du rett til \u00e5 innvende deg v\u00e5r ellers lovlige behandling av dine personopplysninger. Du har ogs\u00e5 rett til \u00e5 innvende at vi bruker dine personopplysninger for direkte markedsf\u00f8ring.<\/p>\n<p><strong>Retten til \u00e5 overf\u00f8re personopplysninger (dataportabilitet)<\/strong><\/p>\n<p>Under visse omstendigheter s\u00e5 har du rett til \u00e5 motta dine personopplysninger i et strukturert, vanlig brukt og maskinleselig format, i tillegg til \u00e5 kunne f\u00e5 disse personopplysningene overf\u00f8rt fra en databehandler til en annen uten hindring.<\/p>\n<p>Du kan lese mere om dine rettigheter i Datatilsynet retningslinjer p\u00e5 www.datatilsynet.no.<\/p>\n<p><strong>Klage via Datatilsynet<\/strong><\/p>\n<p>Du har retten til \u00e5 registrere en klage via Datatilsynet hvis du er misforn\u00f8yd med m\u00e5ten vi behandler dine personopplysninger. G\u00e5 til <a href=\"https:\/\/www.datatilsynet.no\/\">datatilsynet.no<\/a> for kontaktinformasjon.<\/p>\n<p><strong>Personvernerkl\u00e6ring p\u00e5 engelsk<\/strong><\/p>\n<p>Finn EGN Groups personvernregler p\u00e5 engelsk her:<br \/>\n<a href=\"https:\/\/egn.com\/privacy-policy\/\" target=\"_blank\" rel=\"noopener\">Data Protection and Privacy Policy<\/a><\/p>\n","protected":false},"excerpt":{"rendered":"<p>Dataansvarlig EGN Norge Sandakerveien 114B 0484 Oslo Org. no.: 992 685 395 Telephone: +47 22 44 00 80 Hvorfor behandler vi dine personopplysninger? Vi behandler dine personopplysninger I forbindelse med salg og markedsf\u00f8ringsaktiviteter. Har vi lov til \u00e5 behandle dine personopplysninger? Vi behandler dine personopplysninger I forbindelse med forordningens Artikkel 6.1.(f) (berettiget interesse). Som nevnt&hellip;<\/p>\n","protected":false},"author":41,"featured_media":0,"parent":25203,"menu_order":0,"comment_status":"closed","ping_status":"closed","template":"insight-single.php","meta":{"_acf_changed":false,"footnotes":""},"class_list":["post-25207","page","type-page","status-publish","hentry"],"acf":[],"yoast_head":"<title>Personvernerkl\u00e6ring \u2013 Salg - EGN Norge<\/title>\n<meta name=\"description\" content=\"personverneerkl\u00e6ring Personvernerkl\u00e6ringen er viktig for oss. Derfor f\u00f8lger vi alle retningslinjer for denne.\" \/>\n<meta name=\"robots\" content=\"index, follow, max-snippet:-1, max-image-preview:large, max-video-preview:-1\" \/>\n<link rel=\"canonical\" href=\"https:\/\/egn.com\/no\/personvernerklaering\/salg\/\" \/>\n<meta property=\"og:locale\" content=\"nn_NO\" \/>\n<meta property=\"og:type\" content=\"article\" \/>\n<meta property=\"og:title\" content=\"Personvernerkl\u00e6ring \u2013 Salg\" \/>\n<meta property=\"og:description\" content=\"Dataansvarlig EGN Norge Sandakerveien 114B 0484 Oslo Org. no.: 992 685 395 Telephone: +47 22 44 00 80 Hvorfor behandler vi dine personopplysninger? Vi\" \/>\n<meta property=\"og:url\" content=\"https:\/\/egn.com\/no\/personvernerklaering\/salg\/\" \/>\n<meta property=\"og:site_name\" content=\"EGN Norge\" \/>\n<meta property=\"article:publisher\" content=\"https:\/\/www.facebook.com\/EGNNorge\/\" \/>\n<meta property=\"article:modified_time\" content=\"2023-10-11T13:05:58+00:00\" \/>\n<meta property=\"og:image\" content=\"https:\/\/egn.com\/no\/wp-content\/uploads\/sites\/14\/2020\/05\/egnlogo1.png\" \/>\n\t<meta property=\"og:image:width\" content=\"238\" \/>\n\t<meta property=\"og:image:height\" content=\"238\" \/>\n\t<meta property=\"og:image:type\" content=\"image\/png\" \/>\n<meta name=\"twitter:card\" content=\"summary_large_image\" \/>\n<meta name=\"twitter:site\" content=\"@EGNNorge\" \/>\n<meta name=\"twitter:label1\" content=\"Est. reading time\" \/>\n\t<meta name=\"twitter:data1\" content=\"4 minutt\" \/>\n<script type=\"application\/ld+json\" class=\"yoast-schema-graph\">{\"@context\":\"https:\\\/\\\/schema.org\",\"@graph\":[{\"@type\":\"WebPage\",\"@id\":\"https:\\\/\\\/egn.com\\\/no\\\/personvernerklaering\\\/salg\\\/\",\"url\":\"https:\\\/\\\/egn.com\\\/no\\\/personvernerklaering\\\/salg\\\/\",\"name\":\"Personvernerkl\u00e6ring \u2013 Salg - EGN Norge\",\"isPartOf\":{\"@id\":\"https:\\\/\\\/egn.com\\\/no\\\/#website\"},\"datePublished\":\"2023-07-04T07:56:12+00:00\",\"dateModified\":\"2023-10-11T13:05:58+00:00\",\"description\":\"personverneerkl\u00e6ring Personvernerkl\u00e6ringen er viktig for oss. Derfor f\u00f8lger vi alle retningslinjer for denne.\",\"breadcrumb\":{\"@id\":\"https:\\\/\\\/egn.com\\\/no\\\/personvernerklaering\\\/salg\\\/#breadcrumb\"},\"inLanguage\":\"nn-NO\",\"potentialAction\":[{\"@type\":\"ReadAction\",\"target\":[\"https:\\\/\\\/egn.com\\\/no\\\/personvernerklaering\\\/salg\\\/\"]}]},{\"@type\":\"BreadcrumbList\",\"@id\":\"https:\\\/\\\/egn.com\\\/no\\\/personvernerklaering\\\/salg\\\/#breadcrumb\",\"itemListElement\":[{\"@type\":\"ListItem\",\"position\":1,\"name\":\"Home\",\"item\":\"https:\\\/\\\/egn.com\\\/no\\\/\"},{\"@type\":\"ListItem\",\"position\":2,\"name\":\"Personvernerkl\u00e6ring\",\"item\":\"https:\\\/\\\/egn.com\\\/no\\\/personvernerklaering\\\/\"},{\"@type\":\"ListItem\",\"position\":3,\"name\":\"Personvernerkl\u00e6ring \u2013 Salg\"}]},{\"@type\":\"WebSite\",\"@id\":\"https:\\\/\\\/egn.com\\\/no\\\/#website\",\"url\":\"https:\\\/\\\/egn.com\\\/no\\\/\",\"name\":\"EGN Norge\",\"description\":\"\",\"publisher\":{\"@id\":\"https:\\\/\\\/egn.com\\\/no\\\/#organization\"},\"potentialAction\":[{\"@type\":\"SearchAction\",\"target\":{\"@type\":\"EntryPoint\",\"urlTemplate\":\"https:\\\/\\\/egn.com\\\/no\\\/?s={search_term_string}\"},\"query-input\":{\"@type\":\"PropertyValueSpecification\",\"valueRequired\":true,\"valueName\":\"search_term_string\"}}],\"inLanguage\":\"nn-NO\"},{\"@type\":\"Organization\",\"@id\":\"https:\\\/\\\/egn.com\\\/no\\\/#organization\",\"name\":\"Executives'\u200b Global Network\",\"alternateName\":\"EGN\",\"url\":\"https:\\\/\\\/egn.com\\\/no\\\/\",\"logo\":{\"@type\":\"ImageObject\",\"inLanguage\":\"nn-NO\",\"@id\":\"https:\\\/\\\/egn.com\\\/no\\\/#\\\/schema\\\/logo\\\/image\\\/\",\"url\":\"https:\\\/\\\/egn.com\\\/no\\\/wp-content\\\/uploads\\\/sites\\\/14\\\/2020\\\/03\\\/EGN-new.png\",\"contentUrl\":\"https:\\\/\\\/egn.com\\\/no\\\/wp-content\\\/uploads\\\/sites\\\/14\\\/2020\\\/03\\\/EGN-new.png\",\"width\":500,\"height\":238,\"caption\":\"Executives'\u200b Global Network\"},\"image\":{\"@id\":\"https:\\\/\\\/egn.com\\\/no\\\/#\\\/schema\\\/logo\\\/image\\\/\"},\"sameAs\":[\"https:\\\/\\\/www.facebook.com\\\/EGNNorge\\\/\",\"https:\\\/\\\/x.com\\\/EGNNorge\",\"https:\\\/\\\/www.linkedin.com\\\/company\\\/egn-norge\\\/\"]}]}<\/script>","yoast_head_json":{"title":"Personvernerkl\u00e6ring \u2013 Salg - EGN Norge","description":"personverneerkl\u00e6ring Personvernerkl\u00e6ringen er viktig for oss. Derfor f\u00f8lger vi alle retningslinjer for denne.","robots":{"index":"index","follow":"follow","max-snippet":"max-snippet:-1","max-image-preview":"max-image-preview:large","max-video-preview":"max-video-preview:-1"},"canonical":"https:\/\/egn.com\/no\/personvernerklaering\/salg\/","og_locale":"nn_NO","og_type":"article","og_title":"Personvernerkl\u00e6ring \u2013 Salg","og_description":"Dataansvarlig EGN Norge Sandakerveien 114B 0484 Oslo Org. no.: 992 685 395 Telephone: +47 22 44 00 80 Hvorfor behandler vi dine personopplysninger? Vi","og_url":"https:\/\/egn.com\/no\/personvernerklaering\/salg\/","og_site_name":"EGN Norge","article_publisher":"https:\/\/www.facebook.com\/EGNNorge\/","article_modified_time":"2023-10-11T13:05:58+00:00","og_image":[{"width":238,"height":238,"url":"https:\/\/egn.com\/no\/wp-content\/uploads\/sites\/14\/2020\/05\/egnlogo1.png","type":"image\/png"}],"twitter_card":"summary_large_image","twitter_site":"@EGNNorge","twitter_misc":{"Est. reading time":"4 minutt"},"schema":{"@context":"https:\/\/schema.org","@graph":[{"@type":"WebPage","@id":"https:\/\/egn.com\/no\/personvernerklaering\/salg\/","url":"https:\/\/egn.com\/no\/personvernerklaering\/salg\/","name":"Personvernerkl\u00e6ring \u2013 Salg - EGN Norge","isPartOf":{"@id":"https:\/\/egn.com\/no\/#website"},"datePublished":"2023-07-04T07:56:12+00:00","dateModified":"2023-10-11T13:05:58+00:00","description":"personverneerkl\u00e6ring Personvernerkl\u00e6ringen er viktig for oss. Derfor f\u00f8lger vi alle retningslinjer for denne.","breadcrumb":{"@id":"https:\/\/egn.com\/no\/personvernerklaering\/salg\/#breadcrumb"},"inLanguage":"nn-NO","potentialAction":[{"@type":"ReadAction","target":["https:\/\/egn.com\/no\/personvernerklaering\/salg\/"]}]},{"@type":"BreadcrumbList","@id":"https:\/\/egn.com\/no\/personvernerklaering\/salg\/#breadcrumb","itemListElement":[{"@type":"ListItem","position":1,"name":"Home","item":"https:\/\/egn.com\/no\/"},{"@type":"ListItem","position":2,"name":"Personvernerkl\u00e6ring","item":"https:\/\/egn.com\/no\/personvernerklaering\/"},{"@type":"ListItem","position":3,"name":"Personvernerkl\u00e6ring \u2013 Salg"}]},{"@type":"WebSite","@id":"https:\/\/egn.com\/no\/#website","url":"https:\/\/egn.com\/no\/","name":"EGN Norge","description":"","publisher":{"@id":"https:\/\/egn.com\/no\/#organization"},"potentialAction":[{"@type":"SearchAction","target":{"@type":"EntryPoint","urlTemplate":"https:\/\/egn.com\/no\/?s={search_term_string}"},"query-input":{"@type":"PropertyValueSpecification","valueRequired":true,"valueName":"search_term_string"}}],"inLanguage":"nn-NO"},{"@type":"Organization","@id":"https:\/\/egn.com\/no\/#organization","name":"Executives'\u200b Global Network","alternateName":"EGN","url":"https:\/\/egn.com\/no\/","logo":{"@type":"ImageObject","inLanguage":"nn-NO","@id":"https:\/\/egn.com\/no\/#\/schema\/logo\/image\/","url":"https:\/\/egn.com\/no\/wp-content\/uploads\/sites\/14\/2020\/03\/EGN-new.png","contentUrl":"https:\/\/egn.com\/no\/wp-content\/uploads\/sites\/14\/2020\/03\/EGN-new.png","width":500,"height":238,"caption":"Executives'\u200b Global Network"},"image":{"@id":"https:\/\/egn.com\/no\/#\/schema\/logo\/image\/"},"sameAs":["https:\/\/www.facebook.com\/EGNNorge\/","https:\/\/x.com\/EGNNorge","https:\/\/www.linkedin.com\/company\/egn-norge\/"]}]}},"_links":{"self":[{"href":"https:\/\/egn.com\/no\/wp-json\/wp\/v2\/pages\/25207","targetHints":{"allow":["GET"]}}],"collection":[{"href":"https:\/\/egn.com\/no\/wp-json\/wp\/v2\/pages"}],"about":[{"href":"https:\/\/egn.com\/no\/wp-json\/wp\/v2\/types\/page"}],"author":[{"embeddable":true,"href":"https:\/\/egn.com\/no\/wp-json\/wp\/v2\/users\/41"}],"replies":[{"embeddable":true,"href":"https:\/\/egn.com\/no\/wp-json\/wp\/v2\/comments?post=25207"}],"version-history":[{"count":3,"href":"https:\/\/egn.com\/no\/wp-json\/wp\/v2\/pages\/25207\/revisions"}],"predecessor-version":[{"id":25219,"href":"https:\/\/egn.com\/no\/wp-json\/wp\/v2\/pages\/25207\/revisions\/25219"}],"up":[{"embeddable":true,"href":"https:\/\/egn.com\/no\/wp-json\/wp\/v2\/pages\/25203"}],"wp:attachment":[{"href":"https:\/\/egn.com\/no\/wp-json\/wp\/v2\/media?parent=25207"}],"curies":[{"name":"wp","href":"https:\/\/api.w.org\/{rel}","templated":true}]}}