{"id":25211,"date":"2023-07-04T09:56:46","date_gmt":"2023-07-04T07:56:46","guid":{"rendered":"https:\/\/egn.com\/no\/?page_id=25211"},"modified":"2023-07-04T09:59:53","modified_gmt":"2023-07-04T07:59:53","slug":"kommunikasjon","status":"publish","type":"page","link":"https:\/\/egn.com\/no\/personvernerklaering\/kommunikasjon\/","title":{"rendered":"Personvernerkl\u00e6ring \u2013 Kommunikasjon"},"content":{"rendered":"<p><strong>Dataansvarlig<\/strong><\/p>\n<p>EGN Norge<br \/>\nSandakerveien 114B<br \/>\n0484 Oslo<\/p>\n<p>Org. no.: 992 685 395<br \/>\nTel.: +47 22 44 00 80<\/p>\n<p><strong>Hvorfor behandler vi din data?<\/strong><\/p>\n<p>Vi behandler dine personopplysninger for \u00e5 kunne kommunisere med relevante personer samt f\u00e5 innsikt i dine bes\u00f8k av v\u00e5re nettsider.<\/p>\n<p><strong>Har vi lov til \u00e5 behandle dine personopplysninger?<\/strong><\/p>\n<p>N\u00e5 vi behandler dine personopplysninger i sammenheng med \u00e5 sende ut nyhetsbrev eller generell epost-korrespondanse s\u00e5 er det med basis i ett av f\u00f8lgende:<\/p>\n<ul>\n<li>Du har aktivt godtatt \u00e5 motta nyhetsbrev fra oss (Artikkel 6.1.(a))<\/li>\n<li>Du er en kunde\/klient hos EGN (Artikkel 6.1.(b))<\/li>\n<li>Vi er i en \u00e5pen dialog gjennom generell epost-korrespondanse (Artikkel 6.1.(f))<\/li>\n<li>Du har aktivt gitt oss tillatelse til det (samtykke &#8211; Artikkel 6.1.(a))<\/li>\n<\/ul>\n<p><strong>Kategorier av personopplysninger<\/strong><\/p>\n<p>Vi behandler f\u00f8lgende kategorier av dine personopplysninger:<\/p>\n<ul>\n<li>Generelle personopplysninger, som for eksempel navn, epost-adresse og IP-adresse.<\/li>\n<\/ul>\n<p><strong>Mottakere eller kategorier av mottakere<\/strong><\/p>\n<p>Vi deler eller sender videre dine personopplysninger til f\u00f8lgende mottakere:<\/p>\n<ul>\n<li>Vi deler dine personopplysninger til utvalgte databehandlere som sender ut nyhetsbrev, sporer trafikk p\u00e5 v\u00e5r nettside, etc.<\/li>\n<\/ul>\n<p><strong>Overf\u00f8ring av data til mottakere i tredjepart, inkludert internasjonale organisasjoner<\/strong><\/p>\n<p>I spesielle tilfeller s\u00e5 overf\u00f8rer vi data til mottakere utenfor EU og E\u00d8S.<\/p>\n<p>For eksempel, i forbindelse med sporing p\u00e5 nett, s\u00e5 overf\u00f8rer vi data til en tredjepart (land utenfor EU\/E\u00d8S) siden vi bruker Google Analytics som lagrer deler av sin data i USA.<\/p>\n<p>Men, Google Analytics er selvsertifisert innenfor Privacy Shield avtalen. Dette betyr at det er innenfor EU-kommisjonens vurdering at det er et tilstrekkelig h\u00f8yt niv\u00e5 av beskyttelse av personopplysningene selv om opplysningene er utenfor EU\/E\u00d8S, i dette tilfellet i USA.<\/p>\n<p><strong>Hvordan f\u00e5r vi dine personopplysninger?<\/strong><\/p>\n<p>Vi har dine personopplysninger enten fordi du har oppgitt de selv, for eksempel ved \u00e5 melde deg p\u00e5 v\u00e5rt nyhetsbrev eller bestilt en e-bok, eller fordi du har akseptert v\u00e5r bruk av Cookies n\u00e5r du har bes\u00f8kt v\u00e5r nettside.<\/p>\n<p><strong>Lagring av dine personopplysninger<\/strong><\/p>\n<p>Cookies brukt til nettsporing har ulike utl\u00f8psdatoer.<br \/>\nEposter i sammenheng med nyhetsbrev blir ikke slettet inntil du som mottaker ikke lenger synes det er relevant og melder deg av nyhetsbrevet.<\/p>\n<p>Eposter fra generell korrespondanse blir slettet etter tre \u00e5r. Hvis en epost inneholder sensitive personopplysninger, for eksempel opplysninger om helse, vil de ble slettet med en gang.<\/p>\n<p><strong>Automatiserte beslutninger, inkludert profilering<\/strong><\/p>\n<p>Vi bruker ikke automatiserte beslutninger, inkludert profilering.<\/p>\n<p><strong>Retten til \u00e5 inndra samtykke<\/strong><\/p>\n<p>Hvis du for eksempel har, i sammenheng med \u00e5 melde deg p\u00e5 nyhetsbrev, gitt samtykke s\u00e5 har du rett til \u00e5 inndra dette samtykket n\u00e5r som helst. Dette kan du gj\u00f8re i de nyhetsbrevene du f\u00e5r.<\/p>\n<p>I forbindelse til Cookies s\u00e5 kan du bes\u00f8ke denne nettsiden for \u00e5 l\u00e6re hvordan du kan deaktivere de: <a href=\"http:\/\/www.wikihow.com\/Disable-Cookies\">http:\/\/www.wikihow.com\/Disable-Cookies<\/a>.<\/p>\n<p>Hvis du velger \u00e5 inndra ditt samtykke s\u00e5 har ikke dette noen betydning for lovligheten av v\u00e5r behandling av dine personopplysninger fra ditt tidligere samtykke frem til inndragelsen av ditt samtykke. Hvis du inndrar ditt samtykke s\u00e5 er det kun effektivt fra det tidspunktet.<\/p>\n<h2 id=\"dine-rettigheter\">Dine rettigheter<\/h2>\n<p>Under General Data Protection Regulation (GDPR \u2013 EUs Personvernforordning) s\u00e5 har du mange rettigheter i forbindelse med behandlingen av dine personopplysninger. Kontakt oss for \u00e5 ut\u00f8ve disse rettighetene.<\/p>\n<p><strong>Retten til \u00e5 se dine personopplysninger<\/strong><\/p>\n<p>Du har rett til \u00e5 se de personopplysningene vi behandler om deg i tillegg til andre typer data.<\/p>\n<p><strong>Retten til \u00e5 endre\/rette til personopplysninger<\/strong><\/p>\n<p>Du har rett til \u00e5 endre eller rette p\u00e5 feil personopplysninger om deg.<\/p>\n<p><strong>Retten til sletting<\/strong><\/p>\n<p>Under visse omstendigheter s\u00e5 har du rett til \u00e5 f\u00e5 personopplysninger om deg slettet f\u00f8r den generelle slettingen v\u00e5r inntreffer. Dette gjelder for eksempel cookies (bes\u00f8k denne siden for \u00e5 l\u00e6re hvordan du deaktiverer en cookie: http:\/\/www.wikihow.com\/Disable-Cookies)<\/p>\n<p><strong>Retten til \u00e5 begrense behandlingen<\/strong><\/p>\n<p>Under visse omstendigheter s\u00e5 kan du be om \u00e5 f\u00e5 begrenset behandlingen av dine personopplysninger. Hvis du har rett til \u00e5 f\u00e5 behandlingen begrenset vil vi fremover kun behandle dine personopplysninger \u2013 bortsett fra lagring \u2013 med ditt samtykke eller p\u00e5 grunnlag av \u00e5 starte, avansere eller forsvare et rettslig krav, eller beskytte en person eller viktige samfunnsinteresser.<\/p>\n<p><strong>Rett til \u00e5 innvende<\/strong><\/p>\n<p>Under visse omstendigheter s\u00e5 har du rett til \u00e5 innvende deg v\u00e5r ellers lovlige behandling av dine personopplysninger. Du har ogs\u00e5 rett til \u00e5 innvende at vi bruker dine personopplysninger for direkte markedsf\u00f8ring.<\/p>\n<p><strong>Retten til \u00e5 overf\u00f8re personopplysninger (dataportabilitet)<\/strong><\/p>\n<p>Under visser omstendigheter s\u00e5 har du rett til \u00e5 motta dine personopplysninger i et strukturert, vanlig brukt og maskinleselig format, i tillegg til \u00e5 kunne f\u00e5 disse personopplysningene overf\u00f8rt fra en databehandler til en annen uten hindring.<\/p>\n<p>Du kan lese mere om dine rettigheter i Datatilsynet retningslinjer p\u00e5\u00a0<a href=\"https:\/\/www.datatilsynet.no\/\" target=\"_blank\" rel=\"noopener\">www.datatilsynet.no<\/a><\/p>\n<p><strong>Klage via Datatilsynet<\/strong><\/p>\n<p>Du har retten til \u00e5 rette inn en klage via Datatilsynet hvis du er misforn\u00f8yd med m\u00e5ten vi behandler dine personopplysninger. G\u00e5 til\u00a0<a href=\"https:\/\/www.datatilsynet.no\/\" target=\"_blank\" rel=\"noopener\">www.datatilsynet.no<\/a>\u00a0for kontaktinformasjon.<\/p>\n<p><strong>Personvernerkl\u00e6ring p\u00e5 engelsk<\/strong><\/p>\n<p>Finn EGN Groups personvernregler p\u00e5 engelsk her:<br \/>\n<a href=\"https:\/\/egn.com\/privacy-policy\/\" target=\"_blank\" rel=\"noopener\">Data Protection and Privacy Policy<\/a><\/p>\n","protected":false},"excerpt":{"rendered":"<p>Dataansvarlig EGN Norge Sandakerveien 114B 0484 Oslo Org. no.: 992 685 395 Tel.: +47 22 44 00 80 Hvorfor behandler vi din data? Vi behandler dine personopplysninger for \u00e5 kunne kommunisere med relevante personer samt f\u00e5 innsikt i dine bes\u00f8k av v\u00e5re nettsider. Har vi lov til \u00e5 behandle dine personopplysninger? N\u00e5 vi behandler dine&hellip;<\/p>\n","protected":false},"author":41,"featured_media":0,"parent":25203,"menu_order":0,"comment_status":"closed","ping_status":"closed","template":"insight-single.php","meta":{"_acf_changed":false,"footnotes":""},"class_list":["post-25211","page","type-page","status-publish","hentry"],"acf":[],"yoast_head":"<title>Personvernerkl\u00e6ring \u2013 Kommunikasjon - EGN Norge<\/title>\n<meta name=\"robots\" content=\"index, follow, max-snippet:-1, max-image-preview:large, max-video-preview:-1\" \/>\n<link rel=\"canonical\" href=\"https:\/\/egn.com\/no\/personvernerklaering\/kommunikasjon\/\" \/>\n<meta property=\"og:locale\" content=\"nn_NO\" \/>\n<meta property=\"og:type\" content=\"article\" \/>\n<meta property=\"og:title\" content=\"Personvernerkl\u00e6ring \u2013 Kommunikasjon\" \/>\n<meta property=\"og:description\" content=\"Dataansvarlig EGN Norge Sandakerveien 114B 0484 Oslo Org. no.: 992 685 395 Tel.: +47 22 44 00 80 Hvorfor behandler vi din data? Vi behandler dine\" \/>\n<meta property=\"og:url\" content=\"https:\/\/egn.com\/no\/personvernerklaering\/kommunikasjon\/\" \/>\n<meta property=\"og:site_name\" content=\"EGN Norge\" \/>\n<meta property=\"article:publisher\" content=\"https:\/\/www.facebook.com\/EGNNorge\/\" \/>\n<meta property=\"article:modified_time\" content=\"2023-07-04T07:59:53+00:00\" \/>\n<meta property=\"og:image\" content=\"https:\/\/egn.com\/no\/wp-content\/uploads\/sites\/14\/2020\/05\/egnlogo1.png\" \/>\n\t<meta property=\"og:image:width\" content=\"238\" \/>\n\t<meta property=\"og:image:height\" content=\"238\" \/>\n\t<meta property=\"og:image:type\" content=\"image\/png\" \/>\n<meta name=\"twitter:card\" content=\"summary_large_image\" \/>\n<meta name=\"twitter:site\" content=\"@EGNNorge\" \/>\n<meta name=\"twitter:label1\" content=\"Est. reading time\" \/>\n\t<meta name=\"twitter:data1\" content=\"5 minutt\" \/>\n<script type=\"application\/ld+json\" class=\"yoast-schema-graph\">{\"@context\":\"https:\\\/\\\/schema.org\",\"@graph\":[{\"@type\":\"WebPage\",\"@id\":\"https:\\\/\\\/egn.com\\\/no\\\/personvernerklaering\\\/kommunikasjon\\\/\",\"url\":\"https:\\\/\\\/egn.com\\\/no\\\/personvernerklaering\\\/kommunikasjon\\\/\",\"name\":\"Personvernerkl\u00e6ring \u2013 Kommunikasjon - EGN Norge\",\"isPartOf\":{\"@id\":\"https:\\\/\\\/egn.com\\\/no\\\/#website\"},\"datePublished\":\"2023-07-04T07:56:46+00:00\",\"dateModified\":\"2023-07-04T07:59:53+00:00\",\"breadcrumb\":{\"@id\":\"https:\\\/\\\/egn.com\\\/no\\\/personvernerklaering\\\/kommunikasjon\\\/#breadcrumb\"},\"inLanguage\":\"nn-NO\",\"potentialAction\":[{\"@type\":\"ReadAction\",\"target\":[\"https:\\\/\\\/egn.com\\\/no\\\/personvernerklaering\\\/kommunikasjon\\\/\"]}]},{\"@type\":\"BreadcrumbList\",\"@id\":\"https:\\\/\\\/egn.com\\\/no\\\/personvernerklaering\\\/kommunikasjon\\\/#breadcrumb\",\"itemListElement\":[{\"@type\":\"ListItem\",\"position\":1,\"name\":\"Home\",\"item\":\"https:\\\/\\\/egn.com\\\/no\\\/\"},{\"@type\":\"ListItem\",\"position\":2,\"name\":\"Personvernerkl\u00e6ring\",\"item\":\"https:\\\/\\\/egn.com\\\/no\\\/personvernerklaering\\\/\"},{\"@type\":\"ListItem\",\"position\":3,\"name\":\"Personvernerkl\u00e6ring \u2013 Kommunikasjon\"}]},{\"@type\":\"WebSite\",\"@id\":\"https:\\\/\\\/egn.com\\\/no\\\/#website\",\"url\":\"https:\\\/\\\/egn.com\\\/no\\\/\",\"name\":\"EGN Norge\",\"description\":\"\",\"publisher\":{\"@id\":\"https:\\\/\\\/egn.com\\\/no\\\/#organization\"},\"potentialAction\":[{\"@type\":\"SearchAction\",\"target\":{\"@type\":\"EntryPoint\",\"urlTemplate\":\"https:\\\/\\\/egn.com\\\/no\\\/?s={search_term_string}\"},\"query-input\":{\"@type\":\"PropertyValueSpecification\",\"valueRequired\":true,\"valueName\":\"search_term_string\"}}],\"inLanguage\":\"nn-NO\"},{\"@type\":\"Organization\",\"@id\":\"https:\\\/\\\/egn.com\\\/no\\\/#organization\",\"name\":\"Executives'\u200b Global Network\",\"alternateName\":\"EGN\",\"url\":\"https:\\\/\\\/egn.com\\\/no\\\/\",\"logo\":{\"@type\":\"ImageObject\",\"inLanguage\":\"nn-NO\",\"@id\":\"https:\\\/\\\/egn.com\\\/no\\\/#\\\/schema\\\/logo\\\/image\\\/\",\"url\":\"https:\\\/\\\/egn.com\\\/no\\\/wp-content\\\/uploads\\\/sites\\\/14\\\/2020\\\/03\\\/EGN-new.png\",\"contentUrl\":\"https:\\\/\\\/egn.com\\\/no\\\/wp-content\\\/uploads\\\/sites\\\/14\\\/2020\\\/03\\\/EGN-new.png\",\"width\":500,\"height\":238,\"caption\":\"Executives'\u200b Global Network\"},\"image\":{\"@id\":\"https:\\\/\\\/egn.com\\\/no\\\/#\\\/schema\\\/logo\\\/image\\\/\"},\"sameAs\":[\"https:\\\/\\\/www.facebook.com\\\/EGNNorge\\\/\",\"https:\\\/\\\/x.com\\\/EGNNorge\",\"https:\\\/\\\/www.linkedin.com\\\/company\\\/egn-norge\\\/\"]}]}<\/script>","yoast_head_json":{"title":"Personvernerkl\u00e6ring \u2013 Kommunikasjon - EGN Norge","robots":{"index":"index","follow":"follow","max-snippet":"max-snippet:-1","max-image-preview":"max-image-preview:large","max-video-preview":"max-video-preview:-1"},"canonical":"https:\/\/egn.com\/no\/personvernerklaering\/kommunikasjon\/","og_locale":"nn_NO","og_type":"article","og_title":"Personvernerkl\u00e6ring \u2013 Kommunikasjon","og_description":"Dataansvarlig EGN Norge Sandakerveien 114B 0484 Oslo Org. no.: 992 685 395 Tel.: +47 22 44 00 80 Hvorfor behandler vi din data? Vi behandler dine","og_url":"https:\/\/egn.com\/no\/personvernerklaering\/kommunikasjon\/","og_site_name":"EGN Norge","article_publisher":"https:\/\/www.facebook.com\/EGNNorge\/","article_modified_time":"2023-07-04T07:59:53+00:00","og_image":[{"width":238,"height":238,"url":"https:\/\/egn.com\/no\/wp-content\/uploads\/sites\/14\/2020\/05\/egnlogo1.png","type":"image\/png"}],"twitter_card":"summary_large_image","twitter_site":"@EGNNorge","twitter_misc":{"Est. reading time":"5 minutt"},"schema":{"@context":"https:\/\/schema.org","@graph":[{"@type":"WebPage","@id":"https:\/\/egn.com\/no\/personvernerklaering\/kommunikasjon\/","url":"https:\/\/egn.com\/no\/personvernerklaering\/kommunikasjon\/","name":"Personvernerkl\u00e6ring \u2013 Kommunikasjon - EGN Norge","isPartOf":{"@id":"https:\/\/egn.com\/no\/#website"},"datePublished":"2023-07-04T07:56:46+00:00","dateModified":"2023-07-04T07:59:53+00:00","breadcrumb":{"@id":"https:\/\/egn.com\/no\/personvernerklaering\/kommunikasjon\/#breadcrumb"},"inLanguage":"nn-NO","potentialAction":[{"@type":"ReadAction","target":["https:\/\/egn.com\/no\/personvernerklaering\/kommunikasjon\/"]}]},{"@type":"BreadcrumbList","@id":"https:\/\/egn.com\/no\/personvernerklaering\/kommunikasjon\/#breadcrumb","itemListElement":[{"@type":"ListItem","position":1,"name":"Home","item":"https:\/\/egn.com\/no\/"},{"@type":"ListItem","position":2,"name":"Personvernerkl\u00e6ring","item":"https:\/\/egn.com\/no\/personvernerklaering\/"},{"@type":"ListItem","position":3,"name":"Personvernerkl\u00e6ring \u2013 Kommunikasjon"}]},{"@type":"WebSite","@id":"https:\/\/egn.com\/no\/#website","url":"https:\/\/egn.com\/no\/","name":"EGN Norge","description":"","publisher":{"@id":"https:\/\/egn.com\/no\/#organization"},"potentialAction":[{"@type":"SearchAction","target":{"@type":"EntryPoint","urlTemplate":"https:\/\/egn.com\/no\/?s={search_term_string}"},"query-input":{"@type":"PropertyValueSpecification","valueRequired":true,"valueName":"search_term_string"}}],"inLanguage":"nn-NO"},{"@type":"Organization","@id":"https:\/\/egn.com\/no\/#organization","name":"Executives'\u200b Global Network","alternateName":"EGN","url":"https:\/\/egn.com\/no\/","logo":{"@type":"ImageObject","inLanguage":"nn-NO","@id":"https:\/\/egn.com\/no\/#\/schema\/logo\/image\/","url":"https:\/\/egn.com\/no\/wp-content\/uploads\/sites\/14\/2020\/03\/EGN-new.png","contentUrl":"https:\/\/egn.com\/no\/wp-content\/uploads\/sites\/14\/2020\/03\/EGN-new.png","width":500,"height":238,"caption":"Executives'\u200b Global Network"},"image":{"@id":"https:\/\/egn.com\/no\/#\/schema\/logo\/image\/"},"sameAs":["https:\/\/www.facebook.com\/EGNNorge\/","https:\/\/x.com\/EGNNorge","https:\/\/www.linkedin.com\/company\/egn-norge\/"]}]}},"_links":{"self":[{"href":"https:\/\/egn.com\/no\/wp-json\/wp\/v2\/pages\/25211","targetHints":{"allow":["GET"]}}],"collection":[{"href":"https:\/\/egn.com\/no\/wp-json\/wp\/v2\/pages"}],"about":[{"href":"https:\/\/egn.com\/no\/wp-json\/wp\/v2\/types\/page"}],"author":[{"embeddable":true,"href":"https:\/\/egn.com\/no\/wp-json\/wp\/v2\/users\/41"}],"replies":[{"embeddable":true,"href":"https:\/\/egn.com\/no\/wp-json\/wp\/v2\/comments?post=25211"}],"version-history":[{"count":4,"href":"https:\/\/egn.com\/no\/wp-json\/wp\/v2\/pages\/25211\/revisions"}],"predecessor-version":[{"id":25215,"href":"https:\/\/egn.com\/no\/wp-json\/wp\/v2\/pages\/25211\/revisions\/25215"}],"up":[{"embeddable":true,"href":"https:\/\/egn.com\/no\/wp-json\/wp\/v2\/pages\/25203"}],"wp:attachment":[{"href":"https:\/\/egn.com\/no\/wp-json\/wp\/v2\/media?parent=25211"}],"curies":[{"name":"wp","href":"https:\/\/api.w.org\/{rel}","templated":true}]}}