{"id":25662,"date":"2023-08-04T09:34:20","date_gmt":"2023-08-04T07:34:20","guid":{"rendered":"https:\/\/egn.com\/no\/?page_id=25662"},"modified":"2023-10-11T15:08:45","modified_gmt":"2023-10-11T13:08:45","slug":"egn-medlemsunivers-last-ned-appen","status":"publish","type":"page","link":"https:\/\/egn.com\/no\/egn-medlemsunivers-last-ned-appen\/","title":{"rendered":"F\u00e5 tilgang til EGNs medlemsunivers &#8211; last ned medlemsappen"},"content":{"rendered":"<p>EGNs medlemsunivers er en unik nettverksplattform bare for medlemmer, som gir deg tilgang til inspirasjon, sparring og l\u00f8sninger p\u00e5 dine utfordringer, hver dag hele \u00e5ret, i et lukket forum med mer enn 15.000 kolleger over hele verden.<\/p>\n<p>I medlemsuniverset f\u00e5r du tilgang til:<\/p>\n<ul>\n<li>Et unikt, globalt foresp\u00f8rselssystem<\/li>\n<li>Privat melding med en-til-en-tilgang til hele nettverket<\/li>\n<li>Debatt- og nettverksfora p\u00e5 internasjonalt, nasjonalt og faglig niv\u00e5<\/li>\n<li>Konfidensiell, lukket gruppeside for din personlige EGN-gruppe<\/li>\n<li>Og mye mer\u2026<\/li>\n<\/ul>\n<p>Logg inn her for \u00e5 f\u00e5 tilgang til nettversjonen av medlemsuniverset: <a href=\"https:\/\/membersuniverse.egn.com\/\">membersuniverse.egn.com<\/a><\/p>\n<p>Du kan ogs\u00e5 laste ned medlemsappen via <a href=\"https:\/\/apps.apple.com\/us\/app\/egn-members-universe\/id1449585725\">App Store(iOS)<\/a> og <a href=\"https:\/\/play.google.com\/store\/apps\/details?id=com.egn.memberapp&amp;hl=en&amp;gl=US\">Google Play (Android)<\/a>.<\/p>\n<p>&nbsp;<\/p>\n<h3 id=\"ikke-medlem\">Ikke medlem?<\/h3>\n<p>Hvis du ikke er medlem, men synes det h\u00f8res spennende ut, s\u00e5 har du muligheten til \u00e5 <a href=\"\/no\/nettverk\/\">finne et nettverk her, som passer akkurat for deg<\/a>.<\/p>\n","protected":false},"excerpt":{"rendered":"<p>EGNs medlemsunivers er en unik nettverksplattform bare for medlemmer, som gir deg tilgang til inspirasjon, sparring og l\u00f8sninger p\u00e5 dine utfordringer, hver dag hele \u00e5ret, i et lukket forum med mer enn 15.000 kolleger over hele verden. I medlemsuniverset f\u00e5r du tilgang til: Et unikt, globalt foresp\u00f8rselssystem Privat melding med en-til-en-tilgang til hele nettverket Debatt-&hellip;<\/p>\n","protected":false},"author":41,"featured_media":22837,"parent":0,"menu_order":0,"comment_status":"closed","ping_status":"closed","template":"insight-single.php","meta":{"_acf_changed":false,"footnotes":""},"class_list":["post-25662","page","type-page","status-publish","has-post-thumbnail","hentry"],"acf":[],"yoast_head":"<title>F\u00e5 tilgang til EGNs medlemsunivers - last ned medlemsappen - EGN Norge<\/title>\n<meta name=\"description\" content=\"F\u00e5 tilgang til EGNs medlemsunivers ved \u00e5 laste ned v\u00e5r app. Her kan du komme i kontakt med over 16 000 medlemmer.\" \/>\n<meta name=\"robots\" content=\"index, follow, max-snippet:-1, max-image-preview:large, max-video-preview:-1\" \/>\n<link rel=\"canonical\" href=\"https:\/\/egn.com\/no\/egn-medlemsunivers-last-ned-appen\/\" \/>\n<meta property=\"og:locale\" content=\"nn_NO\" \/>\n<meta property=\"og:type\" content=\"article\" \/>\n<meta property=\"og:title\" content=\"F\u00e5 tilgang til EGNs medlemsunivers - last ned medlemsappen\" \/>\n<meta property=\"og:description\" content=\"EGNs medlemsunivers er en unik nettverksplattform bare for medlemmer, som gir deg tilgang til inspirasjon, sparring og l\u00f8sninger p\u00e5 dine utfordringer,\" \/>\n<meta property=\"og:url\" content=\"https:\/\/egn.com\/no\/egn-medlemsunivers-last-ned-appen\/\" \/>\n<meta property=\"og:site_name\" content=\"EGN Norge\" \/>\n<meta property=\"article:publisher\" content=\"https:\/\/www.facebook.com\/EGNNorge\/\" \/>\n<meta property=\"article:modified_time\" content=\"2023-10-11T13:08:45+00:00\" \/>\n<meta property=\"og:image\" content=\"https:\/\/egn.com\/no\/wp-content\/uploads\/sites\/14\/2022\/06\/Hero-2.jpg\" \/>\n\t<meta property=\"og:image:width\" content=\"1090\" \/>\n\t<meta property=\"og:image:height\" content=\"545\" \/>\n\t<meta property=\"og:image:type\" content=\"image\/jpeg\" \/>\n<meta name=\"twitter:card\" content=\"summary_large_image\" \/>\n<meta name=\"twitter:site\" content=\"@EGNNorge\" \/>\n<meta name=\"twitter:label1\" content=\"Est. reading time\" \/>\n\t<meta name=\"twitter:data1\" content=\"1 minutt\" \/>\n<script type=\"application\/ld+json\" class=\"yoast-schema-graph\">{\"@context\":\"https:\\\/\\\/schema.org\",\"@graph\":[{\"@type\":\"WebPage\",\"@id\":\"https:\\\/\\\/egn.com\\\/no\\\/egn-medlemsunivers-last-ned-appen\\\/\",\"url\":\"https:\\\/\\\/egn.com\\\/no\\\/egn-medlemsunivers-last-ned-appen\\\/\",\"name\":\"F\u00e5 tilgang til EGNs medlemsunivers - last ned medlemsappen - EGN Norge\",\"isPartOf\":{\"@id\":\"https:\\\/\\\/egn.com\\\/no\\\/#website\"},\"primaryImageOfPage\":{\"@id\":\"https:\\\/\\\/egn.com\\\/no\\\/egn-medlemsunivers-last-ned-appen\\\/#primaryimage\"},\"image\":{\"@id\":\"https:\\\/\\\/egn.com\\\/no\\\/egn-medlemsunivers-last-ned-appen\\\/#primaryimage\"},\"thumbnailUrl\":\"https:\\\/\\\/egn.com\\\/no\\\/wp-content\\\/uploads\\\/sites\\\/14\\\/2022\\\/06\\\/Hero-2.jpg\",\"datePublished\":\"2023-08-04T07:34:20+00:00\",\"dateModified\":\"2023-10-11T13:08:45+00:00\",\"description\":\"F\u00e5 tilgang til EGNs medlemsunivers ved \u00e5 laste ned v\u00e5r app. Her kan du komme i kontakt med over 16 000 medlemmer.\",\"breadcrumb\":{\"@id\":\"https:\\\/\\\/egn.com\\\/no\\\/egn-medlemsunivers-last-ned-appen\\\/#breadcrumb\"},\"inLanguage\":\"nn-NO\",\"potentialAction\":[{\"@type\":\"ReadAction\",\"target\":[\"https:\\\/\\\/egn.com\\\/no\\\/egn-medlemsunivers-last-ned-appen\\\/\"]}]},{\"@type\":\"ImageObject\",\"inLanguage\":\"nn-NO\",\"@id\":\"https:\\\/\\\/egn.com\\\/no\\\/egn-medlemsunivers-last-ned-appen\\\/#primaryimage\",\"url\":\"https:\\\/\\\/egn.com\\\/no\\\/wp-content\\\/uploads\\\/sites\\\/14\\\/2022\\\/06\\\/Hero-2.jpg\",\"contentUrl\":\"https:\\\/\\\/egn.com\\\/no\\\/wp-content\\\/uploads\\\/sites\\\/14\\\/2022\\\/06\\\/Hero-2.jpg\",\"width\":1090,\"height\":545},{\"@type\":\"BreadcrumbList\",\"@id\":\"https:\\\/\\\/egn.com\\\/no\\\/egn-medlemsunivers-last-ned-appen\\\/#breadcrumb\",\"itemListElement\":[{\"@type\":\"ListItem\",\"position\":1,\"name\":\"Home\",\"item\":\"https:\\\/\\\/egn.com\\\/no\\\/\"},{\"@type\":\"ListItem\",\"position\":2,\"name\":\"F\u00e5 tilgang til EGNs medlemsunivers &#8211; last ned medlemsappen\"}]},{\"@type\":\"WebSite\",\"@id\":\"https:\\\/\\\/egn.com\\\/no\\\/#website\",\"url\":\"https:\\\/\\\/egn.com\\\/no\\\/\",\"name\":\"EGN Norge\",\"description\":\"\",\"publisher\":{\"@id\":\"https:\\\/\\\/egn.com\\\/no\\\/#organization\"},\"potentialAction\":[{\"@type\":\"SearchAction\",\"target\":{\"@type\":\"EntryPoint\",\"urlTemplate\":\"https:\\\/\\\/egn.com\\\/no\\\/?s={search_term_string}\"},\"query-input\":{\"@type\":\"PropertyValueSpecification\",\"valueRequired\":true,\"valueName\":\"search_term_string\"}}],\"inLanguage\":\"nn-NO\"},{\"@type\":\"Organization\",\"@id\":\"https:\\\/\\\/egn.com\\\/no\\\/#organization\",\"name\":\"Executives'\u200b Global Network\",\"alternateName\":\"EGN\",\"url\":\"https:\\\/\\\/egn.com\\\/no\\\/\",\"logo\":{\"@type\":\"ImageObject\",\"inLanguage\":\"nn-NO\",\"@id\":\"https:\\\/\\\/egn.com\\\/no\\\/#\\\/schema\\\/logo\\\/image\\\/\",\"url\":\"https:\\\/\\\/egn.com\\\/no\\\/wp-content\\\/uploads\\\/sites\\\/14\\\/2020\\\/03\\\/EGN-new.png\",\"contentUrl\":\"https:\\\/\\\/egn.com\\\/no\\\/wp-content\\\/uploads\\\/sites\\\/14\\\/2020\\\/03\\\/EGN-new.png\",\"width\":500,\"height\":238,\"caption\":\"Executives'\u200b Global Network\"},\"image\":{\"@id\":\"https:\\\/\\\/egn.com\\\/no\\\/#\\\/schema\\\/logo\\\/image\\\/\"},\"sameAs\":[\"https:\\\/\\\/www.facebook.com\\\/EGNNorge\\\/\",\"https:\\\/\\\/x.com\\\/EGNNorge\",\"https:\\\/\\\/www.linkedin.com\\\/company\\\/egn-norge\\\/\"]}]}<\/script>","yoast_head_json":{"title":"F\u00e5 tilgang til EGNs medlemsunivers - last ned medlemsappen - EGN Norge","description":"F\u00e5 tilgang til EGNs medlemsunivers ved \u00e5 laste ned v\u00e5r app. Her kan du komme i kontakt med over 16 000 medlemmer.","robots":{"index":"index","follow":"follow","max-snippet":"max-snippet:-1","max-image-preview":"max-image-preview:large","max-video-preview":"max-video-preview:-1"},"canonical":"https:\/\/egn.com\/no\/egn-medlemsunivers-last-ned-appen\/","og_locale":"nn_NO","og_type":"article","og_title":"F\u00e5 tilgang til EGNs medlemsunivers - last ned medlemsappen","og_description":"EGNs medlemsunivers er en unik nettverksplattform bare for medlemmer, som gir deg tilgang til inspirasjon, sparring og l\u00f8sninger p\u00e5 dine utfordringer,","og_url":"https:\/\/egn.com\/no\/egn-medlemsunivers-last-ned-appen\/","og_site_name":"EGN Norge","article_publisher":"https:\/\/www.facebook.com\/EGNNorge\/","article_modified_time":"2023-10-11T13:08:45+00:00","og_image":[{"width":1090,"height":545,"url":"https:\/\/egn.com\/no\/wp-content\/uploads\/sites\/14\/2022\/06\/Hero-2.jpg","type":"image\/jpeg"}],"twitter_card":"summary_large_image","twitter_site":"@EGNNorge","twitter_misc":{"Est. reading time":"1 minutt"},"schema":{"@context":"https:\/\/schema.org","@graph":[{"@type":"WebPage","@id":"https:\/\/egn.com\/no\/egn-medlemsunivers-last-ned-appen\/","url":"https:\/\/egn.com\/no\/egn-medlemsunivers-last-ned-appen\/","name":"F\u00e5 tilgang til EGNs medlemsunivers - last ned medlemsappen - EGN Norge","isPartOf":{"@id":"https:\/\/egn.com\/no\/#website"},"primaryImageOfPage":{"@id":"https:\/\/egn.com\/no\/egn-medlemsunivers-last-ned-appen\/#primaryimage"},"image":{"@id":"https:\/\/egn.com\/no\/egn-medlemsunivers-last-ned-appen\/#primaryimage"},"thumbnailUrl":"https:\/\/egn.com\/no\/wp-content\/uploads\/sites\/14\/2022\/06\/Hero-2.jpg","datePublished":"2023-08-04T07:34:20+00:00","dateModified":"2023-10-11T13:08:45+00:00","description":"F\u00e5 tilgang til EGNs medlemsunivers ved \u00e5 laste ned v\u00e5r app. Her kan du komme i kontakt med over 16 000 medlemmer.","breadcrumb":{"@id":"https:\/\/egn.com\/no\/egn-medlemsunivers-last-ned-appen\/#breadcrumb"},"inLanguage":"nn-NO","potentialAction":[{"@type":"ReadAction","target":["https:\/\/egn.com\/no\/egn-medlemsunivers-last-ned-appen\/"]}]},{"@type":"ImageObject","inLanguage":"nn-NO","@id":"https:\/\/egn.com\/no\/egn-medlemsunivers-last-ned-appen\/#primaryimage","url":"https:\/\/egn.com\/no\/wp-content\/uploads\/sites\/14\/2022\/06\/Hero-2.jpg","contentUrl":"https:\/\/egn.com\/no\/wp-content\/uploads\/sites\/14\/2022\/06\/Hero-2.jpg","width":1090,"height":545},{"@type":"BreadcrumbList","@id":"https:\/\/egn.com\/no\/egn-medlemsunivers-last-ned-appen\/#breadcrumb","itemListElement":[{"@type":"ListItem","position":1,"name":"Home","item":"https:\/\/egn.com\/no\/"},{"@type":"ListItem","position":2,"name":"F\u00e5 tilgang til EGNs medlemsunivers &#8211; last ned medlemsappen"}]},{"@type":"WebSite","@id":"https:\/\/egn.com\/no\/#website","url":"https:\/\/egn.com\/no\/","name":"EGN Norge","description":"","publisher":{"@id":"https:\/\/egn.com\/no\/#organization"},"potentialAction":[{"@type":"SearchAction","target":{"@type":"EntryPoint","urlTemplate":"https:\/\/egn.com\/no\/?s={search_term_string}"},"query-input":{"@type":"PropertyValueSpecification","valueRequired":true,"valueName":"search_term_string"}}],"inLanguage":"nn-NO"},{"@type":"Organization","@id":"https:\/\/egn.com\/no\/#organization","name":"Executives'\u200b Global Network","alternateName":"EGN","url":"https:\/\/egn.com\/no\/","logo":{"@type":"ImageObject","inLanguage":"nn-NO","@id":"https:\/\/egn.com\/no\/#\/schema\/logo\/image\/","url":"https:\/\/egn.com\/no\/wp-content\/uploads\/sites\/14\/2020\/03\/EGN-new.png","contentUrl":"https:\/\/egn.com\/no\/wp-content\/uploads\/sites\/14\/2020\/03\/EGN-new.png","width":500,"height":238,"caption":"Executives'\u200b Global Network"},"image":{"@id":"https:\/\/egn.com\/no\/#\/schema\/logo\/image\/"},"sameAs":["https:\/\/www.facebook.com\/EGNNorge\/","https:\/\/x.com\/EGNNorge","https:\/\/www.linkedin.com\/company\/egn-norge\/"]}]}},"_links":{"self":[{"href":"https:\/\/egn.com\/no\/wp-json\/wp\/v2\/pages\/25662","targetHints":{"allow":["GET"]}}],"collection":[{"href":"https:\/\/egn.com\/no\/wp-json\/wp\/v2\/pages"}],"about":[{"href":"https:\/\/egn.com\/no\/wp-json\/wp\/v2\/types\/page"}],"author":[{"embeddable":true,"href":"https:\/\/egn.com\/no\/wp-json\/wp\/v2\/users\/41"}],"replies":[{"embeddable":true,"href":"https:\/\/egn.com\/no\/wp-json\/wp\/v2\/comments?post=25662"}],"version-history":[{"count":3,"href":"https:\/\/egn.com\/no\/wp-json\/wp\/v2\/pages\/25662\/revisions"}],"predecessor-version":[{"id":25665,"href":"https:\/\/egn.com\/no\/wp-json\/wp\/v2\/pages\/25662\/revisions\/25665"}],"wp:featuredmedia":[{"embeddable":true,"href":"https:\/\/egn.com\/no\/wp-json\/wp\/v2\/media\/22837"}],"wp:attachment":[{"href":"https:\/\/egn.com\/no\/wp-json\/wp\/v2\/media?parent=25662"}],"curies":[{"name":"wp","href":"https:\/\/api.w.org\/{rel}","templated":true}]}}