{"id":25920,"date":"2024-04-01T08:00:46","date_gmt":"2024-04-01T06:00:46","guid":{"rendered":"https:\/\/egn.com\/no\/?page_id=25920"},"modified":"2024-04-02T11:38:41","modified_gmt":"2024-04-02T09:38:41","slug":"vilkar","status":"publish","type":"page","link":"https:\/\/egn.com\/no\/vilkar\/","title":{"rendered":"Vilk\u00e5r"},"content":{"rendered":"<h2 id=\"executives-global-network-norge-as\"><strong>Executives&raquo; Global Network Norge AS <\/strong><\/h2>\n<h3 id=\"avtale-om-vilkar-og-betingelser-for-medlemskap\"><strong>Avtale om vilk<\/strong><strong>\u00e5<\/strong><strong>r og betingelser for medlemskap<\/strong><\/h3>\n<ol>\n<li><strong>Avtalens virkning<\/strong>: Denne avtalen om vilk\u00e5r og betingelser for medlemskap (&laquo;Avtalen&raquo;) inng\u00e5s p\u00e5 vegne av den enkelte person OG det betalende selskap (hvis relevant) (heretter i fellesskap omtalt som &laquo;Du&raquo;) og Executives&raquo; Global Network Norge AS (&laquo;EGN&raquo;). B\u00e5de den enkelte person og det betalende selskap er ansvarlig for betaling av kontingenten, og EGN har rett til \u00e5 kreve inn hele det skyldige bel\u00f8pet fra enten den enkelte person eller det betalende selskap. Ved \u00e5 benytte EGNs tjenester og\/eller f\u00e5 tilgang til EGNs medlemsressurser anses Du for \u00e5 (i) ha inng\u00e5tt en avtale med EGN, (ii) ha bekreftet at Du er myndig i det landet der Du bor, (iii) ha fullmakt til \u00e5 forplikte det oppf\u00f8rte betalende selskap til dette \u00f8konomiske ansvaret og (iv) godta \u00e5 v\u00e6re bundet av vilk\u00e5rene nedenfor.<\/li>\n<li><strong>Godkjenning<\/strong>: Medlemskap i EGN er betinget av godkjenning og kvalifisering av EGN. Du vil bli informert om s\u00f8knadens status etter at den er sendt inn.<\/li>\n<li><strong>Medlemsforpliktelser<\/strong>: Ved aksept av medlemskapet, samtykker Du til \u00e5:\n<ol>\n<li>Starte medlemskapet i den m\u00e5neden som er angitt i Avtalen;<\/li>\n<li>Yte beste innsats for \u00e5 delta i EGN-gruppens planlagte m\u00f8ter;<\/li>\n<li>Dele erfaringer, utfordringer, ferdigheter og kunnskap med andre medlemmer;<\/li>\n<li>Opprettholde streng konfidensialitet i samtlige av EGN-gruppens diskusjoner;<\/li>\n<li>Umiddelbart opplyse om eventuelle interessekonflikter til din EGN-gruppe;<\/li>\n<li>Arrangere et EGN-gruppem\u00f8te etter rimelighet, vanligvis annethvert medlems \u00e5r, og<\/li>\n<li>Opprette en personlig profil p\u00e5 Members Universe og holde kontoinformasjonen oppdatert.<\/li>\n<\/ol>\n<\/li>\n<li><strong>EGN-Formenn<\/strong>: EGN Formenn kan tilby tjenester utover det arbeidet de utf\u00f8rer gjennom EGN. Ved \u00e5 inng\u00e5 denne Avtalen er Du innforst\u00e5tt med og godtar at EGN ikke er ansvarlig for tap eller skade som oppst\u00e5r som f\u00f8lge av tjenester som ikke betales direkte til EGN.<\/li>\n<li><strong>EGN-materialer:<\/strong> Som medlem vil Du bli eksponert for og f\u00e5 tilgang til \u00e5 bruke EGNs metoder og materiale sammen med annen konfidensiell informasjon og immaterielle rettigheter (&laquo;Materiale&raquo;). Du er innforst\u00e5tt med og samtykker i at EGN eier alle rettigheter, eiendomsrett og interesser, inkludert alle immaterielle rettigheter, til dette Materialet, og at Du ikke har rett til \u00e5 avsl\u00f8re eller bruke slikt Materiale med mindre EGN uttrykkelig har gitt tillatelse til det.<\/li>\n<li><strong>Varighet<\/strong>: Medlemskapet ditt varer i 12 m\u00e5neder fra og med den f\u00f8rste i m\u00e5neden etter den avtalte startdatoen, og fornyes deretter automatisk hver 12. m\u00e5ned.<\/li>\n<li><strong>Betaling<\/strong>: Etter at Du er akseptert som medlem, vil Du bli fakturert for ditt f\u00f8rste \u00e5rs medlemskontingent og eventuelt innmeldingsgebyr. Du vil deretter v\u00e6re ansvarlig for betaling av medlemskontingenten f\u00f8r fornyelsen av perioden, som angitt p\u00e5 fakturaen for medlemskontingenten, inntil medlemskapet avsluttes i samsvar med vilk\u00e5rene i Avtalen. Hvis kontingentbel\u00f8pet endres, vil Du bli rettmessig varslet p\u00e5 forh\u00e5nd, og Du vil fortsette \u00e5 betale for medlemskapet i henhold til det nye kontingentbel\u00f8pet.<\/li>\n<li><strong>Oppsigelse<\/strong>: Hvis Du \u00f8nsker \u00e5 avslutte medlemskapet ved neste fornyelse av perioden, m\u00e5 Du gi EGN skriftlig varsel 30 dager f\u00f8r neste periode. Oppsigelsen m\u00e5 sendes til <a href=\"mailto:cancel.no@egn.com\">cancel.no@egn.com<\/a> eller via knappen &laquo;Kontakt EGN&raquo; p\u00e5 Member&#8217;s Universe. EGN kan n\u00e5r som helst si opp Avtalen ved brudd p\u00e5 noen av de vedlagte vilk\u00e5rene.<\/li>\n<li><strong>Virkning av oppsigelse<\/strong>: Oppsigelse av ditt EGN-medlemskap opphever ikke gjenv\u00e6rende forpliktelser i denne Avtalen, inkludert, men ikke begrenset til, betaling, EGN-materiell og eventuelle tilleggsvilk\u00e5r.<\/li>\n<li><strong>Ytterligere vilk\u00e5r:<\/strong> Du godtar EGNs retningslinjer for fellesskapet p\u00e5 <a href=\"https:\/\/membersuniverse.egn.com\/community-guidelines\">egn.com\/community-guidelines<\/a> og personvernerkl\u00e6ringen p\u00e5 <a href=\"https:\/\/egn.com\/privacy-policy\/\" target=\"_blank\" rel=\"noopener\">egn.com\/privacy-policy<\/a>, som oppdateres fra tid til annen.<\/li>\n<li><strong>Omfanget av tjenestene<\/strong>: R\u00e5dene, tjenestene og meningene som tilbys som en del av EGN-opplevelsen, er ment \u00e5 utvide tankegangen og inspirere til videre utforskning, men skal ikke anses som en erstatning for profesjonell \u00f8konomisk, juridisk, psykologisk, medisinsk eller annen profesjonell r\u00e5dgivning. Selv om EGN-gruppemedlemmer eller -formenn kan v\u00e6re autorisert som profesjonelle r\u00e5dgivere, er det ikke opprettet et individuelt forhold til slike r\u00e5dgivere, og dette m\u00e5 ikke betraktes som profesjonell r\u00e5dgivning. EGN-opplevelsen leveres &laquo;som den er&raquo; uten noen form for garanti. Medlemmene er ikke forpliktet til \u00e5 inng\u00e5 forretningstransaksjoner med EGN-medlemmer, formenn eller andre EGN-tilknyttede selskaper. Hvis Du velger \u00e5 inng\u00e5 slike forretningstransaksjoner, samtykker Du i at EGN ikke har noe ansvar for eventuelle tap som oppst\u00e5r som f\u00f8lge av dette.<\/li>\n<li><strong>Begrensning av ansvar<\/strong>: I den utstrekning loven tillater det, skal ingen av partenes maksimale ansvar overstige det bel\u00f8pet Du har betalt til EGN i 12-m\u00e5nedersperioden forut for hendelsen som gir opphav til slikt ansvar. Ingen av partene skal under noen omstendighet v\u00e6re ansvarlig for f\u00f8lgeskader, tilfeldige, indirekte, straffende eller spesielle skader, eller tap av fortjeneste, data, virksomhet eller goodwill, uavhengig av om slikt ansvar er basert p\u00e5 kontraktsbrudd, erstatningsansvar, objektivt ansvar, brudd p\u00e5 garantier, svikt i vesentlig form\u00e5l eller annet.<\/li>\n<li><strong>Bindende voldgift<\/strong>: I den utstrekning loven tillater det, skal enhver tvist eller ethvert krav som oppst\u00e5r som f\u00f8lge av eller i forbindelse med denne Avtalen, eller brudd p\u00e5 denne, avgj\u00f8res ved voldgift for en enkelt voldgiftsdommer og administreres av Oslo Chamber of Commerce sitt Institutt for Voldgift og Alternativ Tvistel\u00f8sning i henhold til dets &laquo;Rules for Fast-Track Arbitration&raquo;. Du og EGN er enige om \u00e5 bringe enhver tvist inn for voldgift kun p\u00e5 individuell basis, og ikke p\u00e5 gruppe- eller kollektiv basis p\u00e5 vegne av noen andre. Voldgiftsdommen som voldgiftsdommeren\/voldgiftsdommerne avsier, kan avsies ved en hvilken som helst domstol som har jurisdiksjon.<\/li>\n<li><strong>Generelt<\/strong>: Avtalen kan ikke endres med mindre slike endringer er skriftlig godkjent av EGN Gruppens viseadministrerende direkt\u00f8r (<em>English<\/em>; Chief Operating Officer), complianceansvarlig (<em>English<\/em>; Chief Compliance Officer) eller av personer med h\u00f8yere posisjoner i EGN Gruppen. Hvis noen av vilk\u00e5rene i Avtalen ikke kan h\u00e5ndheves, skal dette ikke p\u00e5virke eller svekke lovligheten og h\u00e5ndhevbarheten av de gjenv\u00e6rende bestemmelsene. Avtalen reguleres av norsk rett, uten hensyn til lovvalgsregler.<\/li>\n<\/ol>\n<p>&nbsp;<\/p>\n","protected":false},"excerpt":{"rendered":"<p>Executives&raquo; Global Network Norge AS Avtale om vilk\u00e5r og betingelser for medlemskap Avtalens virkning: Denne avtalen om vilk\u00e5r og betingelser for medlemskap (&laquo;Avtalen&raquo;) inng\u00e5s p\u00e5 vegne av den enkelte person OG det betalende selskap (hvis relevant) (heretter i fellesskap omtalt som &laquo;Du&raquo;) og Executives&raquo; Global Network Norge AS (&laquo;EGN&raquo;). B\u00e5de den enkelte person og det&hellip;<\/p>\n","protected":false},"author":41,"featured_media":0,"parent":0,"menu_order":0,"comment_status":"closed","ping_status":"closed","template":"insight-single.php","meta":{"_acf_changed":false,"footnotes":""},"class_list":["post-25920","page","type-page","status-publish","hentry"],"acf":[],"yoast_head":"<title>Vilk\u00e5r - EGN Norge<\/title>\n<meta name=\"robots\" content=\"index, follow, max-snippet:-1, max-image-preview:large, max-video-preview:-1\" \/>\n<link rel=\"canonical\" href=\"https:\/\/egn.com\/no\/vilkar\/\" \/>\n<meta property=\"og:locale\" content=\"nn_NO\" \/>\n<meta property=\"og:type\" content=\"article\" \/>\n<meta property=\"og:title\" content=\"Vilk\u00e5r\" \/>\n<meta property=\"og:description\" content=\"Executives&#039; Global Network Norge AS Avtale om vilk\u00e5r og betingelser for medlemskap Avtalens virkning: Denne avtalen om vilk\u00e5r og betingelser for\" \/>\n<meta property=\"og:url\" content=\"https:\/\/egn.com\/no\/vilkar\/\" \/>\n<meta property=\"og:site_name\" content=\"EGN Norge\" \/>\n<meta property=\"article:publisher\" content=\"https:\/\/www.facebook.com\/EGNNorge\/\" \/>\n<meta property=\"article:modified_time\" content=\"2024-04-02T09:38:41+00:00\" \/>\n<meta property=\"og:image\" content=\"https:\/\/egn.com\/no\/wp-content\/uploads\/sites\/14\/2020\/05\/egnlogo1.png\" \/>\n\t<meta property=\"og:image:width\" content=\"238\" \/>\n\t<meta property=\"og:image:height\" content=\"238\" \/>\n\t<meta property=\"og:image:type\" content=\"image\/png\" \/>\n<meta name=\"twitter:card\" content=\"summary_large_image\" \/>\n<meta name=\"twitter:site\" content=\"@EGNNorge\" \/>\n<meta name=\"twitter:label1\" content=\"Est. reading time\" \/>\n\t<meta name=\"twitter:data1\" content=\"6 minutt\" \/>\n<script type=\"application\/ld+json\" class=\"yoast-schema-graph\">{\"@context\":\"https:\\\/\\\/schema.org\",\"@graph\":[{\"@type\":\"WebPage\",\"@id\":\"https:\\\/\\\/egn.com\\\/no\\\/vilkar\\\/\",\"url\":\"https:\\\/\\\/egn.com\\\/no\\\/vilkar\\\/\",\"name\":\"Vilk\u00e5r - EGN Norge\",\"isPartOf\":{\"@id\":\"https:\\\/\\\/egn.com\\\/no\\\/#website\"},\"datePublished\":\"2024-04-01T06:00:46+00:00\",\"dateModified\":\"2024-04-02T09:38:41+00:00\",\"breadcrumb\":{\"@id\":\"https:\\\/\\\/egn.com\\\/no\\\/vilkar\\\/#breadcrumb\"},\"inLanguage\":\"nn-NO\",\"potentialAction\":[{\"@type\":\"ReadAction\",\"target\":[\"https:\\\/\\\/egn.com\\\/no\\\/vilkar\\\/\"]}]},{\"@type\":\"BreadcrumbList\",\"@id\":\"https:\\\/\\\/egn.com\\\/no\\\/vilkar\\\/#breadcrumb\",\"itemListElement\":[{\"@type\":\"ListItem\",\"position\":1,\"name\":\"Home\",\"item\":\"https:\\\/\\\/egn.com\\\/no\\\/\"},{\"@type\":\"ListItem\",\"position\":2,\"name\":\"Vilk\u00e5r\"}]},{\"@type\":\"WebSite\",\"@id\":\"https:\\\/\\\/egn.com\\\/no\\\/#website\",\"url\":\"https:\\\/\\\/egn.com\\\/no\\\/\",\"name\":\"EGN Norge\",\"description\":\"\",\"publisher\":{\"@id\":\"https:\\\/\\\/egn.com\\\/no\\\/#organization\"},\"potentialAction\":[{\"@type\":\"SearchAction\",\"target\":{\"@type\":\"EntryPoint\",\"urlTemplate\":\"https:\\\/\\\/egn.com\\\/no\\\/?s={search_term_string}\"},\"query-input\":{\"@type\":\"PropertyValueSpecification\",\"valueRequired\":true,\"valueName\":\"search_term_string\"}}],\"inLanguage\":\"nn-NO\"},{\"@type\":\"Organization\",\"@id\":\"https:\\\/\\\/egn.com\\\/no\\\/#organization\",\"name\":\"Executives'\u200b Global Network\",\"alternateName\":\"EGN\",\"url\":\"https:\\\/\\\/egn.com\\\/no\\\/\",\"logo\":{\"@type\":\"ImageObject\",\"inLanguage\":\"nn-NO\",\"@id\":\"https:\\\/\\\/egn.com\\\/no\\\/#\\\/schema\\\/logo\\\/image\\\/\",\"url\":\"https:\\\/\\\/egn.com\\\/no\\\/wp-content\\\/uploads\\\/sites\\\/14\\\/2020\\\/03\\\/EGN-new.png\",\"contentUrl\":\"https:\\\/\\\/egn.com\\\/no\\\/wp-content\\\/uploads\\\/sites\\\/14\\\/2020\\\/03\\\/EGN-new.png\",\"width\":500,\"height\":238,\"caption\":\"Executives'\u200b Global Network\"},\"image\":{\"@id\":\"https:\\\/\\\/egn.com\\\/no\\\/#\\\/schema\\\/logo\\\/image\\\/\"},\"sameAs\":[\"https:\\\/\\\/www.facebook.com\\\/EGNNorge\\\/\",\"https:\\\/\\\/x.com\\\/EGNNorge\",\"https:\\\/\\\/www.linkedin.com\\\/company\\\/egn-norge\\\/\"]}]}<\/script>","yoast_head_json":{"title":"Vilk\u00e5r - EGN Norge","robots":{"index":"index","follow":"follow","max-snippet":"max-snippet:-1","max-image-preview":"max-image-preview:large","max-video-preview":"max-video-preview:-1"},"canonical":"https:\/\/egn.com\/no\/vilkar\/","og_locale":"nn_NO","og_type":"article","og_title":"Vilk\u00e5r","og_description":"Executives' Global Network Norge AS Avtale om vilk\u00e5r og betingelser for medlemskap Avtalens virkning: Denne avtalen om vilk\u00e5r og betingelser for","og_url":"https:\/\/egn.com\/no\/vilkar\/","og_site_name":"EGN Norge","article_publisher":"https:\/\/www.facebook.com\/EGNNorge\/","article_modified_time":"2024-04-02T09:38:41+00:00","og_image":[{"width":238,"height":238,"url":"https:\/\/egn.com\/no\/wp-content\/uploads\/sites\/14\/2020\/05\/egnlogo1.png","type":"image\/png"}],"twitter_card":"summary_large_image","twitter_site":"@EGNNorge","twitter_misc":{"Est. reading time":"6 minutt"},"schema":{"@context":"https:\/\/schema.org","@graph":[{"@type":"WebPage","@id":"https:\/\/egn.com\/no\/vilkar\/","url":"https:\/\/egn.com\/no\/vilkar\/","name":"Vilk\u00e5r - EGN Norge","isPartOf":{"@id":"https:\/\/egn.com\/no\/#website"},"datePublished":"2024-04-01T06:00:46+00:00","dateModified":"2024-04-02T09:38:41+00:00","breadcrumb":{"@id":"https:\/\/egn.com\/no\/vilkar\/#breadcrumb"},"inLanguage":"nn-NO","potentialAction":[{"@type":"ReadAction","target":["https:\/\/egn.com\/no\/vilkar\/"]}]},{"@type":"BreadcrumbList","@id":"https:\/\/egn.com\/no\/vilkar\/#breadcrumb","itemListElement":[{"@type":"ListItem","position":1,"name":"Home","item":"https:\/\/egn.com\/no\/"},{"@type":"ListItem","position":2,"name":"Vilk\u00e5r"}]},{"@type":"WebSite","@id":"https:\/\/egn.com\/no\/#website","url":"https:\/\/egn.com\/no\/","name":"EGN Norge","description":"","publisher":{"@id":"https:\/\/egn.com\/no\/#organization"},"potentialAction":[{"@type":"SearchAction","target":{"@type":"EntryPoint","urlTemplate":"https:\/\/egn.com\/no\/?s={search_term_string}"},"query-input":{"@type":"PropertyValueSpecification","valueRequired":true,"valueName":"search_term_string"}}],"inLanguage":"nn-NO"},{"@type":"Organization","@id":"https:\/\/egn.com\/no\/#organization","name":"Executives'\u200b Global Network","alternateName":"EGN","url":"https:\/\/egn.com\/no\/","logo":{"@type":"ImageObject","inLanguage":"nn-NO","@id":"https:\/\/egn.com\/no\/#\/schema\/logo\/image\/","url":"https:\/\/egn.com\/no\/wp-content\/uploads\/sites\/14\/2020\/03\/EGN-new.png","contentUrl":"https:\/\/egn.com\/no\/wp-content\/uploads\/sites\/14\/2020\/03\/EGN-new.png","width":500,"height":238,"caption":"Executives'\u200b Global Network"},"image":{"@id":"https:\/\/egn.com\/no\/#\/schema\/logo\/image\/"},"sameAs":["https:\/\/www.facebook.com\/EGNNorge\/","https:\/\/x.com\/EGNNorge","https:\/\/www.linkedin.com\/company\/egn-norge\/"]}]}},"_links":{"self":[{"href":"https:\/\/egn.com\/no\/wp-json\/wp\/v2\/pages\/25920","targetHints":{"allow":["GET"]}}],"collection":[{"href":"https:\/\/egn.com\/no\/wp-json\/wp\/v2\/pages"}],"about":[{"href":"https:\/\/egn.com\/no\/wp-json\/wp\/v2\/types\/page"}],"author":[{"embeddable":true,"href":"https:\/\/egn.com\/no\/wp-json\/wp\/v2\/users\/41"}],"replies":[{"embeddable":true,"href":"https:\/\/egn.com\/no\/wp-json\/wp\/v2\/comments?post=25920"}],"version-history":[{"count":2,"href":"https:\/\/egn.com\/no\/wp-json\/wp\/v2\/pages\/25920\/revisions"}],"predecessor-version":[{"id":25922,"href":"https:\/\/egn.com\/no\/wp-json\/wp\/v2\/pages\/25920\/revisions\/25922"}],"wp:attachment":[{"href":"https:\/\/egn.com\/no\/wp-json\/wp\/v2\/media?parent=25920"}],"curies":[{"name":"wp","href":"https:\/\/api.w.org\/{rel}","templated":true}]}}