{"id":11436,"date":"2024-04-01T07:50:15","date_gmt":"2024-04-01T05:50:15","guid":{"rendered":"https:\/\/egn.com\/se\/?page_id=11436"},"modified":"2025-04-30T14:32:31","modified_gmt":"2025-04-30T12:32:31","slug":"villkor","status":"publish","type":"page","link":"https:\/\/egn.com\/se\/villkor\/","title":{"rendered":"Villkor"},"content":{"rendered":"\t\t<div data-elementor-type=\"wp-page\" data-elementor-id=\"11436\" class=\"elementor elementor-11436\">\n\t\t\t\t\t\t<section class=\"elementor-section elementor-top-section elementor-element elementor-element-3a04dc7 elementor-section-boxed elementor-section-height-default elementor-section-height-default\" data-id=\"3a04dc7\" data-element_type=\"section\">\n\t\t\t\t\t\t<div class=\"elementor-container elementor-column-gap-default\">\n\t\t\t\t\t<div class=\"elementor-column elementor-col-100 elementor-top-column elementor-element elementor-element-779d4cf\" data-id=\"779d4cf\" data-element_type=\"column\">\n\t\t\t<div class=\"elementor-widget-wrap elementor-element-populated\">\n\t\t\t\t\t\t<div class=\"elementor-element elementor-element-03ca44a elementor-widget elementor-widget-text-editor\" data-id=\"03ca44a\" data-element_type=\"widget\" data-widget_type=\"text-editor.default\">\n\t\t\t\t<div class=\"elementor-widget-container\">\n\t\t\t\t\t\t\t\t\t<p><strong>Executives Global Network, Sverige AB<\/strong><\/p>\n<p><strong>Avtal om villkor och best<\/strong><strong>\u00e4<\/strong><strong>mmelser f<\/strong><strong>\u00f6<\/strong><strong>r Medlemskap<\/strong><\/p>\n<ol>\n<li><strong>Avtalets verkan<\/strong>: Detta avtal om villkor och best\u00e4mmelser f\u00f6r medlemskap (&#8221;Avtalet&#8221;) ing\u00e5s p\u00e5 uppdrag av den enskilde OCH det betalande bolaget (i f\u00f6rekommande fall) (gemensamt ben\u00e4mnda nedan som &#8221;Ni\/Er&#8221;) och Executives Global Network, Sverige AB (&#8221;EGN&#8221;). B\u00e5de den enskilde och det betalande bolaget \u00e4r solidariskt ansvariga f\u00f6r betalning av avgifter och EGN har r\u00e4tt att kr\u00e4va in hela det utest\u00e5ende beloppet fr\u00e5n antingen den enskilde eller det betalande bolaget. Genom att anv\u00e4nda EGN:s tj\u00e4nster och\/eller f\u00e5 tillg\u00e5ng till EGN:s medlemsresurser anses Ni (i) ha ing\u00e5tt ett avtal med EGN; (ii) ha intygat att Ni \u00e4r vuxen i Ert hemland; (iii) vara beh\u00f6rig att binda det angivna betalande bolaget till detta ekonomiska ansvar; och (iv) samtycka till att vara bunden av de villkor som anges nedan.<\/li>\n<li><strong>Godk<\/strong><strong>\u00e4<\/strong><strong>nnande: <\/strong>Medlemskap i EGN f\u00f6ruts\u00e4tter godk\u00e4nnande och kvalificering av EGN. Ni kommer underr\u00e4ttas om status f\u00f6r Er ans\u00f6kan efter inl\u00e4mnandet.<\/li>\n<li><strong>\u00c5<\/strong><strong>taganden f<\/strong><strong>\u00f6<\/strong><strong>r medlemskap: <\/strong>I samband med att medlemskapet accepteras samtycker Ni till f\u00f6ljande:\n<ol>\n<li>Medlemskapet b\u00f6rjar den m\u00e5nad som anges i Avtalet;<\/li>\n<li>\u00c5ta sig till Er b\u00e4sta f\u00f6rm\u00e5ga att delta i schemalagda m\u00f6ten med EGN Grupp;<\/li>\n<li>Dela erfarenheter, utmaningar, f\u00e4rdigheter och kunskap med andra medlemmar;<\/li>\n<li>Uppr\u00e4tth\u00e5lla strikt sekretess f\u00f6r alla diskussioner inom EGN Grupp;<\/li>\n<li>Omedelbart meddela eventuella intressekonflikter till Er EGN Grupp;<\/li>\n<li>St\u00e5 v\u00e4rd f\u00f6r ett m\u00f6te med EGN Grupp n\u00e4r s\u00e5dant sk\u00e4ligen kr\u00e4vs, vanligtvis \u00e4r detta vartannat \u00e5r som medlem, och<\/li>\n<li>Fylla i en personlig profil p\u00e5 Members Universe samt h\u00e5lla kontoinformationen uppdaterad.<\/li>\n<\/ol>\n<\/li>\n<li><strong>EGN Chairs\/N\u00e4tverksledare:<\/strong> EGN Chairs\/N\u00e4tverksledare kan erbjuda tj\u00e4nster ut\u00f6ver det arbete de utf\u00f6r via EGN. Genom att ing\u00e5 detta Avtal f\u00f6rst\u00e5r och godk\u00e4nner Ni att EGN inte ansvarar f\u00f6r eventuella f\u00f6rluster eller skador som uppst\u00e5r till f\u00f6ljd av tj\u00e4nster f\u00f6r vilka betalning inte sker direkt till EGN.<\/li>\n<li><strong>EGN Material: <\/strong>Som medlem kommer Ni att exponeras f\u00f6r och f\u00e5 tillg\u00e5ng till att anv\u00e4nda EGN:s metoder och material tillsammans med annan konfidentiell information och immateriella r\u00e4ttigheter (&#8221;Material&#8221;). Ni f\u00f6rst\u00e5r och samtycker till att EGN \u00e4ger alla r\u00e4ttigheter och intressen, inklusive samtliga immateriella r\u00e4ttigheter, avseende Materialet och Ni har inte r\u00e4tt att avsl\u00f6ja eller anv\u00e4nda s\u00e5dant Material utan uttryckligt tillst\u00e5nd fr\u00e5n EGN.<\/li>\n<li><strong>Period<\/strong><strong>: <\/strong>Perioden f\u00f6r Ert medlemskap \u00e4r 12 m\u00e5nader med start den f\u00f6rsta dagen den m\u00e5nad Ert \u00f6verenskomna startdatum infaller och f\u00f6rnyas d\u00e4refter automatiskt var 12:e m\u00e5nad.<\/li>\n<li><strong>Betalning: <\/strong>Efter godk\u00e4nnande som medlem kommer Ni faktureras f\u00f6r Ert f\u00f6rsta \u00e5rs medlemsavgift och eventuell till\u00e4mplig anm\u00e4lningsavgift. Ni kommer d\u00e4refter att vara ansvarig f\u00f6r betalning av medlemsavgifter f\u00f6re respektive ny Period enligt vad som anges p\u00e5 Er faktura f\u00f6r medlemsavgift tills Ert medlemskap avslutas i enlighet med villkoren i Avtalet. Om avgiftsbeloppet \u00e4ndras kommer Ni att meddelas i f\u00f6rv\u00e4g i enlighet med lagstadgade krav och medlemsbetalningar kommer att forts\u00e4tta att ske till det nya avgiftsbeloppet.<\/li>\n<li><strong>Upps\u00e4gning<\/strong>: Om du vill s\u00e4ga upp ditt medlemskap innan n\u00e4sta f\u00f6rnyelse m\u00e5ste du meddela EGN skriftligen f\u00f6re startdatumet f\u00f6r n\u00e4sta period. Medlemskapsperioden framg\u00e5r av fakturan. Meddelanden om upps\u00e4gning ska skickas till <a href=\"mailto:membership@egn.se\">membership@egn.se<\/a>&nbsp;eller via knappen &#8221;Kontakta EGN&#8221; i Members Universe. EGN kan n\u00e4r som helst s\u00e4ga upp avtalet vid \u00f6vertr\u00e4delse av en eller flera best\u00e4mmelser i de bifogade villkoren.<\/li>\n<li><strong>Effekt av Upps\u00e4gning<\/strong>: Upps\u00e4gning av Ert EGN-medlemskap upph\u00e4ver inte eventuella \u00e5terst\u00e5ende skyldigheter som anges i detta Avtal, inklusive men inte begr\u00e4nsat till Betalning, EGN Material och Ytterligare Villkor i till\u00e4mpliga fall.<\/li>\n<li><strong>Ytterligare Villkor<\/strong>: Ni samtycker till EGN Community Guidelines som finns p\u00e5 <a href=\"https:\/\/membersuniverse.egn.com\/community-guidelines\">egn.com\/community-guidelines<\/a> och Privacy Policy som finns p\u00e5 EGN.com\/privacy-policy, som uppdateras fr\u00e5n tid till annan.<\/li>\n<li><strong>Omfattning av tj\u00e4nsterna: <\/strong>De r\u00e5d, tj\u00e4nster och \u00e5sikter som tillhandah\u00e5lls som en del av EGN-upplevelsen \u00e4r avsedda att utvidga tankarna och inspirera till att utforska vidare, men ska inte betraktas som en ers\u00e4ttning f\u00f6r professionell ekonomisk, juridisk, psykologisk, medicinsk eller annan professionell r\u00e5dgivning. \u00c4ven om EGN Grupp-medlemmar eller Chairs kan vara legitimerade som professionella r\u00e5dgivare, har en individuell relation med s\u00e5dana r\u00e5dgivare inte skapats och b\u00f6r inte anv\u00e4ndas som professionell r\u00e5dgivning. EGN-upplevelsen tillhandah\u00e5lls i &#8221;befintligt skick&#8221; utan n\u00e5gon som helst garanti av n\u00e5got slag. Det finns inga skyldighet f\u00f6r medlemmar att inleda aff\u00e4rstransaktioner med EGN-medlemmar, Chairs eller andra personer eller bolag anslutna till EGN. Om Ni v\u00e4ljer att ing\u00e5 s\u00e5dana aff\u00e4rstransaktioner samtycker Ni till att EGN inte b\u00e4r n\u00e5got ansvar f\u00f6r eventuella skador och f\u00f6rluster som uppst\u00e5r till f\u00f6ljd av detta.<\/li>\n<li><strong>Begr<\/strong><strong>\u00e4<\/strong><strong>nsning av ansvar: <\/strong>I den utstr\u00e4ckning som till\u00e5ts enligt lag ska respektive parts maximala ansvar inte \u00f6verstiga det belopp som Ni har betalat till EGN under den senaste 12-m\u00e5nadersperiod som f\u00f6reg\u00e5r den h\u00e4ndelse som ger upphov till s\u00e5dant ansvar. Under inga omst\u00e4ndigheter ska n\u00e5gon av parterna vara ansvarig f\u00f6r f\u00f6ljdskador, tillf\u00e4lliga skador, indirekta skador, vitesrelaterade eller s\u00e4rskilda skador, eller f\u00f6rlust av vinst, data, aff\u00e4rer eller goodwill, oavsett om s\u00e5dant ansvar baseras p\u00e5 kontraktsbrott, skadest\u00e5nd, strikt ansvar, brott mot garantier, misslyckande av v\u00e4sentligt syfte eller annat.<\/li>\n<li><strong>Bindande skiljedom<\/strong><strong>: <\/strong>I den utstr\u00e4ckning till\u00e5ts enligt lag ska alla tvister eller krav som uppst\u00e5r ur eller i samband med detta Avtal, eller brott mot det, avg\u00f6ras genom skiljedom inf\u00f6r en enda skiljeman och administreras av SCC Skiljedomsinstitut i enlighet med dess regler. Ni och EGN samtycker till att h\u00e4nskjuta en tvist till skiljedom individuell basis enbart, och inte som grupp eller p\u00e5 kollektiv basis f\u00f6r n\u00e5gon annans r\u00e4kning. Skiljen\u00e4mndens beslut kan verkst\u00e4llas i vilken domstol som helst som har jurisdiktion.<\/li>\n<li><strong>Allm<\/strong><strong>\u00e4<\/strong><strong>nt<\/strong><strong>:<\/strong> Detta Avtal f\u00e5r inte \u00e4ndras om inte s\u00e5dana \u00e4ndringar uttryckligen har godk\u00e4nts skriftligen av EGN Grupp COO, CCO eller h\u00f6gre. Om n\u00e5gon best\u00e4mmelse i detta Avtal anses vara overkst\u00e4llbar, ska lagligheten och verkst\u00e4llbarheten av de \u00e5terst\u00e5ende best\u00e4mmelserna inte p\u00e5verkas eller f\u00f6rs\u00e4mras. Detta Avtal ska regleras av svensk lag, utan h\u00e4nsyn till internationella lagvalsregler.<\/li>\n<\/ol>\t\t\t\t\t\t\t\t<\/div>\n\t\t\t\t<\/div>\n\t\t\t\t\t<\/div>\n\t\t<\/div>\n\t\t\t\t\t<\/div>\n\t\t<\/section>\n\t\t\t\t<\/div>\n\t\t","protected":false},"excerpt":{"rendered":"<p>Executives Global Network, Sverige AB Avtal om villkor och best\u00e4mmelser f\u00f6r Medlemskap Avtalets verkan: Detta avtal om villkor och best\u00e4mmelser f\u00f6r medlemskap (&#8221;Avtalet&#8221;) ing\u00e5s p\u00e5 uppdrag av den enskilde OCH det betalande bolaget (i f\u00f6rekommande fall) (gemensamt ben\u00e4mnda nedan som &#8221;Ni\/Er&#8221;) och Executives Global Network, Sverige AB (&#8221;EGN&#8221;). B\u00e5de den enskilde och det betalande bolaget<a href=\"https:\/\/egn.com\/se\/villkor\/\">Forts\u00e4tt l\u00e4sa <span class=\"sr-only\">&#8221;Villkor&#8221;<\/span><\/a><\/p>\n","protected":false},"author":41,"featured_media":0,"parent":0,"menu_order":0,"comment_status":"closed","ping_status":"closed","template":"","meta":{"_acf_changed":false,"footnotes":""},"class_list":["post-11436","page","type-page","status-publish","hentry"],"acf":[],"yoast_head":"<title>Villkor | EGN Sverige<\/title>\n<meta name=\"description\" content=\"EGN Sverige skapar f\u00f6ruts\u00e4ttningar f\u00f6r chefer och ledare som tillsammans vill n\u00e5 n\u00e4sta niv\u00e5 i sig sj\u00e4lva och i sin professionella roll.\" \/>\n<meta name=\"robots\" content=\"index, follow, max-snippet:-1, max-image-preview:large, max-video-preview:-1\" \/>\n<link rel=\"canonical\" href=\"https:\/\/egn.com\/se\/villkor\/\" \/>\n<meta property=\"og:locale\" content=\"sv_SE\" \/>\n<meta property=\"og:type\" content=\"article\" \/>\n<meta property=\"og:title\" content=\"Villkor\" \/>\n<meta property=\"og:description\" content=\"Executives Global Network, Sverige AB Avtal om villkor och best\u00e4mmelser f\u00f6r Medlemskap Avtalets verkan: Detta avtal om villkor och best\u00e4mmelser f\u00f6r\" \/>\n<meta property=\"og:url\" content=\"https:\/\/egn.com\/se\/villkor\/\" \/>\n<meta property=\"og:site_name\" content=\"EGN Sverige\" \/>\n<meta property=\"article:publisher\" content=\"https:\/\/www.facebook.com\/egnsverige\/\" \/>\n<meta property=\"article:modified_time\" content=\"2025-04-30T12:32:31+00:00\" \/>\n<meta name=\"twitter:card\" content=\"summary_large_image\" \/>\n<meta name=\"twitter:label1\" content=\"Ber\u00e4knad l\u00e4stid\" \/>\n\t<meta name=\"twitter:data1\" content=\"5 minuter\" \/>\n<script type=\"application\/ld+json\" class=\"yoast-schema-graph\">{\"@context\":\"https:\\\/\\\/schema.org\",\"@graph\":[{\"@type\":\"WebPage\",\"@id\":\"https:\\\/\\\/egn.com\\\/se\\\/villkor\\\/\",\"url\":\"https:\\\/\\\/egn.com\\\/se\\\/villkor\\\/\",\"name\":\"Villkor | EGN Sverige\",\"isPartOf\":{\"@id\":\"https:\\\/\\\/egn.com\\\/se\\\/#website\"},\"datePublished\":\"2024-04-01T05:50:15+00:00\",\"dateModified\":\"2025-04-30T12:32:31+00:00\",\"description\":\"EGN Sverige skapar f\u00f6ruts\u00e4ttningar f\u00f6r chefer och ledare som tillsammans vill n\u00e5 n\u00e4sta niv\u00e5 i sig sj\u00e4lva och i sin professionella roll.\",\"breadcrumb\":{\"@id\":\"https:\\\/\\\/egn.com\\\/se\\\/villkor\\\/#breadcrumb\"},\"inLanguage\":\"sv-SE\",\"potentialAction\":[{\"@type\":\"ReadAction\",\"target\":[\"https:\\\/\\\/egn.com\\\/se\\\/villkor\\\/\"]}]},{\"@type\":\"BreadcrumbList\",\"@id\":\"https:\\\/\\\/egn.com\\\/se\\\/villkor\\\/#breadcrumb\",\"itemListElement\":[{\"@type\":\"ListItem\",\"position\":1,\"name\":\"Hem\",\"item\":\"https:\\\/\\\/egn.com\\\/se\\\/\"},{\"@type\":\"ListItem\",\"position\":2,\"name\":\"Villkor\"}]},{\"@type\":\"WebSite\",\"@id\":\"https:\\\/\\\/egn.com\\\/se\\\/#website\",\"url\":\"https:\\\/\\\/egn.com\\\/se\\\/\",\"name\":\"EGN Sverige\",\"description\":\"Professionella n\u00e4tverk f\u00f6r ledare och specialister\",\"publisher\":{\"@id\":\"https:\\\/\\\/egn.com\\\/se\\\/#organization\"},\"potentialAction\":[{\"@type\":\"SearchAction\",\"target\":{\"@type\":\"EntryPoint\",\"urlTemplate\":\"https:\\\/\\\/egn.com\\\/se\\\/?s={search_term_string}\"},\"query-input\":{\"@type\":\"PropertyValueSpecification\",\"valueRequired\":true,\"valueName\":\"search_term_string\"}}],\"inLanguage\":\"sv-SE\"},{\"@type\":\"Organization\",\"@id\":\"https:\\\/\\\/egn.com\\\/se\\\/#organization\",\"name\":\"EGN Sverige\",\"alternateName\":\"EGN\",\"url\":\"https:\\\/\\\/egn.com\\\/se\\\/\",\"logo\":{\"@type\":\"ImageObject\",\"inLanguage\":\"sv-SE\",\"@id\":\"https:\\\/\\\/egn.com\\\/se\\\/#\\\/schema\\\/logo\\\/image\\\/\",\"url\":\"https:\\\/\\\/egn.com\\\/se\\\/wp-content\\\/uploads\\\/sites\\\/6\\\/2026\\\/02\\\/EGN.png\",\"contentUrl\":\"https:\\\/\\\/egn.com\\\/se\\\/wp-content\\\/uploads\\\/sites\\\/6\\\/2026\\\/02\\\/EGN.png\",\"width\":2185,\"height\":699,\"caption\":\"EGN Sverige\"},\"image\":{\"@id\":\"https:\\\/\\\/egn.com\\\/se\\\/#\\\/schema\\\/logo\\\/image\\\/\"},\"sameAs\":[\"https:\\\/\\\/www.facebook.com\\\/egnsverige\\\/\",\"https:\\\/\\\/www.instagram.com\\\/egnsverige\",\"https:\\\/\\\/www.linkedin.com\\\/company\\\/executives-global-network\"],\"description\":\"EGN Sverige \u00e4r Sveriges st\u00f6rsta kompetensn\u00e4tverk f\u00f6r chefer och ledare som vill utveckla sitt ledarskap. Vi jobbar f\u00f6r att chefer och ledare tillsammans ska utvecklas och hj\u00e4lpa varandra med de utmaningar som man st\u00f6ter p\u00e5 i sin profession.\",\"email\":\"info@egn.se\",\"telephone\":\"+468210722\",\"vatID\":\"556739-7905\"}]}<\/script>","yoast_head_json":{"title":"Villkor | EGN Sverige","description":"EGN Sverige skapar f\u00f6ruts\u00e4ttningar f\u00f6r chefer och ledare som tillsammans vill n\u00e5 n\u00e4sta niv\u00e5 i sig sj\u00e4lva och i sin professionella roll.","robots":{"index":"index","follow":"follow","max-snippet":"max-snippet:-1","max-image-preview":"max-image-preview:large","max-video-preview":"max-video-preview:-1"},"canonical":"https:\/\/egn.com\/se\/villkor\/","og_locale":"sv_SE","og_type":"article","og_title":"Villkor","og_description":"Executives Global Network, Sverige AB Avtal om villkor och best\u00e4mmelser f\u00f6r Medlemskap Avtalets verkan: Detta avtal om villkor och best\u00e4mmelser f\u00f6r","og_url":"https:\/\/egn.com\/se\/villkor\/","og_site_name":"EGN Sverige","article_publisher":"https:\/\/www.facebook.com\/egnsverige\/","article_modified_time":"2025-04-30T12:32:31+00:00","twitter_card":"summary_large_image","twitter_misc":{"Ber\u00e4knad l\u00e4stid":"5 minuter"},"schema":{"@context":"https:\/\/schema.org","@graph":[{"@type":"WebPage","@id":"https:\/\/egn.com\/se\/villkor\/","url":"https:\/\/egn.com\/se\/villkor\/","name":"Villkor | EGN Sverige","isPartOf":{"@id":"https:\/\/egn.com\/se\/#website"},"datePublished":"2024-04-01T05:50:15+00:00","dateModified":"2025-04-30T12:32:31+00:00","description":"EGN Sverige skapar f\u00f6ruts\u00e4ttningar f\u00f6r chefer och ledare som tillsammans vill n\u00e5 n\u00e4sta niv\u00e5 i sig sj\u00e4lva och i sin professionella roll.","breadcrumb":{"@id":"https:\/\/egn.com\/se\/villkor\/#breadcrumb"},"inLanguage":"sv-SE","potentialAction":[{"@type":"ReadAction","target":["https:\/\/egn.com\/se\/villkor\/"]}]},{"@type":"BreadcrumbList","@id":"https:\/\/egn.com\/se\/villkor\/#breadcrumb","itemListElement":[{"@type":"ListItem","position":1,"name":"Hem","item":"https:\/\/egn.com\/se\/"},{"@type":"ListItem","position":2,"name":"Villkor"}]},{"@type":"WebSite","@id":"https:\/\/egn.com\/se\/#website","url":"https:\/\/egn.com\/se\/","name":"EGN Sverige","description":"Professionella n\u00e4tverk f\u00f6r ledare och specialister","publisher":{"@id":"https:\/\/egn.com\/se\/#organization"},"potentialAction":[{"@type":"SearchAction","target":{"@type":"EntryPoint","urlTemplate":"https:\/\/egn.com\/se\/?s={search_term_string}"},"query-input":{"@type":"PropertyValueSpecification","valueRequired":true,"valueName":"search_term_string"}}],"inLanguage":"sv-SE"},{"@type":"Organization","@id":"https:\/\/egn.com\/se\/#organization","name":"EGN Sverige","alternateName":"EGN","url":"https:\/\/egn.com\/se\/","logo":{"@type":"ImageObject","inLanguage":"sv-SE","@id":"https:\/\/egn.com\/se\/#\/schema\/logo\/image\/","url":"https:\/\/egn.com\/se\/wp-content\/uploads\/sites\/6\/2026\/02\/EGN.png","contentUrl":"https:\/\/egn.com\/se\/wp-content\/uploads\/sites\/6\/2026\/02\/EGN.png","width":2185,"height":699,"caption":"EGN Sverige"},"image":{"@id":"https:\/\/egn.com\/se\/#\/schema\/logo\/image\/"},"sameAs":["https:\/\/www.facebook.com\/egnsverige\/","https:\/\/www.instagram.com\/egnsverige","https:\/\/www.linkedin.com\/company\/executives-global-network"],"description":"EGN Sverige \u00e4r Sveriges st\u00f6rsta kompetensn\u00e4tverk f\u00f6r chefer och ledare som vill utveckla sitt ledarskap. Vi jobbar f\u00f6r att chefer och ledare tillsammans ska utvecklas och hj\u00e4lpa varandra med de utmaningar som man st\u00f6ter p\u00e5 i sin profession.","email":"info@egn.se","telephone":"+468210722","vatID":"556739-7905"}]}},"_links":{"self":[{"href":"https:\/\/egn.com\/se\/wp-json\/wp\/v2\/pages\/11436","targetHints":{"allow":["GET"]}}],"collection":[{"href":"https:\/\/egn.com\/se\/wp-json\/wp\/v2\/pages"}],"about":[{"href":"https:\/\/egn.com\/se\/wp-json\/wp\/v2\/types\/page"}],"author":[{"embeddable":true,"href":"https:\/\/egn.com\/se\/wp-json\/wp\/v2\/users\/41"}],"replies":[{"embeddable":true,"href":"https:\/\/egn.com\/se\/wp-json\/wp\/v2\/comments?post=11436"}],"version-history":[{"count":17,"href":"https:\/\/egn.com\/se\/wp-json\/wp\/v2\/pages\/11436\/revisions"}],"predecessor-version":[{"id":14061,"href":"https:\/\/egn.com\/se\/wp-json\/wp\/v2\/pages\/11436\/revisions\/14061"}],"wp:attachment":[{"href":"https:\/\/egn.com\/se\/wp-json\/wp\/v2\/media?parent=11436"}],"curies":[{"name":"wp","href":"https:\/\/api.w.org\/{rel}","templated":true}]}}