{"id":13409,"date":"2024-12-18T15:42:16","date_gmt":"2024-12-18T13:42:16","guid":{"rendered":"https:\/\/egn.com\/se\/?page_id=13409"},"modified":"2024-12-20T14:31:29","modified_gmt":"2024-12-20T12:31:29","slug":"natverk","status":"publish","type":"page","link":"https:\/\/egn.com\/se\/natverk\/","title":{"rendered":"Driv innovation och l\u00e5ngsiktig framg\u00e5ng med likasinnade externa kollegor"},"content":{"rendered":"<section id=\"block_69d07cff5ca7c\" class=\"\">\r\n        <div class=\"container items-start lg:items-center flex-wrap lg:flex-nowrap gap-8 lg:gap-12 flex  py-12  flex-col-reverse lg:flex-row\">\r\n\r\n        <div class=\"content w-full lg:basis-1\/2\">\r\n            <p class=\"preheader\">Noggrant matchade individer<\/p>\r\n            <h3 class=\"text-4xl mt-2 tracking-tight leading-none font-medium \" class=\"text-4xl mt-2 tracking-tight leading-none font-medium \" id=\"mangfald-inkludering-och-generositet-i-vara-natverk\">M\u00e5ngfald, inkludering och generositet i v\u00e5ra n\u00e4tverk<\/h3><div class=\"prose prose-neutral text-slate-500 prose-a:text-sky-500 prose-ol prose-ul max-w-prose mt-4\"><p>Vi matchar in dig noggrant med gener\u00f6sa individer som kompletterar din yrkeserfarenhet, vilket s\u00e4kerst\u00e4ller att varje grupp erbjuder en balanserad blandning av perspektiv. Denna skr\u00e4ddarsydda metod fr\u00e4mjar djupare och mer meningsfulla diskussioner som driver verklig tillv\u00e4xt och utveckling.<\/p>\n<\/div>\r\n                        \r\n        <\/div>\r\n        <div class=\"image w-full lg:sticky lg:top-4 lg:basis-1\/2 overflow-hidden rounded-md bg-slate-50 p-8\">\r\n            <img decoding=\"async\" class=\"h-full w-full object-cover rounded-md aspect-[3\/2] lg:aspect-1\" src=\"https:\/\/egn.com\/se\/wp-content\/uploads\/sites\/6\/2024\/12\/natverk-1x1-1.jpg\" alt=\"M\u00e5ngfald, inkludering och generositet i v\u00e5ra n\u00e4tverk\">\r\n        <\/div>\r\n    <\/div>\r\n<\/section>\n\n<section id=\"block_69d07cff5f04c\" class=\"\">\r\n        <div class=\"container items-start lg:items-center flex-wrap lg:flex-nowrap gap-8 lg:gap-12 flex  py-12  flex-col-reverse lg:flex-row-reverse\">\r\n\r\n        <div class=\"content w-full lg:basis-1\/2\">\r\n            <p class=\"preheader\">F\u00f6rtroende och tillit<\/p>\r\n            <h3 class=\"text-4xl mt-2 tracking-tight leading-none font-medium \" class=\"text-4xl mt-2 tracking-tight leading-none font-medium \" id=\"konfidentiella-tillitsfulla-och-faciliterade-diskussioner\">Konfidentiella, tillitsfulla och faciliterade diskussioner <\/h3><div class=\"prose prose-neutral text-slate-500 prose-a:text-sky-500 prose-ol prose-ul max-w-prose mt-4\"><p>V\u00e5ra n\u00e4tverk erbjuder en konfidentiell och f\u00f6rdomsfri milj\u00f6 d\u00e4r du fritt kan dela med dig av dina tuffaste aff\u00e4rsutmaningar. Faciliterade av erfarna experter inom omr\u00e5dena \u00e4r dessa diskussioner utformade f\u00f6r att hj\u00e4lpa dig att f\u00e5 nya perspektiv och fatta trygga, informerade beslut.<\/p>\n<\/div>\r\n                        \r\n        <\/div>\r\n        <div class=\"image w-full lg:sticky lg:top-4 lg:basis-1\/2 overflow-hidden rounded-md bg-slate-50 p-8\">\r\n            <img decoding=\"async\" class=\"h-full w-full object-cover rounded-md aspect-[3\/2] lg:aspect-1\" src=\"https:\/\/egn.com\/se\/wp-content\/uploads\/sites\/6\/2024\/12\/natverk-1x1-2.jpg\" alt=\"Konfidentiella, tillitsfulla och faciliterade diskussioner \">\r\n        <\/div>\r\n    <\/div>\r\n<\/section>\n\n<section id=\"block_69d07cff5f50c\" class=\"\">\r\n        <div class=\"container items-start lg:items-center flex-wrap lg:flex-nowrap gap-8 lg:gap-12 flex  py-12  flex-col-reverse lg:flex-row\">\r\n\r\n        <div class=\"content w-full lg:basis-1\/2\">\r\n            <p class=\"preheader\">V\u00e4rldsomsp\u00e4nnande n\u00e4tverk<\/p>\r\n            <h3 class=\"text-4xl mt-2 tracking-tight leading-none font-medium \" class=\"text-4xl mt-2 tracking-tight leading-none font-medium \" id=\"globalt-natverk-av-likasinnade-externa-kollegor\">Globalt n\u00e4tverk av likasinnade externa kollegor <\/h3><div class=\"prose prose-neutral text-slate-500 prose-a:text-sky-500 prose-ol prose-ul max-w-prose mt-4\"><p>H\u00e4r har du m\u00f6jligheten att bli en del av ett expanderande, internationellt kompetensn\u00e4tverk av yrkesverksamma fr\u00e5n olika branscher och omr\u00e5den. V\u00e5ra n\u00e4tverksgrupper str\u00e4cker sig \u00f6ver flera l\u00e4nder och samlar toppledare, beslutsfattare, ledare och specialister f\u00f6r att dela insikter, samarbeta om l\u00f6sningar och driva innovation \u00f6ver branscher.<\/p>\n<\/div>\r\n                        \r\n        <\/div>\r\n        <div class=\"image w-full lg:sticky lg:top-4 lg:basis-1\/2 overflow-hidden rounded-md bg-slate-50 p-8\">\r\n            <img decoding=\"async\" class=\"h-full w-full object-cover rounded-md aspect-[3\/2] lg:aspect-1\" src=\"https:\/\/egn.com\/se\/wp-content\/uploads\/sites\/6\/2024\/12\/natverk-1x1-3.jpg\" alt=\"Globalt n\u00e4tverk av likasinnade externa kollegor \">\r\n        <\/div>\r\n    <\/div>\r\n<\/section>","protected":false},"excerpt":{"rendered":"","protected":false},"author":41,"featured_media":10967,"parent":0,"menu_order":0,"comment_status":"closed","ping_status":"closed","template":"page-network.php","meta":{"_acf_changed":false,"footnotes":""},"class_list":["post-13409","page","type-page","status-publish","has-post-thumbnail","hentry"],"acf":[],"yoast_head":"<title>Driv innovation och l\u00e5ngsiktig framg\u00e5ng med likasinnade externa kollegor | EGN Sverige<\/title>\n<meta name=\"description\" content=\"EGN Sverige skapar f\u00f6ruts\u00e4ttningar f\u00f6r chefer och ledare som tillsammans vill n\u00e5 n\u00e4sta niv\u00e5 i sig sj\u00e4lva och i sin professionella roll.\" \/>\n<meta name=\"robots\" content=\"index, follow, max-snippet:-1, max-image-preview:large, max-video-preview:-1\" \/>\n<link rel=\"canonical\" href=\"https:\/\/egn.com\/se\/natverk\/\" \/>\n<meta property=\"og:locale\" content=\"sv_SE\" \/>\n<meta property=\"og:type\" content=\"article\" \/>\n<meta property=\"og:title\" content=\"Driv innovation och l\u00e5ngsiktig framg\u00e5ng med likasinnade externa kollegor\" \/>\n<meta property=\"og:url\" content=\"https:\/\/egn.com\/se\/natverk\/\" \/>\n<meta property=\"og:site_name\" content=\"EGN Sverige\" \/>\n<meta property=\"article:publisher\" content=\"https:\/\/www.facebook.com\/egnsverige\/\" \/>\n<meta property=\"article:modified_time\" content=\"2024-12-20T12:31:29+00:00\" \/>\n<meta property=\"og:image\" content=\"https:\/\/egn.com\/se\/wp-content\/uploads\/sites\/6\/2024\/01\/Hero-Banner-LAT-LEDARSKAPET-LYSA-I-FORANDRINGSARBETET-1090x545px.png\" \/>\n\t<meta property=\"og:image:width\" content=\"1090\" \/>\n\t<meta property=\"og:image:height\" content=\"545\" \/>\n\t<meta property=\"og:image:type\" content=\"image\/png\" \/>\n<meta name=\"twitter:card\" content=\"summary_large_image\" \/>\n<meta name=\"twitter:label1\" content=\"Ber\u00e4knad l\u00e4stid\" \/>\n\t<meta name=\"twitter:data1\" content=\"1 minut\" \/>\n<script type=\"application\/ld+json\" class=\"yoast-schema-graph\">{\"@context\":\"https:\/\/schema.org\",\"@graph\":[{\"@type\":\"WebPage\",\"@id\":\"https:\/\/egn.com\/se\/natverk\/\",\"url\":\"https:\/\/egn.com\/se\/natverk\/\",\"name\":\"Driv innovation och l\u00e5ngsiktig framg\u00e5ng med likasinnade externa kollegor | EGN Sverige\",\"isPartOf\":{\"@id\":\"https:\/\/egn.com\/se\/#website\"},\"primaryImageOfPage\":{\"@id\":\"https:\/\/egn.com\/se\/natverk\/#primaryimage\"},\"image\":{\"@id\":\"https:\/\/egn.com\/se\/natverk\/#primaryimage\"},\"thumbnailUrl\":\"https:\/\/egn.com\/se\/wp-content\/uploads\/sites\/6\/2024\/01\/Hero-Banner-LAT-LEDARSKAPET-LYSA-I-FORANDRINGSARBETET-1090x545px.png\",\"datePublished\":\"2024-12-18T13:42:16+00:00\",\"dateModified\":\"2024-12-20T12:31:29+00:00\",\"description\":\"EGN Sverige skapar f\u00f6ruts\u00e4ttningar f\u00f6r chefer och ledare som tillsammans vill n\u00e5 n\u00e4sta niv\u00e5 i sig sj\u00e4lva och i sin professionella roll.\",\"breadcrumb\":{\"@id\":\"https:\/\/egn.com\/se\/natverk\/#breadcrumb\"},\"inLanguage\":\"sv-SE\",\"potentialAction\":[{\"@type\":\"ReadAction\",\"target\":[\"https:\/\/egn.com\/se\/natverk\/\"]}]},{\"@type\":\"ImageObject\",\"inLanguage\":\"sv-SE\",\"@id\":\"https:\/\/egn.com\/se\/natverk\/#primaryimage\",\"url\":\"https:\/\/egn.com\/se\/wp-content\/uploads\/sites\/6\/2024\/01\/Hero-Banner-LAT-LEDARSKAPET-LYSA-I-FORANDRINGSARBETET-1090x545px.png\",\"contentUrl\":\"https:\/\/egn.com\/se\/wp-content\/uploads\/sites\/6\/2024\/01\/Hero-Banner-LAT-LEDARSKAPET-LYSA-I-FORANDRINGSARBETET-1090x545px.png\",\"width\":1090,\"height\":545},{\"@type\":\"BreadcrumbList\",\"@id\":\"https:\/\/egn.com\/se\/natverk\/#breadcrumb\",\"itemListElement\":[{\"@type\":\"ListItem\",\"position\":1,\"name\":\"Hem\",\"item\":\"https:\/\/egn.com\/se\/\"},{\"@type\":\"ListItem\",\"position\":2,\"name\":\"Driv innovation och l\u00e5ngsiktig framg\u00e5n&hellip;\"}]},{\"@type\":\"WebSite\",\"@id\":\"https:\/\/egn.com\/se\/#website\",\"url\":\"https:\/\/egn.com\/se\/\",\"name\":\"EGN Sverige\",\"description\":\"Professionella n\u00e4tverk f\u00f6r ledare och specialister\",\"publisher\":{\"@id\":\"https:\/\/egn.com\/se\/#organization\"},\"potentialAction\":[{\"@type\":\"SearchAction\",\"target\":{\"@type\":\"EntryPoint\",\"urlTemplate\":\"https:\/\/egn.com\/se\/?s={search_term_string}\"},\"query-input\":{\"@type\":\"PropertyValueSpecification\",\"valueRequired\":true,\"valueName\":\"search_term_string\"}}],\"inLanguage\":\"sv-SE\"},{\"@type\":\"Organization\",\"@id\":\"https:\/\/egn.com\/se\/#organization\",\"name\":\"EGN Sverige\",\"alternateName\":\"EGN\",\"url\":\"https:\/\/egn.com\/se\/\",\"logo\":{\"@type\":\"ImageObject\",\"inLanguage\":\"sv-SE\",\"@id\":\"https:\/\/egn.com\/se\/#\/schema\/logo\/image\/\",\"url\":\"https:\/\/egn.com\/se\/wp-content\/uploads\/sites\/6\/2026\/02\/EGN.png\",\"contentUrl\":\"https:\/\/egn.com\/se\/wp-content\/uploads\/sites\/6\/2026\/02\/EGN.png\",\"width\":2185,\"height\":699,\"caption\":\"EGN Sverige\"},\"image\":{\"@id\":\"https:\/\/egn.com\/se\/#\/schema\/logo\/image\/\"},\"sameAs\":[\"https:\/\/www.facebook.com\/egnsverige\/\",\"https:\/\/www.instagram.com\/egnsverige\",\"https:\/\/www.linkedin.com\/company\/executives-global-network\"],\"description\":\"EGN Sverige \u00e4r Sveriges st\u00f6rsta kompetensn\u00e4tverk f\u00f6r chefer och ledare som vill utveckla sitt ledarskap. Vi jobbar f\u00f6r att chefer och ledare tillsammans ska utvecklas och hj\u00e4lpa varandra med de utmaningar som man st\u00f6ter p\u00e5 i sin profession.\",\"email\":\"info@egn.se\",\"telephone\":\"+468210722\",\"vatID\":\"556739-7905\"}]}<\/script>","yoast_head_json":{"title":"Driv innovation och l\u00e5ngsiktig framg\u00e5ng med likasinnade externa kollegor | EGN Sverige","description":"EGN Sverige skapar f\u00f6ruts\u00e4ttningar f\u00f6r chefer och ledare som tillsammans vill n\u00e5 n\u00e4sta niv\u00e5 i sig sj\u00e4lva och i sin professionella roll.","robots":{"index":"index","follow":"follow","max-snippet":"max-snippet:-1","max-image-preview":"max-image-preview:large","max-video-preview":"max-video-preview:-1"},"canonical":"https:\/\/egn.com\/se\/natverk\/","og_locale":"sv_SE","og_type":"article","og_title":"Driv innovation och l\u00e5ngsiktig framg\u00e5ng med likasinnade externa kollegor","og_url":"https:\/\/egn.com\/se\/natverk\/","og_site_name":"EGN Sverige","article_publisher":"https:\/\/www.facebook.com\/egnsverige\/","article_modified_time":"2024-12-20T12:31:29+00:00","og_image":[{"width":1090,"height":545,"url":"https:\/\/egn.com\/se\/wp-content\/uploads\/sites\/6\/2024\/01\/Hero-Banner-LAT-LEDARSKAPET-LYSA-I-FORANDRINGSARBETET-1090x545px.png","type":"image\/png"}],"twitter_card":"summary_large_image","twitter_misc":{"Ber\u00e4knad l\u00e4stid":"1 minut"},"schema":{"@context":"https:\/\/schema.org","@graph":[{"@type":"WebPage","@id":"https:\/\/egn.com\/se\/natverk\/","url":"https:\/\/egn.com\/se\/natverk\/","name":"Driv innovation och l\u00e5ngsiktig framg\u00e5ng med likasinnade externa kollegor | EGN Sverige","isPartOf":{"@id":"https:\/\/egn.com\/se\/#website"},"primaryImageOfPage":{"@id":"https:\/\/egn.com\/se\/natverk\/#primaryimage"},"image":{"@id":"https:\/\/egn.com\/se\/natverk\/#primaryimage"},"thumbnailUrl":"https:\/\/egn.com\/se\/wp-content\/uploads\/sites\/6\/2024\/01\/Hero-Banner-LAT-LEDARSKAPET-LYSA-I-FORANDRINGSARBETET-1090x545px.png","datePublished":"2024-12-18T13:42:16+00:00","dateModified":"2024-12-20T12:31:29+00:00","description":"EGN Sverige skapar f\u00f6ruts\u00e4ttningar f\u00f6r chefer och ledare som tillsammans vill n\u00e5 n\u00e4sta niv\u00e5 i sig sj\u00e4lva och i sin professionella roll.","breadcrumb":{"@id":"https:\/\/egn.com\/se\/natverk\/#breadcrumb"},"inLanguage":"sv-SE","potentialAction":[{"@type":"ReadAction","target":["https:\/\/egn.com\/se\/natverk\/"]}]},{"@type":"ImageObject","inLanguage":"sv-SE","@id":"https:\/\/egn.com\/se\/natverk\/#primaryimage","url":"https:\/\/egn.com\/se\/wp-content\/uploads\/sites\/6\/2024\/01\/Hero-Banner-LAT-LEDARSKAPET-LYSA-I-FORANDRINGSARBETET-1090x545px.png","contentUrl":"https:\/\/egn.com\/se\/wp-content\/uploads\/sites\/6\/2024\/01\/Hero-Banner-LAT-LEDARSKAPET-LYSA-I-FORANDRINGSARBETET-1090x545px.png","width":1090,"height":545},{"@type":"BreadcrumbList","@id":"https:\/\/egn.com\/se\/natverk\/#breadcrumb","itemListElement":[{"@type":"ListItem","position":1,"name":"Hem","item":"https:\/\/egn.com\/se\/"},{"@type":"ListItem","position":2,"name":"Driv innovation och l\u00e5ngsiktig framg\u00e5n&hellip;"}]},{"@type":"WebSite","@id":"https:\/\/egn.com\/se\/#website","url":"https:\/\/egn.com\/se\/","name":"EGN Sverige","description":"Professionella n\u00e4tverk f\u00f6r ledare och specialister","publisher":{"@id":"https:\/\/egn.com\/se\/#organization"},"potentialAction":[{"@type":"SearchAction","target":{"@type":"EntryPoint","urlTemplate":"https:\/\/egn.com\/se\/?s={search_term_string}"},"query-input":{"@type":"PropertyValueSpecification","valueRequired":true,"valueName":"search_term_string"}}],"inLanguage":"sv-SE"},{"@type":"Organization","@id":"https:\/\/egn.com\/se\/#organization","name":"EGN Sverige","alternateName":"EGN","url":"https:\/\/egn.com\/se\/","logo":{"@type":"ImageObject","inLanguage":"sv-SE","@id":"https:\/\/egn.com\/se\/#\/schema\/logo\/image\/","url":"https:\/\/egn.com\/se\/wp-content\/uploads\/sites\/6\/2026\/02\/EGN.png","contentUrl":"https:\/\/egn.com\/se\/wp-content\/uploads\/sites\/6\/2026\/02\/EGN.png","width":2185,"height":699,"caption":"EGN Sverige"},"image":{"@id":"https:\/\/egn.com\/se\/#\/schema\/logo\/image\/"},"sameAs":["https:\/\/www.facebook.com\/egnsverige\/","https:\/\/www.instagram.com\/egnsverige","https:\/\/www.linkedin.com\/company\/executives-global-network"],"description":"EGN Sverige \u00e4r Sveriges st\u00f6rsta kompetensn\u00e4tverk f\u00f6r chefer och ledare som vill utveckla sitt ledarskap. Vi jobbar f\u00f6r att chefer och ledare tillsammans ska utvecklas och hj\u00e4lpa varandra med de utmaningar som man st\u00f6ter p\u00e5 i sin profession.","email":"info@egn.se","telephone":"+468210722","vatID":"556739-7905"}]}},"_links":{"self":[{"href":"https:\/\/egn.com\/se\/wp-json\/wp\/v2\/pages\/13409","targetHints":{"allow":["GET"]}}],"collection":[{"href":"https:\/\/egn.com\/se\/wp-json\/wp\/v2\/pages"}],"about":[{"href":"https:\/\/egn.com\/se\/wp-json\/wp\/v2\/types\/page"}],"author":[{"embeddable":true,"href":"https:\/\/egn.com\/se\/wp-json\/wp\/v2\/users\/41"}],"replies":[{"embeddable":true,"href":"https:\/\/egn.com\/se\/wp-json\/wp\/v2\/comments?post=13409"}],"version-history":[{"count":4,"href":"https:\/\/egn.com\/se\/wp-json\/wp\/v2\/pages\/13409\/revisions"}],"predecessor-version":[{"id":13588,"href":"https:\/\/egn.com\/se\/wp-json\/wp\/v2\/pages\/13409\/revisions\/13588"}],"wp:featuredmedia":[{"embeddable":true,"href":"https:\/\/egn.com\/se\/wp-json\/wp\/v2\/media\/10967"}],"wp:attachment":[{"href":"https:\/\/egn.com\/se\/wp-json\/wp\/v2\/media?parent=13409"}],"curies":[{"name":"wp","href":"https:\/\/api.w.org\/{rel}","templated":true}]}}