{"id":14119,"date":"2025-07-11T14:47:48","date_gmt":"2025-07-11T12:47:48","guid":{"rendered":"https:\/\/egn.com\/se\/?page_id=14119"},"modified":"2025-11-04T11:25:44","modified_gmt":"2025-11-04T09:25:44","slug":"vad-kostar-ett-medlemskap-i-egn","status":"publish","type":"page","link":"https:\/\/egn.com\/se\/vad-kostar-ett-medlemskap-i-egn\/","title":{"rendered":"Vad kostar ett medlemskap i EGN?"},"content":{"rendered":"\n<h2 class=\"wp-block-heading\" id=\"h-natverk-eller-kurs\">N\u00e4tverk eller kurs?<\/h2>\n\n\n\n<p>De flesta av EGNs medlemmar f\u00e5r sitt medlemskap betalt av arbetsgivaren. Ett medlemskap i EGN ska n\u00e4mligen ses p\u00e5 samma niv\u00e5 som kurser och vidareutbildning. Skillnaden mellan att g\u00e5 en kurs eller utbildning och att bli medlem i en n\u00e4tverksgrupp hos EGN ligger bland annat i den kontinuerliga utvecklingen.<\/p>\n\n\n\n<p><strong>EGN \u00e4r ett kompetensn\u00e4tverk \u2013 inte ett aff\u00e4rsn\u00e4tverk. Det betyder att fokus ligger p\u00e5 professionell utveckling, kunskapsdelning och erfarenhetsutbyte \u2013 inte en plattform att s\u00e4lja eller skapa nya aff\u00e4rer.<\/strong><\/p>\n\n\n\n<p>Som en del av en n\u00e4tverksgrupp f\u00e5r du l\u00f6pande sparring och kunskapsdelning fr\u00e5n likasinnade yrkespersoner. Ni diskuterar och workshoppar kring b\u00e5de egna utmaningar och de mest aktuella \u00e4mnena p\u00e5 marknaden. Tack vare den noggranna sammans\u00e4ttningen av deltagare med h\u00f6g relevans f\u00f6r varandra, har ni en unik m\u00f6jlighet att samarbeta om l\u00f6sningar n\u00e4r nya utmaningar uppst\u00e5r. N\u00e4tverksgrupperna \u00e4r praktiskt inriktade och hj\u00e4lper till med konkreta fr\u00e5gest\u00e4llningar du m\u00f6ter i ditt arbete. B\u00e5de din personliga och professionella utveckling st\u00e5r i fokus, och du kommer att k\u00e4nna att du har n\u00e4tverket i ryggen \u2013 oavsett vad du st\u00e5r inf\u00f6r. Till skillnad fr\u00e5n kurser och utbildningar riskerar du inte att sl\u00f6sa tid p\u00e5 on\u00f6dig teori och formalia i en n\u00e4tverksgrupp.<\/p>\n\n\n\n<h2 class=\"wp-block-heading\" id=\"h-det-har-far-du-ocksa\">Det h\u00e4r f\u00e5r du ocks\u00e5<\/h2>\n\n\n\n<p>N\u00e4tverksgruppen tr\u00e4ffas fyra till sex g\u00e5nger per \u00e5r, ibland i form av heldagsm\u00f6ten (i vissa fall med \u00f6vernattning). Under dessa m\u00f6ten f\u00e5r medlemmarna m\u00f6jlighet att utbyta erfarenheter, dela kunskap och hj\u00e4lpa varandra \u00f6ver f\u00f6retagsgr\u00e4nserna. M\u00f6tena leds av en n\u00e4tverksledare med relevant erfarenhet och branschkunskap. Mellan de fysiska m\u00f6tena uppmuntras medlemmarna starkt att anv\u00e4nda varandra som yrkesm\u00e4ssigt bollplank. Det kan exempelvis ske i Members Universe\u00b4\u2013 en digital plattform d\u00e4r du kan interagera med EGNs 13.000 medlemmar \u00f6ver lands- och yrkesgr\u00e4nser. Dessutom f\u00e5r du tillg\u00e5ng till regelbundna lokala och globala webinars med branschens skarpa f\u00f6rel\u00e4sare som tar upp de mest aktuella \u00e4mnena p\u00e5 arbetsmarknaden.<\/p>\n\n\n\n<h2 class=\"wp-block-heading\" id=\"h-forutsattningslost-samtal\">F\u00f6ruts\u00e4ttningsl\u00f6st samtal<\/h2>\n\n\n\n<p>\u00c4r du intresserad av att h\u00f6ra mer om EGNs n\u00e4tverksgrupper? Fyll d\u00e5 g\u00e4rna i formul\u00e4ret p\u00e5 sidan. Du anm\u00e4ler dig till ett helt f\u00f6ruts\u00e4ttningsl\u00f6st samtal d\u00e4r du tillsammans med en n\u00e4tverksr\u00e5dgivare hittar den n\u00e4tverksgrupp som passar just dig. Under samtalet f\u00e5r du ocks\u00e5 ett konkret prisf\u00f6rslag.<\/p>\n","protected":false},"excerpt":{"rendered":"<p>I Sverige erbjuder EGN \u00f6ver 130 n\u00e4tverksgrupper, anpassade efter yrkesroll, mixade branscher och aktuella utmaningar. Eftersom varje grupp har sitt eget fokus och uppl\u00e4gg varierar \u00e4ven medlemspriset n\u00e5got beroende p\u00e5 vilken grupp du deltar i.<\/p>\n","protected":false},"author":41,"featured_media":14120,"parent":0,"menu_order":0,"comment_status":"closed","ping_status":"closed","template":"template-page-sticky-form.php","meta":{"_acf_changed":false,"footnotes":""},"class_list":["post-14119","page","type-page","status-publish","has-post-thumbnail","hentry"],"acf":[],"yoast_head":"<title>Vad kostar ett medlemskap i EGN? | EGN Sverige<\/title>\n<meta name=\"description\" content=\"EGN Sverige skapar f\u00f6ruts\u00e4ttningar f\u00f6r chefer och ledare som tillsammans vill n\u00e5 n\u00e4sta niv\u00e5 i sig sj\u00e4lva och i sin professionella roll.\" \/>\n<meta name=\"robots\" content=\"index, follow, max-snippet:-1, max-image-preview:large, max-video-preview:-1\" \/>\n<link rel=\"canonical\" href=\"https:\/\/egn.com\/se\/vad-kostar-ett-medlemskap-i-egn\/\" \/>\n<meta property=\"og:locale\" content=\"sv_SE\" \/>\n<meta property=\"og:type\" content=\"article\" \/>\n<meta property=\"og:title\" content=\"Vad kostar ett medlemskap i EGN?\" \/>\n<meta property=\"og:description\" content=\"I Sverige erbjuder EGN \u00f6ver 130 n\u00e4tverksgrupper, anpassade efter yrkesroll, mixade branscher och aktuella utmaningar. Eftersom varje grupp har sitt eget fokus och uppl\u00e4gg varierar \u00e4ven medlemspriset n\u00e5got beroende p\u00e5 vilken grupp du deltar i.\" \/>\n<meta property=\"og:url\" content=\"https:\/\/egn.com\/se\/vad-kostar-ett-medlemskap-i-egn\/\" \/>\n<meta property=\"og:site_name\" content=\"EGN Sverige\" \/>\n<meta property=\"article:publisher\" content=\"https:\/\/www.facebook.com\/egnsverige\/\" \/>\n<meta property=\"article:modified_time\" content=\"2025-11-04T09:25:44+00:00\" \/>\n<meta property=\"og:image\" content=\"https:\/\/egn.com\/se\/wp-content\/uploads\/sites\/6\/2025\/07\/advisor-hero-1.webp\" \/>\n\t<meta property=\"og:image:width\" content=\"1920\" \/>\n\t<meta property=\"og:image:height\" content=\"1080\" \/>\n\t<meta property=\"og:image:type\" content=\"image\/webp\" \/>\n<meta name=\"twitter:card\" content=\"summary_large_image\" \/>\n<meta name=\"twitter:label1\" content=\"Ber\u00e4knad l\u00e4stid\" \/>\n\t<meta name=\"twitter:data1\" content=\"2 minuter\" \/>\n<script type=\"application\/ld+json\" class=\"yoast-schema-graph\">{\"@context\":\"https:\\\/\\\/schema.org\",\"@graph\":[{\"@type\":\"WebPage\",\"@id\":\"https:\\\/\\\/egn.com\\\/se\\\/vad-kostar-ett-medlemskap-i-egn\\\/\",\"url\":\"https:\\\/\\\/egn.com\\\/se\\\/vad-kostar-ett-medlemskap-i-egn\\\/\",\"name\":\"Vad kostar ett medlemskap i EGN? | EGN Sverige\",\"isPartOf\":{\"@id\":\"https:\\\/\\\/egn.com\\\/se\\\/#website\"},\"primaryImageOfPage\":{\"@id\":\"https:\\\/\\\/egn.com\\\/se\\\/vad-kostar-ett-medlemskap-i-egn\\\/#primaryimage\"},\"image\":{\"@id\":\"https:\\\/\\\/egn.com\\\/se\\\/vad-kostar-ett-medlemskap-i-egn\\\/#primaryimage\"},\"thumbnailUrl\":\"https:\\\/\\\/egn.com\\\/se\\\/wp-content\\\/uploads\\\/sites\\\/6\\\/2025\\\/07\\\/advisor-hero-1.webp\",\"datePublished\":\"2025-07-11T12:47:48+00:00\",\"dateModified\":\"2025-11-04T09:25:44+00:00\",\"description\":\"EGN Sverige skapar f\u00f6ruts\u00e4ttningar f\u00f6r chefer och ledare som tillsammans vill n\u00e5 n\u00e4sta niv\u00e5 i sig sj\u00e4lva och i sin professionella roll.\",\"breadcrumb\":{\"@id\":\"https:\\\/\\\/egn.com\\\/se\\\/vad-kostar-ett-medlemskap-i-egn\\\/#breadcrumb\"},\"inLanguage\":\"sv-SE\",\"potentialAction\":[{\"@type\":\"ReadAction\",\"target\":[\"https:\\\/\\\/egn.com\\\/se\\\/vad-kostar-ett-medlemskap-i-egn\\\/\"]}]},{\"@type\":\"ImageObject\",\"inLanguage\":\"sv-SE\",\"@id\":\"https:\\\/\\\/egn.com\\\/se\\\/vad-kostar-ett-medlemskap-i-egn\\\/#primaryimage\",\"url\":\"https:\\\/\\\/egn.com\\\/se\\\/wp-content\\\/uploads\\\/sites\\\/6\\\/2025\\\/07\\\/advisor-hero-1.webp\",\"contentUrl\":\"https:\\\/\\\/egn.com\\\/se\\\/wp-content\\\/uploads\\\/sites\\\/6\\\/2025\\\/07\\\/advisor-hero-1.webp\",\"width\":1920,\"height\":1080},{\"@type\":\"BreadcrumbList\",\"@id\":\"https:\\\/\\\/egn.com\\\/se\\\/vad-kostar-ett-medlemskap-i-egn\\\/#breadcrumb\",\"itemListElement\":[{\"@type\":\"ListItem\",\"position\":1,\"name\":\"Hem\",\"item\":\"https:\\\/\\\/egn.com\\\/se\\\/\"},{\"@type\":\"ListItem\",\"position\":2,\"name\":\"Vad kostar ett medlemskap i EGN?\"}]},{\"@type\":\"WebSite\",\"@id\":\"https:\\\/\\\/egn.com\\\/se\\\/#website\",\"url\":\"https:\\\/\\\/egn.com\\\/se\\\/\",\"name\":\"EGN Sverige\",\"description\":\"Professionella n\u00e4tverk f\u00f6r ledare och specialister\",\"publisher\":{\"@id\":\"https:\\\/\\\/egn.com\\\/se\\\/#organization\"},\"potentialAction\":[{\"@type\":\"SearchAction\",\"target\":{\"@type\":\"EntryPoint\",\"urlTemplate\":\"https:\\\/\\\/egn.com\\\/se\\\/?s={search_term_string}\"},\"query-input\":{\"@type\":\"PropertyValueSpecification\",\"valueRequired\":true,\"valueName\":\"search_term_string\"}}],\"inLanguage\":\"sv-SE\"},{\"@type\":\"Organization\",\"@id\":\"https:\\\/\\\/egn.com\\\/se\\\/#organization\",\"name\":\"EGN Sverige\",\"alternateName\":\"EGN\",\"url\":\"https:\\\/\\\/egn.com\\\/se\\\/\",\"logo\":{\"@type\":\"ImageObject\",\"inLanguage\":\"sv-SE\",\"@id\":\"https:\\\/\\\/egn.com\\\/se\\\/#\\\/schema\\\/logo\\\/image\\\/\",\"url\":\"https:\\\/\\\/egn.com\\\/se\\\/wp-content\\\/uploads\\\/sites\\\/6\\\/2026\\\/02\\\/EGN.png\",\"contentUrl\":\"https:\\\/\\\/egn.com\\\/se\\\/wp-content\\\/uploads\\\/sites\\\/6\\\/2026\\\/02\\\/EGN.png\",\"width\":2185,\"height\":699,\"caption\":\"EGN Sverige\"},\"image\":{\"@id\":\"https:\\\/\\\/egn.com\\\/se\\\/#\\\/schema\\\/logo\\\/image\\\/\"},\"sameAs\":[\"https:\\\/\\\/www.facebook.com\\\/egnsverige\\\/\",\"https:\\\/\\\/www.instagram.com\\\/egnsverige\",\"https:\\\/\\\/www.linkedin.com\\\/company\\\/executives-global-network\"],\"description\":\"EGN Sverige \u00e4r Sveriges st\u00f6rsta kompetensn\u00e4tverk f\u00f6r chefer och ledare som vill utveckla sitt ledarskap. Vi jobbar f\u00f6r att chefer och ledare tillsammans ska utvecklas och hj\u00e4lpa varandra med de utmaningar som man st\u00f6ter p\u00e5 i sin profession.\",\"email\":\"info@egn.se\",\"telephone\":\"+468210722\",\"vatID\":\"556739-7905\"}]}<\/script>","yoast_head_json":{"title":"Vad kostar ett medlemskap i EGN? | EGN Sverige","description":"EGN Sverige skapar f\u00f6ruts\u00e4ttningar f\u00f6r chefer och ledare som tillsammans vill n\u00e5 n\u00e4sta niv\u00e5 i sig sj\u00e4lva och i sin professionella roll.","robots":{"index":"index","follow":"follow","max-snippet":"max-snippet:-1","max-image-preview":"max-image-preview:large","max-video-preview":"max-video-preview:-1"},"canonical":"https:\/\/egn.com\/se\/vad-kostar-ett-medlemskap-i-egn\/","og_locale":"sv_SE","og_type":"article","og_title":"Vad kostar ett medlemskap i EGN?","og_description":"I Sverige erbjuder EGN \u00f6ver 130 n\u00e4tverksgrupper, anpassade efter yrkesroll, mixade branscher och aktuella utmaningar. Eftersom varje grupp har sitt eget fokus och uppl\u00e4gg varierar \u00e4ven medlemspriset n\u00e5got beroende p\u00e5 vilken grupp du deltar i.","og_url":"https:\/\/egn.com\/se\/vad-kostar-ett-medlemskap-i-egn\/","og_site_name":"EGN Sverige","article_publisher":"https:\/\/www.facebook.com\/egnsverige\/","article_modified_time":"2025-11-04T09:25:44+00:00","og_image":[{"width":1920,"height":1080,"url":"https:\/\/egn.com\/se\/wp-content\/uploads\/sites\/6\/2025\/07\/advisor-hero-1.webp","type":"image\/webp"}],"twitter_card":"summary_large_image","twitter_misc":{"Ber\u00e4knad l\u00e4stid":"2 minuter"},"schema":{"@context":"https:\/\/schema.org","@graph":[{"@type":"WebPage","@id":"https:\/\/egn.com\/se\/vad-kostar-ett-medlemskap-i-egn\/","url":"https:\/\/egn.com\/se\/vad-kostar-ett-medlemskap-i-egn\/","name":"Vad kostar ett medlemskap i EGN? | EGN Sverige","isPartOf":{"@id":"https:\/\/egn.com\/se\/#website"},"primaryImageOfPage":{"@id":"https:\/\/egn.com\/se\/vad-kostar-ett-medlemskap-i-egn\/#primaryimage"},"image":{"@id":"https:\/\/egn.com\/se\/vad-kostar-ett-medlemskap-i-egn\/#primaryimage"},"thumbnailUrl":"https:\/\/egn.com\/se\/wp-content\/uploads\/sites\/6\/2025\/07\/advisor-hero-1.webp","datePublished":"2025-07-11T12:47:48+00:00","dateModified":"2025-11-04T09:25:44+00:00","description":"EGN Sverige skapar f\u00f6ruts\u00e4ttningar f\u00f6r chefer och ledare som tillsammans vill n\u00e5 n\u00e4sta niv\u00e5 i sig sj\u00e4lva och i sin professionella roll.","breadcrumb":{"@id":"https:\/\/egn.com\/se\/vad-kostar-ett-medlemskap-i-egn\/#breadcrumb"},"inLanguage":"sv-SE","potentialAction":[{"@type":"ReadAction","target":["https:\/\/egn.com\/se\/vad-kostar-ett-medlemskap-i-egn\/"]}]},{"@type":"ImageObject","inLanguage":"sv-SE","@id":"https:\/\/egn.com\/se\/vad-kostar-ett-medlemskap-i-egn\/#primaryimage","url":"https:\/\/egn.com\/se\/wp-content\/uploads\/sites\/6\/2025\/07\/advisor-hero-1.webp","contentUrl":"https:\/\/egn.com\/se\/wp-content\/uploads\/sites\/6\/2025\/07\/advisor-hero-1.webp","width":1920,"height":1080},{"@type":"BreadcrumbList","@id":"https:\/\/egn.com\/se\/vad-kostar-ett-medlemskap-i-egn\/#breadcrumb","itemListElement":[{"@type":"ListItem","position":1,"name":"Hem","item":"https:\/\/egn.com\/se\/"},{"@type":"ListItem","position":2,"name":"Vad kostar ett medlemskap i EGN?"}]},{"@type":"WebSite","@id":"https:\/\/egn.com\/se\/#website","url":"https:\/\/egn.com\/se\/","name":"EGN Sverige","description":"Professionella n\u00e4tverk f\u00f6r ledare och specialister","publisher":{"@id":"https:\/\/egn.com\/se\/#organization"},"potentialAction":[{"@type":"SearchAction","target":{"@type":"EntryPoint","urlTemplate":"https:\/\/egn.com\/se\/?s={search_term_string}"},"query-input":{"@type":"PropertyValueSpecification","valueRequired":true,"valueName":"search_term_string"}}],"inLanguage":"sv-SE"},{"@type":"Organization","@id":"https:\/\/egn.com\/se\/#organization","name":"EGN Sverige","alternateName":"EGN","url":"https:\/\/egn.com\/se\/","logo":{"@type":"ImageObject","inLanguage":"sv-SE","@id":"https:\/\/egn.com\/se\/#\/schema\/logo\/image\/","url":"https:\/\/egn.com\/se\/wp-content\/uploads\/sites\/6\/2026\/02\/EGN.png","contentUrl":"https:\/\/egn.com\/se\/wp-content\/uploads\/sites\/6\/2026\/02\/EGN.png","width":2185,"height":699,"caption":"EGN Sverige"},"image":{"@id":"https:\/\/egn.com\/se\/#\/schema\/logo\/image\/"},"sameAs":["https:\/\/www.facebook.com\/egnsverige\/","https:\/\/www.instagram.com\/egnsverige","https:\/\/www.linkedin.com\/company\/executives-global-network"],"description":"EGN Sverige \u00e4r Sveriges st\u00f6rsta kompetensn\u00e4tverk f\u00f6r chefer och ledare som vill utveckla sitt ledarskap. Vi jobbar f\u00f6r att chefer och ledare tillsammans ska utvecklas och hj\u00e4lpa varandra med de utmaningar som man st\u00f6ter p\u00e5 i sin profession.","email":"info@egn.se","telephone":"+468210722","vatID":"556739-7905"}]}},"_links":{"self":[{"href":"https:\/\/egn.com\/se\/wp-json\/wp\/v2\/pages\/14119","targetHints":{"allow":["GET"]}}],"collection":[{"href":"https:\/\/egn.com\/se\/wp-json\/wp\/v2\/pages"}],"about":[{"href":"https:\/\/egn.com\/se\/wp-json\/wp\/v2\/types\/page"}],"author":[{"embeddable":true,"href":"https:\/\/egn.com\/se\/wp-json\/wp\/v2\/users\/41"}],"replies":[{"embeddable":true,"href":"https:\/\/egn.com\/se\/wp-json\/wp\/v2\/comments?post=14119"}],"version-history":[{"count":4,"href":"https:\/\/egn.com\/se\/wp-json\/wp\/v2\/pages\/14119\/revisions"}],"predecessor-version":[{"id":14643,"href":"https:\/\/egn.com\/se\/wp-json\/wp\/v2\/pages\/14119\/revisions\/14643"}],"wp:featuredmedia":[{"embeddable":true,"href":"https:\/\/egn.com\/se\/wp-json\/wp\/v2\/media\/14120"}],"wp:attachment":[{"href":"https:\/\/egn.com\/se\/wp-json\/wp\/v2\/media?parent=14119"}],"curies":[{"name":"wp","href":"https:\/\/api.w.org\/{rel}","templated":true}]}}