{"id":14818,"date":"2026-01-21T09:39:14","date_gmt":"2026-01-21T07:39:14","guid":{"rendered":"https:\/\/egn.com\/se\/?page_id=14818"},"modified":"2026-01-28T15:32:00","modified_gmt":"2026-01-28T14:32:00","slug":"utmaningskollen-2026","status":"publish","type":"page","link":"https:\/\/egn.com\/se\/utmaningskollen-2026\/","title":{"rendered":"Utmaningskollen 2026"},"content":{"rendered":"\n<h2 class=\"wp-block-heading\" id=\"h-sa-fungerar-utmaningskollen\">S\u00e5 fungerar Utmaningskollen<\/h2>\n\n\n\n<p>I Sverige erbjuder EGN \u00f6ver 130 n\u00e4tverksgrupper, anpassade efter olika yrkesroller, branscher och de utmaningar som ledare och specialister st\u00e5r inf\u00f6r i vardagen. Varje grupp har sitt eget fokus, sin dynamik och sina styrkor \u2013 vilket ocks\u00e5 inneb\u00e4r att behoven och l\u00f6sningarna ser olika ut f\u00f6r varje individ.<\/p>\n\n\n\n<p>Med Utmaningskollen f\u00e5r vi snabbt en tydlig bild av vilka utmaningar du st\u00e5r inf\u00f6r och var ditt behov av st\u00f6d och l\u00f6sningar \u00e4r som st\u00f6rst. Det g\u00f6r det m\u00f6jligt f\u00f6r oss att p\u00e5 ett tr\u00e4ffs\u00e4kert s\u00e4tt matcha dig med det n\u00e4tverk som b\u00e4st kan bidra med r\u00e4tt erfarenheter, perspektiv och praktiska insikter \u2013 kopplat till just dina viktigaste fr\u00e5gor.<\/p>\n\n\n\n<p><\/p>\n","protected":false},"excerpt":{"rendered":"<p>S\u00e5 fungerar Utmaningskollen I Sverige erbjuder EGN \u00f6ver 130 n\u00e4tverksgrupper, anpassade efter olika yrkesroller, branscher och de utmaningar som ledare och specialister st\u00e5r inf\u00f6r i vardagen. Varje grupp har sitt eget fokus, sin dynamik och sina styrkor \u2013 vilket ocks\u00e5 inneb\u00e4r att behoven och l\u00f6sningarna ser olika ut f\u00f6r varje individ. Med Utmaningskollen f\u00e5r vi<a href=\"https:\/\/egn.com\/se\/utmaningskollen-2026\/\">Forts\u00e4tt l\u00e4sa <span class=\"sr-only\">&#8221;Utmaningskollen 2026&#8221;<\/span><\/a><\/p>\n","protected":false},"author":41,"featured_media":14821,"parent":0,"menu_order":0,"comment_status":"closed","ping_status":"closed","template":"template-page-sticky-form.php","meta":{"_acf_changed":false,"footnotes":""},"class_list":["post-14818","page","type-page","status-publish","has-post-thumbnail","hentry"],"acf":[],"yoast_head":"<title>Utmaningskollen 2026 | EGN Sverige<\/title>\n<meta name=\"description\" content=\"EGN Sverige skapar f\u00f6ruts\u00e4ttningar f\u00f6r chefer och ledare som tillsammans vill n\u00e5 n\u00e4sta niv\u00e5 i sig sj\u00e4lva och i sin professionella roll.\" \/>\n<meta name=\"robots\" content=\"index, follow, max-snippet:-1, max-image-preview:large, max-video-preview:-1\" \/>\n<link rel=\"canonical\" href=\"https:\/\/egn.com\/se\/utmaningskollen-2026\/\" \/>\n<meta property=\"og:locale\" content=\"sv_SE\" \/>\n<meta property=\"og:type\" content=\"article\" \/>\n<meta property=\"og:title\" content=\"Utmaningskollen 2026\" \/>\n<meta property=\"og:description\" content=\"S\u00e5 fungerar Utmaningskollen I Sverige erbjuder EGN \u00f6ver 130 n\u00e4tverksgrupper, anpassade efter olika yrkesroller, branscher och de utmaningar som ledare och\" \/>\n<meta property=\"og:url\" content=\"https:\/\/egn.com\/se\/utmaningskollen-2026\/\" \/>\n<meta property=\"og:site_name\" content=\"EGN Sverige\" \/>\n<meta property=\"article:publisher\" content=\"https:\/\/www.facebook.com\/egnsverige\/\" \/>\n<meta property=\"article:modified_time\" content=\"2026-01-28T14:32:00+00:00\" \/>\n<meta property=\"og:image\" content=\"https:\/\/egn.com\/se\/wp-content\/uploads\/sites\/6\/2026\/01\/egn-cxo-event-jan-2026.jpg\" \/>\n\t<meta property=\"og:image:width\" content=\"1920\" \/>\n\t<meta property=\"og:image:height\" content=\"1080\" \/>\n\t<meta property=\"og:image:type\" content=\"image\/jpeg\" \/>\n<meta name=\"twitter:card\" content=\"summary_large_image\" \/>\n<meta name=\"twitter:label1\" content=\"Ber\u00e4knad l\u00e4stid\" \/>\n\t<meta name=\"twitter:data1\" content=\"1 minut\" \/>\n<script type=\"application\/ld+json\" class=\"yoast-schema-graph\">{\"@context\":\"https:\\\/\\\/schema.org\",\"@graph\":[{\"@type\":\"WebPage\",\"@id\":\"https:\\\/\\\/egn.com\\\/se\\\/utmaningskollen-2026\\\/\",\"url\":\"https:\\\/\\\/egn.com\\\/se\\\/utmaningskollen-2026\\\/\",\"name\":\"Utmaningskollen 2026 | EGN Sverige\",\"isPartOf\":{\"@id\":\"https:\\\/\\\/egn.com\\\/se\\\/#website\"},\"primaryImageOfPage\":{\"@id\":\"https:\\\/\\\/egn.com\\\/se\\\/utmaningskollen-2026\\\/#primaryimage\"},\"image\":{\"@id\":\"https:\\\/\\\/egn.com\\\/se\\\/utmaningskollen-2026\\\/#primaryimage\"},\"thumbnailUrl\":\"https:\\\/\\\/egn.com\\\/se\\\/wp-content\\\/uploads\\\/sites\\\/6\\\/2026\\\/01\\\/egn-cxo-event-jan-2026.jpg\",\"datePublished\":\"2026-01-21T07:39:14+00:00\",\"dateModified\":\"2026-01-28T14:32:00+00:00\",\"description\":\"EGN Sverige skapar f\u00f6ruts\u00e4ttningar f\u00f6r chefer och ledare som tillsammans vill n\u00e5 n\u00e4sta niv\u00e5 i sig sj\u00e4lva och i sin professionella roll.\",\"breadcrumb\":{\"@id\":\"https:\\\/\\\/egn.com\\\/se\\\/utmaningskollen-2026\\\/#breadcrumb\"},\"inLanguage\":\"sv-SE\",\"potentialAction\":[{\"@type\":\"ReadAction\",\"target\":[\"https:\\\/\\\/egn.com\\\/se\\\/utmaningskollen-2026\\\/\"]}]},{\"@type\":\"ImageObject\",\"inLanguage\":\"sv-SE\",\"@id\":\"https:\\\/\\\/egn.com\\\/se\\\/utmaningskollen-2026\\\/#primaryimage\",\"url\":\"https:\\\/\\\/egn.com\\\/se\\\/wp-content\\\/uploads\\\/sites\\\/6\\\/2026\\\/01\\\/egn-cxo-event-jan-2026.jpg\",\"contentUrl\":\"https:\\\/\\\/egn.com\\\/se\\\/wp-content\\\/uploads\\\/sites\\\/6\\\/2026\\\/01\\\/egn-cxo-event-jan-2026.jpg\",\"width\":1920,\"height\":1080},{\"@type\":\"BreadcrumbList\",\"@id\":\"https:\\\/\\\/egn.com\\\/se\\\/utmaningskollen-2026\\\/#breadcrumb\",\"itemListElement\":[{\"@type\":\"ListItem\",\"position\":1,\"name\":\"Hem\",\"item\":\"https:\\\/\\\/egn.com\\\/se\\\/\"},{\"@type\":\"ListItem\",\"position\":2,\"name\":\"Utmaningskollen 2026\"}]},{\"@type\":\"WebSite\",\"@id\":\"https:\\\/\\\/egn.com\\\/se\\\/#website\",\"url\":\"https:\\\/\\\/egn.com\\\/se\\\/\",\"name\":\"EGN Sverige\",\"description\":\"Professionella n\u00e4tverk f\u00f6r ledare och specialister\",\"publisher\":{\"@id\":\"https:\\\/\\\/egn.com\\\/se\\\/#organization\"},\"potentialAction\":[{\"@type\":\"SearchAction\",\"target\":{\"@type\":\"EntryPoint\",\"urlTemplate\":\"https:\\\/\\\/egn.com\\\/se\\\/?s={search_term_string}\"},\"query-input\":{\"@type\":\"PropertyValueSpecification\",\"valueRequired\":true,\"valueName\":\"search_term_string\"}}],\"inLanguage\":\"sv-SE\"},{\"@type\":\"Organization\",\"@id\":\"https:\\\/\\\/egn.com\\\/se\\\/#organization\",\"name\":\"EGN Sverige\",\"alternateName\":\"EGN\",\"url\":\"https:\\\/\\\/egn.com\\\/se\\\/\",\"logo\":{\"@type\":\"ImageObject\",\"inLanguage\":\"sv-SE\",\"@id\":\"https:\\\/\\\/egn.com\\\/se\\\/#\\\/schema\\\/logo\\\/image\\\/\",\"url\":\"https:\\\/\\\/egn.com\\\/se\\\/wp-content\\\/uploads\\\/sites\\\/6\\\/2026\\\/02\\\/EGN.png\",\"contentUrl\":\"https:\\\/\\\/egn.com\\\/se\\\/wp-content\\\/uploads\\\/sites\\\/6\\\/2026\\\/02\\\/EGN.png\",\"width\":2185,\"height\":699,\"caption\":\"EGN Sverige\"},\"image\":{\"@id\":\"https:\\\/\\\/egn.com\\\/se\\\/#\\\/schema\\\/logo\\\/image\\\/\"},\"sameAs\":[\"https:\\\/\\\/www.facebook.com\\\/egnsverige\\\/\",\"https:\\\/\\\/www.instagram.com\\\/egnsverige\",\"https:\\\/\\\/www.linkedin.com\\\/company\\\/executives-global-network\"],\"description\":\"EGN Sverige \u00e4r Sveriges st\u00f6rsta kompetensn\u00e4tverk f\u00f6r chefer och ledare som vill utveckla sitt ledarskap. Vi jobbar f\u00f6r att chefer och ledare tillsammans ska utvecklas och hj\u00e4lpa varandra med de utmaningar som man st\u00f6ter p\u00e5 i sin profession.\",\"email\":\"info@egn.se\",\"telephone\":\"+468210722\",\"vatID\":\"556739-7905\"}]}<\/script>","yoast_head_json":{"title":"Utmaningskollen 2026 | EGN Sverige","description":"EGN Sverige skapar f\u00f6ruts\u00e4ttningar f\u00f6r chefer och ledare som tillsammans vill n\u00e5 n\u00e4sta niv\u00e5 i sig sj\u00e4lva och i sin professionella roll.","robots":{"index":"index","follow":"follow","max-snippet":"max-snippet:-1","max-image-preview":"max-image-preview:large","max-video-preview":"max-video-preview:-1"},"canonical":"https:\/\/egn.com\/se\/utmaningskollen-2026\/","og_locale":"sv_SE","og_type":"article","og_title":"Utmaningskollen 2026","og_description":"S\u00e5 fungerar Utmaningskollen I Sverige erbjuder EGN \u00f6ver 130 n\u00e4tverksgrupper, anpassade efter olika yrkesroller, branscher och de utmaningar som ledare och","og_url":"https:\/\/egn.com\/se\/utmaningskollen-2026\/","og_site_name":"EGN Sverige","article_publisher":"https:\/\/www.facebook.com\/egnsverige\/","article_modified_time":"2026-01-28T14:32:00+00:00","og_image":[{"width":1920,"height":1080,"url":"https:\/\/egn.com\/se\/wp-content\/uploads\/sites\/6\/2026\/01\/egn-cxo-event-jan-2026.jpg","type":"image\/jpeg"}],"twitter_card":"summary_large_image","twitter_misc":{"Ber\u00e4knad l\u00e4stid":"1 minut"},"schema":{"@context":"https:\/\/schema.org","@graph":[{"@type":"WebPage","@id":"https:\/\/egn.com\/se\/utmaningskollen-2026\/","url":"https:\/\/egn.com\/se\/utmaningskollen-2026\/","name":"Utmaningskollen 2026 | EGN Sverige","isPartOf":{"@id":"https:\/\/egn.com\/se\/#website"},"primaryImageOfPage":{"@id":"https:\/\/egn.com\/se\/utmaningskollen-2026\/#primaryimage"},"image":{"@id":"https:\/\/egn.com\/se\/utmaningskollen-2026\/#primaryimage"},"thumbnailUrl":"https:\/\/egn.com\/se\/wp-content\/uploads\/sites\/6\/2026\/01\/egn-cxo-event-jan-2026.jpg","datePublished":"2026-01-21T07:39:14+00:00","dateModified":"2026-01-28T14:32:00+00:00","description":"EGN Sverige skapar f\u00f6ruts\u00e4ttningar f\u00f6r chefer och ledare som tillsammans vill n\u00e5 n\u00e4sta niv\u00e5 i sig sj\u00e4lva och i sin professionella roll.","breadcrumb":{"@id":"https:\/\/egn.com\/se\/utmaningskollen-2026\/#breadcrumb"},"inLanguage":"sv-SE","potentialAction":[{"@type":"ReadAction","target":["https:\/\/egn.com\/se\/utmaningskollen-2026\/"]}]},{"@type":"ImageObject","inLanguage":"sv-SE","@id":"https:\/\/egn.com\/se\/utmaningskollen-2026\/#primaryimage","url":"https:\/\/egn.com\/se\/wp-content\/uploads\/sites\/6\/2026\/01\/egn-cxo-event-jan-2026.jpg","contentUrl":"https:\/\/egn.com\/se\/wp-content\/uploads\/sites\/6\/2026\/01\/egn-cxo-event-jan-2026.jpg","width":1920,"height":1080},{"@type":"BreadcrumbList","@id":"https:\/\/egn.com\/se\/utmaningskollen-2026\/#breadcrumb","itemListElement":[{"@type":"ListItem","position":1,"name":"Hem","item":"https:\/\/egn.com\/se\/"},{"@type":"ListItem","position":2,"name":"Utmaningskollen 2026"}]},{"@type":"WebSite","@id":"https:\/\/egn.com\/se\/#website","url":"https:\/\/egn.com\/se\/","name":"EGN Sverige","description":"Professionella n\u00e4tverk f\u00f6r ledare och specialister","publisher":{"@id":"https:\/\/egn.com\/se\/#organization"},"potentialAction":[{"@type":"SearchAction","target":{"@type":"EntryPoint","urlTemplate":"https:\/\/egn.com\/se\/?s={search_term_string}"},"query-input":{"@type":"PropertyValueSpecification","valueRequired":true,"valueName":"search_term_string"}}],"inLanguage":"sv-SE"},{"@type":"Organization","@id":"https:\/\/egn.com\/se\/#organization","name":"EGN Sverige","alternateName":"EGN","url":"https:\/\/egn.com\/se\/","logo":{"@type":"ImageObject","inLanguage":"sv-SE","@id":"https:\/\/egn.com\/se\/#\/schema\/logo\/image\/","url":"https:\/\/egn.com\/se\/wp-content\/uploads\/sites\/6\/2026\/02\/EGN.png","contentUrl":"https:\/\/egn.com\/se\/wp-content\/uploads\/sites\/6\/2026\/02\/EGN.png","width":2185,"height":699,"caption":"EGN Sverige"},"image":{"@id":"https:\/\/egn.com\/se\/#\/schema\/logo\/image\/"},"sameAs":["https:\/\/www.facebook.com\/egnsverige\/","https:\/\/www.instagram.com\/egnsverige","https:\/\/www.linkedin.com\/company\/executives-global-network"],"description":"EGN Sverige \u00e4r Sveriges st\u00f6rsta kompetensn\u00e4tverk f\u00f6r chefer och ledare som vill utveckla sitt ledarskap. Vi jobbar f\u00f6r att chefer och ledare tillsammans ska utvecklas och hj\u00e4lpa varandra med de utmaningar som man st\u00f6ter p\u00e5 i sin profession.","email":"info@egn.se","telephone":"+468210722","vatID":"556739-7905"}]}},"_links":{"self":[{"href":"https:\/\/egn.com\/se\/wp-json\/wp\/v2\/pages\/14818","targetHints":{"allow":["GET"]}}],"collection":[{"href":"https:\/\/egn.com\/se\/wp-json\/wp\/v2\/pages"}],"about":[{"href":"https:\/\/egn.com\/se\/wp-json\/wp\/v2\/types\/page"}],"author":[{"embeddable":true,"href":"https:\/\/egn.com\/se\/wp-json\/wp\/v2\/users\/41"}],"replies":[{"embeddable":true,"href":"https:\/\/egn.com\/se\/wp-json\/wp\/v2\/comments?post=14818"}],"version-history":[{"count":19,"href":"https:\/\/egn.com\/se\/wp-json\/wp\/v2\/pages\/14818\/revisions"}],"predecessor-version":[{"id":14875,"href":"https:\/\/egn.com\/se\/wp-json\/wp\/v2\/pages\/14818\/revisions\/14875"}],"wp:featuredmedia":[{"embeddable":true,"href":"https:\/\/egn.com\/se\/wp-json\/wp\/v2\/media\/14821"}],"wp:attachment":[{"href":"https:\/\/egn.com\/se\/wp-json\/wp\/v2\/media?parent=14818"}],"curies":[{"name":"wp","href":"https:\/\/api.w.org\/{rel}","templated":true}]}}