{"id":2086,"date":"2020-09-22T08:08:41","date_gmt":"2020-09-22T06:08:41","guid":{"rendered":"https:\/\/egn.com\/se\/?page_id=2086"},"modified":"2025-11-07T10:51:45","modified_gmt":"2025-11-07T08:51:45","slug":"ladda-ner-appen","status":"publish","type":"page","link":"https:\/\/egn.com\/se\/ladda-ner-appen\/","title":{"rendered":"Ladda ner appen"},"content":{"rendered":"\t\t<div data-elementor-type=\"wp-post\" data-elementor-id=\"2086\" class=\"elementor elementor-2086\">\n\t\t\t\t\t\t<section class=\"elementor-section elementor-top-section elementor-element elementor-element-3b9383c elementor-section-boxed elementor-section-height-default elementor-section-height-default\" data-id=\"3b9383c\" data-element_type=\"section\">\n\t\t\t\t\t\t<div class=\"elementor-container elementor-column-gap-default\">\n\t\t\t\t\t<div class=\"elementor-column elementor-col-50 elementor-top-column elementor-element elementor-element-03adad7\" data-id=\"03adad7\" data-element_type=\"column\">\n\t\t\t<div class=\"elementor-widget-wrap elementor-element-populated\">\n\t\t\t\t\t\t<div class=\"elementor-element elementor-element-ba865b6 elementor-widget elementor-widget-heading\" data-id=\"ba865b6\" data-element_type=\"widget\" data-widget_type=\"heading.default\">\n\t\t\t\t<div class=\"elementor-widget-container\">\n\t\t\t\t\t<h2 class=\"elementor-heading-title elementor-size-default\" class=\"elementor-heading-title elementor-size-default\" id=\"fa-tillgang-till-egns-members-universe\">F\u00e5 tillg\u00e5ng till EGN:s Members\u2019 Universe<\/h2>\t\t\t\t<\/div>\n\t\t\t\t<\/div>\n\t\t\t\t<div class=\"elementor-element elementor-element-eca5ea1 elementor-widget elementor-widget-text-editor\" data-id=\"eca5ea1\" data-element_type=\"widget\" data-widget_type=\"text-editor.default\">\n\t\t\t\t<div class=\"elementor-widget-container\">\n\t\t\t\t\t\t\t\t\t<p>EGN:s Members\u2019 Universe \u00e4r en unik n\u00e4tverksplattform, exklusiv f\u00f6r dig som \u00e4r medlem. H\u00e4r f\u00e5r du m\u00f6jlighet att dela problem, utmaningar och inspiration 24 timmar om dygnet. Du kan genom appen n\u00e4tverka med 14 000+ EGN-medlemmar \u00f6ver hela v\u00e4rlden.<\/p><p>H\u00e4r f\u00e5r du exklusiv tillg\u00e5ng till:<br \/>&#8211; En unik, global s\u00f6kfunktion<br \/>&#8211; En direkt meddelandefunktion med tillg\u00e5ng till det globala n\u00e4tverket<br \/>&#8211; Debatt- och n\u00e4tverksforum p\u00e5 nationell, internationell och professionell niv\u00e5<br \/>&#8211; Privata samtalsrum f\u00f6r medlemmarna i din n\u00e4tverksgrupp<\/p>\t\t\t\t\t\t\t\t<\/div>\n\t\t\t\t<\/div>\n\t\t\t\t<div class=\"elementor-element elementor-element-1cefc4b elementor-widget elementor-widget-heading\" data-id=\"1cefc4b\" data-element_type=\"widget\" data-widget_type=\"heading.default\">\n\t\t\t\t<div class=\"elementor-widget-container\">\n\t\t\t\t\t<p class=\"elementor-heading-title elementor-size-default\">Ladda ner appen h\u00e4r:<\/p>\t\t\t\t<\/div>\n\t\t\t\t<\/div>\n\t\t\t\t<div class=\"elementor-element elementor-element-19842f5 elementor-widget__width-auto elementor-widget elementor-widget-image\" data-id=\"19842f5\" data-element_type=\"widget\" data-widget_type=\"image.default\">\n\t\t\t\t<div class=\"elementor-widget-container\">\n\t\t\t\t\t\t\t\t\t\t\t\t\t\t\t\t<a href=\"https:\/\/apps.apple.com\/se\/app\/egn-members-universe\/id1449585725\">\n\t\t\t\t\t\t\t<img decoding=\"async\" width=\"120\" height=\"40\" src=\"https:\/\/egn.com\/se\/wp-content\/uploads\/sites\/6\/2020\/09\/appstore.png\" class=\"attachment-large size-large wp-image-2094\" alt=\"\" srcset=\"https:\/\/egn.com\/se\/wp-content\/uploads\/sites\/6\/2020\/09\/appstore.png 120w, https:\/\/egn.com\/se\/wp-content\/uploads\/sites\/6\/2020\/09\/appstore-24x8.png 24w, https:\/\/egn.com\/se\/wp-content\/uploads\/sites\/6\/2020\/09\/appstore-36x12.png 36w, https:\/\/egn.com\/se\/wp-content\/uploads\/sites\/6\/2020\/09\/appstore-48x16.png 48w\" sizes=\"(max-width: 120px) 100vw, 120px\" \/>\t\t\t\t\t\t\t\t<\/a>\n\t\t\t\t\t\t\t\t\t\t\t\t\t\t\t<\/div>\n\t\t\t\t<\/div>\n\t\t\t\t<div class=\"elementor-element elementor-element-572250d elementor-widget__width-auto elementor-widget elementor-widget-image\" data-id=\"572250d\" data-element_type=\"widget\" data-widget_type=\"image.default\">\n\t\t\t\t<div class=\"elementor-widget-container\">\n\t\t\t\t\t\t\t\t\t\t\t\t\t\t\t\t<a href=\"https:\/\/play.google.com\/store\/apps\/details?id=com.egn.memberapp&#038;hl=en\">\n\t\t\t\t\t\t\t<img decoding=\"async\" width=\"132\" height=\"40\" src=\"https:\/\/egn.com\/se\/wp-content\/uploads\/sites\/6\/2020\/09\/google.png\" class=\"attachment-large size-large wp-image-2093\" alt=\"\" srcset=\"https:\/\/egn.com\/se\/wp-content\/uploads\/sites\/6\/2020\/09\/google.png 132w, https:\/\/egn.com\/se\/wp-content\/uploads\/sites\/6\/2020\/09\/google-24x7.png 24w, https:\/\/egn.com\/se\/wp-content\/uploads\/sites\/6\/2020\/09\/google-36x11.png 36w, https:\/\/egn.com\/se\/wp-content\/uploads\/sites\/6\/2020\/09\/google-48x15.png 48w\" sizes=\"(max-width: 132px) 100vw, 132px\" \/>\t\t\t\t\t\t\t\t<\/a>\n\t\t\t\t\t\t\t\t\t\t\t\t\t\t\t<\/div>\n\t\t\t\t<\/div>\n\t\t\t\t\t<\/div>\n\t\t<\/div>\n\t\t\t\t<div class=\"elementor-column elementor-col-50 elementor-top-column elementor-element elementor-element-255d654\" data-id=\"255d654\" data-element_type=\"column\">\n\t\t\t<div class=\"elementor-widget-wrap elementor-element-populated\">\n\t\t\t\t\t\t<div class=\"elementor-element elementor-element-67556b4 elementor-widget elementor-widget-image\" data-id=\"67556b4\" data-element_type=\"widget\" data-widget_type=\"image.default\">\n\t\t\t\t<div class=\"elementor-widget-container\">\n\t\t\t\t\t\t\t\t\t\t\t\t\t\t\t<img fetchpriority=\"high\" decoding=\"async\" width=\"387\" height=\"761\" src=\"https:\/\/egn.com\/se\/wp-content\/uploads\/sites\/6\/2020\/09\/app.png\" class=\"attachment-large size-large wp-image-2090\" alt=\"\" srcset=\"https:\/\/egn.com\/se\/wp-content\/uploads\/sites\/6\/2020\/09\/app.png 387w, https:\/\/egn.com\/se\/wp-content\/uploads\/sites\/6\/2020\/09\/app-153x300.png 153w, https:\/\/egn.com\/se\/wp-content\/uploads\/sites\/6\/2020\/09\/app-12x24.png 12w, https:\/\/egn.com\/se\/wp-content\/uploads\/sites\/6\/2020\/09\/app-18x36.png 18w, https:\/\/egn.com\/se\/wp-content\/uploads\/sites\/6\/2020\/09\/app-24x48.png 24w\" sizes=\"(max-width: 387px) 100vw, 387px\" \/>\t\t\t\t\t\t\t\t\t\t\t\t\t\t\t<\/div>\n\t\t\t\t<\/div>\n\t\t\t\t\t<\/div>\n\t\t<\/div>\n\t\t\t\t\t<\/div>\n\t\t<\/section>\n\t\t\t\t<\/div>\n\t\t","protected":false},"excerpt":{"rendered":"<p>F\u00e5 tillg\u00e5ng till EGN:s Members\u2019 Universe EGN:s Members\u2019 Universe \u00e4r en unik n\u00e4tverksplattform, exklusiv f\u00f6r dig som \u00e4r medlem. H\u00e4r f\u00e5r du m\u00f6jlighet att dela problem, utmaningar och inspiration 24 timmar om dygnet. Du kan genom appen n\u00e4tverka med 14 000+ EGN-medlemmar \u00f6ver hela v\u00e4rlden. H\u00e4r f\u00e5r du exklusiv tillg\u00e5ng till:&#8211; En unik, global s\u00f6kfunktion&#8211;<a href=\"https:\/\/egn.com\/se\/ladda-ner-appen\/\">Forts\u00e4tt l\u00e4sa <span class=\"sr-only\">&#8221;Ladda ner appen&#8221;<\/span><\/a><\/p>\n","protected":false},"author":36,"featured_media":599,"parent":0,"menu_order":0,"comment_status":"closed","ping_status":"closed","template":"","meta":{"_acf_changed":false,"footnotes":""},"class_list":["post-2086","page","type-page","status-publish","has-post-thumbnail","hentry"],"acf":[],"yoast_head":"<title>Ladda ner appen | EGN Sverige<\/title>\n<meta name=\"description\" content=\"EGN Sverige skapar f\u00f6ruts\u00e4ttningar f\u00f6r chefer och ledare som tillsammans vill n\u00e5 n\u00e4sta niv\u00e5 i sig sj\u00e4lva och i sin professionella roll.\" \/>\n<meta name=\"robots\" content=\"index, follow, max-snippet:-1, max-image-preview:large, max-video-preview:-1\" \/>\n<link rel=\"canonical\" href=\"https:\/\/egn.com\/se\/ladda-ner-appen\/\" \/>\n<meta property=\"og:locale\" content=\"sv_SE\" \/>\n<meta property=\"og:type\" content=\"article\" \/>\n<meta property=\"og:title\" content=\"Ladda ner appen\" \/>\n<meta property=\"og:description\" content=\"F\u00e5 tillg\u00e5ng till EGN:s Members\u2019 Universe EGN:s Members\u2019 Universe \u00e4r en unik n\u00e4tverksplattform, exklusiv f\u00f6r dig som \u00e4r medlem. H\u00e4r f\u00e5r du m\u00f6jlighet att\" \/>\n<meta property=\"og:url\" content=\"https:\/\/egn.com\/se\/ladda-ner-appen\/\" \/>\n<meta property=\"og:site_name\" content=\"EGN Sverige\" \/>\n<meta property=\"article:publisher\" content=\"https:\/\/www.facebook.com\/egnsverige\/\" \/>\n<meta property=\"article:modified_time\" content=\"2025-11-07T08:51:45+00:00\" \/>\n<meta property=\"og:image\" content=\"https:\/\/egn.com\/se\/wp-content\/uploads\/sites\/6\/2020\/06\/nasa.jpg\" \/>\n\t<meta property=\"og:image:width\" content=\"1920\" \/>\n\t<meta property=\"og:image:height\" content=\"340\" \/>\n\t<meta property=\"og:image:type\" content=\"image\/jpeg\" \/>\n<meta name=\"twitter:card\" content=\"summary_large_image\" \/>\n<meta name=\"twitter:label1\" content=\"Ber\u00e4knad l\u00e4stid\" \/>\n\t<meta name=\"twitter:data1\" content=\"2 minuter\" \/>\n<script type=\"application\/ld+json\" class=\"yoast-schema-graph\">{\"@context\":\"https:\/\/schema.org\",\"@graph\":[{\"@type\":\"WebPage\",\"@id\":\"https:\/\/egn.com\/se\/ladda-ner-appen\/\",\"url\":\"https:\/\/egn.com\/se\/ladda-ner-appen\/\",\"name\":\"Ladda ner appen | EGN Sverige\",\"isPartOf\":{\"@id\":\"https:\/\/egn.com\/se\/#website\"},\"primaryImageOfPage\":{\"@id\":\"https:\/\/egn.com\/se\/ladda-ner-appen\/#primaryimage\"},\"image\":{\"@id\":\"https:\/\/egn.com\/se\/ladda-ner-appen\/#primaryimage\"},\"thumbnailUrl\":\"https:\/\/egn.com\/se\/wp-content\/uploads\/sites\/6\/2020\/06\/nasa.jpg\",\"datePublished\":\"2020-09-22T06:08:41+00:00\",\"dateModified\":\"2025-11-07T08:51:45+00:00\",\"description\":\"EGN Sverige skapar f\u00f6ruts\u00e4ttningar f\u00f6r chefer och ledare som tillsammans vill n\u00e5 n\u00e4sta niv\u00e5 i sig sj\u00e4lva och i sin professionella roll.\",\"breadcrumb\":{\"@id\":\"https:\/\/egn.com\/se\/ladda-ner-appen\/#breadcrumb\"},\"inLanguage\":\"sv-SE\",\"potentialAction\":[{\"@type\":\"ReadAction\",\"target\":[\"https:\/\/egn.com\/se\/ladda-ner-appen\/\"]}]},{\"@type\":\"ImageObject\",\"inLanguage\":\"sv-SE\",\"@id\":\"https:\/\/egn.com\/se\/ladda-ner-appen\/#primaryimage\",\"url\":\"https:\/\/egn.com\/se\/wp-content\/uploads\/sites\/6\/2020\/06\/nasa.jpg\",\"contentUrl\":\"https:\/\/egn.com\/se\/wp-content\/uploads\/sites\/6\/2020\/06\/nasa.jpg\",\"width\":1920,\"height\":340},{\"@type\":\"BreadcrumbList\",\"@id\":\"https:\/\/egn.com\/se\/ladda-ner-appen\/#breadcrumb\",\"itemListElement\":[{\"@type\":\"ListItem\",\"position\":1,\"name\":\"Hem\",\"item\":\"https:\/\/egn.com\/se\/\"},{\"@type\":\"ListItem\",\"position\":2,\"name\":\"Ladda ner appen\"}]},{\"@type\":\"WebSite\",\"@id\":\"https:\/\/egn.com\/se\/#website\",\"url\":\"https:\/\/egn.com\/se\/\",\"name\":\"EGN Sverige\",\"description\":\"Professionella n\u00e4tverk f\u00f6r ledare och specialister\",\"publisher\":{\"@id\":\"https:\/\/egn.com\/se\/#organization\"},\"potentialAction\":[{\"@type\":\"SearchAction\",\"target\":{\"@type\":\"EntryPoint\",\"urlTemplate\":\"https:\/\/egn.com\/se\/?s={search_term_string}\"},\"query-input\":{\"@type\":\"PropertyValueSpecification\",\"valueRequired\":true,\"valueName\":\"search_term_string\"}}],\"inLanguage\":\"sv-SE\"},{\"@type\":\"Organization\",\"@id\":\"https:\/\/egn.com\/se\/#organization\",\"name\":\"EGN Sverige\",\"alternateName\":\"EGN\",\"url\":\"https:\/\/egn.com\/se\/\",\"logo\":{\"@type\":\"ImageObject\",\"inLanguage\":\"sv-SE\",\"@id\":\"https:\/\/egn.com\/se\/#\/schema\/logo\/image\/\",\"url\":\"https:\/\/egn.com\/se\/wp-content\/uploads\/sites\/6\/2026\/02\/EGN.png\",\"contentUrl\":\"https:\/\/egn.com\/se\/wp-content\/uploads\/sites\/6\/2026\/02\/EGN.png\",\"width\":2185,\"height\":699,\"caption\":\"EGN Sverige\"},\"image\":{\"@id\":\"https:\/\/egn.com\/se\/#\/schema\/logo\/image\/\"},\"sameAs\":[\"https:\/\/www.facebook.com\/egnsverige\/\",\"https:\/\/www.instagram.com\/egnsverige\",\"https:\/\/www.linkedin.com\/company\/executives-global-network\"],\"description\":\"EGN Sverige \u00e4r Sveriges st\u00f6rsta kompetensn\u00e4tverk f\u00f6r chefer och ledare som vill utveckla sitt ledarskap. Vi jobbar f\u00f6r att chefer och ledare tillsammans ska utvecklas och hj\u00e4lpa varandra med de utmaningar som man st\u00f6ter p\u00e5 i sin profession.\",\"email\":\"info@egn.se\",\"telephone\":\"+468210722\",\"vatID\":\"556739-7905\"}]}<\/script>","yoast_head_json":{"title":"Ladda ner appen | EGN Sverige","description":"EGN Sverige skapar f\u00f6ruts\u00e4ttningar f\u00f6r chefer och ledare som tillsammans vill n\u00e5 n\u00e4sta niv\u00e5 i sig sj\u00e4lva och i sin professionella roll.","robots":{"index":"index","follow":"follow","max-snippet":"max-snippet:-1","max-image-preview":"max-image-preview:large","max-video-preview":"max-video-preview:-1"},"canonical":"https:\/\/egn.com\/se\/ladda-ner-appen\/","og_locale":"sv_SE","og_type":"article","og_title":"Ladda ner appen","og_description":"F\u00e5 tillg\u00e5ng till EGN:s Members\u2019 Universe EGN:s Members\u2019 Universe \u00e4r en unik n\u00e4tverksplattform, exklusiv f\u00f6r dig som \u00e4r medlem. H\u00e4r f\u00e5r du m\u00f6jlighet att","og_url":"https:\/\/egn.com\/se\/ladda-ner-appen\/","og_site_name":"EGN Sverige","article_publisher":"https:\/\/www.facebook.com\/egnsverige\/","article_modified_time":"2025-11-07T08:51:45+00:00","og_image":[{"width":1920,"height":340,"url":"https:\/\/egn.com\/se\/wp-content\/uploads\/sites\/6\/2020\/06\/nasa.jpg","type":"image\/jpeg"}],"twitter_card":"summary_large_image","twitter_misc":{"Ber\u00e4knad l\u00e4stid":"2 minuter"},"schema":{"@context":"https:\/\/schema.org","@graph":[{"@type":"WebPage","@id":"https:\/\/egn.com\/se\/ladda-ner-appen\/","url":"https:\/\/egn.com\/se\/ladda-ner-appen\/","name":"Ladda ner appen | EGN Sverige","isPartOf":{"@id":"https:\/\/egn.com\/se\/#website"},"primaryImageOfPage":{"@id":"https:\/\/egn.com\/se\/ladda-ner-appen\/#primaryimage"},"image":{"@id":"https:\/\/egn.com\/se\/ladda-ner-appen\/#primaryimage"},"thumbnailUrl":"https:\/\/egn.com\/se\/wp-content\/uploads\/sites\/6\/2020\/06\/nasa.jpg","datePublished":"2020-09-22T06:08:41+00:00","dateModified":"2025-11-07T08:51:45+00:00","description":"EGN Sverige skapar f\u00f6ruts\u00e4ttningar f\u00f6r chefer och ledare som tillsammans vill n\u00e5 n\u00e4sta niv\u00e5 i sig sj\u00e4lva och i sin professionella roll.","breadcrumb":{"@id":"https:\/\/egn.com\/se\/ladda-ner-appen\/#breadcrumb"},"inLanguage":"sv-SE","potentialAction":[{"@type":"ReadAction","target":["https:\/\/egn.com\/se\/ladda-ner-appen\/"]}]},{"@type":"ImageObject","inLanguage":"sv-SE","@id":"https:\/\/egn.com\/se\/ladda-ner-appen\/#primaryimage","url":"https:\/\/egn.com\/se\/wp-content\/uploads\/sites\/6\/2020\/06\/nasa.jpg","contentUrl":"https:\/\/egn.com\/se\/wp-content\/uploads\/sites\/6\/2020\/06\/nasa.jpg","width":1920,"height":340},{"@type":"BreadcrumbList","@id":"https:\/\/egn.com\/se\/ladda-ner-appen\/#breadcrumb","itemListElement":[{"@type":"ListItem","position":1,"name":"Hem","item":"https:\/\/egn.com\/se\/"},{"@type":"ListItem","position":2,"name":"Ladda ner appen"}]},{"@type":"WebSite","@id":"https:\/\/egn.com\/se\/#website","url":"https:\/\/egn.com\/se\/","name":"EGN Sverige","description":"Professionella n\u00e4tverk f\u00f6r ledare och specialister","publisher":{"@id":"https:\/\/egn.com\/se\/#organization"},"potentialAction":[{"@type":"SearchAction","target":{"@type":"EntryPoint","urlTemplate":"https:\/\/egn.com\/se\/?s={search_term_string}"},"query-input":{"@type":"PropertyValueSpecification","valueRequired":true,"valueName":"search_term_string"}}],"inLanguage":"sv-SE"},{"@type":"Organization","@id":"https:\/\/egn.com\/se\/#organization","name":"EGN Sverige","alternateName":"EGN","url":"https:\/\/egn.com\/se\/","logo":{"@type":"ImageObject","inLanguage":"sv-SE","@id":"https:\/\/egn.com\/se\/#\/schema\/logo\/image\/","url":"https:\/\/egn.com\/se\/wp-content\/uploads\/sites\/6\/2026\/02\/EGN.png","contentUrl":"https:\/\/egn.com\/se\/wp-content\/uploads\/sites\/6\/2026\/02\/EGN.png","width":2185,"height":699,"caption":"EGN Sverige"},"image":{"@id":"https:\/\/egn.com\/se\/#\/schema\/logo\/image\/"},"sameAs":["https:\/\/www.facebook.com\/egnsverige\/","https:\/\/www.instagram.com\/egnsverige","https:\/\/www.linkedin.com\/company\/executives-global-network"],"description":"EGN Sverige \u00e4r Sveriges st\u00f6rsta kompetensn\u00e4tverk f\u00f6r chefer och ledare som vill utveckla sitt ledarskap. Vi jobbar f\u00f6r att chefer och ledare tillsammans ska utvecklas och hj\u00e4lpa varandra med de utmaningar som man st\u00f6ter p\u00e5 i sin profession.","email":"info@egn.se","telephone":"+468210722","vatID":"556739-7905"}]}},"_links":{"self":[{"href":"https:\/\/egn.com\/se\/wp-json\/wp\/v2\/pages\/2086","targetHints":{"allow":["GET"]}}],"collection":[{"href":"https:\/\/egn.com\/se\/wp-json\/wp\/v2\/pages"}],"about":[{"href":"https:\/\/egn.com\/se\/wp-json\/wp\/v2\/types\/page"}],"author":[{"embeddable":true,"href":"https:\/\/egn.com\/se\/wp-json\/wp\/v2\/users\/36"}],"replies":[{"embeddable":true,"href":"https:\/\/egn.com\/se\/wp-json\/wp\/v2\/comments?post=2086"}],"version-history":[{"count":3,"href":"https:\/\/egn.com\/se\/wp-json\/wp\/v2\/pages\/2086\/revisions"}],"predecessor-version":[{"id":14662,"href":"https:\/\/egn.com\/se\/wp-json\/wp\/v2\/pages\/2086\/revisions\/14662"}],"wp:featuredmedia":[{"embeddable":true,"href":"https:\/\/egn.com\/se\/wp-json\/wp\/v2\/media\/599"}],"wp:attachment":[{"href":"https:\/\/egn.com\/se\/wp-json\/wp\/v2\/media?parent=2086"}],"curies":[{"name":"wp","href":"https:\/\/api.w.org\/{rel}","templated":true}]}}